{"id":4992,"date":"2021-10-20T15:33:58","date_gmt":"2021-10-20T12:33:58","guid":{"rendered":"https:\/\/blogi.eoppimispalvelut.fi\/peppi-ohjeet\/?page_id=4992"},"modified":"2024-06-27T14:38:31","modified_gmt":"2024-06-27T11:38:31","slug":"hyvaksilukuhakemuksen-taydentaminen-ja-muokkaaminen","status":"publish","type":"page","link":"https:\/\/blogi.eoppimispalvelut.fi\/peppi-ohjeet\/hyvaksilukuhakemuksen-taydentaminen-ja-muokkaaminen\/","title":{"rendered":"Hyv\u00e4ksilukuhakemuksen t\u00e4ydent\u00e4minen ja muokkaaminen"},"content":{"rendered":"<p>T\u00e4m\u00e4n ohjeen avulla voit muokata hyv\u00e4ksilukuhakemusta, mik\u00e4li se on palautettu t\u00e4ydennett\u00e4v\u00e4ksi tai korjattavaksi. Muista aina palauttaa hakemus takaisin k\u00e4sittelyyn tehtyjen muutosten j\u00e4lkeen.<\/p>\n<p>Aloita hakemuksen muokkaaminen valitsemalla Minun opintoni \u2013valikon alta Hyv\u00e4ksiluku (AHOT).<\/p>\n<div id=\"attachment_6619\" style=\"width: 594px\" class=\"wp-caption alignnone\"><a href=\"https:\/\/blogi.eoppimispalvelut.fi\/peppi-ohjeet\/files\/2024\/06\/Hakemuksen-muokkaaminen.png\"><img loading=\"lazy\" decoding=\"async\" aria-describedby=\"caption-attachment-6619\" class=\"size-large wp-image-6619\" src=\"https:\/\/blogi.eoppimispalvelut.fi\/peppi-ohjeet\/files\/2024\/06\/Hakemuksen-muokkaaminen-1280x856.png\" alt=\"Hakemuksen muokkaaminen\" width=\"584\" height=\"391\" srcset=\"https:\/\/blogi.eoppimispalvelut.fi\/peppi-ohjeet\/files\/2024\/06\/Hakemuksen-muokkaaminen-1280x856.png 1280w, https:\/\/blogi.eoppimispalvelut.fi\/peppi-ohjeet\/files\/2024\/06\/Hakemuksen-muokkaaminen-600x401.png 600w, https:\/\/blogi.eoppimispalvelut.fi\/peppi-ohjeet\/files\/2024\/06\/Hakemuksen-muokkaaminen-768x513.png 768w, https:\/\/blogi.eoppimispalvelut.fi\/peppi-ohjeet\/files\/2024\/06\/Hakemuksen-muokkaaminen-1536x1027.png 1536w, https:\/\/blogi.eoppimispalvelut.fi\/peppi-ohjeet\/files\/2024\/06\/Hakemuksen-muokkaaminen-2048x1369.png 2048w, https:\/\/blogi.eoppimispalvelut.fi\/peppi-ohjeet\/files\/2024\/06\/Hakemuksen-muokkaaminen-449x300.png 449w\" sizes=\"auto, (max-width: 584px) 100vw, 584px\" \/><\/a><p id=\"caption-attachment-6619\" class=\"wp-caption-text\">Klikkaa kuvaa suuremmaksi<\/p><\/div>\n<p>Mik\u00e4li hakemuksessa on virheit\u00e4\/puutteita, hakemus palautuu sinulle t\u00e4ydennett\u00e4v\u00e4ksi (Palautettu). Voit ottaa hakemuksen uudelleen k\u00e4sitelt\u00e4v\u00e4ksi valitsemalla Toiminnot ja Muokkaa. Hakemukset-ikkunassa n\u00e4et my\u00f6s, kuinka monta hakemaasi hyv\u00e4ksilukua hakemukselta on palautettu.<\/p>\n<div id=\"attachment_6620\" style=\"width: 594px\" class=\"wp-caption alignnone\"><a href=\"https:\/\/blogi.eoppimispalvelut.fi\/peppi-ohjeet\/files\/2024\/06\/Palautettu-hakemus.png\"><img loading=\"lazy\" decoding=\"async\" aria-describedby=\"caption-attachment-6620\" class=\"wp-image-6620 size-large\" src=\"https:\/\/blogi.eoppimispalvelut.fi\/peppi-ohjeet\/files\/2024\/06\/Palautettu-hakemus-1280x245.png\" alt=\"Palautettu hakemus\" width=\"584\" height=\"112\" srcset=\"https:\/\/blogi.eoppimispalvelut.fi\/peppi-ohjeet\/files\/2024\/06\/Palautettu-hakemus-1280x245.png 1280w, https:\/\/blogi.eoppimispalvelut.fi\/peppi-ohjeet\/files\/2024\/06\/Palautettu-hakemus-600x115.png 600w, https:\/\/blogi.eoppimispalvelut.fi\/peppi-ohjeet\/files\/2024\/06\/Palautettu-hakemus-768x147.png 768w, https:\/\/blogi.eoppimispalvelut.fi\/peppi-ohjeet\/files\/2024\/06\/Palautettu-hakemus-1536x294.png 1536w, https:\/\/blogi.eoppimispalvelut.fi\/peppi-ohjeet\/files\/2024\/06\/Palautettu-hakemus-2048x393.png 2048w, https:\/\/blogi.eoppimispalvelut.fi\/peppi-ohjeet\/files\/2024\/06\/Palautettu-hakemus-500x96.png 500w\" sizes=\"auto, (max-width: 584px) 100vw, 584px\" \/><\/a><p id=\"caption-attachment-6620\" class=\"wp-caption-text\">Klikkaa kuvaa suuremmaksi<\/p><\/div>\n<p>Kun avaat hakemuksen muokattavaksi, palautetun hakemuksen osan kohdalla n\u00e4kyy my\u00f6s k\u00e4sittelij\u00e4n viesti hakemukseen teht\u00e4vist\u00e4 muutoksista. Hakemuksen tila (palautettu) n\u00e4kyy my\u00f6s hakemuksen yl\u00e4laidassa.<\/p>\n<p>Aloita hakemuksen muokkaaminen Kyn\u00e4-ikonin kautta. Tarvittaessa hyv\u00e4ksiluvun voi my\u00f6s poistaa hakemukselta.<\/p>\n<div id=\"attachment_6621\" style=\"width: 594px\" class=\"wp-caption alignnone\"><a href=\"https:\/\/blogi.eoppimispalvelut.fi\/peppi-ohjeet\/files\/2024\/06\/Hyvaksiluvun-tietojen-muokkaaminen.png\"><img loading=\"lazy\" decoding=\"async\" aria-describedby=\"caption-attachment-6621\" class=\"wp-image-6621 size-large\" src=\"https:\/\/blogi.eoppimispalvelut.fi\/peppi-ohjeet\/files\/2024\/06\/Hyvaksiluvun-tietojen-muokkaaminen-1280x725.png\" alt=\"Hyv\u00e4ksiluvun tietojen muokkaaminen\" width=\"584\" height=\"331\" srcset=\"https:\/\/blogi.eoppimispalvelut.fi\/peppi-ohjeet\/files\/2024\/06\/Hyvaksiluvun-tietojen-muokkaaminen-1280x725.png 1280w, https:\/\/blogi.eoppimispalvelut.fi\/peppi-ohjeet\/files\/2024\/06\/Hyvaksiluvun-tietojen-muokkaaminen-600x340.png 600w, https:\/\/blogi.eoppimispalvelut.fi\/peppi-ohjeet\/files\/2024\/06\/Hyvaksiluvun-tietojen-muokkaaminen-768x435.png 768w, https:\/\/blogi.eoppimispalvelut.fi\/peppi-ohjeet\/files\/2024\/06\/Hyvaksiluvun-tietojen-muokkaaminen-1536x870.png 1536w, https:\/\/blogi.eoppimispalvelut.fi\/peppi-ohjeet\/files\/2024\/06\/Hyvaksiluvun-tietojen-muokkaaminen-2048x1160.png 2048w, https:\/\/blogi.eoppimispalvelut.fi\/peppi-ohjeet\/files\/2024\/06\/Hyvaksiluvun-tietojen-muokkaaminen-500x283.png 500w\" sizes=\"auto, (max-width: 584px) 100vw, 584px\" \/><\/a><p id=\"caption-attachment-6621\" class=\"wp-caption-text\">Klikkaa kuvaa suuremmaksi<\/p><\/div>\n<p>&nbsp;<\/p>\n<p><strong>Sis\u00e4llytyshakemuksen muokkaaminen<\/strong><\/p>\n<p>Hakemukseen voi tarvittaessa vaihtaa k\u00e4sittelij\u00e4\u00e4, <b>mutta tee niin vain erikseen pyydettyn\u00e4.<\/b><\/p>\n<p>Voit muokata opinnon tai osaamisen tietoja Kyn\u00e4-ikonin kautta. Tarvittaessa hyv\u00e4ksiluvun voi my\u00f6s poistaa hakemukselta.<\/p>\n<p>Sis\u00e4llytett\u00e4v\u00e4n opinnon paikkaa voi my\u00f6s vaihtaa HOPSilla.<\/p>\n<p>Tallenna kaikki muutokset lopuksi.<\/p>\n<div id=\"attachment_6622\" style=\"width: 594px\" class=\"wp-caption alignnone\"><a href=\"https:\/\/blogi.eoppimispalvelut.fi\/peppi-ohjeet\/files\/2024\/06\/Sisallytyksen-muokkaaminen.png\"><img loading=\"lazy\" decoding=\"async\" aria-describedby=\"caption-attachment-6622\" class=\"wp-image-6622 size-large\" src=\"https:\/\/blogi.eoppimispalvelut.fi\/peppi-ohjeet\/files\/2024\/06\/Sisallytyksen-muokkaaminen-1280x802.png\" alt=\"Sis\u00e4llytyksen muokkaaminen\" width=\"584\" height=\"366\" srcset=\"https:\/\/blogi.eoppimispalvelut.fi\/peppi-ohjeet\/files\/2024\/06\/Sisallytyksen-muokkaaminen-1280x802.png 1280w, https:\/\/blogi.eoppimispalvelut.fi\/peppi-ohjeet\/files\/2024\/06\/Sisallytyksen-muokkaaminen-600x376.png 600w, https:\/\/blogi.eoppimispalvelut.fi\/peppi-ohjeet\/files\/2024\/06\/Sisallytyksen-muokkaaminen-768x481.png 768w, https:\/\/blogi.eoppimispalvelut.fi\/peppi-ohjeet\/files\/2024\/06\/Sisallytyksen-muokkaaminen-1536x963.png 1536w, https:\/\/blogi.eoppimispalvelut.fi\/peppi-ohjeet\/files\/2024\/06\/Sisallytyksen-muokkaaminen-2048x1284.png 2048w, https:\/\/blogi.eoppimispalvelut.fi\/peppi-ohjeet\/files\/2024\/06\/Sisallytyksen-muokkaaminen-479x300.png 479w\" sizes=\"auto, (max-width: 584px) 100vw, 584px\" \/><\/a><p id=\"caption-attachment-6622\" class=\"wp-caption-text\">Klikkaa kuvaa suuremmaksi<\/p><\/div>\n<p>&nbsp;<\/p>\n<p><strong>Korvaavuushakemuksen muokkaaminen<\/strong><\/p>\n<p>Hakemukseen voi tarvittaessa vaihtaa k\u00e4sittelij\u00e4\u00e4, <b>mutta tee niin vain erikseen pyydettyn\u00e4.<\/b><\/p>\n<p>Voit muokata opinnon tai osaamisen tietoja Kyn\u00e4-ikonin kautta. Tarvittaessa hyv\u00e4ksiluvun voi my\u00f6s poistaa hakemukselta.<\/p>\n<p>Hakemukselta voi poistaa valittuja opintoja tai lis\u00e4t\u00e4 niit\u00e4 nuolipainiketta klikkaamalla.<\/p>\n<p>Tallenna kaikki muutokset lopuksi.<\/p>\n<div id=\"attachment_6623\" style=\"width: 594px\" class=\"wp-caption alignnone\"><a href=\"https:\/\/blogi.eoppimispalvelut.fi\/peppi-ohjeet\/files\/2024\/06\/Korvaavuuden-muokkaaminen.png\"><img loading=\"lazy\" decoding=\"async\" aria-describedby=\"caption-attachment-6623\" class=\"wp-image-6623 size-large\" src=\"https:\/\/blogi.eoppimispalvelut.fi\/peppi-ohjeet\/files\/2024\/06\/Korvaavuuden-muokkaaminen-1280x655.png\" alt=\"Korvaavuuden muokkaaminen\" width=\"584\" height=\"299\" srcset=\"https:\/\/blogi.eoppimispalvelut.fi\/peppi-ohjeet\/files\/2024\/06\/Korvaavuuden-muokkaaminen-1280x655.png 1280w, https:\/\/blogi.eoppimispalvelut.fi\/peppi-ohjeet\/files\/2024\/06\/Korvaavuuden-muokkaaminen-600x307.png 600w, https:\/\/blogi.eoppimispalvelut.fi\/peppi-ohjeet\/files\/2024\/06\/Korvaavuuden-muokkaaminen-768x393.png 768w, https:\/\/blogi.eoppimispalvelut.fi\/peppi-ohjeet\/files\/2024\/06\/Korvaavuuden-muokkaaminen-1536x786.png 1536w, https:\/\/blogi.eoppimispalvelut.fi\/peppi-ohjeet\/files\/2024\/06\/Korvaavuuden-muokkaaminen-2048x1048.png 2048w, https:\/\/blogi.eoppimispalvelut.fi\/peppi-ohjeet\/files\/2024\/06\/Korvaavuuden-muokkaaminen-500x256.png 500w\" sizes=\"auto, (max-width: 584px) 100vw, 584px\" \/><\/a><p id=\"caption-attachment-6623\" class=\"wp-caption-text\">Klikkaa kuvaa suuremmaksi<\/p><\/div>\n<p>&nbsp;<\/p>\n<p><strong>Hakemuksen palauttaminen k\u00e4sittelyyn<\/strong><\/p>\n<p>Kun olet tehnyt tarvittavat muutokset palautettuihin hakemuksiin, palauta hakemus takaisin k\u00e4sittelyyn. Voit lis\u00e4t\u00e4 halutessasi vapaan kommentin k\u00e4sittelij\u00e4lle. Klikkaa <b>Palauta k\u00e4sittelyyn.<\/b><\/p>\n<div id=\"attachment_6624\" style=\"width: 594px\" class=\"wp-caption alignnone\"><a href=\"https:\/\/blogi.eoppimispalvelut.fi\/peppi-ohjeet\/files\/2024\/06\/Palautus-kasittelyyn.png\"><img loading=\"lazy\" decoding=\"async\" aria-describedby=\"caption-attachment-6624\" class=\"wp-image-6624 size-large\" src=\"https:\/\/blogi.eoppimispalvelut.fi\/peppi-ohjeet\/files\/2024\/06\/Palautus-kasittelyyn-1280x616.png\" alt=\"Palautus k\u00e4sittelyyn\" width=\"584\" height=\"281\" srcset=\"https:\/\/blogi.eoppimispalvelut.fi\/peppi-ohjeet\/files\/2024\/06\/Palautus-kasittelyyn-1280x616.png 1280w, https:\/\/blogi.eoppimispalvelut.fi\/peppi-ohjeet\/files\/2024\/06\/Palautus-kasittelyyn-600x289.png 600w, https:\/\/blogi.eoppimispalvelut.fi\/peppi-ohjeet\/files\/2024\/06\/Palautus-kasittelyyn-768x370.png 768w, https:\/\/blogi.eoppimispalvelut.fi\/peppi-ohjeet\/files\/2024\/06\/Palautus-kasittelyyn-1536x740.png 1536w, https:\/\/blogi.eoppimispalvelut.fi\/peppi-ohjeet\/files\/2024\/06\/Palautus-kasittelyyn-2048x986.png 2048w, https:\/\/blogi.eoppimispalvelut.fi\/peppi-ohjeet\/files\/2024\/06\/Palautus-kasittelyyn-500x241.png 500w\" sizes=\"auto, (max-width: 584px) 100vw, 584px\" \/><\/a><p id=\"caption-attachment-6624\" class=\"wp-caption-text\">Klikkaa kuvaa suuremmaksi<\/p><\/div>\n<p>Hakemuksen osa on palautunut takaisin k\u00e4sittelyyn.<\/p>\n<p>&nbsp;<\/p>\n<hr \/>\n<p>Takaisin\u00a0<a href=\"https:\/\/blogi.eoppimispalvelut.fi\/peppi-ohjeet\/opiskelijalle\/\">Opiskelijalle-sivulle<\/a><\/p>\n","protected":false},"excerpt":{"rendered":"<p>T\u00e4m\u00e4n ohjeen avulla voit muokata hyv\u00e4ksilukuhakemusta, mik\u00e4li se on palautettu t\u00e4ydennett\u00e4v\u00e4ksi tai korjattavaksi. Muista aina palauttaa hakemus takaisin k\u00e4sittelyyn tehtyjen muutosten j\u00e4lkeen. Aloita hakemuksen muokkaaminen valitsemalla Minun opintoni \u2013valikon alta Hyv\u00e4ksiluku (AHOT). Mik\u00e4li hakemuksessa on virheit\u00e4\/puutteita, hakemus palautuu sinulle t\u00e4ydennett\u00e4v\u00e4ksi &hellip; <a href=\"https:\/\/blogi.eoppimispalvelut.fi\/peppi-ohjeet\/hyvaksilukuhakemuksen-taydentaminen-ja-muokkaaminen\/\">Continue reading <span class=\"meta-nav\">&rarr;<\/span><\/a><\/p>\n","protected":false},"author":2214,"featured_media":0,"parent":0,"menu_order":0,"comment_status":"closed","ping_status":"closed","template":"","meta":{"_monsterinsights_skip_tracking":false,"_monsterinsights_sitenote_active":false,"_monsterinsights_sitenote_note":"","_monsterinsights_sitenote_category":0,"footnotes":""},"class_list":["post-4992","page","type-page","status-publish","hentry"],"_links":{"self":[{"href":"https:\/\/blogi.eoppimispalvelut.fi\/peppi-ohjeet\/wp-json\/wp\/v2\/pages\/4992","targetHints":{"allow":["GET"]}}],"collection":[{"href":"https:\/\/blogi.eoppimispalvelut.fi\/peppi-ohjeet\/wp-json\/wp\/v2\/pages"}],"about":[{"href":"https:\/\/blogi.eoppimispalvelut.fi\/peppi-ohjeet\/wp-json\/wp\/v2\/types\/page"}],"author":[{"embeddable":true,"href":"https:\/\/blogi.eoppimispalvelut.fi\/peppi-ohjeet\/wp-json\/wp\/v2\/users\/2214"}],"replies":[{"embeddable":true,"href":"https:\/\/blogi.eoppimispalvelut.fi\/peppi-ohjeet\/wp-json\/wp\/v2\/comments?post=4992"}],"version-history":[{"count":9,"href":"https:\/\/blogi.eoppimispalvelut.fi\/peppi-ohjeet\/wp-json\/wp\/v2\/pages\/4992\/revisions"}],"predecessor-version":[{"id":6626,"href":"https:\/\/blogi.eoppimispalvelut.fi\/peppi-ohjeet\/wp-json\/wp\/v2\/pages\/4992\/revisions\/6626"}],"wp:attachment":[{"href":"https:\/\/blogi.eoppimispalvelut.fi\/peppi-ohjeet\/wp-json\/wp\/v2\/media?parent=4992"}],"curies":[{"name":"wp","href":"https:\/\/api.w.org\/{rel}","templated":true}]}}