{"id":4994,"date":"2021-10-25T15:54:43","date_gmt":"2021-10-25T12:54:43","guid":{"rendered":"https:\/\/blogi.eoppimispalvelut.fi\/peppi-ohjeet\/?page_id=4994"},"modified":"2024-08-09T16:17:19","modified_gmt":"2024-08-09T13:17:19","slug":"esiahotointi-ohjaajan-ohje","status":"publish","type":"page","link":"https:\/\/blogi.eoppimispalvelut.fi\/peppi-ohjeet\/esiahotointi-ohjaajan-ohje\/","title":{"rendered":"Esiahothakemusten k\u00e4sittely"},"content":{"rendered":"<p class=\"wp-caption-text\">Esiahotointi tarkoittaa tulevaisuudessa suoritettavien opintojen esihyv\u00e4ksynt\u00e4\u00e4 osaksi HOPSia. Esiahtointia voidaan hy\u00f6dynt\u00e4\u00e4 esimerkiksi vaihto-opintojen esihyv\u00e4ksymisess\u00e4. Opiskelija keskustelee ensin esiahotoitavista opinnoista opinto-ohjaajan kanssa. Suoritettuaan esiahotoidut opinnot, opiskelija hakee kyseiset opinnot tavallisena hyv\u00e4ksilukuna. Opiskelija voi hy\u00f6dynt\u00e4\u00e4 k\u00e4sitelty\u00e4 esiahothakemusta tavallisen hyv\u00e4ksilukuhakemuksen pohjana.<\/p>\n<p>&nbsp;<\/p>\n<p><strong>K\u00e4sittelyn aloittaminen<\/strong><\/p>\n<p>Valitse Opettajan ty\u00f6p\u00f6yd\u00e4lt\u00e4 yl\u00e4valikosta Arviointi ja avatuvasta valikosta eAHOT -&gt; eAHOT k\u00e4sittely.<\/p>\n<div id=\"attachment_6935\" style=\"width: 594px\" class=\"wp-caption alignnone\"><a href=\"https:\/\/blogi.eoppimispalvelut.fi\/peppi-ohjeet\/files\/2024\/08\/eAHOT-kasittely.png\"><img loading=\"lazy\" decoding=\"async\" aria-describedby=\"caption-attachment-6935\" class=\"size-large wp-image-6935\" src=\"https:\/\/blogi.eoppimispalvelut.fi\/peppi-ohjeet\/files\/2024\/08\/eAHOT-kasittely-1280x360.png\" alt=\"eAHOT k\u00e4sittely\" width=\"584\" height=\"164\" srcset=\"https:\/\/blogi.eoppimispalvelut.fi\/peppi-ohjeet\/files\/2024\/08\/eAHOT-kasittely-1280x360.png 1280w, https:\/\/blogi.eoppimispalvelut.fi\/peppi-ohjeet\/files\/2024\/08\/eAHOT-kasittely-600x169.png 600w, https:\/\/blogi.eoppimispalvelut.fi\/peppi-ohjeet\/files\/2024\/08\/eAHOT-kasittely-768x216.png 768w, https:\/\/blogi.eoppimispalvelut.fi\/peppi-ohjeet\/files\/2024\/08\/eAHOT-kasittely-1536x432.png 1536w, https:\/\/blogi.eoppimispalvelut.fi\/peppi-ohjeet\/files\/2024\/08\/eAHOT-kasittely-2048x576.png 2048w, https:\/\/blogi.eoppimispalvelut.fi\/peppi-ohjeet\/files\/2024\/08\/eAHOT-kasittely-500x141.png 500w\" sizes=\"auto, (max-width: 584px) 100vw, 584px\" \/><\/a><p id=\"caption-attachment-6935\" class=\"wp-caption-text\">Klikkaa kuvaa suuremmaksi<\/p><\/div>\n<p>Avatessasi hyv\u00e4ksilukuhakemusten k\u00e4sittelyikkunan, n\u00e4et eri v\u00e4lilehdilt\u00e4 kaikki k\u00e4sittelyss\u00e4si olevat hakemukset, k\u00e4sitellyt hakemukset, k\u00e4sittelyss\u00e4si olevat esiahothakemukset ja k\u00e4sitellyt esiahothakemukset. Aloita k\u00e4sittely valitsemalla hakemuksen lopusta Toiminnot ja K\u00e4sittele. Toiminnot-valikon N\u00e4yt\u00e4 kaikki hakemukset -kohdasta n\u00e4et kyseisen opiskelijan tekem\u00e4t muut hakemukset.<\/p>\n<div id=\"attachment_6966\" style=\"width: 594px\" class=\"wp-caption alignnone\"><a href=\"https:\/\/blogi.eoppimispalvelut.fi\/peppi-ohjeet\/files\/2024\/08\/Esiahothakemukset.png\"><img loading=\"lazy\" decoding=\"async\" aria-describedby=\"caption-attachment-6966\" class=\"size-large wp-image-6966\" src=\"https:\/\/blogi.eoppimispalvelut.fi\/peppi-ohjeet\/files\/2024\/08\/Esiahothakemukset-1280x246.png\" alt=\"Esiahothakemukset\" width=\"584\" height=\"112\" srcset=\"https:\/\/blogi.eoppimispalvelut.fi\/peppi-ohjeet\/files\/2024\/08\/Esiahothakemukset-1280x246.png 1280w, https:\/\/blogi.eoppimispalvelut.fi\/peppi-ohjeet\/files\/2024\/08\/Esiahothakemukset-600x115.png 600w, https:\/\/blogi.eoppimispalvelut.fi\/peppi-ohjeet\/files\/2024\/08\/Esiahothakemukset-768x148.png 768w, https:\/\/blogi.eoppimispalvelut.fi\/peppi-ohjeet\/files\/2024\/08\/Esiahothakemukset-1536x295.png 1536w, https:\/\/blogi.eoppimispalvelut.fi\/peppi-ohjeet\/files\/2024\/08\/Esiahothakemukset-2048x394.png 2048w, https:\/\/blogi.eoppimispalvelut.fi\/peppi-ohjeet\/files\/2024\/08\/Esiahothakemukset-500x96.png 500w\" sizes=\"auto, (max-width: 584px) 100vw, 584px\" \/><\/a><p id=\"caption-attachment-6966\" class=\"wp-caption-text\">Klikkaa kuvaa suuremmaksi<\/p><\/div>\n<p>Kun avaat hakemuksen, n\u00e4et ensin opiskeluoikeuden perustiedot. Tarvittaessa voit lis\u00e4t\u00e4 hakemukseen liitteit\u00e4. Lis\u00e4ksi voit tarkastella opiskelijan aikaisempia hakemuksia.<\/p>\n<p>K\u00e4sittele osia \u2013toiminnon kautta voit lis\u00e4t\u00e4 massana hyv\u00e4ksytyn tai hyl\u00e4tyn\u00a0<b>p\u00e4\u00e4t\u00f6ksen<\/b> hakemuksen osiin ja Hylk\u00e4\u00e4 hakemus \u2013toiminnolla hyl\u00e4t\u00e4 koko hakemuksen kerralla. Hylk\u00e4\u00e4m\u00e4ll\u00e4 koko hakemuksen kerralla, se menee suoraan \u201dOpinto on arkistoitu\u201d \u2013tilaan eli hakemus on silloin k\u00e4sitelty loppuun saakka. <strong>Osia voidaan k\u00e4sitell\u00e4 hyv\u00e4ksytysti vain korvaavuushakemuksissa.<\/strong><\/p>\n<p>Hakemuksen yl\u00e4reunassa n\u00e4kyy tieto siit\u00e4, ett\u00e4 hakemus on esiahotointihakemus.<\/p>\n<div>\n<div id=\"attachment_6967\" style=\"width: 594px\" class=\"wp-caption alignnone\"><a href=\"https:\/\/blogi.eoppimispalvelut.fi\/peppi-ohjeet\/files\/2024\/08\/Esiahothakemuksen-kasittely.png\"><img loading=\"lazy\" decoding=\"async\" aria-describedby=\"caption-attachment-6967\" class=\"wp-image-6967 size-large\" src=\"https:\/\/blogi.eoppimispalvelut.fi\/peppi-ohjeet\/files\/2024\/08\/Esiahothakemuksen-kasittely-1280x514.png\" alt=\"Esiahothakemuksen k\u00e4sittely\" width=\"584\" height=\"235\" srcset=\"https:\/\/blogi.eoppimispalvelut.fi\/peppi-ohjeet\/files\/2024\/08\/Esiahothakemuksen-kasittely-1280x514.png 1280w, https:\/\/blogi.eoppimispalvelut.fi\/peppi-ohjeet\/files\/2024\/08\/Esiahothakemuksen-kasittely-600x241.png 600w, https:\/\/blogi.eoppimispalvelut.fi\/peppi-ohjeet\/files\/2024\/08\/Esiahothakemuksen-kasittely-768x309.png 768w, https:\/\/blogi.eoppimispalvelut.fi\/peppi-ohjeet\/files\/2024\/08\/Esiahothakemuksen-kasittely-1536x617.png 1536w, https:\/\/blogi.eoppimispalvelut.fi\/peppi-ohjeet\/files\/2024\/08\/Esiahothakemuksen-kasittely-2048x823.png 2048w, https:\/\/blogi.eoppimispalvelut.fi\/peppi-ohjeet\/files\/2024\/08\/Esiahothakemuksen-kasittely-500x201.png 500w\" sizes=\"auto, (max-width: 584px) 100vw, 584px\" \/><\/a><p id=\"caption-attachment-6967\" class=\"wp-caption-text\">Klikkaa kuvaa suuremmaksi<\/p><\/div>\n<p>&nbsp;<\/p>\n<p><strong>Suorituspaikka ja liitteet<\/strong><\/p>\n<p>Suorituspaikka-kohdassa voit tarkastella opiskelijan lis\u00e4\u00e4mi\u00e4 tietoja suorituspaikasta sek\u00e4 hakemuksen liitteit\u00e4. Avaa liite ja tarkasta hakemusta vastaavat tiedot hakemuksen k\u00e4sittely\u00e4 varten. Mik\u00e4li liitteen tiedot vastaavat hakemusta, eik\u00e4 sit\u00e4 ole todennettu, merkitse liite todennetuksi valitsemalla Toiminnot ja Todenna. Tarkista samalla tavalla kaikki hakemukseen liittyv\u00e4t\u00a0 liitteet.<\/p>\n<p>\u201dMerkityt opinnot\u201d -kohdassa n\u00e4et, mihin opintoihin liittyen opiskelija hakee hyv\u00e4ksilukua esitt\u00e4m\u00e4ll\u00e4\u00e4n liitteell\u00e4 (t\u00e4m\u00e4 n\u00e4kyy vain korvaavuushakemuksissa).<\/p>\n<div id=\"attachment_6968\" style=\"width: 594px\" class=\"wp-caption alignnone\"><a href=\"https:\/\/blogi.eoppimispalvelut.fi\/peppi-ohjeet\/files\/2024\/08\/Suorituspaikka-ja-liitteet.png\"><img loading=\"lazy\" decoding=\"async\" aria-describedby=\"caption-attachment-6968\" class=\"wp-image-6968 size-large\" src=\"https:\/\/blogi.eoppimispalvelut.fi\/peppi-ohjeet\/files\/2024\/08\/Suorituspaikka-ja-liitteet-1280x318.png\" alt=\"Suorituspaikka ja liitteet\" width=\"584\" height=\"145\" srcset=\"https:\/\/blogi.eoppimispalvelut.fi\/peppi-ohjeet\/files\/2024\/08\/Suorituspaikka-ja-liitteet-1280x318.png 1280w, https:\/\/blogi.eoppimispalvelut.fi\/peppi-ohjeet\/files\/2024\/08\/Suorituspaikka-ja-liitteet-600x149.png 600w, https:\/\/blogi.eoppimispalvelut.fi\/peppi-ohjeet\/files\/2024\/08\/Suorituspaikka-ja-liitteet-768x191.png 768w, https:\/\/blogi.eoppimispalvelut.fi\/peppi-ohjeet\/files\/2024\/08\/Suorituspaikka-ja-liitteet-1536x381.png 1536w, https:\/\/blogi.eoppimispalvelut.fi\/peppi-ohjeet\/files\/2024\/08\/Suorituspaikka-ja-liitteet-2048x508.png 2048w, https:\/\/blogi.eoppimispalvelut.fi\/peppi-ohjeet\/files\/2024\/08\/Suorituspaikka-ja-liitteet-500x124.png 500w\" sizes=\"auto, (max-width: 584px) 100vw, 584px\" \/><\/a><p id=\"caption-attachment-6968\" class=\"wp-caption-text\">Klikkaa kuvaa suuremmaksi<\/p><\/div>\n<\/div>\n<p>&nbsp;<\/p>\n<p><strong>Esiahotoitavien opintojen k\u00e4sittely ja p\u00e4\u00e4t\u00f6ksen teko<\/strong><\/p>\n<p>Opinnot ja p\u00e4\u00e4t\u00f6kset -otsikon alta n\u00e4et, mit\u00e4 opintoja opiskelija hakee esiahotoitavaksi. Hakemuksen yl\u00e4osassa n\u00e4et hakemuksen tyypin (korvaavuus tai sis\u00e4llytys) ja hakemuksen sen hetkisen k\u00e4sittelij\u00e4n.<\/p>\n<div>\n<div id=\"attachment_6969\" style=\"width: 594px\" class=\"wp-caption alignnone\"><a href=\"https:\/\/blogi.eoppimispalvelut.fi\/peppi-ohjeet\/files\/2024\/08\/Hyvaksilukujen-kasittely-esiahot.png\"><img loading=\"lazy\" decoding=\"async\" aria-describedby=\"caption-attachment-6969\" class=\"wp-image-6969 size-large\" src=\"https:\/\/blogi.eoppimispalvelut.fi\/peppi-ohjeet\/files\/2024\/08\/Hyvaksilukujen-kasittely-esiahot-1280x589.png\" alt=\"Hyv\u00e4ksilukujen k\u00e4sittely\" width=\"584\" height=\"269\" srcset=\"https:\/\/blogi.eoppimispalvelut.fi\/peppi-ohjeet\/files\/2024\/08\/Hyvaksilukujen-kasittely-esiahot-1280x589.png 1280w, https:\/\/blogi.eoppimispalvelut.fi\/peppi-ohjeet\/files\/2024\/08\/Hyvaksilukujen-kasittely-esiahot-600x276.png 600w, https:\/\/blogi.eoppimispalvelut.fi\/peppi-ohjeet\/files\/2024\/08\/Hyvaksilukujen-kasittely-esiahot-768x354.png 768w, https:\/\/blogi.eoppimispalvelut.fi\/peppi-ohjeet\/files\/2024\/08\/Hyvaksilukujen-kasittely-esiahot-1536x707.png 1536w, https:\/\/blogi.eoppimispalvelut.fi\/peppi-ohjeet\/files\/2024\/08\/Hyvaksilukujen-kasittely-esiahot-2048x943.png 2048w, https:\/\/blogi.eoppimispalvelut.fi\/peppi-ohjeet\/files\/2024\/08\/Hyvaksilukujen-kasittely-esiahot-500x230.png 500w\" sizes=\"auto, (max-width: 584px) 100vw, 584px\" \/><\/a><p id=\"caption-attachment-6969\" class=\"wp-caption-text\">Klikkaa kuvaa suuremmaksi<\/p><\/div>\n<\/div>\n<p>Tarkista suoritettavan opinnon\/osaamisen tiedot. Huomaa, ett\u00e4 opinnon suoritusp\u00e4iv\u00e4m\u00e4\u00e4r\u00e4 on tulevaisuudessa.<\/p>\n<p>Jos hakemuksessa on korjattavaa, voit l\u00e4hett\u00e4\u00e4 hakemuksen takaisin suunnittelijalle K\u00e4sittelyketju\/siirto toiselle -v\u00e4lilehdell\u00e4. Muista kirjoittaa uudelle k\u00e4sittelij\u00e4lle viesti. Siirron tekeminen vaatii viestin kirjoituksen.<\/p>\n<p>Tarvittaessa voit my\u00f6s palauttaa hakemuksen suoraan opiskelijalle Palauta-v\u00e4lilehdell\u00e4.<\/p>\n<p>Klikkaa lopuksi Tallenna.<\/p>\n<div id=\"attachment_6970\" style=\"width: 594px\" class=\"wp-caption alignnone\"><a href=\"https:\/\/blogi.eoppimispalvelut.fi\/peppi-ohjeet\/files\/2024\/08\/Kasittelijan-vaihtaminen-esiahot.png\"><img loading=\"lazy\" decoding=\"async\" aria-describedby=\"caption-attachment-6970\" class=\"wp-image-6970 size-large\" src=\"https:\/\/blogi.eoppimispalvelut.fi\/peppi-ohjeet\/files\/2024\/08\/Kasittelijan-vaihtaminen-esiahot-1280x560.png\" alt=\"K\u00e4sittelij\u00e4n vaihtaminen\" width=\"584\" height=\"256\" srcset=\"https:\/\/blogi.eoppimispalvelut.fi\/peppi-ohjeet\/files\/2024\/08\/Kasittelijan-vaihtaminen-esiahot-1280x560.png 1280w, https:\/\/blogi.eoppimispalvelut.fi\/peppi-ohjeet\/files\/2024\/08\/Kasittelijan-vaihtaminen-esiahot-600x263.png 600w, https:\/\/blogi.eoppimispalvelut.fi\/peppi-ohjeet\/files\/2024\/08\/Kasittelijan-vaihtaminen-esiahot-768x336.png 768w, https:\/\/blogi.eoppimispalvelut.fi\/peppi-ohjeet\/files\/2024\/08\/Kasittelijan-vaihtaminen-esiahot-1536x672.png 1536w, https:\/\/blogi.eoppimispalvelut.fi\/peppi-ohjeet\/files\/2024\/08\/Kasittelijan-vaihtaminen-esiahot-2048x896.png 2048w, https:\/\/blogi.eoppimispalvelut.fi\/peppi-ohjeet\/files\/2024\/08\/Kasittelijan-vaihtaminen-esiahot-500x219.png 500w\" sizes=\"auto, (max-width: 584px) 100vw, 584px\" \/><\/a><p id=\"caption-attachment-6970\" class=\"wp-caption-text\">Klikkaa kuvaa suuremmaksi<\/p><\/div>\n<p>Jos hakemus on oikein t\u00e4ytetty ja suoritettavat opinnot\/osaaminen voidaan esihyv\u00e4ksy\u00e4 opiskelijan HOPSille, aloita valitsemalla ensin Sopimukset-v\u00e4lilehti.<\/p>\n<p><b>HUOM! <\/b>Jokaisesta hakemuksessa haettavasta opinnosta on teht\u00e4v\u00e4 sopimus. Sopimus-v\u00e4lilehdell\u00e4 tehty sopimus menee suoraan opiskelijan Sopimuspankkiin.<\/p>\n<p>Tee jokaiselle opinnolle sopimus vuorotellen ja kirjoita jokaisen opinnon kohdalle sopimukseen kuvaus ja klikkaa \u201dLuo uusi\u201d.<\/p>\n<div id=\"attachment_6971\" style=\"width: 594px\" class=\"wp-caption alignnone\"><a href=\"https:\/\/blogi.eoppimispalvelut.fi\/peppi-ohjeet\/files\/2024\/08\/Sopimuksen-luominen-esiahotointi.png\"><img loading=\"lazy\" decoding=\"async\" aria-describedby=\"caption-attachment-6971\" class=\"wp-image-6971 size-large\" src=\"https:\/\/blogi.eoppimispalvelut.fi\/peppi-ohjeet\/files\/2024\/08\/Sopimuksen-luominen-esiahotointi-1280x771.png\" alt=\"Sopimuksen luominen, esiahotointi\" width=\"584\" height=\"352\" srcset=\"https:\/\/blogi.eoppimispalvelut.fi\/peppi-ohjeet\/files\/2024\/08\/Sopimuksen-luominen-esiahotointi-1280x771.png 1280w, https:\/\/blogi.eoppimispalvelut.fi\/peppi-ohjeet\/files\/2024\/08\/Sopimuksen-luominen-esiahotointi-600x361.png 600w, https:\/\/blogi.eoppimispalvelut.fi\/peppi-ohjeet\/files\/2024\/08\/Sopimuksen-luominen-esiahotointi-768x463.png 768w, https:\/\/blogi.eoppimispalvelut.fi\/peppi-ohjeet\/files\/2024\/08\/Sopimuksen-luominen-esiahotointi-1536x925.png 1536w, https:\/\/blogi.eoppimispalvelut.fi\/peppi-ohjeet\/files\/2024\/08\/Sopimuksen-luominen-esiahotointi-2048x1234.png 2048w, https:\/\/blogi.eoppimispalvelut.fi\/peppi-ohjeet\/files\/2024\/08\/Sopimuksen-luominen-esiahotointi-498x300.png 498w\" sizes=\"auto, (max-width: 584px) 100vw, 584px\" \/><\/a><p id=\"caption-attachment-6971\" class=\"wp-caption-text\">Klikkaa kuvaa suuremmaksi<\/p><\/div>\n<p>Kun olet luonut jokaisesta hakemuksella olevasta opinnosta sopimuksen, valitse K\u00e4sittele-v\u00e4lilehti.<\/p>\n<p>Tee p\u00e4\u00e4t\u00f6s jokaiseen hakemuksella olevaan opintoon ja lis\u00e4\u00e4 hyv\u00e4ksytt\u00e4vien opintopisteiden m\u00e4\u00e4r\u00e4.<\/p>\n<p>Kirjoita viesti opiskelijalle ja klikkaa Tallenna.<\/p>\n<div id=\"attachment_6972\" style=\"width: 594px\" class=\"wp-caption alignnone\"><a href=\"https:\/\/blogi.eoppimispalvelut.fi\/peppi-ohjeet\/files\/2024\/08\/Paatoksen-tallentaminen-esiahotointi.png\"><img loading=\"lazy\" decoding=\"async\" aria-describedby=\"caption-attachment-6972\" class=\"wp-image-6972 size-large\" src=\"https:\/\/blogi.eoppimispalvelut.fi\/peppi-ohjeet\/files\/2024\/08\/Paatoksen-tallentaminen-esiahotointi-1280x961.png\" alt=\"P\u00e4\u00e4t\u00f6ksen tallentaminen\" width=\"584\" height=\"438\" srcset=\"https:\/\/blogi.eoppimispalvelut.fi\/peppi-ohjeet\/files\/2024\/08\/Paatoksen-tallentaminen-esiahotointi-1280x961.png 1280w, https:\/\/blogi.eoppimispalvelut.fi\/peppi-ohjeet\/files\/2024\/08\/Paatoksen-tallentaminen-esiahotointi-600x451.png 600w, https:\/\/blogi.eoppimispalvelut.fi\/peppi-ohjeet\/files\/2024\/08\/Paatoksen-tallentaminen-esiahotointi-768x577.png 768w, https:\/\/blogi.eoppimispalvelut.fi\/peppi-ohjeet\/files\/2024\/08\/Paatoksen-tallentaminen-esiahotointi-1536x1153.png 1536w, https:\/\/blogi.eoppimispalvelut.fi\/peppi-ohjeet\/files\/2024\/08\/Paatoksen-tallentaminen-esiahotointi-400x300.png 400w, https:\/\/blogi.eoppimispalvelut.fi\/peppi-ohjeet\/files\/2024\/08\/Paatoksen-tallentaminen-esiahotointi.png 1770w\" sizes=\"auto, (max-width: 584px) 100vw, 584px\" \/><\/a><p id=\"caption-attachment-6972\" class=\"wp-caption-text\">Klikkaa kuvaa suuremmaksi<\/p><\/div>\n<p>Lis\u00e4\u00e4 viel\u00e4 p\u00e4\u00e4t\u00f6ksen teon yhteydess\u00e4 sopivat asiasanat ja ohjauksen ala. Asiasanojen perusteella hakemuksia voi hakea hyv\u00e4ksilukupankista.<\/p>\n<p>Asiasanoja voi hakea haun kautta. P\u00e4\u00e4t\u00f6kseen valittu asiasana n\u00e4kyy mustana, esim. Matematiikka.<\/p>\n<p>Paina lopuksi\u00a0Tallenna asiasanat ja p\u00e4\u00e4t\u00f6s. Mik\u00e4li huomaat, ett\u00e4 asiasanoihin olisi hyv\u00e4 tehd\u00e4 lis\u00e4yksi\u00e4, ota yhteytt\u00e4 Pepin p\u00e4\u00e4k\u00e4ytt\u00e4j\u00e4\u00e4n.<\/p>\n<div id=\"attachment_5217\" class=\"wp-caption alignnone\">\n<div id=\"attachment_6947\" style=\"width: 594px\" class=\"wp-caption alignnone\"><a href=\"https:\/\/blogi.eoppimispalvelut.fi\/peppi-ohjeet\/files\/2024\/08\/Asiasanat.png\" data-slb-active=\"1\" data-slb-asset=\"1447922190\" data-slb-internal=\"0\" data-slb-group=\"5212\"><img loading=\"lazy\" decoding=\"async\" aria-describedby=\"caption-attachment-6947\" class=\"wp-image-6947 size-large\" src=\"https:\/\/blogi.eoppimispalvelut.fi\/peppi-ohjeet\/files\/2024\/08\/Asiasanat-1280x991.png\" alt=\"Asiasanat\" width=\"584\" height=\"452\" aria-describedby=\"caption-attachment-5217\" srcset=\"https:\/\/blogi.eoppimispalvelut.fi\/peppi-ohjeet\/files\/2024\/08\/Asiasanat-1280x991.png 1280w, https:\/\/blogi.eoppimispalvelut.fi\/peppi-ohjeet\/files\/2024\/08\/Asiasanat-600x465.png 600w, https:\/\/blogi.eoppimispalvelut.fi\/peppi-ohjeet\/files\/2024\/08\/Asiasanat-768x595.png 768w, https:\/\/blogi.eoppimispalvelut.fi\/peppi-ohjeet\/files\/2024\/08\/Asiasanat-1536x1190.png 1536w, https:\/\/blogi.eoppimispalvelut.fi\/peppi-ohjeet\/files\/2024\/08\/Asiasanat-387x300.png 387w, https:\/\/blogi.eoppimispalvelut.fi\/peppi-ohjeet\/files\/2024\/08\/Asiasanat.png 1982w\" sizes=\"auto, (max-width: 584px) 100vw, 584px\" \/><\/a><p id=\"caption-attachment-6947\" class=\"wp-caption-text\">Klikkaa kuvaa suuremmaksi<\/p><\/div>\n<\/div>\n<p>Hakemus on nyt k\u00e4sitelty loppuun, kun sen tilana on \u201dOpinto on arkistoitu\u201d. Hakemus siirtyy t\u00e4ll\u00f6in k\u00e4siteltyihin hakemuksiin ja opiskelijalle esihyv\u00e4ksytyt opinnot tulevat n\u00e4kyville opiskelijan HOPSille. Tallennetut asiasanat n\u00e4kyv\u00e4t hakemuksen alareunassa.<\/p>\n<p>&nbsp;<\/p>\n<hr \/>\n<p>Takaisin\u00a0<a href=\"https:\/\/blogi.eoppimispalvelut.fi\/peppi-ohjeet\/opetus_ohjaus\/\">Opetus ja ohjaus -sivulle<\/a><\/p>\n","protected":false},"excerpt":{"rendered":"<p>Esiahotointi tarkoittaa tulevaisuudessa suoritettavien opintojen esihyv\u00e4ksynt\u00e4\u00e4 osaksi HOPSia. Esiahtointia voidaan hy\u00f6dynt\u00e4\u00e4 esimerkiksi vaihto-opintojen esihyv\u00e4ksymisess\u00e4. Opiskelija keskustelee ensin esiahotoitavista opinnoista opinto-ohjaajan kanssa. Suoritettuaan esiahotoidut opinnot, opiskelija hakee kyseiset opinnot tavallisena hyv\u00e4ksilukuna. Opiskelija voi hy\u00f6dynt\u00e4\u00e4 k\u00e4sitelty\u00e4 esiahothakemusta tavallisen hyv\u00e4ksilukuhakemuksen pohjana. &nbsp; K\u00e4sittelyn &hellip; <a href=\"https:\/\/blogi.eoppimispalvelut.fi\/peppi-ohjeet\/esiahotointi-ohjaajan-ohje\/\">Continue reading <span class=\"meta-nav\">&rarr;<\/span><\/a><\/p>\n","protected":false},"author":2214,"featured_media":0,"parent":0,"menu_order":0,"comment_status":"closed","ping_status":"closed","template":"","meta":{"_monsterinsights_skip_tracking":false,"_monsterinsights_sitenote_active":false,"_monsterinsights_sitenote_note":"","_monsterinsights_sitenote_category":0,"footnotes":""},"class_list":["post-4994","page","type-page","status-publish","hentry"],"_links":{"self":[{"href":"https:\/\/blogi.eoppimispalvelut.fi\/peppi-ohjeet\/wp-json\/wp\/v2\/pages\/4994","targetHints":{"allow":["GET"]}}],"collection":[{"href":"https:\/\/blogi.eoppimispalvelut.fi\/peppi-ohjeet\/wp-json\/wp\/v2\/pages"}],"about":[{"href":"https:\/\/blogi.eoppimispalvelut.fi\/peppi-ohjeet\/wp-json\/wp\/v2\/types\/page"}],"author":[{"embeddable":true,"href":"https:\/\/blogi.eoppimispalvelut.fi\/peppi-ohjeet\/wp-json\/wp\/v2\/users\/2214"}],"replies":[{"embeddable":true,"href":"https:\/\/blogi.eoppimispalvelut.fi\/peppi-ohjeet\/wp-json\/wp\/v2\/comments?post=4994"}],"version-history":[{"count":9,"href":"https:\/\/blogi.eoppimispalvelut.fi\/peppi-ohjeet\/wp-json\/wp\/v2\/pages\/4994\/revisions"}],"predecessor-version":[{"id":6974,"href":"https:\/\/blogi.eoppimispalvelut.fi\/peppi-ohjeet\/wp-json\/wp\/v2\/pages\/4994\/revisions\/6974"}],"wp:attachment":[{"href":"https:\/\/blogi.eoppimispalvelut.fi\/peppi-ohjeet\/wp-json\/wp\/v2\/media?parent=4994"}],"curies":[{"name":"wp","href":"https:\/\/api.w.org\/{rel}","templated":true}]}}