{"id":512,"date":"2020-02-12T11:58:45","date_gmt":"2020-02-12T09:58:45","guid":{"rendered":"https:\/\/blogi.eoppimispalvelut.fi\/peppi-ohjeet\/?page_id=512"},"modified":"2024-06-28T15:49:44","modified_gmt":"2024-06-28T12:49:44","slug":"tilattavat-todistukset","status":"publish","type":"page","link":"https:\/\/blogi.eoppimispalvelut.fi\/peppi-ohjeet\/opiskelijalle\/tilattavat-todistukset\/","title":{"rendered":"Tilattavat todistukset"},"content":{"rendered":"<p>Katso <a href=\"https:\/\/youtu.be\/0HF2GaI_YEY\" target=\"_blank\" rel=\"noopener\">video<\/a> (tekstityksen saa p\u00e4\u00e4lle [cc]-painikkeesta).<\/p>\n<ul>\n<li>Pepin Tilaukset-n\u00e4kym\u00e4ss\u00e4 voit tilata ammattikorkeakoulun s\u00e4hk\u00f6isesti varmentamia virallisia dokumentteja, kuten opiskelutodistuksen ja opintosuoritusotteen.<\/li>\n<li>S\u00e4hk\u00f6isen tutkintotodistuksen l\u00f6yd\u00e4t Tutkintotodistus-v\u00e4lilehdelt\u00e4.<\/li>\n<li>P\u00e4\u00e4set tilaamaan dokumentin valitsemalla uusi tilaus ja klikkaamalla dokumentin kuvaketta.<\/li>\n<\/ul>\n<div id=\"attachment_2434\" style=\"width: 910px\" class=\"wp-caption alignnone\"><a href=\"https:\/\/blogi.eoppimispalvelut.fi\/peppi-ohjeet\/opiskelijalle\/tilattavat-todistukset\/tilattavat-todistukset-2\/\" rel=\"attachment wp-att-2434\"><img loading=\"lazy\" decoding=\"async\" aria-describedby=\"caption-attachment-2434\" class=\"size-medium wp-image-2434\" src=\"https:\/\/blogi.eoppimispalvelut.fi\/peppi-ohjeet\/files\/2020\/04\/Tilattavat-todistukset-900x316.png\" alt=\"Tilattavat todistukset\" width=\"900\" height=\"316\" srcset=\"https:\/\/blogi.eoppimispalvelut.fi\/peppi-ohjeet\/files\/2020\/04\/Tilattavat-todistukset-900x316.png 900w, https:\/\/blogi.eoppimispalvelut.fi\/peppi-ohjeet\/files\/2020\/04\/Tilattavat-todistukset-1280x449.png 1280w, https:\/\/blogi.eoppimispalvelut.fi\/peppi-ohjeet\/files\/2020\/04\/Tilattavat-todistukset-768x269.png 768w, https:\/\/blogi.eoppimispalvelut.fi\/peppi-ohjeet\/files\/2020\/04\/Tilattavat-todistukset-1536x539.png 1536w, https:\/\/blogi.eoppimispalvelut.fi\/peppi-ohjeet\/files\/2020\/04\/Tilattavat-todistukset-500x175.png 500w, https:\/\/blogi.eoppimispalvelut.fi\/peppi-ohjeet\/files\/2020\/04\/Tilattavat-todistukset.png 1901w\" sizes=\"auto, (max-width: 900px) 100vw, 900px\" \/><\/a><p id=\"caption-attachment-2434\" class=\"wp-caption-text\">Klikkaa kuva suuremmaksi<\/p><\/div>\n<ul>\n<li>M\u00e4\u00e4rittele avautuvassa ikkunassa dokumentin edellytt\u00e4m\u00e4t tiedot, esimerkiksi mill\u00e4 kielell\u00e4 haluat dokumentin tulostettavan ja valitse Tilaa.<\/li>\n<\/ul>\n<div id=\"attachment_2437\" style=\"width: 907px\" class=\"wp-caption alignnone\"><a href=\"https:\/\/blogi.eoppimispalvelut.fi\/peppi-ohjeet\/opiskelijalle\/tilattavat-todistukset\/tilaa\/\" rel=\"attachment wp-att-2437\"><img loading=\"lazy\" decoding=\"async\" aria-describedby=\"caption-attachment-2437\" class=\"size-full wp-image-2437\" src=\"https:\/\/blogi.eoppimispalvelut.fi\/peppi-ohjeet\/files\/2020\/04\/Tilaa.png\" alt=\"Tilaa\" width=\"897\" height=\"460\" srcset=\"https:\/\/blogi.eoppimispalvelut.fi\/peppi-ohjeet\/files\/2020\/04\/Tilaa.png 897w, https:\/\/blogi.eoppimispalvelut.fi\/peppi-ohjeet\/files\/2020\/04\/Tilaa-768x394.png 768w, https:\/\/blogi.eoppimispalvelut.fi\/peppi-ohjeet\/files\/2020\/04\/Tilaa-500x256.png 500w\" sizes=\"auto, (max-width: 897px) 100vw, 897px\" \/><\/a><p id=\"caption-attachment-2437\" class=\"wp-caption-text\">Klikkaa kuva suuremmaksi<\/p><\/div>\n<ul>\n<li>L\u00f6yd\u00e4t tilauksen mukaisesti toimitetut dokumentit Tilaukset-sivun Dokumentit-v\u00e4lilehden alta.<\/li>\n<\/ul>\n<p>&nbsp;<\/p>\n<hr \/>\n<p>Takaisin <a href=\"https:\/\/blogi.eoppimispalvelut.fi\/peppi-ohjeet\/opiskelijalle\/\">Opiskelijalle-sivulle<\/a><\/p>\n<p>&nbsp;<\/p>\n<p>&nbsp;<\/p>\n<p>&nbsp;<\/p>\n<p>&nbsp;<\/p>\n<p>&nbsp;<\/p>\n<p>&nbsp;<\/p>\n<p>&nbsp;<\/p>\n<p>&nbsp;<\/p>\n<p>&nbsp;<\/p>\n<p>&nbsp;<\/p>\n<p>&nbsp;<\/p>\n<p>&nbsp;<\/p>\n<p>&nbsp;<\/p>\n<p>&nbsp;<\/p>\n<p>&nbsp;<\/p>\n<p>&nbsp;<\/p>\n<p>&nbsp;<\/p>\n<p>&nbsp;<\/p>\n<p>&nbsp;<\/p>\n<p>&nbsp;<\/p>\n<p>&nbsp;<\/p>\n<p>&nbsp;<\/p>\n<p>&nbsp;<\/p>\n<p>&nbsp;<\/p>\n<p>&nbsp;<\/p>\n","protected":false},"excerpt":{"rendered":"<p>Katso video (tekstityksen saa p\u00e4\u00e4lle [cc]-painikkeesta). Pepin Tilaukset-n\u00e4kym\u00e4ss\u00e4 voit tilata ammattikorkeakoulun s\u00e4hk\u00f6isesti varmentamia virallisia dokumentteja, kuten opiskelutodistuksen ja opintosuoritusotteen. S\u00e4hk\u00f6isen tutkintotodistuksen l\u00f6yd\u00e4t Tutkintotodistus-v\u00e4lilehdelt\u00e4. P\u00e4\u00e4set tilaamaan dokumentin valitsemalla uusi tilaus ja klikkaamalla dokumentin kuvaketta. M\u00e4\u00e4rittele avautuvassa ikkunassa dokumentin edellytt\u00e4m\u00e4t tiedot, esimerkiksi &hellip; <a href=\"https:\/\/blogi.eoppimispalvelut.fi\/peppi-ohjeet\/opiskelijalle\/tilattavat-todistukset\/\">Continue reading <span class=\"meta-nav\">&rarr;<\/span><\/a><\/p>\n","protected":false},"author":6,"featured_media":0,"parent":203,"menu_order":0,"comment_status":"closed","ping_status":"closed","template":"","meta":{"_monsterinsights_skip_tracking":false,"_monsterinsights_sitenote_active":false,"_monsterinsights_sitenote_note":"","_monsterinsights_sitenote_category":0,"footnotes":""},"class_list":["post-512","page","type-page","status-publish","hentry"],"_links":{"self":[{"href":"https:\/\/blogi.eoppimispalvelut.fi\/peppi-ohjeet\/wp-json\/wp\/v2\/pages\/512","targetHints":{"allow":["GET"]}}],"collection":[{"href":"https:\/\/blogi.eoppimispalvelut.fi\/peppi-ohjeet\/wp-json\/wp\/v2\/pages"}],"about":[{"href":"https:\/\/blogi.eoppimispalvelut.fi\/peppi-ohjeet\/wp-json\/wp\/v2\/types\/page"}],"author":[{"embeddable":true,"href":"https:\/\/blogi.eoppimispalvelut.fi\/peppi-ohjeet\/wp-json\/wp\/v2\/users\/6"}],"replies":[{"embeddable":true,"href":"https:\/\/blogi.eoppimispalvelut.fi\/peppi-ohjeet\/wp-json\/wp\/v2\/comments?post=512"}],"version-history":[{"count":20,"href":"https:\/\/blogi.eoppimispalvelut.fi\/peppi-ohjeet\/wp-json\/wp\/v2\/pages\/512\/revisions"}],"predecessor-version":[{"id":6689,"href":"https:\/\/blogi.eoppimispalvelut.fi\/peppi-ohjeet\/wp-json\/wp\/v2\/pages\/512\/revisions\/6689"}],"up":[{"embeddable":true,"href":"https:\/\/blogi.eoppimispalvelut.fi\/peppi-ohjeet\/wp-json\/wp\/v2\/pages\/203"}],"wp:attachment":[{"href":"https:\/\/blogi.eoppimispalvelut.fi\/peppi-ohjeet\/wp-json\/wp\/v2\/media?parent=512"}],"curies":[{"name":"wp","href":"https:\/\/api.w.org\/{rel}","templated":true}]}}