{"id":5192,"date":"2021-10-22T10:56:39","date_gmt":"2021-10-22T07:56:39","guid":{"rendered":"https:\/\/blogi.eoppimispalvelut.fi\/peppi-ohjeet\/?page_id=5192"},"modified":"2021-11-19T10:28:06","modified_gmt":"2021-11-19T08:28:06","slug":"hot-hakemusten-kasittely-opintosuunnittelijat","status":"publish","type":"page","link":"https:\/\/blogi.eoppimispalvelut.fi\/peppi-ohjeet\/hot-hakemusten-kasittely-opintosuunnittelijat\/","title":{"rendered":"eAHOT-hakemusten k\u00e4sittely"},"content":{"rendered":"<div id=\"attachment_5197\" style=\"width: 594px\" class=\"wp-caption alignnone\"><a href=\"https:\/\/blogi.eoppimispalvelut.fi\/peppi-ohjeet\/files\/2021\/10\/palvelut-3.png\"><img loading=\"lazy\" decoding=\"async\" aria-describedby=\"caption-attachment-5197\" class=\"size-large wp-image-5197\" src=\"https:\/\/blogi.eoppimispalvelut.fi\/peppi-ohjeet\/files\/2021\/10\/palvelut-3-1280x567.png\" alt=\"Hakemusten k\u00e4sittely\" width=\"584\" height=\"259\" \/><\/a><p id=\"caption-attachment-5197\" class=\"wp-caption-text\">Klikkaa kuvaa suuremmaksi<\/p><\/div>\n<p>Valitse Opettajan ty\u00f6p\u00f6yd\u00e4lt\u00e4 Arviointi -&gt; eAHOT -&gt; eAHOT k\u00e4sittely.<\/p>\n<div id=\"attachment_5198\" style=\"width: 594px\" class=\"wp-caption alignnone\"><a href=\"https:\/\/blogi.eoppimispalvelut.fi\/peppi-ohjeet\/files\/2021\/10\/palvelut-4.png\"><img loading=\"lazy\" decoding=\"async\" aria-describedby=\"caption-attachment-5198\" class=\"size-large wp-image-5198\" src=\"https:\/\/blogi.eoppimispalvelut.fi\/peppi-ohjeet\/files\/2021\/10\/palvelut-4-1280x527.png\" alt=\"Hakemusten k\u00e4sittely\" width=\"584\" height=\"240\" srcset=\"https:\/\/blogi.eoppimispalvelut.fi\/peppi-ohjeet\/files\/2021\/10\/palvelut-4-1280x527.png 1280w, https:\/\/blogi.eoppimispalvelut.fi\/peppi-ohjeet\/files\/2021\/10\/palvelut-4-600x247.png 600w, https:\/\/blogi.eoppimispalvelut.fi\/peppi-ohjeet\/files\/2021\/10\/palvelut-4-768x316.png 768w, https:\/\/blogi.eoppimispalvelut.fi\/peppi-ohjeet\/files\/2021\/10\/palvelut-4-1536x632.png 1536w, https:\/\/blogi.eoppimispalvelut.fi\/peppi-ohjeet\/files\/2021\/10\/palvelut-4-500x206.png 500w, https:\/\/blogi.eoppimispalvelut.fi\/peppi-ohjeet\/files\/2021\/10\/palvelut-4.png 1889w\" sizes=\"auto, (max-width: 584px) 100vw, 584px\" \/><\/a><p id=\"caption-attachment-5198\" class=\"wp-caption-text\">Klikkaa kuvaa suuremmaksi<\/p><\/div>\n<p>Avatessasi hyv\u00e4ksilukuhakemusten k\u00e4sittelyikkunan, n\u00e4et eri v\u00e4lilehdilt\u00e4 kaikki k\u00e4sittelyss\u00e4si olevat hakemukset, k\u00e4sitellyt hakemukset, k\u00e4sittelyss\u00e4si olevat esiahothakemukset ja k\u00e4sitellyt esiahothakemukset. Aloita k\u00e4sittely valitsemalla <strong>Toiminnot -&gt; K\u00e4sittele.<\/strong><\/p>\n<p><strong>N\u00e4yt\u00e4 kaikki hakemukset<\/strong> -kohdasta n\u00e4et kyseisen opiskelijan muut tehdyt ja k\u00e4sittelyss\u00e4 ovat hakemukset.<\/p>\n<div id=\"attachment_5193\" style=\"width: 594px\" class=\"wp-caption alignnone\"><a href=\"https:\/\/blogi.eoppimispalvelut.fi\/peppi-ohjeet\/files\/2021\/10\/palvelut-1.png\"><img loading=\"lazy\" decoding=\"async\" aria-describedby=\"caption-attachment-5193\" class=\"size-large wp-image-5193\" src=\"https:\/\/blogi.eoppimispalvelut.fi\/peppi-ohjeet\/files\/2021\/10\/palvelut-1-1280x607.png\" alt=\"Hakemuksen k\u00e4sittely\" width=\"584\" height=\"277\" srcset=\"https:\/\/blogi.eoppimispalvelut.fi\/peppi-ohjeet\/files\/2021\/10\/palvelut-1-1280x607.png 1280w, https:\/\/blogi.eoppimispalvelut.fi\/peppi-ohjeet\/files\/2021\/10\/palvelut-1-600x285.png 600w, https:\/\/blogi.eoppimispalvelut.fi\/peppi-ohjeet\/files\/2021\/10\/palvelut-1-768x364.png 768w, https:\/\/blogi.eoppimispalvelut.fi\/peppi-ohjeet\/files\/2021\/10\/palvelut-1-1536x729.png 1536w, https:\/\/blogi.eoppimispalvelut.fi\/peppi-ohjeet\/files\/2021\/10\/palvelut-1-500x237.png 500w, https:\/\/blogi.eoppimispalvelut.fi\/peppi-ohjeet\/files\/2021\/10\/palvelut-1.png 1682w\" sizes=\"auto, (max-width: 584px) 100vw, 584px\" \/><\/a><p id=\"caption-attachment-5193\" class=\"wp-caption-text\">Klikkaa kuvaa suuremmaksi<\/p><\/div>\n<p>Tarkasta hakemuksen perustiedot. Tarvittaessa voit lis\u00e4t\u00e4 hakemukseen liitteit\u00e4. Lis\u00e4ksi voit tarkastella opiskelijan aikaisempia hakemuksia.<\/p>\n<p><strong>Huomaa, ett\u00e4 K\u00e4sittele osia -toiminto sek\u00e4 Hylk\u00e4\u00e4 hakemus -toiminto ovat tarkoitettu opinto-ohjaajille.<\/strong><\/p>\n<div>\n<div id=\"attachment_5200\" style=\"width: 594px\" class=\"wp-caption alignnone\"><a href=\"https:\/\/blogi.eoppimispalvelut.fi\/peppi-ohjeet\/files\/2021\/10\/palvelut-5.png\"><img loading=\"lazy\" decoding=\"async\" aria-describedby=\"caption-attachment-5200\" class=\"size-large wp-image-5200\" src=\"https:\/\/blogi.eoppimispalvelut.fi\/peppi-ohjeet\/files\/2021\/10\/palvelut-5-1280x631.png\" alt=\"Hakemuksen k\u00e4sittely\" width=\"584\" height=\"288\" srcset=\"https:\/\/blogi.eoppimispalvelut.fi\/peppi-ohjeet\/files\/2021\/10\/palvelut-5-1280x631.png 1280w, https:\/\/blogi.eoppimispalvelut.fi\/peppi-ohjeet\/files\/2021\/10\/palvelut-5-600x296.png 600w, https:\/\/blogi.eoppimispalvelut.fi\/peppi-ohjeet\/files\/2021\/10\/palvelut-5-768x379.png 768w, https:\/\/blogi.eoppimispalvelut.fi\/peppi-ohjeet\/files\/2021\/10\/palvelut-5-1536x757.png 1536w, https:\/\/blogi.eoppimispalvelut.fi\/peppi-ohjeet\/files\/2021\/10\/palvelut-5-500x247.png 500w, https:\/\/blogi.eoppimispalvelut.fi\/peppi-ohjeet\/files\/2021\/10\/palvelut-5.png 1882w\" sizes=\"auto, (max-width: 584px) 100vw, 584px\" \/><\/a><p id=\"caption-attachment-5200\" class=\"wp-caption-text\">Klikkaa kuvaa suuremmaksi<\/p><\/div>\n<\/div>\n<p>Tarkista suorituspaikan tai suorituspaikkojen tiedot. Tarkista my\u00f6s, ett\u00e4 opiskelija on lis\u00e4nnyt tarvittavat liitteet. Avaa liite ja tarkasta sen tiedot. Mik\u00e4li liitteen tiedot vastaavat hakemusta, merkitse liite todennetuksi, valitsemalla <strong>Toiminnot -&gt; Todenna.<\/strong> Tarkista samalla tavalla kaikki\u00a0 hakemukseen liittyv\u00e4t liitteet.<\/p>\n<p>Merkityt opinnot -ikkunassa n\u00e4et, mihin opintoihin liittyen opiskelija hakee hyv\u00e4ksilukua esitt\u00e4m\u00e4ll\u00e4\u00e4n liitteell\u00e4.<\/p>\n<p><em>Korvaavuushakemus<\/em><\/p>\n<div>\n<div id=\"attachment_5201\" style=\"width: 594px\" class=\"wp-caption alignnone\"><a href=\"https:\/\/blogi.eoppimispalvelut.fi\/peppi-ohjeet\/files\/2021\/10\/palvelut-6.png\"><img loading=\"lazy\" decoding=\"async\" aria-describedby=\"caption-attachment-5201\" class=\"size-large wp-image-5201\" src=\"https:\/\/blogi.eoppimispalvelut.fi\/peppi-ohjeet\/files\/2021\/10\/palvelut-6-1280x593.png\" alt=\"Hakemuksen k\u00e4sittely\" width=\"584\" height=\"271\" srcset=\"https:\/\/blogi.eoppimispalvelut.fi\/peppi-ohjeet\/files\/2021\/10\/palvelut-6-1280x593.png 1280w, https:\/\/blogi.eoppimispalvelut.fi\/peppi-ohjeet\/files\/2021\/10\/palvelut-6-600x278.png 600w, https:\/\/blogi.eoppimispalvelut.fi\/peppi-ohjeet\/files\/2021\/10\/palvelut-6-768x356.png 768w, https:\/\/blogi.eoppimispalvelut.fi\/peppi-ohjeet\/files\/2021\/10\/palvelut-6-1536x712.png 1536w, https:\/\/blogi.eoppimispalvelut.fi\/peppi-ohjeet\/files\/2021\/10\/palvelut-6-500x232.png 500w, https:\/\/blogi.eoppimispalvelut.fi\/peppi-ohjeet\/files\/2021\/10\/palvelut-6.png 1814w\" sizes=\"auto, (max-width: 584px) 100vw, 584px\" \/><\/a><p id=\"caption-attachment-5201\" class=\"wp-caption-text\">Klikkaa kuvaa suuremmaksi<\/p><\/div>\n<\/div>\n<p>Hakemuksen yl\u00e4osassa n\u00e4et hakemuksen tyypin (korvaavuus tai sis\u00e4llytys) ja hakemuksen sen hetkisen k\u00e4sittelij\u00e4n.<\/p>\n<p>Kohdassa<strong> \u201dOpinnot, joihin hyv\u00e4ksilukua haetaan\u201d,<\/strong> n\u00e4et opinnon, jota opiskelija hakee korvattavaksi.<\/p>\n<p><em>Sis\u00e4llytyshakemus<\/em><\/p>\n<div id=\"attachment_5207\" style=\"width: 594px\" class=\"wp-caption alignnone\"><a href=\"https:\/\/blogi.eoppimispalvelut.fi\/peppi-ohjeet\/files\/2021\/10\/palvelut-11.png\"><img loading=\"lazy\" decoding=\"async\" aria-describedby=\"caption-attachment-5207\" class=\"size-large wp-image-5207\" src=\"https:\/\/blogi.eoppimispalvelut.fi\/peppi-ohjeet\/files\/2021\/10\/palvelut-11-1280x565.png\" alt=\"Hakemuksen k\u00e4sittely\" width=\"584\" height=\"258\" srcset=\"https:\/\/blogi.eoppimispalvelut.fi\/peppi-ohjeet\/files\/2021\/10\/palvelut-11-1280x565.png 1280w, https:\/\/blogi.eoppimispalvelut.fi\/peppi-ohjeet\/files\/2021\/10\/palvelut-11-600x265.png 600w, https:\/\/blogi.eoppimispalvelut.fi\/peppi-ohjeet\/files\/2021\/10\/palvelut-11-768x339.png 768w, https:\/\/blogi.eoppimispalvelut.fi\/peppi-ohjeet\/files\/2021\/10\/palvelut-11-1536x678.png 1536w, https:\/\/blogi.eoppimispalvelut.fi\/peppi-ohjeet\/files\/2021\/10\/palvelut-11-500x221.png 500w, https:\/\/blogi.eoppimispalvelut.fi\/peppi-ohjeet\/files\/2021\/10\/palvelut-11.png 1855w\" sizes=\"auto, (max-width: 584px) 100vw, 584px\" \/><\/a><p id=\"caption-attachment-5207\" class=\"wp-caption-text\">Klikkaa kuvaa suuremmaksi<\/p><\/div>\n<p>Hakemuksen yl\u00e4osassa n\u00e4et hakemuksen tyypin (korvaavuus tai sis\u00e4llytys) ja hakemuksen sen hetkisen k\u00e4sittelij\u00e4n.<\/p>\n<p>Sis\u00e4llytyshakemuksessa n\u00e4et, mihin kohtaan HOPSilla opiskelija haluaisi opinnon sijoittaa.<\/p>\n<div id=\"attachment_5202\" style=\"width: 594px\" class=\"wp-caption alignnone\"><a href=\"https:\/\/blogi.eoppimispalvelut.fi\/peppi-ohjeet\/files\/2021\/10\/palvelut-7.png\"><img loading=\"lazy\" decoding=\"async\" aria-describedby=\"caption-attachment-5202\" class=\"size-large wp-image-5202\" src=\"https:\/\/blogi.eoppimispalvelut.fi\/peppi-ohjeet\/files\/2021\/10\/palvelut-7-1280x702.png\" alt=\"Hakemuksen k\u00e4sittely\" width=\"584\" height=\"320\" srcset=\"https:\/\/blogi.eoppimispalvelut.fi\/peppi-ohjeet\/files\/2021\/10\/palvelut-7-1280x702.png 1280w, https:\/\/blogi.eoppimispalvelut.fi\/peppi-ohjeet\/files\/2021\/10\/palvelut-7-600x329.png 600w, https:\/\/blogi.eoppimispalvelut.fi\/peppi-ohjeet\/files\/2021\/10\/palvelut-7-768x421.png 768w, https:\/\/blogi.eoppimispalvelut.fi\/peppi-ohjeet\/files\/2021\/10\/palvelut-7-1536x843.png 1536w, https:\/\/blogi.eoppimispalvelut.fi\/peppi-ohjeet\/files\/2021\/10\/palvelut-7-500x274.png 500w, https:\/\/blogi.eoppimispalvelut.fi\/peppi-ohjeet\/files\/2021\/10\/palvelut-7.png 1810w\" sizes=\"auto, (max-width: 584px) 100vw, 584px\" \/><\/a><p id=\"caption-attachment-5202\" class=\"wp-caption-text\">Klikkaa kuvaa suuremmaksi<\/p><\/div>\n<p>Tarkista aiemmin suoritetun opinnon tai osaamisen tiedot.<\/p>\n<p>Mik\u00e4li hakemuksessa on virheit\u00e4 tai puutteita, valitse Palauta-v\u00e4lilehti ja palauta hakemus opiskelijalle korjattavaksi tai t\u00e4ydennett\u00e4v\u00e4ksi. Voit kirjoittaa viestin palautuksen saavalle henkil\u00f6lle tietojen korjaamista tai t\u00e4ydent\u00e4mist\u00e4 varten. Palauta hakemus valitsemalla Tallenna.<\/p>\n<p>Tarvittaessa voit my\u00f6s vaihtaa hakemuksen tyyppi\u00e4.<\/p>\n<div id=\"attachment_5203\" style=\"width: 594px\" class=\"wp-caption alignnone\"><a href=\"https:\/\/blogi.eoppimispalvelut.fi\/peppi-ohjeet\/files\/2021\/10\/palvelut-8.png\"><img loading=\"lazy\" decoding=\"async\" aria-describedby=\"caption-attachment-5203\" class=\"size-large wp-image-5203\" src=\"https:\/\/blogi.eoppimispalvelut.fi\/peppi-ohjeet\/files\/2021\/10\/palvelut-8-1280x641.png\" alt=\"Hakemuksen k\u00e4sittely\" width=\"584\" height=\"292\" srcset=\"https:\/\/blogi.eoppimispalvelut.fi\/peppi-ohjeet\/files\/2021\/10\/palvelut-8-1280x641.png 1280w, https:\/\/blogi.eoppimispalvelut.fi\/peppi-ohjeet\/files\/2021\/10\/palvelut-8-600x300.png 600w, https:\/\/blogi.eoppimispalvelut.fi\/peppi-ohjeet\/files\/2021\/10\/palvelut-8-768x384.png 768w, https:\/\/blogi.eoppimispalvelut.fi\/peppi-ohjeet\/files\/2021\/10\/palvelut-8-1536x769.png 1536w, https:\/\/blogi.eoppimispalvelut.fi\/peppi-ohjeet\/files\/2021\/10\/palvelut-8-500x250.png 500w, https:\/\/blogi.eoppimispalvelut.fi\/peppi-ohjeet\/files\/2021\/10\/palvelut-8.png 1848w\" sizes=\"auto, (max-width: 584px) 100vw, 584px\" \/><\/a><p id=\"caption-attachment-5203\" class=\"wp-caption-text\">Klikkaa kuvaa suuremmaksi<\/p><\/div>\n<p>Hakemukseen tallentuu tieto opiskelijalle l\u00e4hetetyst\u00e4 lis\u00e4tietopyynn\u00f6st\u00e4 ja l\u00e4hett\u00e4m\u00e4st\u00e4si viestist\u00e4. <a href=\"https:\/\/blogi.eoppimispalvelut.fi\/peppi-ohjeet\/hyvaksilukuhakemuksen-taydentaminen-ja-muokkaaminen\/\">T\u00e4st\u00e4<\/a> opiskelijan ohjeesta voit katsoa, miten opiskelija tekee pyydetyt muutokset hakemukseen ja palauttaa sen takaisin k\u00e4sittelyyn.<\/p>\n<p>Tarvittaessa voit my\u00f6s jatkaa k\u00e4sittely\u00e4, jolloin lis\u00e4tietopyynt\u00f6 poistuu opiskelijalta.<\/p>\n<div id=\"attachment_5204\" style=\"width: 594px\" class=\"wp-caption alignnone\"><a href=\"https:\/\/blogi.eoppimispalvelut.fi\/peppi-ohjeet\/files\/2021\/10\/palvelut-9.png\"><img loading=\"lazy\" decoding=\"async\" aria-describedby=\"caption-attachment-5204\" class=\"size-large wp-image-5204\" src=\"https:\/\/blogi.eoppimispalvelut.fi\/peppi-ohjeet\/files\/2021\/10\/palvelut-9-1280x647.png\" alt=\"Hakemuksen k\u00e4sittely\" width=\"584\" height=\"295\" srcset=\"https:\/\/blogi.eoppimispalvelut.fi\/peppi-ohjeet\/files\/2021\/10\/palvelut-9-1280x647.png 1280w, https:\/\/blogi.eoppimispalvelut.fi\/peppi-ohjeet\/files\/2021\/10\/palvelut-9-600x303.png 600w, https:\/\/blogi.eoppimispalvelut.fi\/peppi-ohjeet\/files\/2021\/10\/palvelut-9-768x388.png 768w, https:\/\/blogi.eoppimispalvelut.fi\/peppi-ohjeet\/files\/2021\/10\/palvelut-9-1536x776.png 1536w, https:\/\/blogi.eoppimispalvelut.fi\/peppi-ohjeet\/files\/2021\/10\/palvelut-9-500x253.png 500w, https:\/\/blogi.eoppimispalvelut.fi\/peppi-ohjeet\/files\/2021\/10\/palvelut-9.png 1920w\" sizes=\"auto, (max-width: 584px) 100vw, 584px\" \/><\/a><p id=\"caption-attachment-5204\" class=\"wp-caption-text\">Klikkaa kuvaa suuremmaksi<\/p><\/div>\n<p>Kun opiskelija on t\u00e4ydent\u00e4nyt tai korjannut hakemuksen tiedot, palautuu hakemus takaisin k\u00e4sittelyyn opintosuunnittelijalle.<\/p>\n<p>Opiskelijan vastaus tulee n\u00e4kyviin, mik\u00e4li h\u00e4n on kirjoittanut kommentin hakemuksen palautuksen yhteydess\u00e4.<\/p>\n<p>Tarkasta hakemuksen tiedot. Jos tiedot ovat oikein, siirr\u00e4 hakemus opinto-ohjaajalle valitsemalla \u201dK\u00e4sittelyketju\/siirto toiselle\u201d. Jos hakemuksessa on edelleen korjattavaa, palauta hakemus uudelleen opiskelijalle.<\/p>\n<div id=\"attachment_5205\" style=\"width: 594px\" class=\"wp-caption alignnone\"><a href=\"https:\/\/blogi.eoppimispalvelut.fi\/peppi-ohjeet\/files\/2021\/10\/palvelut-10.png\"><img loading=\"lazy\" decoding=\"async\" aria-describedby=\"caption-attachment-5205\" class=\"size-large wp-image-5205\" src=\"https:\/\/blogi.eoppimispalvelut.fi\/peppi-ohjeet\/files\/2021\/10\/palvelut-10-1280x551.png\" alt=\"Hakemuksen siirt\u00e4minen\" width=\"584\" height=\"251\" srcset=\"https:\/\/blogi.eoppimispalvelut.fi\/peppi-ohjeet\/files\/2021\/10\/palvelut-10-1280x551.png 1280w, https:\/\/blogi.eoppimispalvelut.fi\/peppi-ohjeet\/files\/2021\/10\/palvelut-10-600x258.png 600w, https:\/\/blogi.eoppimispalvelut.fi\/peppi-ohjeet\/files\/2021\/10\/palvelut-10-768x331.png 768w, https:\/\/blogi.eoppimispalvelut.fi\/peppi-ohjeet\/files\/2021\/10\/palvelut-10-1536x661.png 1536w, https:\/\/blogi.eoppimispalvelut.fi\/peppi-ohjeet\/files\/2021\/10\/palvelut-10-500x215.png 500w, https:\/\/blogi.eoppimispalvelut.fi\/peppi-ohjeet\/files\/2021\/10\/palvelut-10.png 1938w\" sizes=\"auto, (max-width: 584px) 100vw, 584px\" \/><\/a><p id=\"caption-attachment-5205\" class=\"wp-caption-text\">Klikkaa kuvaa suuremmaksi<\/p><\/div>\n<p>Kun hakemus on valmis siirrett\u00e4v\u00e4ksi opinto-ohjaajalle p\u00e4\u00e4t\u00f6st\u00e4 varten, valitse <strong>K\u00e4sittelyketju\/siirto toiselle<\/strong> -v\u00e4lilehti. Valitse oikea henkil\u00f6 ja kirjoita viesti uudelle k\u00e4sittelij\u00e4lle. Klikkaa <strong>Tallenna<\/strong>, jolloin hakemus siirtyy opinto-ohjaajalle.<\/p>\n<p>Huomaa, ett\u00e4 hakemusta ei voi l\u00e4hett\u00e4\u00e4 ilman viesti\u00e4.<\/p>\n<p>&nbsp;<\/p>\n<hr \/>\n<p>Takaisin\u00a0<a href=\"https:\/\/blogi.eoppimispalvelut.fi\/peppi-ohjeet\/oppimis-ja-ohjauspalvelut\/\">Oppimis- ja ohjauspalvelut sivulle<\/a><\/p>\n","protected":false},"excerpt":{"rendered":"<p>Valitse Opettajan ty\u00f6p\u00f6yd\u00e4lt\u00e4 Arviointi -&gt; eAHOT -&gt; eAHOT k\u00e4sittely. Avatessasi hyv\u00e4ksilukuhakemusten k\u00e4sittelyikkunan, n\u00e4et eri v\u00e4lilehdilt\u00e4 kaikki k\u00e4sittelyss\u00e4si olevat hakemukset, k\u00e4sitellyt hakemukset, k\u00e4sittelyss\u00e4si olevat esiahothakemukset ja k\u00e4sitellyt esiahothakemukset. Aloita k\u00e4sittely valitsemalla Toiminnot -&gt; K\u00e4sittele. N\u00e4yt\u00e4 kaikki hakemukset -kohdasta n\u00e4et kyseisen opiskelijan &hellip; <a href=\"https:\/\/blogi.eoppimispalvelut.fi\/peppi-ohjeet\/hot-hakemusten-kasittely-opintosuunnittelijat\/\">Continue reading <span class=\"meta-nav\">&rarr;<\/span><\/a><\/p>\n","protected":false},"author":2214,"featured_media":0,"parent":0,"menu_order":0,"comment_status":"closed","ping_status":"closed","template":"","meta":{"_monsterinsights_skip_tracking":false,"_monsterinsights_sitenote_active":false,"_monsterinsights_sitenote_note":"","_monsterinsights_sitenote_category":0,"footnotes":""},"class_list":["post-5192","page","type-page","status-publish","hentry"],"_links":{"self":[{"href":"https:\/\/blogi.eoppimispalvelut.fi\/peppi-ohjeet\/wp-json\/wp\/v2\/pages\/5192","targetHints":{"allow":["GET"]}}],"collection":[{"href":"https:\/\/blogi.eoppimispalvelut.fi\/peppi-ohjeet\/wp-json\/wp\/v2\/pages"}],"about":[{"href":"https:\/\/blogi.eoppimispalvelut.fi\/peppi-ohjeet\/wp-json\/wp\/v2\/types\/page"}],"author":[{"embeddable":true,"href":"https:\/\/blogi.eoppimispalvelut.fi\/peppi-ohjeet\/wp-json\/wp\/v2\/users\/2214"}],"replies":[{"embeddable":true,"href":"https:\/\/blogi.eoppimispalvelut.fi\/peppi-ohjeet\/wp-json\/wp\/v2\/comments?post=5192"}],"version-history":[{"count":10,"href":"https:\/\/blogi.eoppimispalvelut.fi\/peppi-ohjeet\/wp-json\/wp\/v2\/pages\/5192\/revisions"}],"predecessor-version":[{"id":5671,"href":"https:\/\/blogi.eoppimispalvelut.fi\/peppi-ohjeet\/wp-json\/wp\/v2\/pages\/5192\/revisions\/5671"}],"wp:attachment":[{"href":"https:\/\/blogi.eoppimispalvelut.fi\/peppi-ohjeet\/wp-json\/wp\/v2\/media?parent=5192"}],"curies":[{"name":"wp","href":"https:\/\/api.w.org\/{rel}","templated":true}]}}