{"id":5233,"date":"2021-10-22T15:50:18","date_gmt":"2021-10-22T12:50:18","guid":{"rendered":"https:\/\/blogi.eoppimispalvelut.fi\/peppi-ohjeet\/?page_id=5233"},"modified":"2024-08-09T16:15:56","modified_gmt":"2024-08-09T13:15:56","slug":"sisallytyksen-kasittely-uusi","status":"publish","type":"page","link":"https:\/\/blogi.eoppimispalvelut.fi\/peppi-ohjeet\/sisallytyksen-kasittely-uusi\/","title":{"rendered":"Sis\u00e4llytyksen k\u00e4sittely"},"content":{"rendered":"<p><strong>K\u00e4sittelyn aloittaminen<\/strong><\/p>\n<p>Valitse Opettajan ty\u00f6p\u00f6yd\u00e4lt\u00e4 yl\u00e4valikosta Arviointi ja avatuvasta valikosta eAHOT -&gt; eAHOT k\u00e4sittely.<\/p>\n<div id=\"attachment_6935\" style=\"width: 594px\" class=\"wp-caption alignnone\"><a href=\"https:\/\/blogi.eoppimispalvelut.fi\/peppi-ohjeet\/files\/2024\/08\/eAHOT-kasittely.png\"><img loading=\"lazy\" decoding=\"async\" aria-describedby=\"caption-attachment-6935\" class=\"size-large wp-image-6935\" src=\"https:\/\/blogi.eoppimispalvelut.fi\/peppi-ohjeet\/files\/2024\/08\/eAHOT-kasittely-1280x360.png\" alt=\"eAHOT k\u00e4sittely\" width=\"584\" height=\"164\" srcset=\"https:\/\/blogi.eoppimispalvelut.fi\/peppi-ohjeet\/files\/2024\/08\/eAHOT-kasittely-1280x360.png 1280w, https:\/\/blogi.eoppimispalvelut.fi\/peppi-ohjeet\/files\/2024\/08\/eAHOT-kasittely-600x169.png 600w, https:\/\/blogi.eoppimispalvelut.fi\/peppi-ohjeet\/files\/2024\/08\/eAHOT-kasittely-768x216.png 768w, https:\/\/blogi.eoppimispalvelut.fi\/peppi-ohjeet\/files\/2024\/08\/eAHOT-kasittely-1536x432.png 1536w, https:\/\/blogi.eoppimispalvelut.fi\/peppi-ohjeet\/files\/2024\/08\/eAHOT-kasittely-2048x576.png 2048w, https:\/\/blogi.eoppimispalvelut.fi\/peppi-ohjeet\/files\/2024\/08\/eAHOT-kasittely-500x141.png 500w\" sizes=\"auto, (max-width: 584px) 100vw, 584px\" \/><\/a><p id=\"caption-attachment-6935\" class=\"wp-caption-text\">Klikkaa kuvaa suuremmaksi<\/p><\/div>\n<p>Avatessasi hyv\u00e4ksilukuhakemusten k\u00e4sittelyikkunan, n\u00e4et eri v\u00e4lilehdilt\u00e4 kaikki k\u00e4sittelyss\u00e4si olevat hakemukset, k\u00e4sitellyt hakemukset, k\u00e4sittelyss\u00e4si olevat esiahothakemukset ja k\u00e4sitellyt esiahothakemukset. Aloita k\u00e4sittely valitsemalla hakemuksen lopusta Toiminnot ja K\u00e4sittele. Toiminnot-valikon N\u00e4yt\u00e4 kaikki hakemukset -kohdasta n\u00e4et kyseisen opiskelijan tekem\u00e4t muut hakemukset.<\/p>\n<p>Kun avaat hakemuksen, n\u00e4et ensin opiskeluoikeuden perustiedot. Tarvittaessa voit lis\u00e4t\u00e4 hakemukseen liitteit\u00e4. Lis\u00e4ksi voit tarkastella opiskelijan aikaisempia hakemuksia.<\/p>\n<p>K\u00e4sittele osia \u2013toiminnon kautta voit lis\u00e4t\u00e4 massana hyv\u00e4ksytyn tai hyl\u00e4tyn\u00a0<b>p\u00e4\u00e4t\u00f6ksen<\/b> hakemuksen osiin ja Hylk\u00e4\u00e4 hakemus \u2013toiminnolla hyl\u00e4t\u00e4 koko hakemuksen kerralla. Hylk\u00e4\u00e4m\u00e4ll\u00e4 koko hakemuksen kerralla, se menee suoraan \u201dOpinto on arkistoitu\u201d \u2013tilaan eli hakemus on silloin k\u00e4sitelty loppuun saakka. <strong>Osia voidaan k\u00e4sitell\u00e4 hyv\u00e4ksytysti vain korvaavuushakemuksissa.<\/strong><\/p>\n<div id=\"attachment_6967\" style=\"width: 594px\" class=\"wp-caption alignnone\"><a href=\"https:\/\/blogi.eoppimispalvelut.fi\/peppi-ohjeet\/files\/2024\/08\/Esiahothakemuksen-kasittely.png\"><img loading=\"lazy\" decoding=\"async\" aria-describedby=\"caption-attachment-6967\" class=\"size-large wp-image-6967\" src=\"https:\/\/blogi.eoppimispalvelut.fi\/peppi-ohjeet\/files\/2024\/08\/Esiahothakemuksen-kasittely-1280x514.png\" alt=\"Esiahothakemuksen k\u00e4sittely\" width=\"584\" height=\"235\" srcset=\"https:\/\/blogi.eoppimispalvelut.fi\/peppi-ohjeet\/files\/2024\/08\/Esiahothakemuksen-kasittely-1280x514.png 1280w, https:\/\/blogi.eoppimispalvelut.fi\/peppi-ohjeet\/files\/2024\/08\/Esiahothakemuksen-kasittely-600x241.png 600w, https:\/\/blogi.eoppimispalvelut.fi\/peppi-ohjeet\/files\/2024\/08\/Esiahothakemuksen-kasittely-768x309.png 768w, https:\/\/blogi.eoppimispalvelut.fi\/peppi-ohjeet\/files\/2024\/08\/Esiahothakemuksen-kasittely-1536x617.png 1536w, https:\/\/blogi.eoppimispalvelut.fi\/peppi-ohjeet\/files\/2024\/08\/Esiahothakemuksen-kasittely-2048x823.png 2048w, https:\/\/blogi.eoppimispalvelut.fi\/peppi-ohjeet\/files\/2024\/08\/Esiahothakemuksen-kasittely-500x201.png 500w\" sizes=\"auto, (max-width: 584px) 100vw, 584px\" \/><\/a><p id=\"caption-attachment-6967\" class=\"wp-caption-text\">Klikkaa kuvaa suuremmaksi<\/p><\/div>\n<p>&nbsp;<\/p>\n<p><strong>Suorituspaikka ja liitteet<\/strong><\/p>\n<p>Suorituspaikka-kohdassa voit tarkastella opiskelijan lis\u00e4\u00e4mi\u00e4 tietoja suorituspaikasta sek\u00e4 hakemuksen liitteit\u00e4. Avaa liite ja tarkasta hakemusta vastaavat tiedot hakemuksen k\u00e4sittely\u00e4 varten. Mik\u00e4li liitteen tiedot vastaavat hakemusta, eik\u00e4 sit\u00e4 ole todennettu, merkitse liite todennetuksi valitsemalla Toiminnot ja Todenna. Tarkista samalla tavalla kaikki hakemukseen liittyv\u00e4t\u00a0 liitteet.<\/p>\n<p>\u201dMerkityt opinnot\u201d -kohdassa n\u00e4et, mihin opintoihin liittyen opiskelija hakee hyv\u00e4ksilukua esitt\u00e4m\u00e4ll\u00e4\u00e4n liitteell\u00e4 (t\u00e4m\u00e4 n\u00e4kyy vain korvaavuushakemuksissa).<\/p>\n<div id=\"attachment_5218\" class=\"wp-caption alignnone\">\n<div id=\"attachment_6939\" style=\"width: 594px\" class=\"wp-caption alignnone\"><a href=\"https:\/\/blogi.eoppimispalvelut.fi\/peppi-ohjeet\/files\/2024\/08\/Liitteiden-todentaminen.png\" data-slb-active=\"1\" data-slb-asset=\"1340704719\" data-slb-internal=\"0\" data-slb-group=\"5212\"><img loading=\"lazy\" decoding=\"async\" aria-describedby=\"caption-attachment-6939\" class=\"wp-image-6939 size-large\" src=\"https:\/\/blogi.eoppimispalvelut.fi\/peppi-ohjeet\/files\/2024\/08\/Liitteiden-todentaminen-1280x352.png\" alt=\"Liitteiden todentaminen\" width=\"584\" height=\"161\" aria-describedby=\"caption-attachment-5218\" srcset=\"https:\/\/blogi.eoppimispalvelut.fi\/peppi-ohjeet\/files\/2024\/08\/Liitteiden-todentaminen-1280x352.png 1280w, https:\/\/blogi.eoppimispalvelut.fi\/peppi-ohjeet\/files\/2024\/08\/Liitteiden-todentaminen-600x165.png 600w, https:\/\/blogi.eoppimispalvelut.fi\/peppi-ohjeet\/files\/2024\/08\/Liitteiden-todentaminen-768x211.png 768w, https:\/\/blogi.eoppimispalvelut.fi\/peppi-ohjeet\/files\/2024\/08\/Liitteiden-todentaminen-1536x422.png 1536w, https:\/\/blogi.eoppimispalvelut.fi\/peppi-ohjeet\/files\/2024\/08\/Liitteiden-todentaminen-2048x562.png 2048w, https:\/\/blogi.eoppimispalvelut.fi\/peppi-ohjeet\/files\/2024\/08\/Liitteiden-todentaminen-500x137.png 500w\" sizes=\"auto, (max-width: 584px) 100vw, 584px\" \/><\/a><p id=\"caption-attachment-6939\" class=\"wp-caption-text\">Klikkaa kuvaa suuremmaksi<\/p><\/div>\n<\/div>\n<p>&nbsp;<\/p>\n<p><strong>Hyv\u00e4ksilukujen k\u00e4sittely ja p\u00e4\u00e4t\u00f6ksen teko<\/strong><\/p>\n<p>Opinnot ja p\u00e4\u00e4t\u00f6kset -otsikon alta n\u00e4et, mit\u00e4 opintoja opiskelija hakee hyv\u00e4ksilukuina. Hakemuksen yl\u00e4osassa n\u00e4et hakemuksen tyypin (korvaavuus tai sis\u00e4llytys) ja hakemuksen sen hetkisen k\u00e4sittelij\u00e4n.<\/p>\n<div id=\"attachment_6940\" style=\"width: 594px\" class=\"wp-caption alignnone\"><a href=\"https:\/\/blogi.eoppimispalvelut.fi\/peppi-ohjeet\/files\/2024\/08\/Hyvaksilukujen-kasittely.png\"><img loading=\"lazy\" decoding=\"async\" aria-describedby=\"caption-attachment-6940\" class=\"wp-image-6940 size-large\" src=\"https:\/\/blogi.eoppimispalvelut.fi\/peppi-ohjeet\/files\/2024\/08\/Hyvaksilukujen-kasittely-1280x600.png\" alt=\"Hyv\u00e4ksilukujen k\u00e4sittely\" width=\"584\" height=\"274\" srcset=\"https:\/\/blogi.eoppimispalvelut.fi\/peppi-ohjeet\/files\/2024\/08\/Hyvaksilukujen-kasittely-1280x600.png 1280w, https:\/\/blogi.eoppimispalvelut.fi\/peppi-ohjeet\/files\/2024\/08\/Hyvaksilukujen-kasittely-600x281.png 600w, https:\/\/blogi.eoppimispalvelut.fi\/peppi-ohjeet\/files\/2024\/08\/Hyvaksilukujen-kasittely-768x360.png 768w, https:\/\/blogi.eoppimispalvelut.fi\/peppi-ohjeet\/files\/2024\/08\/Hyvaksilukujen-kasittely-1536x720.png 1536w, https:\/\/blogi.eoppimispalvelut.fi\/peppi-ohjeet\/files\/2024\/08\/Hyvaksilukujen-kasittely-2048x960.png 2048w, https:\/\/blogi.eoppimispalvelut.fi\/peppi-ohjeet\/files\/2024\/08\/Hyvaksilukujen-kasittely-500x234.png 500w\" sizes=\"auto, (max-width: 584px) 100vw, 584px\" \/><\/a><p id=\"caption-attachment-6940\" class=\"wp-caption-text\">Klikkaa kuvaa suuremmaksi<\/p><\/div>\n<p>Tarkista aiemmin suoritetun opinnon\/opintokokonaisuuden\/osaamisen tiedot.<\/p>\n<p>Mik\u00e4li opiskelija on lis\u00e4nnyt t\u00e4h\u00e4n kohtaan opintokokonaisuuden, sen erottaa punaisesta otsikkopalkista. Opintokokonaisuuteen lis\u00e4tyt lapsiopinnot n\u00e4kyv\u00e4t opintokokonaisuuden lopussa.<\/p>\n<div id=\"attachment_6941\" style=\"width: 594px\" class=\"wp-caption alignnone\"><a href=\"https:\/\/blogi.eoppimispalvelut.fi\/peppi-ohjeet\/files\/2024\/08\/Hyvaksiluettavan-opinnon-tiedot.png\"><img loading=\"lazy\" decoding=\"async\" aria-describedby=\"caption-attachment-6941\" class=\"wp-image-6941 size-large\" src=\"https:\/\/blogi.eoppimispalvelut.fi\/peppi-ohjeet\/files\/2024\/08\/Hyvaksiluettavan-opinnon-tiedot-1280x886.png\" alt=\"Hyv\u00e4ksiluettavan opinnon tiedot\" width=\"584\" height=\"404\" srcset=\"https:\/\/blogi.eoppimispalvelut.fi\/peppi-ohjeet\/files\/2024\/08\/Hyvaksiluettavan-opinnon-tiedot-1280x886.png 1280w, https:\/\/blogi.eoppimispalvelut.fi\/peppi-ohjeet\/files\/2024\/08\/Hyvaksiluettavan-opinnon-tiedot-600x415.png 600w, https:\/\/blogi.eoppimispalvelut.fi\/peppi-ohjeet\/files\/2024\/08\/Hyvaksiluettavan-opinnon-tiedot-768x532.png 768w, https:\/\/blogi.eoppimispalvelut.fi\/peppi-ohjeet\/files\/2024\/08\/Hyvaksiluettavan-opinnon-tiedot-1536x1063.png 1536w, https:\/\/blogi.eoppimispalvelut.fi\/peppi-ohjeet\/files\/2024\/08\/Hyvaksiluettavan-opinnon-tiedot-2048x1418.png 2048w, https:\/\/blogi.eoppimispalvelut.fi\/peppi-ohjeet\/files\/2024\/08\/Hyvaksiluettavan-opinnon-tiedot-433x300.png 433w\" sizes=\"auto, (max-width: 584px) 100vw, 584px\" \/><\/a><p id=\"caption-attachment-6941\" class=\"wp-caption-text\">Klikkaa kuvaa suuremmaksi<\/p><\/div>\n<p>Jos hakemuksessa on korjattavaa, voit l\u00e4hett\u00e4\u00e4 hakemuksen takaisin suunnittelijalle K\u00e4sittelyketju\/siirto toiselle -v\u00e4lilehdell\u00e4. Muista kirjoittaa uudelle k\u00e4sittelij\u00e4lle viesti. Siirron tekeminen vaatii viestin kirjoituksen.<\/p>\n<p>Tarvittaessa voit my\u00f6s palauttaa hakemuksen suoraan opiskelijalle Palauta-v\u00e4lilehdell\u00e4.<\/p>\n<p>Klikkaa lopuksi Tallenna.<\/p>\n<div id=\"attachment_6942\" style=\"width: 594px\" class=\"wp-caption alignnone\"><a href=\"https:\/\/blogi.eoppimispalvelut.fi\/peppi-ohjeet\/files\/2024\/08\/Kasittelijan-vaihtaminen.png\"><img loading=\"lazy\" decoding=\"async\" aria-describedby=\"caption-attachment-6942\" class=\"wp-image-6942 size-large\" src=\"https:\/\/blogi.eoppimispalvelut.fi\/peppi-ohjeet\/files\/2024\/08\/Kasittelijan-vaihtaminen-1280x643.png\" alt=\"K\u00e4sittelij\u00e4n vaihtaminen\" width=\"584\" height=\"293\" srcset=\"https:\/\/blogi.eoppimispalvelut.fi\/peppi-ohjeet\/files\/2024\/08\/Kasittelijan-vaihtaminen-1280x643.png 1280w, https:\/\/blogi.eoppimispalvelut.fi\/peppi-ohjeet\/files\/2024\/08\/Kasittelijan-vaihtaminen-600x301.png 600w, https:\/\/blogi.eoppimispalvelut.fi\/peppi-ohjeet\/files\/2024\/08\/Kasittelijan-vaihtaminen-768x386.png 768w, https:\/\/blogi.eoppimispalvelut.fi\/peppi-ohjeet\/files\/2024\/08\/Kasittelijan-vaihtaminen-1536x771.png 1536w, https:\/\/blogi.eoppimispalvelut.fi\/peppi-ohjeet\/files\/2024\/08\/Kasittelijan-vaihtaminen-2048x1028.png 2048w, https:\/\/blogi.eoppimispalvelut.fi\/peppi-ohjeet\/files\/2024\/08\/Kasittelijan-vaihtaminen-500x251.png 500w\" sizes=\"auto, (max-width: 584px) 100vw, 584px\" \/><\/a><p id=\"caption-attachment-6942\" class=\"wp-caption-text\">Klikkaa kuvaa suuremmaksi<\/p><\/div>\n<p>Jos hakemus on oikein t\u00e4ytetty ja aikaisemmin suoritetun opinnon\/osaamisen osaamistavoitteet t\u00e4ytt\u00e4v\u00e4t hyv\u00e4ksiluvun perusteet, aloita valitsemalla K\u00e4sittele-v\u00e4lilehti ja klikkaa \u201dSiirry suoraan p\u00e4\u00e4t\u00f6ksentekoon\u201d.<\/p>\n<div id=\"attachment_6943\" style=\"width: 594px\" class=\"wp-caption alignnone\"><a href=\"https:\/\/blogi.eoppimispalvelut.fi\/peppi-ohjeet\/files\/2024\/08\/Paatoksen-teko-hyvaksilukuun.png\"><img loading=\"lazy\" decoding=\"async\" aria-describedby=\"caption-attachment-6943\" class=\"wp-image-6943 size-large\" src=\"https:\/\/blogi.eoppimispalvelut.fi\/peppi-ohjeet\/files\/2024\/08\/Paatoksen-teko-hyvaksilukuun-1280x1088.png\" alt=\"P\u00e4\u00e4t\u00f6ksen teko hyv\u00e4ksilukuun\" width=\"584\" height=\"496\" srcset=\"https:\/\/blogi.eoppimispalvelut.fi\/peppi-ohjeet\/files\/2024\/08\/Paatoksen-teko-hyvaksilukuun-1280x1088.png 1280w, https:\/\/blogi.eoppimispalvelut.fi\/peppi-ohjeet\/files\/2024\/08\/Paatoksen-teko-hyvaksilukuun-600x510.png 600w, https:\/\/blogi.eoppimispalvelut.fi\/peppi-ohjeet\/files\/2024\/08\/Paatoksen-teko-hyvaksilukuun-768x653.png 768w, https:\/\/blogi.eoppimispalvelut.fi\/peppi-ohjeet\/files\/2024\/08\/Paatoksen-teko-hyvaksilukuun-1536x1305.png 1536w, https:\/\/blogi.eoppimispalvelut.fi\/peppi-ohjeet\/files\/2024\/08\/Paatoksen-teko-hyvaksilukuun-353x300.png 353w, https:\/\/blogi.eoppimispalvelut.fi\/peppi-ohjeet\/files\/2024\/08\/Paatoksen-teko-hyvaksilukuun.png 2032w\" sizes=\"auto, (max-width: 584px) 100vw, 584px\" \/><\/a><p id=\"caption-attachment-6943\" class=\"wp-caption-text\">Klikkaa kuvaa suuremmaksi<\/p><\/div>\n<p><b>HUOM! Mik\u00e4li et ole hakemuksen p\u00e4\u00e4t\u00f6ksentekij\u00e4, tee hakemukseen puolto Toiminto-valikon kautta ja valitse hakemukselle p\u00e4\u00e4t\u00f6ksentekij\u00e4 (opinto-ohjaaja). Voit my\u00f6s kirjoittaa p\u00e4\u00e4t\u00f6ksentekij\u00e4lle viestin.<\/b><\/p>\n<p>Klikkaa lopuksi Tallenna.<\/p>\n<div id=\"attachment_6944\" style=\"width: 594px\" class=\"wp-caption alignnone\"><a href=\"https:\/\/blogi.eoppimispalvelut.fi\/peppi-ohjeet\/files\/2024\/08\/Hyvaksiluvun-puoltaminen.png\"><img loading=\"lazy\" decoding=\"async\" aria-describedby=\"caption-attachment-6944\" class=\"size-large wp-image-6944\" src=\"https:\/\/blogi.eoppimispalvelut.fi\/peppi-ohjeet\/files\/2024\/08\/Hyvaksiluvun-puoltaminen-1280x1088.png\" alt=\"Hyv\u00e4ksiluvun puoltaminen\" width=\"584\" height=\"496\" srcset=\"https:\/\/blogi.eoppimispalvelut.fi\/peppi-ohjeet\/files\/2024\/08\/Hyvaksiluvun-puoltaminen-1280x1088.png 1280w, https:\/\/blogi.eoppimispalvelut.fi\/peppi-ohjeet\/files\/2024\/08\/Hyvaksiluvun-puoltaminen-600x510.png 600w, https:\/\/blogi.eoppimispalvelut.fi\/peppi-ohjeet\/files\/2024\/08\/Hyvaksiluvun-puoltaminen-768x653.png 768w, https:\/\/blogi.eoppimispalvelut.fi\/peppi-ohjeet\/files\/2024\/08\/Hyvaksiluvun-puoltaminen-1536x1306.png 1536w, https:\/\/blogi.eoppimispalvelut.fi\/peppi-ohjeet\/files\/2024\/08\/Hyvaksiluvun-puoltaminen-353x300.png 353w, https:\/\/blogi.eoppimispalvelut.fi\/peppi-ohjeet\/files\/2024\/08\/Hyvaksiluvun-puoltaminen.png 1794w\" sizes=\"auto, (max-width: 584px) 100vw, 584px\" \/><\/a><p id=\"caption-attachment-6944\" class=\"wp-caption-text\">Klikkaa kuvaa suuremmaksi<\/p><\/div>\n<p>Tee hakemukseen p\u00e4\u00e4t\u00f6s klikkaamalla &#8220;Siirry suoraan p\u00e4\u00e4t\u00f6ksentekoon&#8221; ja valitse p\u00e4\u00e4t\u00f6s valikosta. Kirjoita viesti opiskelijalle ja lis\u00e4\u00e4 opintopisteet, arviointi ja tallentaja (p\u00e4\u00e4t\u00f6ksen tekij\u00e4 on sama kuin tallentaja).<\/p>\n<p>Klikkaa lopuksi Tallenna.<\/p>\n<div id=\"attachment_6945\" style=\"width: 594px\" class=\"wp-caption alignnone\"><a href=\"https:\/\/blogi.eoppimispalvelut.fi\/peppi-ohjeet\/files\/2024\/08\/Paatoksen-tallentaminen.png\"><img loading=\"lazy\" decoding=\"async\" aria-describedby=\"caption-attachment-6945\" class=\"size-large wp-image-6945\" src=\"https:\/\/blogi.eoppimispalvelut.fi\/peppi-ohjeet\/files\/2024\/08\/Paatoksen-tallentaminen-1280x1551.png\" alt=\"P\u00e4\u00e4t\u00f6ksen tallentaminen\" width=\"584\" height=\"708\" srcset=\"https:\/\/blogi.eoppimispalvelut.fi\/peppi-ohjeet\/files\/2024\/08\/Paatoksen-tallentaminen-1280x1551.png 1280w, https:\/\/blogi.eoppimispalvelut.fi\/peppi-ohjeet\/files\/2024\/08\/Paatoksen-tallentaminen-600x727.png 600w, https:\/\/blogi.eoppimispalvelut.fi\/peppi-ohjeet\/files\/2024\/08\/Paatoksen-tallentaminen-768x931.png 768w, https:\/\/blogi.eoppimispalvelut.fi\/peppi-ohjeet\/files\/2024\/08\/Paatoksen-tallentaminen-1268x1536.png 1268w, https:\/\/blogi.eoppimispalvelut.fi\/peppi-ohjeet\/files\/2024\/08\/Paatoksen-tallentaminen-1690x2048.png 1690w, https:\/\/blogi.eoppimispalvelut.fi\/peppi-ohjeet\/files\/2024\/08\/Paatoksen-tallentaminen-248x300.png 248w, https:\/\/blogi.eoppimispalvelut.fi\/peppi-ohjeet\/files\/2024\/08\/Paatoksen-tallentaminen.png 1742w\" sizes=\"auto, (max-width: 584px) 100vw, 584px\" \/><\/a><p id=\"caption-attachment-6945\" class=\"wp-caption-text\">Klikkaa kuvaa suuremmaksi<\/p><\/div>\n<p>Lis\u00e4\u00e4 viel\u00e4 p\u00e4\u00e4t\u00f6ksen teon yhteydess\u00e4 sopivat asiasanat ja ohjauksen ala. Asiasanojen perusteella hakemuksia voi hakea hyv\u00e4ksilukupankista.<\/p>\n<p>Asiasanoja voi hakea haun kautta. P\u00e4\u00e4t\u00f6kseen valittu asiasana n\u00e4kyy mustana, esim. Matematiikka.<\/p>\n<p>Paina lopuksi\u00a0Tallenna asiasanat ja p\u00e4\u00e4t\u00f6s. Mik\u00e4li huomaat, ett\u00e4 asiasanoihin olisi hyv\u00e4 tehd\u00e4 lis\u00e4yksi\u00e4, ota yhteytt\u00e4 Pepin p\u00e4\u00e4k\u00e4ytt\u00e4j\u00e4\u00e4n.<\/p>\n<div id=\"attachment_5217\" class=\"wp-caption alignnone\">\n<div id=\"attachment_6947\" style=\"width: 594px\" class=\"wp-caption alignnone\"><a href=\"https:\/\/blogi.eoppimispalvelut.fi\/peppi-ohjeet\/files\/2024\/08\/Asiasanat.png\" data-slb-active=\"1\" data-slb-asset=\"1447922190\" data-slb-internal=\"0\" data-slb-group=\"5212\"><img loading=\"lazy\" decoding=\"async\" aria-describedby=\"caption-attachment-6947\" class=\"wp-image-6947 size-large\" src=\"https:\/\/blogi.eoppimispalvelut.fi\/peppi-ohjeet\/files\/2024\/08\/Asiasanat-1280x991.png\" alt=\"Asiasanat\" width=\"584\" height=\"452\" aria-describedby=\"caption-attachment-5217\" srcset=\"https:\/\/blogi.eoppimispalvelut.fi\/peppi-ohjeet\/files\/2024\/08\/Asiasanat-1280x991.png 1280w, https:\/\/blogi.eoppimispalvelut.fi\/peppi-ohjeet\/files\/2024\/08\/Asiasanat-600x465.png 600w, https:\/\/blogi.eoppimispalvelut.fi\/peppi-ohjeet\/files\/2024\/08\/Asiasanat-768x595.png 768w, https:\/\/blogi.eoppimispalvelut.fi\/peppi-ohjeet\/files\/2024\/08\/Asiasanat-1536x1190.png 1536w, https:\/\/blogi.eoppimispalvelut.fi\/peppi-ohjeet\/files\/2024\/08\/Asiasanat-387x300.png 387w, https:\/\/blogi.eoppimispalvelut.fi\/peppi-ohjeet\/files\/2024\/08\/Asiasanat.png 1982w\" sizes=\"auto, (max-width: 584px) 100vw, 584px\" \/><\/a><p id=\"caption-attachment-6947\" class=\"wp-caption-text\">Klikkaa kuvaa suuremmaksi<\/p><\/div>\n<\/div>\n<p>&nbsp;<\/p>\n<p><strong>Hyv\u00e4ksiluvun kirjaaminen rekisteriin<\/strong><\/p>\n<p>Hyv\u00e4ksiluku-ikkuna avautuu automaattisesti, mik\u00e4li hakemukseen on tehty hyv\u00e4ksytty p\u00e4\u00e4t\u00f6s. Ikkunalla on kaikki tarvittavat tiedot valmiina, klikkaa vain Tallenna. Hyv\u00e4ksiluettavan opinnon tietoja voi viel\u00e4 tarvittaessa muokata ennen tallennusta. Hyv\u00e4ksiluku-ikkunan saa my\u00f6s auki klikkaamalla sinist\u00e4 Hyv\u00e4ksiluku-painiketta p\u00e4\u00e4t\u00f6ksen teon j\u00e4lkeen.<\/p>\n<p>My\u00f6s aiemmin hankitun opinnon tai osaamisen tietoja on viel\u00e4 t\u00e4ss\u00e4 vaiheessa mahdollista muuttaa kyn\u00e4-painiketta klikkaamalla.<\/p>\n<div id=\"attachment_6948\" style=\"width: 594px\" class=\"wp-caption alignnone\"><a href=\"https:\/\/blogi.eoppimispalvelut.fi\/peppi-ohjeet\/files\/2024\/08\/Paatoksen-kirjaaminen-rekisteriin.png\"><img loading=\"lazy\" decoding=\"async\" aria-describedby=\"caption-attachment-6948\" class=\"wp-image-6948 size-large\" src=\"https:\/\/blogi.eoppimispalvelut.fi\/peppi-ohjeet\/files\/2024\/08\/Paatoksen-kirjaaminen-rekisteriin-1280x652.png\" alt=\"P\u00e4\u00e4t\u00f6ksen kirjaaminen rekisteriin\" width=\"584\" height=\"297\" srcset=\"https:\/\/blogi.eoppimispalvelut.fi\/peppi-ohjeet\/files\/2024\/08\/Paatoksen-kirjaaminen-rekisteriin-1280x652.png 1280w, https:\/\/blogi.eoppimispalvelut.fi\/peppi-ohjeet\/files\/2024\/08\/Paatoksen-kirjaaminen-rekisteriin-600x306.png 600w, https:\/\/blogi.eoppimispalvelut.fi\/peppi-ohjeet\/files\/2024\/08\/Paatoksen-kirjaaminen-rekisteriin-768x391.png 768w, https:\/\/blogi.eoppimispalvelut.fi\/peppi-ohjeet\/files\/2024\/08\/Paatoksen-kirjaaminen-rekisteriin-1536x782.png 1536w, https:\/\/blogi.eoppimispalvelut.fi\/peppi-ohjeet\/files\/2024\/08\/Paatoksen-kirjaaminen-rekisteriin-2048x1043.png 2048w, https:\/\/blogi.eoppimispalvelut.fi\/peppi-ohjeet\/files\/2024\/08\/Paatoksen-kirjaaminen-rekisteriin-500x255.png 500w\" sizes=\"auto, (max-width: 584px) 100vw, 584px\" \/><\/a><p id=\"caption-attachment-6948\" class=\"wp-caption-text\">Klikkaa kuvaa suuremmaksi<\/p><\/div>\n<p>Hakemus on nyt k\u00e4sitelty loppuun, kun sen tilana on \u201dOpinto on arkistoitu\u201d. Kun kaikkien hakemuksien osien tilana on \u201dOpinto on arkistoitu\u201d, hakemus siirtyy k\u00e4siteltyihin hakemuksiin. Tallennetut asiasanat n\u00e4kyv\u00e4t hakemuksen alareunassa.<\/p>\n<p><strong>HUOM!<\/strong> Jos teet hyl\u00e4tyn p\u00e4\u00e4t\u00f6ksen hakemukseen, muista klikata viel\u00e4 lopuksi \u201dMerkitse k\u00e4sitellyksi\u201d. N\u00e4in hakemus tulee k\u00e4sitellyksi loppuun saakka. Ilman t\u00e4t\u00e4 toimintoa, hakemus j\u00e4\u00e4 K\u00e4sitelt\u00e4v\u00e4n\u00e4-tilaiseksi.<\/p>\n<div id=\"attachment_5226\" class=\"wp-caption alignnone\">\n<div id=\"attachment_6949\" style=\"width: 594px\" class=\"wp-caption alignnone\"><a href=\"https:\/\/blogi.eoppimispalvelut.fi\/peppi-ohjeet\/files\/2024\/08\/Hylatty-paatos.png\" data-slb-active=\"1\" data-slb-asset=\"1602216493\" data-slb-internal=\"0\" data-slb-group=\"5212\"><img loading=\"lazy\" decoding=\"async\" aria-describedby=\"caption-attachment-6949\" class=\"wp-image-6949 size-large\" src=\"https:\/\/blogi.eoppimispalvelut.fi\/peppi-ohjeet\/files\/2024\/08\/Hylatty-paatos-1280x919.png\" alt=\"Hyl\u00e4tty p\u00e4\u00e4t\u00f6s\" width=\"584\" height=\"419\" aria-describedby=\"caption-attachment-5226\" srcset=\"https:\/\/blogi.eoppimispalvelut.fi\/peppi-ohjeet\/files\/2024\/08\/Hylatty-paatos-1280x919.png 1280w, https:\/\/blogi.eoppimispalvelut.fi\/peppi-ohjeet\/files\/2024\/08\/Hylatty-paatos-600x431.png 600w, https:\/\/blogi.eoppimispalvelut.fi\/peppi-ohjeet\/files\/2024\/08\/Hylatty-paatos-768x551.png 768w, https:\/\/blogi.eoppimispalvelut.fi\/peppi-ohjeet\/files\/2024\/08\/Hylatty-paatos-1536x1103.png 1536w, https:\/\/blogi.eoppimispalvelut.fi\/peppi-ohjeet\/files\/2024\/08\/Hylatty-paatos-418x300.png 418w, https:\/\/blogi.eoppimispalvelut.fi\/peppi-ohjeet\/files\/2024\/08\/Hylatty-paatos.png 1734w\" sizes=\"auto, (max-width: 584px) 100vw, 584px\" \/><\/a><p id=\"caption-attachment-6949\" class=\"wp-caption-text\">Klikkaa kuvaa suuremmaksi<\/p><\/div>\n<\/div>\n<p>&nbsp;<\/p>\n<hr \/>\n<p>Takaisin\u00a0<a href=\"https:\/\/blogi.eoppimispalvelut.fi\/peppi-ohjeet\/opetus_ohjaus\/\">Opetus ja ohjaus -sivulle<\/a><\/p>\n","protected":false},"excerpt":{"rendered":"<p>K\u00e4sittelyn aloittaminen Valitse Opettajan ty\u00f6p\u00f6yd\u00e4lt\u00e4 yl\u00e4valikosta Arviointi ja avatuvasta valikosta eAHOT -&gt; eAHOT k\u00e4sittely. Avatessasi hyv\u00e4ksilukuhakemusten k\u00e4sittelyikkunan, n\u00e4et eri v\u00e4lilehdilt\u00e4 kaikki k\u00e4sittelyss\u00e4si olevat hakemukset, k\u00e4sitellyt hakemukset, k\u00e4sittelyss\u00e4si olevat esiahothakemukset ja k\u00e4sitellyt esiahothakemukset. Aloita k\u00e4sittely valitsemalla hakemuksen lopusta Toiminnot ja K\u00e4sittele. &hellip; <a href=\"https:\/\/blogi.eoppimispalvelut.fi\/peppi-ohjeet\/sisallytyksen-kasittely-uusi\/\">Continue reading <span class=\"meta-nav\">&rarr;<\/span><\/a><\/p>\n","protected":false},"author":2214,"featured_media":0,"parent":0,"menu_order":0,"comment_status":"closed","ping_status":"closed","template":"","meta":{"_monsterinsights_skip_tracking":false,"_monsterinsights_sitenote_active":false,"_monsterinsights_sitenote_note":"","_monsterinsights_sitenote_category":0,"footnotes":""},"class_list":["post-5233","page","type-page","status-publish","hentry"],"_links":{"self":[{"href":"https:\/\/blogi.eoppimispalvelut.fi\/peppi-ohjeet\/wp-json\/wp\/v2\/pages\/5233","targetHints":{"allow":["GET"]}}],"collection":[{"href":"https:\/\/blogi.eoppimispalvelut.fi\/peppi-ohjeet\/wp-json\/wp\/v2\/pages"}],"about":[{"href":"https:\/\/blogi.eoppimispalvelut.fi\/peppi-ohjeet\/wp-json\/wp\/v2\/types\/page"}],"author":[{"embeddable":true,"href":"https:\/\/blogi.eoppimispalvelut.fi\/peppi-ohjeet\/wp-json\/wp\/v2\/users\/2214"}],"replies":[{"embeddable":true,"href":"https:\/\/blogi.eoppimispalvelut.fi\/peppi-ohjeet\/wp-json\/wp\/v2\/comments?post=5233"}],"version-history":[{"count":13,"href":"https:\/\/blogi.eoppimispalvelut.fi\/peppi-ohjeet\/wp-json\/wp\/v2\/pages\/5233\/revisions"}],"predecessor-version":[{"id":6973,"href":"https:\/\/blogi.eoppimispalvelut.fi\/peppi-ohjeet\/wp-json\/wp\/v2\/pages\/5233\/revisions\/6973"}],"wp:attachment":[{"href":"https:\/\/blogi.eoppimispalvelut.fi\/peppi-ohjeet\/wp-json\/wp\/v2\/media?parent=5233"}],"curies":[{"name":"wp","href":"https:\/\/api.w.org\/{rel}","templated":true}]}}