{"id":536,"date":"2020-02-12T13:04:10","date_gmt":"2020-02-12T11:04:10","guid":{"rendered":"https:\/\/blogi.eoppimispalvelut.fi\/peppi-ohjeet\/?page_id=536"},"modified":"2024-06-28T12:02:41","modified_gmt":"2024-06-28T09:02:41","slug":"hyvaksiluku","status":"publish","type":"page","link":"https:\/\/blogi.eoppimispalvelut.fi\/peppi-ohjeet\/opiskelijalle\/hyvaksiluku\/","title":{"rendered":"Hyv\u00e4ksiluku (eAHOT)"},"content":{"rendered":"<p>Hankitun osaamisen tunnistamisen ja tunnustamisen (HOT) perusajatus on, ett\u00e4 opiskelijalta ei vaadita uudelleen sellaisia opintoja, joita vastaava osaaminen h\u00e4nell\u00e4 on jo olemassa. Opintoja voidaan korvata joko muualla suoritetuilla opinnoilla tai muulla tavoin hankitulla osaamisella. Hyv\u00e4ksilukemista on syyt\u00e4 hakea hyviss\u00e4 ajoin ennen korvattavien opintojen alkamista. My\u00f6s opiskeltavan tutkinnon aikana hankitulla osaamisella voi hakea hyv\u00e4ksilukua. Menettely on osa henkil\u00f6kohtaisen opetussuunnitelman (HOPS) rakentamista.<\/p>\n<p>Opiskelijalla on oikeus hakea aiempien suoritettujen korkeakoulutasoisten opintojen hyv\u00e4ksymist\u00e4 osaksi tutkintoa. Opiskelijalle ilmoitetaan hyv\u00e4ksymisest\u00e4 tai mahdollisista t\u00e4ydennyksist\u00e4 tai hyv\u00e4ksilukuhakemuksen hylk\u00e4\u00e4misest\u00e4 perusteineen. Opiskelijan, jonka osaamista arvioidaan, on saatava tietoonsa arvioinnin perusteet. Opiskelijan ei kuitenkaan ole v\u00e4ltt\u00e4m\u00e4t\u00f6nt\u00e4 hakea aiempien opintojen hyv\u00e4ksilukua.<\/p>\n<p><strong>Sis\u00e4llytt\u00e4minen<\/strong><\/p>\n<p>Sis\u00e4llytt\u00e4minen on k\u00e4yt\u00f6ss\u00e4 silloin, kun tutkintoon hyv\u00e4ksiluetaan sellaisenaan muualla suoritettuja opintoja, esim. toisessa korkeakoulussa suoritettuja opintoja, sivuaineita tai ulkomaisessa korkeakoulussa suoritettuja opintoja. Sis\u00e4llytett\u00e4vien opintojen tulee vastata tasoltaan korkeakoulun opetussuunnitelmien mukaisia opintoja ja edesauttaa tutkinnoille asetettujen tavoitteiden t\u00e4yttymist\u00e4 kunkin opiskelijan tutkintorakenteen mukaan. Tutkintoon voi sis\u00e4llytt\u00e4\u00e4 yliopistoissa ja ammattikorkeakouluissa suoritettuja opintoja.<\/p>\n<p>Ohje: <a href=\"https:\/\/blogi.eoppimispalvelut.fi\/peppi-ohjeet\/sisallyttaminen\/\" target=\"_blank\" rel=\"noopener\">Sis\u00e4llytt\u00e4misen hakeminen<\/a><\/p>\n<p><strong>Korvaavuus<\/strong><\/p>\n<p>Korvaamisella tarkoitetaan tutkintoon kuuluvien opetussuunnitelman mukaisten opintojen korvaamista muualla suoritetuilla ja osaamistavoitteiltaan vastaavilla opinnoilla. Opintokokonaisuuksien ja -jaksojen korvaavuuksia arvioitaessa kriteerein\u00e4 ovat ensisijaisesti opintojen osaamistavoitteet, siksi my\u00f6s niiden sis\u00e4lt\u00f6, vaatimustaso sek\u00e4 laajuus. Koko opintojakson tai -kokonaisuuden korvaaminen on mahdollista, mik\u00e4li muualla suoritetut opinnot vastaavat p\u00e4\u00e4osin korkeakoulun opintojaksoa tai -kokonaisuutta. Opintojakso tai -kokonaisuus voidaan korvata my\u00f6s osittain. Korvattavien opintojen tulee olla korkeakoulutasoisia.<\/p>\n<p>Ohje: <a href=\"https:\/\/blogi.eoppimispalvelut.fi\/peppi-ohjeet\/korvaaminen\/\" target=\"_blank\" rel=\"noopener\">Korvaavuuden hakeminen<\/a><\/p>\n<p><strong>Hyv\u00e4ksilukuhakemuksen t\u00e4ydent\u00e4minen ja muokkaaminen<\/strong><\/p>\n<p>Mik\u00e4li l\u00e4hett\u00e4m\u00e4ss\u00e4si hyv\u00e4ksilukuhakemuksessa on virheit\u00e4\/puutteita, hakemus palautuu sinulle t\u00e4ydennett\u00e4v\u00e4ksi.<\/p>\n<p>Ohje: <a href=\"https:\/\/blogi.eoppimispalvelut.fi\/peppi-ohjeet\/hyvaksilukuhakemuksen-taydentaminen-ja-muokkaaminen\/\" target=\"_blank\" rel=\"noopener\">Hyv\u00e4ksilukuhakemuksen t\u00e4ydent\u00e4minen ja muokkaaminen<\/a><\/p>\n<p><strong>Esiahotointi<\/strong><\/p>\n<p>Esiahotointi tarkoittaa tulevaisuudessa suoritettavien opintojen esihyv\u00e4ksynt\u00e4\u00e4 osaksi HOPSia. Esiahtointia voidaan hy\u00f6dynt\u00e4\u00e4 vaihto-opintojen esihyv\u00e4ksymisess\u00e4. Keskustele aina ensin opinto-ohjaajan kanssa esiahotoinnista ennen hakemuksen t\u00e4ytt\u00e4mist\u00e4.<\/p>\n<p>Ohje: <a href=\"https:\/\/blogi.eoppimispalvelut.fi\/peppi-ohjeet\/esiahotointi\/\">Esiahotointi<\/a><\/p>\n<p><strong>Liitepankki<\/strong><\/p>\n<p>Hakemustesi liitteet n\u00e4kyv\u00e4t automaattisesti liitepankissa. Voit my\u00f6s lis\u00e4t\u00e4 sinne liitteit\u00e4.<\/p>\n<p>Ohje:\u00a0<a href=\"https:\/\/blogi.eoppimispalvelut.fi\/peppi-ohjeet\/liitepankki\/\">Liitepankki<\/a><\/p>\n<p>&nbsp;<\/p>\n<hr \/>\n<p>Takaisin <a href=\"https:\/\/blogi.eoppimispalvelut.fi\/peppi-ohjeet\/opiskelijalle\/\">Opiskelijalle-sivulle<\/a><\/p>\n","protected":false},"excerpt":{"rendered":"<p>Hankitun osaamisen tunnistamisen ja tunnustamisen (HOT) perusajatus on, ett\u00e4 opiskelijalta ei vaadita uudelleen sellaisia opintoja, joita vastaava osaaminen h\u00e4nell\u00e4 on jo olemassa. Opintoja voidaan korvata joko muualla suoritetuilla opinnoilla tai muulla tavoin hankitulla osaamisella. Hyv\u00e4ksilukemista on syyt\u00e4 hakea hyviss\u00e4 ajoin &hellip; <a href=\"https:\/\/blogi.eoppimispalvelut.fi\/peppi-ohjeet\/opiskelijalle\/hyvaksiluku\/\">Continue reading <span class=\"meta-nav\">&rarr;<\/span><\/a><\/p>\n","protected":false},"author":6,"featured_media":0,"parent":203,"menu_order":0,"comment_status":"closed","ping_status":"closed","template":"","meta":{"_monsterinsights_skip_tracking":false,"_monsterinsights_sitenote_active":false,"_monsterinsights_sitenote_note":"","_monsterinsights_sitenote_category":0,"footnotes":""},"class_list":["post-536","page","type-page","status-publish","hentry"],"_links":{"self":[{"href":"https:\/\/blogi.eoppimispalvelut.fi\/peppi-ohjeet\/wp-json\/wp\/v2\/pages\/536","targetHints":{"allow":["GET"]}}],"collection":[{"href":"https:\/\/blogi.eoppimispalvelut.fi\/peppi-ohjeet\/wp-json\/wp\/v2\/pages"}],"about":[{"href":"https:\/\/blogi.eoppimispalvelut.fi\/peppi-ohjeet\/wp-json\/wp\/v2\/types\/page"}],"author":[{"embeddable":true,"href":"https:\/\/blogi.eoppimispalvelut.fi\/peppi-ohjeet\/wp-json\/wp\/v2\/users\/6"}],"replies":[{"embeddable":true,"href":"https:\/\/blogi.eoppimispalvelut.fi\/peppi-ohjeet\/wp-json\/wp\/v2\/comments?post=536"}],"version-history":[{"count":58,"href":"https:\/\/blogi.eoppimispalvelut.fi\/peppi-ohjeet\/wp-json\/wp\/v2\/pages\/536\/revisions"}],"predecessor-version":[{"id":6644,"href":"https:\/\/blogi.eoppimispalvelut.fi\/peppi-ohjeet\/wp-json\/wp\/v2\/pages\/536\/revisions\/6644"}],"up":[{"embeddable":true,"href":"https:\/\/blogi.eoppimispalvelut.fi\/peppi-ohjeet\/wp-json\/wp\/v2\/pages\/203"}],"wp:attachment":[{"href":"https:\/\/blogi.eoppimispalvelut.fi\/peppi-ohjeet\/wp-json\/wp\/v2\/media?parent=536"}],"curies":[{"name":"wp","href":"https:\/\/api.w.org\/{rel}","templated":true}]}}