{"id":5695,"date":"2021-12-01T11:01:43","date_gmt":"2021-12-01T09:01:43","guid":{"rendered":"https:\/\/blogi.eoppimispalvelut.fi\/peppi-ohjeet\/?page_id=5695"},"modified":"2021-12-02T09:47:19","modified_gmt":"2021-12-02T07:47:19","slug":"opintojen-tuonti-emrexista","status":"publish","type":"page","link":"https:\/\/blogi.eoppimispalvelut.fi\/peppi-ohjeet\/opiskelijalle\/hyvaksiluku\/opintojen-tuonti-emrexista\/","title":{"rendered":"Opintojen tuonti Emrexist\u00e4"},"content":{"rendered":"<p>Voit my\u00f6s tuoda muualla suorittamiesi opintosuoritusten tietoja hakemukselle Emrexin kautta. Emrex mahdollistaa opintosuoritustietojen siirt\u00e4misen korkeakoulusta toiseen niin kotimaisesti kuin kansainv\u00e4lisesti opiskelijan itsens\u00e4 toimesta. Koska opiskelijat toimittavat opintosuoritustietonsa korkeakoulusta toiseen itse, ei tietojen siirto vaadi erillisi\u00e4 sopimuksia korkeakoulujen tai muiden toimijoiden v\u00e4lill\u00e4 ja opiskelija pysyy tietojensa haltijana.<\/p>\n<p>Emrex-palvelu on valittavissa hyv\u00e4ksilukuhakemuksella Muualla suoritettu opinto-painikkeen kautta.<\/p>\n<div id=\"attachment_5701\" style=\"width: 594px\" class=\"wp-caption alignnone\"><a href=\"https:\/\/blogi.eoppimispalvelut.fi\/peppi-ohjeet\/files\/2021\/12\/emrex.png\"><img loading=\"lazy\" decoding=\"async\" aria-describedby=\"caption-attachment-5701\" class=\"size-large wp-image-5701\" src=\"https:\/\/blogi.eoppimispalvelut.fi\/peppi-ohjeet\/files\/2021\/12\/emrex-1280x603.png\" alt=\"Emrex\" width=\"584\" height=\"275\" srcset=\"https:\/\/blogi.eoppimispalvelut.fi\/peppi-ohjeet\/files\/2021\/12\/emrex-1280x603.png 1280w, https:\/\/blogi.eoppimispalvelut.fi\/peppi-ohjeet\/files\/2021\/12\/emrex-600x283.png 600w, https:\/\/blogi.eoppimispalvelut.fi\/peppi-ohjeet\/files\/2021\/12\/emrex-768x362.png 768w, https:\/\/blogi.eoppimispalvelut.fi\/peppi-ohjeet\/files\/2021\/12\/emrex-1536x723.png 1536w, https:\/\/blogi.eoppimispalvelut.fi\/peppi-ohjeet\/files\/2021\/12\/emrex-500x235.png 500w, https:\/\/blogi.eoppimispalvelut.fi\/peppi-ohjeet\/files\/2021\/12\/emrex.png 1716w\" sizes=\"auto, (max-width: 584px) 100vw, 584px\" \/><\/a><p id=\"caption-attachment-5701\" class=\"wp-caption-text\">Klikkaa kuvaa suuremmaksi<\/p><\/div>\n<p>Valitse hakemukselle hyv\u00e4ksilukemisen tyyppi (sis\u00e4llytt\u00e4minen tai korvaaminen) sek\u00e4 hakemuksen k\u00e4sittelij\u00e4.<\/p>\n<p>Klikkaa nuoli-painikkeesta ja valitse sen j\u00e4lkeen \u201dTuo opintoja Emrexist\u00e4\u201d.<\/p>\n<div id=\"attachment_5703\" style=\"width: 594px\" class=\"wp-caption alignnone\"><a href=\"https:\/\/blogi.eoppimispalvelut.fi\/peppi-ohjeet\/files\/2021\/12\/emrex-3.png\"><img loading=\"lazy\" decoding=\"async\" aria-describedby=\"caption-attachment-5703\" class=\"size-large wp-image-5703\" src=\"https:\/\/blogi.eoppimispalvelut.fi\/peppi-ohjeet\/files\/2021\/12\/emrex-3-1280x772.png\" alt=\"Emrex\" width=\"584\" height=\"352\" srcset=\"https:\/\/blogi.eoppimispalvelut.fi\/peppi-ohjeet\/files\/2021\/12\/emrex-3-1280x772.png 1280w, https:\/\/blogi.eoppimispalvelut.fi\/peppi-ohjeet\/files\/2021\/12\/emrex-3-600x362.png 600w, https:\/\/blogi.eoppimispalvelut.fi\/peppi-ohjeet\/files\/2021\/12\/emrex-3-768x463.png 768w, https:\/\/blogi.eoppimispalvelut.fi\/peppi-ohjeet\/files\/2021\/12\/emrex-3-1536x927.png 1536w, https:\/\/blogi.eoppimispalvelut.fi\/peppi-ohjeet\/files\/2021\/12\/emrex-3-497x300.png 497w, https:\/\/blogi.eoppimispalvelut.fi\/peppi-ohjeet\/files\/2021\/12\/emrex-3.png 1682w\" sizes=\"auto, (max-width: 584px) 100vw, 584px\" \/><\/a><p id=\"caption-attachment-5703\" class=\"wp-caption-text\">Klikkaa kuvaa suuremmaksi<\/p><\/div>\n<p>Emrex-palvelu avautuu uuteen ikkunaan. Lue huolella palvelun ohjeet.<\/p>\n<p>Valitse sitten maa, mist\u00e4 haluat hakea suorittamiasi opintoja. Mik\u00e4li haet suorituksia ulkomaalaisista korkeakouluista, jatka kirjautumalla kyseisen oppilaitoksen tunnuksilla ja seuraa j\u00e4rjestelm\u00e4n ohjeistusta.<\/p>\n<p>Mik\u00e4li haet kotimaisia suorituksia, ohjaudut Emrexin Suomen kansalliseen yhteyspisteeseen.<\/p>\n<div id=\"attachment_5704\" style=\"width: 594px\" class=\"wp-caption alignnone\"><a href=\"https:\/\/blogi.eoppimispalvelut.fi\/peppi-ohjeet\/files\/2021\/12\/emrex-4.png\"><img loading=\"lazy\" decoding=\"async\" aria-describedby=\"caption-attachment-5704\" class=\"size-large wp-image-5704\" src=\"https:\/\/blogi.eoppimispalvelut.fi\/peppi-ohjeet\/files\/2021\/12\/emrex-4-1280x582.png\" alt=\"Emrex\" width=\"584\" height=\"266\" srcset=\"https:\/\/blogi.eoppimispalvelut.fi\/peppi-ohjeet\/files\/2021\/12\/emrex-4-1280x582.png 1280w, https:\/\/blogi.eoppimispalvelut.fi\/peppi-ohjeet\/files\/2021\/12\/emrex-4-600x273.png 600w, https:\/\/blogi.eoppimispalvelut.fi\/peppi-ohjeet\/files\/2021\/12\/emrex-4-768x349.png 768w, https:\/\/blogi.eoppimispalvelut.fi\/peppi-ohjeet\/files\/2021\/12\/emrex-4-1536x699.png 1536w, https:\/\/blogi.eoppimispalvelut.fi\/peppi-ohjeet\/files\/2021\/12\/emrex-4-500x228.png 500w, https:\/\/blogi.eoppimispalvelut.fi\/peppi-ohjeet\/files\/2021\/12\/emrex-4.png 1780w\" sizes=\"auto, (max-width: 584px) 100vw, 584px\" \/><\/a><p id=\"caption-attachment-5704\" class=\"wp-caption-text\">Klikkaa kuvaa suuremmaksi<\/p><\/div>\n<p>Mik\u00e4li sinulla on suorituksia useammasta korkeakoulusta, valitse ensin organisaatio jonka suorituksia haluat tuoda hakemukselle.<\/p>\n<div id=\"attachment_5705\" style=\"width: 594px\" class=\"wp-caption alignnone\"><a href=\"https:\/\/blogi.eoppimispalvelut.fi\/peppi-ohjeet\/files\/2021\/12\/emrex-5.png\"><img loading=\"lazy\" decoding=\"async\" aria-describedby=\"caption-attachment-5705\" class=\"size-large wp-image-5705\" src=\"https:\/\/blogi.eoppimispalvelut.fi\/peppi-ohjeet\/files\/2021\/12\/emrex-5-1280x549.png\" alt=\"Emrex\" width=\"584\" height=\"250\" srcset=\"https:\/\/blogi.eoppimispalvelut.fi\/peppi-ohjeet\/files\/2021\/12\/emrex-5-1280x549.png 1280w, https:\/\/blogi.eoppimispalvelut.fi\/peppi-ohjeet\/files\/2021\/12\/emrex-5-600x258.png 600w, https:\/\/blogi.eoppimispalvelut.fi\/peppi-ohjeet\/files\/2021\/12\/emrex-5-768x330.png 768w, https:\/\/blogi.eoppimispalvelut.fi\/peppi-ohjeet\/files\/2021\/12\/emrex-5-1536x659.png 1536w, https:\/\/blogi.eoppimispalvelut.fi\/peppi-ohjeet\/files\/2021\/12\/emrex-5-500x215.png 500w, https:\/\/blogi.eoppimispalvelut.fi\/peppi-ohjeet\/files\/2021\/12\/emrex-5.png 1880w\" sizes=\"auto, (max-width: 584px) 100vw, 584px\" \/><\/a><p id=\"caption-attachment-5705\" class=\"wp-caption-text\">Klikkaa kuvaa suuremmaksi<\/p><\/div>\n<p>Valitse haluamasi opintosuoritukset ja klikkaa \u201dL\u00e4het\u00e4 valitut suoritukset\u201d.<\/p>\n<div id=\"attachment_5706\" style=\"width: 594px\" class=\"wp-caption alignnone\"><a href=\"https:\/\/blogi.eoppimispalvelut.fi\/peppi-ohjeet\/files\/2021\/12\/emrex-6.png\"><img loading=\"lazy\" decoding=\"async\" aria-describedby=\"caption-attachment-5706\" class=\"size-large wp-image-5706\" src=\"https:\/\/blogi.eoppimispalvelut.fi\/peppi-ohjeet\/files\/2021\/12\/emrex-6-1280x814.png\" alt=\"Emrex\" width=\"584\" height=\"371\" srcset=\"https:\/\/blogi.eoppimispalvelut.fi\/peppi-ohjeet\/files\/2021\/12\/emrex-6-1280x814.png 1280w, https:\/\/blogi.eoppimispalvelut.fi\/peppi-ohjeet\/files\/2021\/12\/emrex-6-600x382.png 600w, https:\/\/blogi.eoppimispalvelut.fi\/peppi-ohjeet\/files\/2021\/12\/emrex-6-768x488.png 768w, https:\/\/blogi.eoppimispalvelut.fi\/peppi-ohjeet\/files\/2021\/12\/emrex-6-1536x977.png 1536w, https:\/\/blogi.eoppimispalvelut.fi\/peppi-ohjeet\/files\/2021\/12\/emrex-6-472x300.png 472w, https:\/\/blogi.eoppimispalvelut.fi\/peppi-ohjeet\/files\/2021\/12\/emrex-6.png 1681w\" sizes=\"auto, (max-width: 584px) 100vw, 584px\" \/><\/a><p id=\"caption-attachment-5706\" class=\"wp-caption-text\">Klikkaa kuvaa suuremmaksi<\/p><\/div>\n<p>Tarkasta viel\u00e4 l\u00e4hetett\u00e4v\u00e4t suoritukset ja klikkaa \u201dL\u00e4het\u00e4\u201d.<\/p>\n<div id=\"attachment_5707\" style=\"width: 594px\" class=\"wp-caption alignnone\"><a href=\"https:\/\/blogi.eoppimispalvelut.fi\/peppi-ohjeet\/files\/2021\/12\/emrex-7.png\"><img loading=\"lazy\" decoding=\"async\" aria-describedby=\"caption-attachment-5707\" class=\"size-large wp-image-5707\" src=\"https:\/\/blogi.eoppimispalvelut.fi\/peppi-ohjeet\/files\/2021\/12\/emrex-7-1280x922.png\" alt=\"Emrex\" width=\"584\" height=\"421\" srcset=\"https:\/\/blogi.eoppimispalvelut.fi\/peppi-ohjeet\/files\/2021\/12\/emrex-7-1280x922.png 1280w, https:\/\/blogi.eoppimispalvelut.fi\/peppi-ohjeet\/files\/2021\/12\/emrex-7-600x432.png 600w, https:\/\/blogi.eoppimispalvelut.fi\/peppi-ohjeet\/files\/2021\/12\/emrex-7-768x553.png 768w, https:\/\/blogi.eoppimispalvelut.fi\/peppi-ohjeet\/files\/2021\/12\/emrex-7-416x300.png 416w, https:\/\/blogi.eoppimispalvelut.fi\/peppi-ohjeet\/files\/2021\/12\/emrex-7.png 1475w\" sizes=\"auto, (max-width: 584px) 100vw, 584px\" \/><\/a><p id=\"caption-attachment-5707\" class=\"wp-caption-text\">Klikkaa kuvaa suuremmaksi<\/p><\/div>\n<p>L\u00e4hetyksen j\u00e4lkeen ohjaudut takaisin hyv\u00e4ksilukuhakemukselle ja Emrexin kautta haetut opintosuoritusten tiedot tulevat hakemukselle n\u00e4kyville.<\/p>\n<p>&nbsp;<\/p>\n<hr \/>\n<p>Takaisin\u00a0<a href=\"https:\/\/blogi.eoppimispalvelut.fi\/peppi-ohjeet\/opiskelijalle\/\">Opiskelijalle-sivulle<\/a><\/p>\n","protected":false},"excerpt":{"rendered":"<p>Voit my\u00f6s tuoda muualla suorittamiesi opintosuoritusten tietoja hakemukselle Emrexin kautta. Emrex mahdollistaa opintosuoritustietojen siirt\u00e4misen korkeakoulusta toiseen niin kotimaisesti kuin kansainv\u00e4lisesti opiskelijan itsens\u00e4 toimesta. Koska opiskelijat toimittavat opintosuoritustietonsa korkeakoulusta toiseen itse, ei tietojen siirto vaadi erillisi\u00e4 sopimuksia korkeakoulujen tai muiden toimijoiden &hellip; <a href=\"https:\/\/blogi.eoppimispalvelut.fi\/peppi-ohjeet\/opiskelijalle\/hyvaksiluku\/opintojen-tuonti-emrexista\/\">Continue reading <span class=\"meta-nav\">&rarr;<\/span><\/a><\/p>\n","protected":false},"author":2214,"featured_media":0,"parent":536,"menu_order":0,"comment_status":"closed","ping_status":"closed","template":"","meta":{"_monsterinsights_skip_tracking":false,"_monsterinsights_sitenote_active":false,"_monsterinsights_sitenote_note":"","_monsterinsights_sitenote_category":0,"footnotes":""},"class_list":["post-5695","page","type-page","status-publish","hentry"],"_links":{"self":[{"href":"https:\/\/blogi.eoppimispalvelut.fi\/peppi-ohjeet\/wp-json\/wp\/v2\/pages\/5695","targetHints":{"allow":["GET"]}}],"collection":[{"href":"https:\/\/blogi.eoppimispalvelut.fi\/peppi-ohjeet\/wp-json\/wp\/v2\/pages"}],"about":[{"href":"https:\/\/blogi.eoppimispalvelut.fi\/peppi-ohjeet\/wp-json\/wp\/v2\/types\/page"}],"author":[{"embeddable":true,"href":"https:\/\/blogi.eoppimispalvelut.fi\/peppi-ohjeet\/wp-json\/wp\/v2\/users\/2214"}],"replies":[{"embeddable":true,"href":"https:\/\/blogi.eoppimispalvelut.fi\/peppi-ohjeet\/wp-json\/wp\/v2\/comments?post=5695"}],"version-history":[{"count":5,"href":"https:\/\/blogi.eoppimispalvelut.fi\/peppi-ohjeet\/wp-json\/wp\/v2\/pages\/5695\/revisions"}],"predecessor-version":[{"id":5710,"href":"https:\/\/blogi.eoppimispalvelut.fi\/peppi-ohjeet\/wp-json\/wp\/v2\/pages\/5695\/revisions\/5710"}],"up":[{"embeddable":true,"href":"https:\/\/blogi.eoppimispalvelut.fi\/peppi-ohjeet\/wp-json\/wp\/v2\/pages\/536"}],"wp:attachment":[{"href":"https:\/\/blogi.eoppimispalvelut.fi\/peppi-ohjeet\/wp-json\/wp\/v2\/media?parent=5695"}],"curies":[{"name":"wp","href":"https:\/\/api.w.org\/{rel}","templated":true}]}}