{"id":5799,"date":"2022-03-07T14:32:35","date_gmt":"2022-03-07T12:32:35","guid":{"rendered":"https:\/\/blogi.eoppimispalvelut.fi\/peppi-ohjeet\/?page_id=5799"},"modified":"2022-03-09T14:47:32","modified_gmt":"2022-03-09T12:47:32","slug":"opiskelutiedot","status":"publish","type":"page","link":"https:\/\/blogi.eoppimispalvelut.fi\/peppi-ohjeet\/opiskelutiedot\/","title":{"rendered":"Opiskelutiedot"},"content":{"rendered":"<div id=\"attachment_5801\" style=\"width: 594px\" class=\"wp-caption alignnone\"><a href=\"https:\/\/blogi.eoppimispalvelut.fi\/peppi-ohjeet\/files\/2022\/03\/oppimis-19.png\"><img loading=\"lazy\" decoding=\"async\" aria-describedby=\"caption-attachment-5801\" class=\"size-large wp-image-5801\" src=\"https:\/\/blogi.eoppimispalvelut.fi\/peppi-ohjeet\/files\/2022\/03\/oppimis-19-1280x579.png\" alt=\"Opiskelutiedot\" width=\"584\" height=\"264\" srcset=\"https:\/\/blogi.eoppimispalvelut.fi\/peppi-ohjeet\/files\/2022\/03\/oppimis-19-1280x579.png 1280w, https:\/\/blogi.eoppimispalvelut.fi\/peppi-ohjeet\/files\/2022\/03\/oppimis-19-600x271.png 600w, https:\/\/blogi.eoppimispalvelut.fi\/peppi-ohjeet\/files\/2022\/03\/oppimis-19-768x347.png 768w, https:\/\/blogi.eoppimispalvelut.fi\/peppi-ohjeet\/files\/2022\/03\/oppimis-19-1536x695.png 1536w, https:\/\/blogi.eoppimispalvelut.fi\/peppi-ohjeet\/files\/2022\/03\/oppimis-19-500x226.png 500w, https:\/\/blogi.eoppimispalvelut.fi\/peppi-ohjeet\/files\/2022\/03\/oppimis-19.png 1965w\" sizes=\"auto, (max-width: 584px) 100vw, 584px\" \/><\/a><p id=\"caption-attachment-5801\" class=\"wp-caption-text\">Klikkaa kuvaa suuremmaksi<\/p><\/div>\n<div id=\"attachment_5802\" style=\"width: 594px\" class=\"wp-caption alignnone\"><a href=\"https:\/\/blogi.eoppimispalvelut.fi\/peppi-ohjeet\/files\/2022\/03\/oppimis-20.png\"><img loading=\"lazy\" decoding=\"async\" aria-describedby=\"caption-attachment-5802\" class=\"size-large wp-image-5802\" src=\"https:\/\/blogi.eoppimispalvelut.fi\/peppi-ohjeet\/files\/2022\/03\/oppimis-20-1280x721.png\" alt=\"Opiskelutiedot\" width=\"584\" height=\"329\" srcset=\"https:\/\/blogi.eoppimispalvelut.fi\/peppi-ohjeet\/files\/2022\/03\/oppimis-20-1280x721.png 1280w, https:\/\/blogi.eoppimispalvelut.fi\/peppi-ohjeet\/files\/2022\/03\/oppimis-20-600x338.png 600w, https:\/\/blogi.eoppimispalvelut.fi\/peppi-ohjeet\/files\/2022\/03\/oppimis-20-768x433.png 768w, https:\/\/blogi.eoppimispalvelut.fi\/peppi-ohjeet\/files\/2022\/03\/oppimis-20-1536x866.png 1536w, https:\/\/blogi.eoppimispalvelut.fi\/peppi-ohjeet\/files\/2022\/03\/oppimis-20-500x282.png 500w, https:\/\/blogi.eoppimispalvelut.fi\/peppi-ohjeet\/files\/2022\/03\/oppimis-20.png 2005w\" sizes=\"auto, (max-width: 584px) 100vw, 584px\" \/><\/a><p id=\"caption-attachment-5802\" class=\"wp-caption-text\">Klikkaa kuvaa suuremmaksi<\/p><\/div>\n<p>Opiskelutiedot-v\u00e4lilehdell\u00e4 n\u00e4et opiskelijan opiskeluoikeuden tiedot. Opiskeluoikeuden tietoja voi muokata Muokkaa-painikkeen kautta. Toiminnot-painikkeen kautta voit lis\u00e4t\u00e4 opiskeluoikeudelle ryhmi\u00e4, ohjaajia, p\u00e4tevyyksi\u00e4, tarkenteita, todistusmerkint\u00f6j\u00e4 tai henkil\u00f6kohtaisia todistusmerkint\u00f6j\u00e4. Edell\u00e4 mainitut toiminnot voidaan suorittaa my\u00f6s Opiskelutiedot-v\u00e4lilehdell\u00e4 olevien erillisten painikkeiden kautta. Raportit-painikkeen kautta voit tulostaa opiskelijalle erilaisia todistuksia.<\/p>\n<p>HUOM! Kun opiskelijalle asetetaan Pepiss\u00e4 saapumisryhm\u00e4 ja\/tai ryhm\u00e4, h\u00e4n p\u00e4\u00e4tyy samalla my\u00f6s kyseisen ryhm\u00e4n s\u00e4hk\u00f6postilistalle.<\/p>\n<div class=\"mceTemp\"><\/div>\n<hr \/>\n<p>Takaisin\u00a0<a href=\"https:\/\/blogi.eoppimispalvelut.fi\/peppi-ohjeet\/oppimis-ja-ohjauspalvelut\/\">Oppimis- ja ohjauspalveluiden<\/a>\u00a0\u2013 sivulle<\/p>\n","protected":false},"excerpt":{"rendered":"<p>Opiskelutiedot-v\u00e4lilehdell\u00e4 n\u00e4et opiskelijan opiskeluoikeuden tiedot. Opiskeluoikeuden tietoja voi muokata Muokkaa-painikkeen kautta. Toiminnot-painikkeen kautta voit lis\u00e4t\u00e4 opiskeluoikeudelle ryhmi\u00e4, ohjaajia, p\u00e4tevyyksi\u00e4, tarkenteita, todistusmerkint\u00f6j\u00e4 tai henkil\u00f6kohtaisia todistusmerkint\u00f6j\u00e4. Edell\u00e4 mainitut toiminnot voidaan suorittaa my\u00f6s Opiskelutiedot-v\u00e4lilehdell\u00e4 olevien erillisten painikkeiden kautta. Raportit-painikkeen kautta voit tulostaa opiskelijalle &hellip; <a href=\"https:\/\/blogi.eoppimispalvelut.fi\/peppi-ohjeet\/opiskelutiedot\/\">Continue reading <span class=\"meta-nav\">&rarr;<\/span><\/a><\/p>\n","protected":false},"author":2214,"featured_media":0,"parent":0,"menu_order":0,"comment_status":"closed","ping_status":"closed","template":"","meta":{"_monsterinsights_skip_tracking":false,"_monsterinsights_sitenote_active":false,"_monsterinsights_sitenote_note":"","_monsterinsights_sitenote_category":0,"footnotes":""},"class_list":["post-5799","page","type-page","status-publish","hentry"],"_links":{"self":[{"href":"https:\/\/blogi.eoppimispalvelut.fi\/peppi-ohjeet\/wp-json\/wp\/v2\/pages\/5799","targetHints":{"allow":["GET"]}}],"collection":[{"href":"https:\/\/blogi.eoppimispalvelut.fi\/peppi-ohjeet\/wp-json\/wp\/v2\/pages"}],"about":[{"href":"https:\/\/blogi.eoppimispalvelut.fi\/peppi-ohjeet\/wp-json\/wp\/v2\/types\/page"}],"author":[{"embeddable":true,"href":"https:\/\/blogi.eoppimispalvelut.fi\/peppi-ohjeet\/wp-json\/wp\/v2\/users\/2214"}],"replies":[{"embeddable":true,"href":"https:\/\/blogi.eoppimispalvelut.fi\/peppi-ohjeet\/wp-json\/wp\/v2\/comments?post=5799"}],"version-history":[{"count":4,"href":"https:\/\/blogi.eoppimispalvelut.fi\/peppi-ohjeet\/wp-json\/wp\/v2\/pages\/5799\/revisions"}],"predecessor-version":[{"id":5829,"href":"https:\/\/blogi.eoppimispalvelut.fi\/peppi-ohjeet\/wp-json\/wp\/v2\/pages\/5799\/revisions\/5829"}],"wp:attachment":[{"href":"https:\/\/blogi.eoppimispalvelut.fi\/peppi-ohjeet\/wp-json\/wp\/v2\/media?parent=5799"}],"curies":[{"name":"wp","href":"https:\/\/api.w.org\/{rel}","templated":true}]}}