{"id":5907,"date":"2022-08-10T13:17:40","date_gmt":"2022-08-10T10:17:40","guid":{"rendered":"https:\/\/blogi.eoppimispalvelut.fi\/peppi-ohjeet\/?page_id=5907"},"modified":"2024-07-04T16:42:12","modified_gmt":"2024-07-04T13:42:12","slug":"opetus-pienryhmailmoittautumisten-hallinta","status":"publish","type":"page","link":"https:\/\/blogi.eoppimispalvelut.fi\/peppi-ohjeet\/opetus-pienryhmailmoittautumisten-hallinta\/","title":{"rendered":"Opetus-\/pienryhm\u00e4ilmoittautumisten hallinta"},"content":{"rendered":"\r\n\r\n\r\n<ul class=\"wp-block-list\">\r\n<li>Ilmoittautumiset-sivulla opettaja voi jakaa opiskelijat opetus-\/pienryhmiin, jotka toteutukselle on aikaisemmin luotu.<\/li>\r\n<li>Avaa ryhmien valinta -valikko ja valitse ryhm\u00e4n tyyppi (esim. harjoitusryhm\u00e4 tai harjoittele).<\/li>\r\n<li>N\u00e4kym\u00e4\u00e4n avautuu toteutukselle ilmoittautuneiden opiskelijoiden tiedot ja toiveet pienryhmist\u00e4 sek\u00e4 v\u00e4lilehdet pienryhmille.<\/li>\r\n<li>Opettaja sijoittaa opiskelijat pienryhmiin ja tallentaa tiedot. Ryhmiin valitseminen ei automaattisesti hyv\u00e4ksy opiskelijoita toteutukselle vaan opiskelijat tulee viel\u00e4 hyv\u00e4ksy\u00e4 toteutukselle.<\/li>\r\n<li>Ryhm\u00e4n maksimikoko on suuntaa antava tieto eik\u00e4 est\u00e4 maksimikoon ylittymist\u00e4.<\/li>\r\n<\/ul>\r\n<p>&nbsp;<\/p>\r\n<hr \/>\r\n<p>Takaisin\u00a0<a href=\"https:\/\/blogi.eoppimispalvelut.fi\/peppi-ohjeet\/opetus_ohjaus\/\">Opetus ja ohjaus -sivulle<\/a><\/p>\r\n","protected":false},"excerpt":{"rendered":"<p>Ilmoittautumiset-sivulla opettaja voi jakaa opiskelijat opetus-\/pienryhmiin, jotka toteutukselle on aikaisemmin luotu. Avaa ryhmien valinta -valikko ja valitse ryhm\u00e4n tyyppi (esim. harjoitusryhm\u00e4 tai harjoittele). N\u00e4kym\u00e4\u00e4n avautuu toteutukselle ilmoittautuneiden opiskelijoiden tiedot ja toiveet pienryhmist\u00e4 sek\u00e4 v\u00e4lilehdet pienryhmille. Opettaja sijoittaa opiskelijat pienryhmiin ja &hellip; <a href=\"https:\/\/blogi.eoppimispalvelut.fi\/peppi-ohjeet\/opetus-pienryhmailmoittautumisten-hallinta\/\">Continue reading <span class=\"meta-nav\">&rarr;<\/span><\/a><\/p>\n","protected":false},"author":8698,"featured_media":0,"parent":0,"menu_order":0,"comment_status":"closed","ping_status":"closed","template":"","meta":{"_monsterinsights_skip_tracking":false,"_monsterinsights_sitenote_active":false,"_monsterinsights_sitenote_note":"","_monsterinsights_sitenote_category":0,"footnotes":""},"class_list":["post-5907","page","type-page","status-publish","hentry"],"_links":{"self":[{"href":"https:\/\/blogi.eoppimispalvelut.fi\/peppi-ohjeet\/wp-json\/wp\/v2\/pages\/5907","targetHints":{"allow":["GET"]}}],"collection":[{"href":"https:\/\/blogi.eoppimispalvelut.fi\/peppi-ohjeet\/wp-json\/wp\/v2\/pages"}],"about":[{"href":"https:\/\/blogi.eoppimispalvelut.fi\/peppi-ohjeet\/wp-json\/wp\/v2\/types\/page"}],"author":[{"embeddable":true,"href":"https:\/\/blogi.eoppimispalvelut.fi\/peppi-ohjeet\/wp-json\/wp\/v2\/users\/8698"}],"replies":[{"embeddable":true,"href":"https:\/\/blogi.eoppimispalvelut.fi\/peppi-ohjeet\/wp-json\/wp\/v2\/comments?post=5907"}],"version-history":[{"count":6,"href":"https:\/\/blogi.eoppimispalvelut.fi\/peppi-ohjeet\/wp-json\/wp\/v2\/pages\/5907\/revisions"}],"predecessor-version":[{"id":6858,"href":"https:\/\/blogi.eoppimispalvelut.fi\/peppi-ohjeet\/wp-json\/wp\/v2\/pages\/5907\/revisions\/6858"}],"wp:attachment":[{"href":"https:\/\/blogi.eoppimispalvelut.fi\/peppi-ohjeet\/wp-json\/wp\/v2\/media?parent=5907"}],"curies":[{"name":"wp","href":"https:\/\/api.w.org\/{rel}","templated":true}]}}