{"id":6444,"date":"2023-12-01T13:11:14","date_gmt":"2023-12-01T11:11:14","guid":{"rendered":"https:\/\/blogi.eoppimispalvelut.fi\/peppi-ohjeet\/?page_id=6444"},"modified":"2024-07-01T17:00:16","modified_gmt":"2024-07-01T14:00:16","slug":"pepin-kalenteri-ja-outlook-synkronointi","status":"publish","type":"page","link":"https:\/\/blogi.eoppimispalvelut.fi\/peppi-ohjeet\/opetus_ohjaus\/pepin-kalenteri-ja-outlook-synkronointi\/","title":{"rendered":"Pepin kalenteri ja Outlook-synkronointi"},"content":{"rendered":"<p>Pepin ja s\u00e4hk\u00f6postikalenterin v\u00e4linen automaattinen ajanvarausten (esim. opetuksen varaukset) siirto palaa k\u00e4ytt\u00f6\u00f6n maanantaina 4.12.2023. K\u00e4ytt\u00f6\u00f6noton yhteydess\u00e4 kaikille k\u00e4ytt\u00e4jille asetetaan Pepiss\u00e4 tahdistuksen oletusasetukset. Halutessaan k\u00e4ytt\u00e4j\u00e4 voi muokata tai poistaa valintoja omista asetuksistaan.<\/p>\n<p>Asetukset l\u00f6ytyv\u00e4t Suunnittelijan tai Opettajan ty\u00f6p\u00f6yd\u00e4n yl\u00e4valikosta kohdasta Resurssien suunnittelu ja varaus. Valitse sen j\u00e4lkeen Outlook-synkronointi.<\/p>\n<p>Tee haluamasi valinnat ja paina Tallenna.<\/p>\n<p><a href=\"https:\/\/blogi.eoppimispalvelut.fi\/peppi-ohjeet\/files\/2023\/12\/kalenterivaraukset.png\"><img loading=\"lazy\" decoding=\"async\" class=\"alignnone size-full wp-image-6445\" src=\"https:\/\/blogi.eoppimispalvelut.fi\/peppi-ohjeet\/files\/2023\/12\/kalenterivaraukset.png\" alt=\"\" width=\"997\" height=\"403\" srcset=\"https:\/\/blogi.eoppimispalvelut.fi\/peppi-ohjeet\/files\/2023\/12\/kalenterivaraukset.png 997w, https:\/\/blogi.eoppimispalvelut.fi\/peppi-ohjeet\/files\/2023\/12\/kalenterivaraukset-600x243.png 600w, https:\/\/blogi.eoppimispalvelut.fi\/peppi-ohjeet\/files\/2023\/12\/kalenterivaraukset-768x310.png 768w, https:\/\/blogi.eoppimispalvelut.fi\/peppi-ohjeet\/files\/2023\/12\/kalenterivaraukset-500x202.png 500w\" sizes=\"auto, (max-width: 997px) 100vw, 997px\" \/><\/a><\/p>\n<p>&nbsp;<\/p>\n<hr \/>\n<p>Takaisin\u00a0<a href=\"https:\/\/blogi.eoppimispalvelut.fi\/peppi-ohjeet\/opetus_ohjaus\/\">Opetus ja ohjaus -sivulle<\/a><\/p>\n","protected":false},"excerpt":{"rendered":"<p>Pepin ja s\u00e4hk\u00f6postikalenterin v\u00e4linen automaattinen ajanvarausten (esim. opetuksen varaukset) siirto palaa k\u00e4ytt\u00f6\u00f6n maanantaina 4.12.2023. K\u00e4ytt\u00f6\u00f6noton yhteydess\u00e4 kaikille k\u00e4ytt\u00e4jille asetetaan Pepiss\u00e4 tahdistuksen oletusasetukset. Halutessaan k\u00e4ytt\u00e4j\u00e4 voi muokata tai poistaa valintoja omista asetuksistaan. Asetukset l\u00f6ytyv\u00e4t Suunnittelijan tai Opettajan ty\u00f6p\u00f6yd\u00e4n yl\u00e4valikosta kohdasta Resurssien &hellip; <a href=\"https:\/\/blogi.eoppimispalvelut.fi\/peppi-ohjeet\/opetus_ohjaus\/pepin-kalenteri-ja-outlook-synkronointi\/\">Continue reading <span class=\"meta-nav\">&rarr;<\/span><\/a><\/p>\n","protected":false},"author":2214,"featured_media":0,"parent":2,"menu_order":0,"comment_status":"closed","ping_status":"closed","template":"","meta":{"_monsterinsights_skip_tracking":false,"_monsterinsights_sitenote_active":false,"_monsterinsights_sitenote_note":"","_monsterinsights_sitenote_category":0,"footnotes":""},"class_list":["post-6444","page","type-page","status-publish","hentry"],"_links":{"self":[{"href":"https:\/\/blogi.eoppimispalvelut.fi\/peppi-ohjeet\/wp-json\/wp\/v2\/pages\/6444","targetHints":{"allow":["GET"]}}],"collection":[{"href":"https:\/\/blogi.eoppimispalvelut.fi\/peppi-ohjeet\/wp-json\/wp\/v2\/pages"}],"about":[{"href":"https:\/\/blogi.eoppimispalvelut.fi\/peppi-ohjeet\/wp-json\/wp\/v2\/types\/page"}],"author":[{"embeddable":true,"href":"https:\/\/blogi.eoppimispalvelut.fi\/peppi-ohjeet\/wp-json\/wp\/v2\/users\/2214"}],"replies":[{"embeddable":true,"href":"https:\/\/blogi.eoppimispalvelut.fi\/peppi-ohjeet\/wp-json\/wp\/v2\/comments?post=6444"}],"version-history":[{"count":2,"href":"https:\/\/blogi.eoppimispalvelut.fi\/peppi-ohjeet\/wp-json\/wp\/v2\/pages\/6444\/revisions"}],"predecessor-version":[{"id":6767,"href":"https:\/\/blogi.eoppimispalvelut.fi\/peppi-ohjeet\/wp-json\/wp\/v2\/pages\/6444\/revisions\/6767"}],"up":[{"embeddable":true,"href":"https:\/\/blogi.eoppimispalvelut.fi\/peppi-ohjeet\/wp-json\/wp\/v2\/pages\/2"}],"wp:attachment":[{"href":"https:\/\/blogi.eoppimispalvelut.fi\/peppi-ohjeet\/wp-json\/wp\/v2\/media?parent=6444"}],"curies":[{"name":"wp","href":"https:\/\/api.w.org\/{rel}","templated":true}]}}