{"id":6869,"date":"2024-07-05T14:55:16","date_gmt":"2024-07-05T11:55:16","guid":{"rendered":"https:\/\/blogi.eoppimispalvelut.fi\/peppi-ohjeet\/?page_id=6869"},"modified":"2024-07-05T14:55:16","modified_gmt":"2024-07-05T11:55:16","slug":"kysymykset","status":"publish","type":"page","link":"https:\/\/blogi.eoppimispalvelut.fi\/peppi-ohjeet\/kysymykset\/","title":{"rendered":"Kysymykset"},"content":{"rendered":"<p>Voit lis\u00e4t\u00e4 toteutukselle kysymyksi\u00e4, jotka esitet\u00e4\u00e4n opiskelijalle, kun h\u00e4n ilmoittautuu toteutukselle.<\/p>\n<p>Jotta voit lis\u00e4t\u00e4 kysymyksi\u00e4, toteutuksen t\u00e4ytyy olla v\u00e4hint\u00e4\u00e4n Ehdotus-tilassa.<\/p>\n<p>Aloita valitsemalla\u00a0<strong>Lis\u00e4\u00e4 kysymys ja <\/strong>kirjoita kysymys aukeavaan ikkunaan suomeksi ja\/tai englanniksi.<\/p>\n<p>Lis\u00e4\u00e4 kysymykselle kohdistus (toteutukselle ilmoittautuessa) ja m\u00e4\u00e4rit\u00e4 onko kysymys pakollinen. Tallenna kysymys.<\/p>\n<p>Voit muokata ja lis\u00e4t\u00e4 kysymyksi\u00e4 ilmoittautumisen alkamiseen asti. N\u00e4et opiskelijoiden vastaukset Kysymykset -n\u00e4kym\u00e4ss\u00e4 klikkaamalla &#8220;N\u00e4yt\u00e4 vastaukset&#8221; ja toteutuksen Ilmoittautumiset -n\u00e4kym\u00e4ss\u00e4.<\/p>\n<div id=\"attachment_6870\" style=\"width: 594px\" class=\"wp-caption alignnone\"><a href=\"https:\/\/blogi.eoppimispalvelut.fi\/peppi-ohjeet\/files\/2024\/07\/Toteutuksen-kysymykset.png\"><img loading=\"lazy\" decoding=\"async\" aria-describedby=\"caption-attachment-6870\" class=\"size-large wp-image-6870\" src=\"https:\/\/blogi.eoppimispalvelut.fi\/peppi-ohjeet\/files\/2024\/07\/Toteutuksen-kysymykset-1280x1541.png\" alt=\"Toteutuksen kysymykset\" width=\"584\" height=\"703\" srcset=\"https:\/\/blogi.eoppimispalvelut.fi\/peppi-ohjeet\/files\/2024\/07\/Toteutuksen-kysymykset-1280x1541.png 1280w, https:\/\/blogi.eoppimispalvelut.fi\/peppi-ohjeet\/files\/2024\/07\/Toteutuksen-kysymykset-600x722.png 600w, https:\/\/blogi.eoppimispalvelut.fi\/peppi-ohjeet\/files\/2024\/07\/Toteutuksen-kysymykset-768x924.png 768w, https:\/\/blogi.eoppimispalvelut.fi\/peppi-ohjeet\/files\/2024\/07\/Toteutuksen-kysymykset-1276x1536.png 1276w, https:\/\/blogi.eoppimispalvelut.fi\/peppi-ohjeet\/files\/2024\/07\/Toteutuksen-kysymykset-249x300.png 249w, https:\/\/blogi.eoppimispalvelut.fi\/peppi-ohjeet\/files\/2024\/07\/Toteutuksen-kysymykset.png 1674w\" sizes=\"auto, (max-width: 584px) 100vw, 584px\" \/><\/a><p id=\"caption-attachment-6870\" class=\"wp-caption-text\">Klikkaa kuvaa suuremmaksi<\/p><\/div>\n<p>&nbsp;<\/p>\n<hr \/>\n<p>Takaisin\u00a0<a href=\"https:\/\/blogi.eoppimispalvelut.fi\/peppi-ohjeet\/opetus_ohjaus\/\">Opetus ja ohjaus -sivulle<\/a><\/p>\n","protected":false},"excerpt":{"rendered":"<p>Voit lis\u00e4t\u00e4 toteutukselle kysymyksi\u00e4, jotka esitet\u00e4\u00e4n opiskelijalle, kun h\u00e4n ilmoittautuu toteutukselle. Jotta voit lis\u00e4t\u00e4 kysymyksi\u00e4, toteutuksen t\u00e4ytyy olla v\u00e4hint\u00e4\u00e4n Ehdotus-tilassa. Aloita valitsemalla\u00a0Lis\u00e4\u00e4 kysymys ja kirjoita kysymys aukeavaan ikkunaan suomeksi ja\/tai englanniksi. Lis\u00e4\u00e4 kysymykselle kohdistus (toteutukselle ilmoittautuessa) ja m\u00e4\u00e4rit\u00e4 onko kysymys &hellip; <a href=\"https:\/\/blogi.eoppimispalvelut.fi\/peppi-ohjeet\/kysymykset\/\">Continue reading <span class=\"meta-nav\">&rarr;<\/span><\/a><\/p>\n","protected":false},"author":2214,"featured_media":0,"parent":0,"menu_order":0,"comment_status":"closed","ping_status":"closed","template":"","meta":{"_monsterinsights_skip_tracking":false,"_monsterinsights_sitenote_active":false,"_monsterinsights_sitenote_note":"","_monsterinsights_sitenote_category":0,"footnotes":""},"class_list":["post-6869","page","type-page","status-publish","hentry"],"_links":{"self":[{"href":"https:\/\/blogi.eoppimispalvelut.fi\/peppi-ohjeet\/wp-json\/wp\/v2\/pages\/6869","targetHints":{"allow":["GET"]}}],"collection":[{"href":"https:\/\/blogi.eoppimispalvelut.fi\/peppi-ohjeet\/wp-json\/wp\/v2\/pages"}],"about":[{"href":"https:\/\/blogi.eoppimispalvelut.fi\/peppi-ohjeet\/wp-json\/wp\/v2\/types\/page"}],"author":[{"embeddable":true,"href":"https:\/\/blogi.eoppimispalvelut.fi\/peppi-ohjeet\/wp-json\/wp\/v2\/users\/2214"}],"replies":[{"embeddable":true,"href":"https:\/\/blogi.eoppimispalvelut.fi\/peppi-ohjeet\/wp-json\/wp\/v2\/comments?post=6869"}],"version-history":[{"count":1,"href":"https:\/\/blogi.eoppimispalvelut.fi\/peppi-ohjeet\/wp-json\/wp\/v2\/pages\/6869\/revisions"}],"predecessor-version":[{"id":6872,"href":"https:\/\/blogi.eoppimispalvelut.fi\/peppi-ohjeet\/wp-json\/wp\/v2\/pages\/6869\/revisions\/6872"}],"wp:attachment":[{"href":"https:\/\/blogi.eoppimispalvelut.fi\/peppi-ohjeet\/wp-json\/wp\/v2\/media?parent=6869"}],"curies":[{"name":"wp","href":"https:\/\/api.w.org\/{rel}","templated":true}]}}