{"id":6888,"date":"2024-08-06T13:59:07","date_gmt":"2024-08-06T10:59:07","guid":{"rendered":"https:\/\/blogi.eoppimispalvelut.fi\/peppi-ohjeet\/?page_id=6888"},"modified":"2024-08-06T13:59:07","modified_gmt":"2024-08-06T10:59:07","slug":"automaattiviestit","status":"publish","type":"page","link":"https:\/\/blogi.eoppimispalvelut.fi\/peppi-ohjeet\/automaattiviestit\/","title":{"rendered":"Automaattiviestit"},"content":{"rendered":"<p>Opettajana voit tallentaa toteutukselle ilmoittautuneille opiskelijoille viestin, joka l\u00e4htee opiskelijoille automaattisesti ilmoittautumisen hyv\u00e4ksymisen yhteydess\u00e4. Viesti m\u00e4\u00e4ritell\u00e4\u00e4n toteutussuunnitelman Automaattiviestit-v\u00e4lilehdell\u00e4.<\/p>\n<p>Viestin voi luoda ja muokata siihen saakka, kunnes toteutuksen ilmoittautuminen alkaa. Peppi antaa m\u00e4\u00e4ritell\u00e4 viestin l\u00e4htemisen ajankohdaksi opiskelijan ilmoittautumisen toteutukselle tai ilmoittautumisen hyv\u00e4ksymisen.\u00a0 <strong>HUOM! K\u00e4yt\u00e4 t\u00e4ss\u00e4 vaihtoehtona ilmoittautumisen hyv\u00e4ksymist\u00e4.<\/strong> T\u00e4m\u00e4 johtuu siit\u00e4, ett\u00e4 opiskelijalla ei ole esimerkiksi mahdollisuutta p\u00e4\u00e4st\u00e4 kyseisen toteutuksen ty\u00f6tilaan Moodlessa ennen kuin opettaja on hyv\u00e4ksynyt ilmoittautumisen.<\/p>\n<p><strong>Automaattiviestien asettaminen<\/strong><\/p>\n<p>Valitse toteutussuunnitelmalta Automaattiviestit-v\u00e4lilehti. Aloita valitsemalla kohta Lis\u00e4\u00e4 viesti. Valitse ensin, ett\u00e4 viesti l\u00e4htee opiskelijoille siin\u00e4 vaiheessa, kun <strong>opiskelijoiden ilmoittautumiset hyv\u00e4ksyt\u00e4\u00e4n.<\/strong><\/p>\n<p>Kirjoita viestikentt\u00e4\u00e4n viestin sis\u00e4lt\u00f6. Voit muotoilla viesti\u00e4 ja lis\u00e4t\u00e4 viestiin hyperlinkin. Viestin oletusotsikko on opintojakson nimi + koodi. Oletusotsikkoa voi muokata haluamakseen. Tallenna lopuksi viesti.<\/p>\n<p>Voit esikatsella viesti\u00e4, muokata viesti\u00e4 ja poistaa viestin. Viestin muokkaus ja poisto ovat mahdollisia siihen saakka, kunnes toteutuksen ilmoittautuminen alkaa.<\/p>\n<p>Kun hyv\u00e4ksyt opiskelijat toteutukselle, heille l\u00e4htee m\u00e4\u00e4rittelem\u00e4si viesti ensisijaiseen s\u00e4hk\u00f6postiosoitteeseen eli koulun s\u00e4hk\u00f6postiin ja mik\u00e4li opiskelijalla ei ole koulun s\u00e4hk\u00f6postia (esim. ristiinopiskelijat), viesti l\u00e4htee toissijaiseen\/muuhun s\u00e4hk\u00f6postiosoitteeseen, joka opiskelijoilta l\u00f6ytyy Pepin yhteystiedoista.<\/p>\n<div id=\"attachment_6889\" style=\"width: 594px\" class=\"wp-caption alignnone\"><a href=\"https:\/\/blogi.eoppimispalvelut.fi\/peppi-ohjeet\/files\/2024\/08\/Automaattiviestit.png\"><img loading=\"lazy\" decoding=\"async\" aria-describedby=\"caption-attachment-6889\" class=\"size-large wp-image-6889\" src=\"https:\/\/blogi.eoppimispalvelut.fi\/peppi-ohjeet\/files\/2024\/08\/Automaattiviestit-1280x979.png\" alt=\"Automaattiviestit\" width=\"584\" height=\"447\" srcset=\"https:\/\/blogi.eoppimispalvelut.fi\/peppi-ohjeet\/files\/2024\/08\/Automaattiviestit-1280x979.png 1280w, https:\/\/blogi.eoppimispalvelut.fi\/peppi-ohjeet\/files\/2024\/08\/Automaattiviestit-600x459.png 600w, https:\/\/blogi.eoppimispalvelut.fi\/peppi-ohjeet\/files\/2024\/08\/Automaattiviestit-768x587.png 768w, https:\/\/blogi.eoppimispalvelut.fi\/peppi-ohjeet\/files\/2024\/08\/Automaattiviestit-1536x1174.png 1536w, https:\/\/blogi.eoppimispalvelut.fi\/peppi-ohjeet\/files\/2024\/08\/Automaattiviestit-2048x1566.png 2048w, https:\/\/blogi.eoppimispalvelut.fi\/peppi-ohjeet\/files\/2024\/08\/Automaattiviestit-392x300.png 392w\" sizes=\"auto, (max-width: 584px) 100vw, 584px\" \/><\/a><p id=\"caption-attachment-6889\" class=\"wp-caption-text\">Klikkaa kuvaa suuremmaksi<\/p><\/div>\n<p>&nbsp;<\/p>\n<hr \/>\n<p>Takaisin\u00a0<a href=\"https:\/\/blogi.eoppimispalvelut.fi\/peppi-ohjeet\/opetus_ohjaus\/\">Opetus ja ohjaus -sivulle<\/a><\/p>\n","protected":false},"excerpt":{"rendered":"<p>Opettajana voit tallentaa toteutukselle ilmoittautuneille opiskelijoille viestin, joka l\u00e4htee opiskelijoille automaattisesti ilmoittautumisen hyv\u00e4ksymisen yhteydess\u00e4. Viesti m\u00e4\u00e4ritell\u00e4\u00e4n toteutussuunnitelman Automaattiviestit-v\u00e4lilehdell\u00e4. Viestin voi luoda ja muokata siihen saakka, kunnes toteutuksen ilmoittautuminen alkaa. Peppi antaa m\u00e4\u00e4ritell\u00e4 viestin l\u00e4htemisen ajankohdaksi opiskelijan ilmoittautumisen toteutukselle tai ilmoittautumisen &hellip; <a href=\"https:\/\/blogi.eoppimispalvelut.fi\/peppi-ohjeet\/automaattiviestit\/\">Continue reading <span class=\"meta-nav\">&rarr;<\/span><\/a><\/p>\n","protected":false},"author":2214,"featured_media":0,"parent":0,"menu_order":0,"comment_status":"closed","ping_status":"closed","template":"","meta":{"_monsterinsights_skip_tracking":false,"_monsterinsights_sitenote_active":false,"_monsterinsights_sitenote_note":"","_monsterinsights_sitenote_category":0,"footnotes":""},"class_list":["post-6888","page","type-page","status-publish","hentry"],"_links":{"self":[{"href":"https:\/\/blogi.eoppimispalvelut.fi\/peppi-ohjeet\/wp-json\/wp\/v2\/pages\/6888","targetHints":{"allow":["GET"]}}],"collection":[{"href":"https:\/\/blogi.eoppimispalvelut.fi\/peppi-ohjeet\/wp-json\/wp\/v2\/pages"}],"about":[{"href":"https:\/\/blogi.eoppimispalvelut.fi\/peppi-ohjeet\/wp-json\/wp\/v2\/types\/page"}],"author":[{"embeddable":true,"href":"https:\/\/blogi.eoppimispalvelut.fi\/peppi-ohjeet\/wp-json\/wp\/v2\/users\/2214"}],"replies":[{"embeddable":true,"href":"https:\/\/blogi.eoppimispalvelut.fi\/peppi-ohjeet\/wp-json\/wp\/v2\/comments?post=6888"}],"version-history":[{"count":1,"href":"https:\/\/blogi.eoppimispalvelut.fi\/peppi-ohjeet\/wp-json\/wp\/v2\/pages\/6888\/revisions"}],"predecessor-version":[{"id":6891,"href":"https:\/\/blogi.eoppimispalvelut.fi\/peppi-ohjeet\/wp-json\/wp\/v2\/pages\/6888\/revisions\/6891"}],"wp:attachment":[{"href":"https:\/\/blogi.eoppimispalvelut.fi\/peppi-ohjeet\/wp-json\/wp\/v2\/media?parent=6888"}],"curies":[{"name":"wp","href":"https:\/\/api.w.org\/{rel}","templated":true}]}}