{"id":7090,"date":"2024-12-02T15:06:04","date_gmt":"2024-12-02T13:06:04","guid":{"rendered":"https:\/\/blogi.eoppimispalvelut.fi\/peppi-ohjeet\/?page_id=7090"},"modified":"2025-08-14T10:34:57","modified_gmt":"2025-08-14T07:34:57","slug":"ristiinopiskelu-ilmoittautuminen-toteutukselle","status":"publish","type":"page","link":"https:\/\/blogi.eoppimispalvelut.fi\/peppi-ohjeet\/opiskelijalle\/ristiinopiskelu-ilmoittautuminen-toteutukselle\/","title":{"rendered":"Ristiinopiskelu &#8211; Ilmoittautuminen toteutukselle"},"content":{"rendered":"<p><strong>Ilmoittautuminen HOPSin ulkopuolisiin Ristiinopiskelupalvelun tarjoamiin opintoihin<\/strong><\/p>\n<p>Voit valita ja sis\u00e4llytt\u00e4\u00e4 opintoja toisesta kotimaisesta korkeakoulusta omaan tutkintoosi. Ennen ilmoittautumista toisen korkeakoulun opintojaksolle, varmista opinto-ohjaajaltasi, ett\u00e4 opintojakso voidaan sis\u00e4llytt\u00e4\u00e4 omaan tutkintoosi.<\/p>\n<p>Opintojaksolle voit ilmoittautua kahdella eri tavalla:<\/p>\n<p>Opiskelijan ty\u00f6p\u00f6yd\u00e4lt\u00e4 HOPSin ilmoittautumiset v\u00e4lilehdell\u00e4.<\/p>\n<ol>\n<li>Valitse Hae opintoja -toiminto.<\/li>\n<li>Valitse Ristiiopiskelupalvelutarjonnan suodatus ja n\u00e4et ne\u00a0 Ristiinopiskeluverkostostot, joiden opintoihin sinulla on oikeus ilmoittautua.<\/li>\n<li>Valitse verkosto, klikkaa Hae ja listautuu n\u00e4kym\u00e4\u00e4n verkoston tarjoamia opintoja.<\/li>\n<li>L\u00f6ydetty\u00e4si oikean opinnon, valitse Ilmoittaudu.<\/li>\n<li>Palvelu pyyt\u00e4\u00e4 sinulta hyv\u00e4ksymist\u00e4 yhteystietojen siirt\u00e4misest\u00e4 kohdekorkeakouluun. Hyv\u00e4ksym\u00e4ll\u00e4 siirron p\u00e4\u00e4set ilmoittautumaan opintojaksolle.<\/li>\n<\/ol>\n<p>TAI<\/p>\n<p>Opiskelijan ty\u00f6p\u00f6yd\u00e4lt\u00e4 Opintojen valinta-v\u00e4lilehdelt\u00e4<\/p>\n<ol>\n<li>Klikkaa suurennuslasin kuvasta, jossa lukee &#8220;Lis\u00e4\u00e4 opintoja&#8221;<\/li>\n<li>Valitse suodatukseksi Ristiinopiskelu<\/li>\n<li>Valitse vasemmalta alhaalta verkosto, josta haluat valita opintoja<\/li>\n<li>Klikkaa haluamasi opinnon kohdalta Lis\u00e4\u00e4 koriin, jonka j\u00e4lkeen yl\u00f6s tulee palkki,\u00a0josta klikkaa kohtaa Vie valitut HOPSiin<\/li>\n<li>T\u00e4m\u00e4n j\u00e4lkeen HOPSissa n\u00e4kyy valitsemasi opinto. Mik\u00e4li opintojaksolla on avoimia ilmoittautumisia, niin ilmoittautumiset-v\u00e4lilehdell\u00e4 pystyt tekem\u00e4\u00e4n ilmoittautumisen toteutukselle.\u00a0<strong>HUOMAA, ett\u00e4 sinun tulee valita ilmoittautumiset v\u00e4lilehdelt\u00e4 kaikki-valinta, jotta avoinna olevat ilmoittautumiset n\u00e4kyv\u00e4t oikein:<img loading=\"lazy\" decoding=\"async\" class=\"alignnone size-full wp-image-7166\" src=\"https:\/\/blogi.eoppimispalvelut.fi\/peppi-ohjeet\/files\/2025\/08\/Peppi-ohjeisiin.png\" alt=\"\" width=\"376\" height=\"46\" \/><\/strong><\/li>\n<\/ol>\n<p>Opintojakso menee HOPSin ulkopuolisiin opintojaksoihin, josta opinto-ohjaaja voi siirt\u00e4\u00e4 sen tarvittaessa oikeaan kohtaan.<\/p>\n<p>Kun ilmoittaudut ensimm\u00e4isen kerran toisen korkeakoulun toteutukselle, saat hyv\u00e4ksytyst\u00e4 ilmoittautumisesta automaattisen viestin. Viesti sis\u00e4lt\u00e4\u00e4 opiskeluun liittyvi\u00e4 ohjeita. Jatkossa kyseisest\u00e4 korkeakoulusta ei tule samantyyppist\u00e4 automaattista viesti\u00e4.<\/p>\n<p>Seuraa omalta HOPSilta ilmoittautumistesi tilannetta (hyv\u00e4ksytty &#8211; hyl\u00e4tty).<\/p>\n<p><strong>Opintojen selaaminen opinto-oppaasta<\/strong><\/p>\n<p>Pystyt selaamaan opinto-tarjontaa my\u00f6s opinto-oppaastamme <a href=\"https:\/\/opinto-opas-amk.peppi4.lapit.csc.fi\/ristiinopiskelu\">t\u00e4t\u00e4 kautta<\/a><\/p>\n","protected":false},"excerpt":{"rendered":"<p>Ilmoittautuminen HOPSin ulkopuolisiin Ristiinopiskelupalvelun tarjoamiin opintoihin Voit valita ja sis\u00e4llytt\u00e4\u00e4 opintoja toisesta kotimaisesta korkeakoulusta omaan tutkintoosi. Ennen ilmoittautumista toisen korkeakoulun opintojaksolle, varmista opinto-ohjaajaltasi, ett\u00e4 opintojakso voidaan sis\u00e4llytt\u00e4\u00e4 omaan tutkintoosi. Opintojaksolle voit ilmoittautua kahdella eri tavalla: Opiskelijan ty\u00f6p\u00f6yd\u00e4lt\u00e4 HOPSin ilmoittautumiset v\u00e4lilehdell\u00e4. &hellip; <a href=\"https:\/\/blogi.eoppimispalvelut.fi\/peppi-ohjeet\/opiskelijalle\/ristiinopiskelu-ilmoittautuminen-toteutukselle\/\">Continue reading <span class=\"meta-nav\">&rarr;<\/span><\/a><\/p>\n","protected":false},"author":47782,"featured_media":0,"parent":203,"menu_order":0,"comment_status":"closed","ping_status":"closed","template":"","meta":{"_monsterinsights_skip_tracking":false,"_monsterinsights_sitenote_active":false,"_monsterinsights_sitenote_note":"","_monsterinsights_sitenote_category":0,"footnotes":""},"class_list":["post-7090","page","type-page","status-publish","hentry"],"_links":{"self":[{"href":"https:\/\/blogi.eoppimispalvelut.fi\/peppi-ohjeet\/wp-json\/wp\/v2\/pages\/7090","targetHints":{"allow":["GET"]}}],"collection":[{"href":"https:\/\/blogi.eoppimispalvelut.fi\/peppi-ohjeet\/wp-json\/wp\/v2\/pages"}],"about":[{"href":"https:\/\/blogi.eoppimispalvelut.fi\/peppi-ohjeet\/wp-json\/wp\/v2\/types\/page"}],"author":[{"embeddable":true,"href":"https:\/\/blogi.eoppimispalvelut.fi\/peppi-ohjeet\/wp-json\/wp\/v2\/users\/47782"}],"replies":[{"embeddable":true,"href":"https:\/\/blogi.eoppimispalvelut.fi\/peppi-ohjeet\/wp-json\/wp\/v2\/comments?post=7090"}],"version-history":[{"count":4,"href":"https:\/\/blogi.eoppimispalvelut.fi\/peppi-ohjeet\/wp-json\/wp\/v2\/pages\/7090\/revisions"}],"predecessor-version":[{"id":7168,"href":"https:\/\/blogi.eoppimispalvelut.fi\/peppi-ohjeet\/wp-json\/wp\/v2\/pages\/7090\/revisions\/7168"}],"up":[{"embeddable":true,"href":"https:\/\/blogi.eoppimispalvelut.fi\/peppi-ohjeet\/wp-json\/wp\/v2\/pages\/203"}],"wp:attachment":[{"href":"https:\/\/blogi.eoppimispalvelut.fi\/peppi-ohjeet\/wp-json\/wp\/v2\/media?parent=7090"}],"curies":[{"name":"wp","href":"https:\/\/api.w.org\/{rel}","templated":true}]}}