{"id":787,"date":"2020-02-25T09:08:03","date_gmt":"2020-02-25T07:08:03","guid":{"rendered":"https:\/\/blogi.eoppimispalvelut.fi\/peppi-ohjeet\/?page_id=787"},"modified":"2024-12-02T15:20:18","modified_gmt":"2024-12-02T13:20:18","slug":"ilmoittautuminen-ja-arviointi","status":"publish","type":"page","link":"https:\/\/blogi.eoppimispalvelut.fi\/peppi-ohjeet\/opiskelijalle\/ilmoittautuminen-ja-arviointi\/","title":{"rendered":"Ilmoittautuminen toteutukselle"},"content":{"rendered":"<p>Katso <a href=\"https:\/\/youtu.be\/kNbl_3x96-s\" target=\"_blank\" rel=\"noopener noreferrer\">video<\/a> (tekstityksen saa p\u00e4\u00e4lle [cc]-painikkeesta).<\/p>\n<ul>\n<li>Opiskelijat voivat ilmoittautua toteutukselle toteutussuunnitelmassa m\u00e4\u00e4riteltyn\u00e4 ilmoittautumisaikana.<\/li>\n<li>Opiskelijat ilmoittautuvat toteutuksille Pepiss\u00e4 tai Tuudossa. Ilmoittautumisaika alkaa toteutuksen julkaisemisesta alkaen ja p\u00e4\u00e4ttyy vuorokausi ennen toteutuksen alkua. YAMK-koulutuksien opiskelijoiden ilmoittautumisajan p\u00e4\u00e4ttymisest\u00e4 tiedotetaan opiskelijoita erikseen.\n<ul>\n<li>Kev\u00e4\u00e4n toteutukset julkaistaan viikolla 40<\/li>\n<li>Syksyn ja kes\u00e4n toteutukset julkaistaan viikolla 12<\/li>\n<\/ul>\n<\/li>\n<li>Opiskelija voi perua osallistumisensa niin kauan kuin ilmoittautumista ei ole hyv\u00e4ksytty ja h\u00e4nelle ei ole kirjattu merkint\u00f6j\u00e4 toteutuksen arviointi -sivulla.<\/li>\n<li>Opettaja vahvistaa opiskelijan oikeuden osallistua toteutukseen hyv\u00e4ksym\u00e4ll\u00e4 ilmoittautumisen.<\/li>\n<li>Kun opiskelija on hyv\u00e4ksytty toteutukselle, saa h\u00e4n toteutuksen oppimisymp\u00e4rist\u00f6n Moodleen (Katsaus ty\u00f6tiloistani listalle) 6 vrk ennen toteutuksen alkua tai jos toteutus on jo alkanut, niin viimeist\u00e4\u00e4 4 tunnin kuluessa siit\u00e4, kun opettaja on h\u00e4net totetukselle hyv\u00e4ksynyt.<\/li>\n<li><strong>Ilmoittautumisen my\u00f6t\u00e4 opiskelijalle syntyy oikeus arviointiin ja h\u00e4n saa k\u00e4ytt\u00f6\u00f6ns\u00e4 kaikki toteutukseen liittyv\u00e4t materiaalit sek\u00e4 p\u00e4\u00e4syn toteutuksen aikana k\u00e4yt\u00f6ss\u00e4 oleviin oppimisymp\u00e4rist\u00f6ihin.<\/strong><\/li>\n<li>Toteutuksen lukuj\u00e4rjestysvaraukset n\u00e4kyv\u00e4t opiskelijan lukuj\u00e4rjestyksess\u00e4 vain, jos opiskelija on ilmoittautunut toteutukselle.<\/li>\n<li>Lukuj\u00e4rjestystiedot siirtyv\u00e4t opiskelijan Outlook-kalenteriin vain, jos opettaja on hyv\u00e4ksynyt opiskelijan ilmoittautumisen toteutukselle.<\/li>\n<\/ul>\n<p>&nbsp;<\/p>\n<h2>Ilmoittautumisia ohjaa Lapin ammattikorkeakoulun tutkintos\u00e4\u00e4nt\u00f6<\/h2>\n<p><strong>\u00a0<\/strong><strong>Opetukseen osallistuminen ja opintojen suorittaminen<\/strong><\/p>\n<ul>\n<li>Oikeus suorittaa tutkintoon johtavia opintoja, osallistua opetukseen ja harjoitteluun sek\u00e4 saada suoritusmerkint\u00f6j\u00e4 on vain opiskelijalla, joka on ilmoittautunut opiskelijaksi Lapin ammattikorkeakouluun ja joka on tehnyt kyseist\u00e4 lukuvuotta koskevan l\u00e4sn\u00e4oloilmoituksen.<\/li>\n<li>Opiskelijan on ilmoittauduttava ammattikorkeakoulun m\u00e4\u00e4r\u00e4\u00e4m\u00e4ll\u00e4 tavalla jokaiselle opintojaksolle, jolle h\u00e4n aikoo osallistua ja jonka h\u00e4n aikoo suorittaa.<\/li>\n<li>Erillisilmoittautumisista ilmoitetaan opiskelijoille erikseen.<\/li>\n<li>Ilmoittautuminen on sitova.<\/li>\n<li>Mik\u00e4li\u00a0<strong>opiskelija ei ole osallistunut opetukseen tai ei ole tehnyt mit\u00e4\u00e4n suorituksia<\/strong>\u00a0opintojaksototeutuksen aikana, opiskelijan\u00a0<strong>ilmoittautuminen hyl\u00e4t\u00e4\u00e4n.<\/strong><\/li>\n<li>Ilmoittautumisajan j\u00e4lkeen ilmoittautumisen voi perua ainoastaan syyst\u00e4, joka est\u00e4\u00e4 opintojaksolle osallistumisen.<\/li>\n<li>Opintojakson vastuullinen opettaja hyv\u00e4ksyy ilmoittautuneet opiskelijat opintojaksolle toteutussuunnitelman mukaisesti.<\/li>\n<li>Opiskelijat ilmoittautuvat toteutuksille Pepiss\u00e4.<\/li>\n<\/ul>\n<p>&nbsp;<\/p>\n<p><strong>Ilmoittautuminen toteutuksille<\/strong><\/p>\n<p>N\u00e4et ilmoituksen HOPSissasi oikean reunan palstalla, kun ilmoittautuminen opinnolle on auki. Klikkaamalla HOPSissa olevan opintojakson nime\u00e4, n\u00e4et avautuvassa ikkunassa tulevien toteutusten ajoituksen ja tarkemman ilmoittautumisajan. Lis\u00e4tietoja toteutuksesta saa klikkaamalla toteutuksen nime\u00e4.<\/p>\n<div id=\"attachment_1702\" style=\"width: 305px\" class=\"wp-caption alignnone\"><a href=\"https:\/\/blogi.eoppimispalvelut.fi\/peppi-ohjeet\/files\/2020\/04\/Ilmoittautuminen-k\u00e4ynniss\u00e4.png\" rel=\"attachment wp-att-1702\"><img loading=\"lazy\" decoding=\"async\" aria-describedby=\"caption-attachment-1702\" class=\"wp-image-1702 size-full\" src=\"https:\/\/blogi.eoppimispalvelut.fi\/peppi-ohjeet\/files\/2020\/04\/Ilmoittautuminen-k\u00e4ynniss\u00e4.png\" alt=\"Ilmoittautuminen k\u00e4ynniss\u00e4 HOPSilla\" width=\"295\" height=\"49\" \/><\/a><p id=\"caption-attachment-1702\" class=\"wp-caption-text\">Klikkaa kuva suuremmaksi<\/p><\/div>\n<p>Ilmoittautuminen toteutuksille tapahtuu HOPSin Ilmoittautumiset-v\u00e4lilehdell\u00e4. Ilmoittautumiset-v\u00e4lilehdell\u00e4 voit tarkastella ilmoittautumisiasi ja peruuttaa ilmoittautumisia. Voit my\u00f6s Hae opintoja -painikkeen kautta ilmoittautua HOPSin ulkopuolisiin opintoihin<\/p>\n<ul>\n<li>Ilmoittautumiset-v\u00e4lilehdell\u00e4 n\u00e4et kaikki ilmoittautumisesi sek\u00e4 ne opintojaksojen toteutukset, joille voit HOPSisi mukaan ilmoittautua.<\/li>\n<li>Sivulla on kolme ryhm\u00e4\u00e4: Ilmoittautuminen k\u00e4ynniss\u00e4, Ilmoittautumiset: Tulevat ja k\u00e4ynniss\u00e4 olevat toteutukset sek\u00e4 Ilmoittautumiset: Menneet toteutukset\n<ul>\n<li>Ryhmiss\u00e4 n\u00e4kyvien opintojen j\u00e4rjestyst\u00e4 voi suodattaa klikkaamalla laatikon eri sarakkeiden otsikoita.<\/li>\n<li>Menneet toteutukset-ryhm\u00e4ss\u00e4 ovat my\u00f6s jo suorittamasi opintojaksot.<\/li>\n<\/ul>\n<\/li>\n<li>Valitsemalla &#8220;Kaikki&#8221;, n\u00e4et ne toteutukset, jotka ovat avoinna koulutuksesi kaikille ryhmille.<\/li>\n<li><b>Valitsemalla &#8220;Omat&#8221; voit ilmoittautua oman <\/b><b>HOPSisi<\/b><b> mukaisiin opintoihin.<\/b><\/li>\n<li>Voit ilmoittatua toteutukselle klikkaamalla Ilmoittaudu-painiketta.<\/li>\n<\/ul>\n<div id=\"attachment_6556\" style=\"width: 594px\" class=\"wp-caption alignnone\"><a href=\"https:\/\/blogi.eoppimispalvelut.fi\/peppi-ohjeet\/files\/2024\/05\/Toteutuksille-ilmoittautuminen.png\" rel=\"attachment wp-att-1718\"><img loading=\"lazy\" decoding=\"async\" aria-describedby=\"caption-attachment-6556\" class=\"wp-image-6556 size-large\" src=\"https:\/\/blogi.eoppimispalvelut.fi\/peppi-ohjeet\/files\/2024\/05\/Toteutuksille-ilmoittautuminen-1280x289.png\" alt=\"Toteutuksille ilmoittautuminen\" width=\"584\" height=\"132\" srcset=\"https:\/\/blogi.eoppimispalvelut.fi\/peppi-ohjeet\/files\/2024\/05\/Toteutuksille-ilmoittautuminen-1280x289.png 1280w, https:\/\/blogi.eoppimispalvelut.fi\/peppi-ohjeet\/files\/2024\/05\/Toteutuksille-ilmoittautuminen-600x135.png 600w, https:\/\/blogi.eoppimispalvelut.fi\/peppi-ohjeet\/files\/2024\/05\/Toteutuksille-ilmoittautuminen-768x173.png 768w, https:\/\/blogi.eoppimispalvelut.fi\/peppi-ohjeet\/files\/2024\/05\/Toteutuksille-ilmoittautuminen-1536x346.png 1536w, https:\/\/blogi.eoppimispalvelut.fi\/peppi-ohjeet\/files\/2024\/05\/Toteutuksille-ilmoittautuminen-2048x462.png 2048w, https:\/\/blogi.eoppimispalvelut.fi\/peppi-ohjeet\/files\/2024\/05\/Toteutuksille-ilmoittautuminen-500x113.png 500w\" sizes=\"auto, (max-width: 584px) 100vw, 584px\" \/><\/a><p id=\"caption-attachment-6556\" class=\"wp-caption-text\">Klikkaa kuvaa suuremmaksi<\/p><\/div>\n<ul>\n<li>Mik\u00e4li toteutuksella on pienryhmi\u00e4, pienryhmiin ilmoittautumisen valinnat tulevat n\u00e4kyviin ilmoittautumisen yhteydess\u00e4.<\/li>\n<li>Kun ilmoittaudut toteutukseen, opettaja on saattanut asettaa lis\u00e4kysymyksi\u00e4, jotka voivat olla vapaaehtoisia tai pakollisia.<\/li>\n<li>Klikkaamalla opintojakson nime\u00e4 saat n\u00e4kyviin toteutuksen tarkemmat tiedot.<\/li>\n<li>Voit my\u00f6s perua ilmoittautumisesi, ellei opettaja ole hyv\u00e4ksynyt ilmoittautumistasi. Mik\u00e4li sinulle on kirjattu merkint\u00f6j\u00e4 toteutukselle, et voi perua ilmoittautumistasi.<\/li>\n<li>Peruuta ilmoittautuminen klikkaamalla Peruuta-painiketta.<\/li>\n<\/ul>\n<div id=\"attachment_6557\" style=\"width: 594px\" class=\"wp-caption alignnone\"><a href=\"https:\/\/blogi.eoppimispalvelut.fi\/peppi-ohjeet\/files\/2024\/05\/Ilmoittautumisen-peruminen.png\"><img loading=\"lazy\" decoding=\"async\" aria-describedby=\"caption-attachment-6557\" class=\"size-large wp-image-6557\" src=\"https:\/\/blogi.eoppimispalvelut.fi\/peppi-ohjeet\/files\/2024\/05\/Ilmoittautumisen-peruminen-1280x333.png\" alt=\"Ilmoittautumisen peruminen\" width=\"584\" height=\"152\" srcset=\"https:\/\/blogi.eoppimispalvelut.fi\/peppi-ohjeet\/files\/2024\/05\/Ilmoittautumisen-peruminen-1280x333.png 1280w, https:\/\/blogi.eoppimispalvelut.fi\/peppi-ohjeet\/files\/2024\/05\/Ilmoittautumisen-peruminen-600x156.png 600w, https:\/\/blogi.eoppimispalvelut.fi\/peppi-ohjeet\/files\/2024\/05\/Ilmoittautumisen-peruminen-768x200.png 768w, https:\/\/blogi.eoppimispalvelut.fi\/peppi-ohjeet\/files\/2024\/05\/Ilmoittautumisen-peruminen-1536x400.png 1536w, https:\/\/blogi.eoppimispalvelut.fi\/peppi-ohjeet\/files\/2024\/05\/Ilmoittautumisen-peruminen-2048x533.png 2048w, https:\/\/blogi.eoppimispalvelut.fi\/peppi-ohjeet\/files\/2024\/05\/Ilmoittautumisen-peruminen-500x130.png 500w\" sizes=\"auto, (max-width: 584px) 100vw, 584px\" \/><\/a><p id=\"caption-attachment-6557\" class=\"wp-caption-text\">Klikkaa kuvaa suuremmaksi<\/p><\/div>\n<ul>\n<li>Toteutuksen tiedoissa on mainittuna ryhm\u00e4t, joille toteutus on kohdennettu.<\/li>\n<\/ul>\n<div id=\"attachment_1721\" style=\"width: 610px\" class=\"wp-caption alignnone\"><a href=\"https:\/\/blogi.eoppimispalvelut.fi\/peppi-ohjeet\/files\/2020\/04\/Toteutuksen-ryhm\u00e4t.png\" rel=\"attachment wp-att-1721\"><img loading=\"lazy\" decoding=\"async\" aria-describedby=\"caption-attachment-1721\" class=\"wp-image-1721 size-medium\" src=\"https:\/\/blogi.eoppimispalvelut.fi\/peppi-ohjeet\/files\/2020\/04\/Toteutuksen-ryhm\u00e4t-900x686.png\" alt=\"Toteutuksen rym\u00e4tiedot\" width=\"600\" height=\"457\" srcset=\"https:\/\/blogi.eoppimispalvelut.fi\/peppi-ohjeet\/files\/2020\/04\/Toteutuksen-ryhm\u00e4t-900x686.png 900w, https:\/\/blogi.eoppimispalvelut.fi\/peppi-ohjeet\/files\/2020\/04\/Toteutuksen-ryhm\u00e4t-1280x976.png 1280w, https:\/\/blogi.eoppimispalvelut.fi\/peppi-ohjeet\/files\/2020\/04\/Toteutuksen-ryhm\u00e4t-768x586.png 768w, https:\/\/blogi.eoppimispalvelut.fi\/peppi-ohjeet\/files\/2020\/04\/Toteutuksen-ryhm\u00e4t-393x300.png 393w, https:\/\/blogi.eoppimispalvelut.fi\/peppi-ohjeet\/files\/2020\/04\/Toteutuksen-ryhm\u00e4t.png 1336w\" sizes=\"auto, (max-width: 600px) 100vw, 600px\" \/><\/a><p id=\"caption-attachment-1721\" class=\"wp-caption-text\">Klikkaa kuva suuremmaksi<\/p><\/div>\n<p>&nbsp;<\/p>\n<p><strong>Ilmoittautuminen HOPSin ulkopuolisiin opintoihin<\/strong><\/p>\n<p>Mik\u00e4li haluat suorittaa opintoja, jotka eiv\u00e4t kuulu osaksi opetussuunnitelman mukaista HOPSia, voit ilmoittautua niihin valitsemalla Hae Opintoja.\u00a0 Huomaa, ett\u00e4 voit hakea vain opintoja, joissa ilmoittautuminen on k\u00e4ynniss\u00e4. Voit selata opintotarjontaa esimerkiksi opinto-oppaasta tai Pepin Minun opintoni -valikosta l\u00f6ytyv\u00e4st\u00e4 Koulutushausta.<\/p>\n<div id=\"attachment_1722\" style=\"width: 379px\" class=\"wp-caption alignnone\"><a href=\"https:\/\/blogi.eoppimispalvelut.fi\/peppi-ohjeet\/files\/2020\/04\/Hae-opintoja.png\" rel=\"attachment wp-att-1722\"><img loading=\"lazy\" decoding=\"async\" aria-describedby=\"caption-attachment-1722\" class=\"wp-image-1722 size-full\" src=\"https:\/\/blogi.eoppimispalvelut.fi\/peppi-ohjeet\/files\/2020\/04\/Hae-opintoja.png\" alt=\"Hae opintoja muusta tarjonnasta\" width=\"369\" height=\"97\" \/><\/a><p id=\"caption-attachment-1722\" class=\"wp-caption-text\">Klikkaa kuva suuremmaksi<\/p><\/div>\n<ul>\n<li>Hae lis\u00e4\u00e4 toteutuksia, joissa ilmoittautumisaika on k\u00e4ynniss\u00e4, klikkaamalla Hae opintoja -painiketta.<\/li>\n<\/ul>\n<div id=\"attachment_6558\" style=\"width: 594px\" class=\"wp-caption alignnone\"><a href=\"https:\/\/blogi.eoppimispalvelut.fi\/peppi-ohjeet\/files\/2024\/05\/HOPSin-ulkopuolisten-opintojen-haku.png\" rel=\"attachment wp-att-1724\"><img loading=\"lazy\" decoding=\"async\" aria-describedby=\"caption-attachment-6558\" class=\"wp-image-6558 size-large\" src=\"https:\/\/blogi.eoppimispalvelut.fi\/peppi-ohjeet\/files\/2024\/05\/HOPSin-ulkopuolisten-opintojen-haku-1280x495.png\" alt=\"HOPSin ulkopuolisten opintojen haku\" width=\"584\" height=\"226\" srcset=\"https:\/\/blogi.eoppimispalvelut.fi\/peppi-ohjeet\/files\/2024\/05\/HOPSin-ulkopuolisten-opintojen-haku-1280x495.png 1280w, https:\/\/blogi.eoppimispalvelut.fi\/peppi-ohjeet\/files\/2024\/05\/HOPSin-ulkopuolisten-opintojen-haku-600x232.png 600w, https:\/\/blogi.eoppimispalvelut.fi\/peppi-ohjeet\/files\/2024\/05\/HOPSin-ulkopuolisten-opintojen-haku-768x297.png 768w, https:\/\/blogi.eoppimispalvelut.fi\/peppi-ohjeet\/files\/2024\/05\/HOPSin-ulkopuolisten-opintojen-haku-1536x594.png 1536w, https:\/\/blogi.eoppimispalvelut.fi\/peppi-ohjeet\/files\/2024\/05\/HOPSin-ulkopuolisten-opintojen-haku-2048x792.png 2048w, https:\/\/blogi.eoppimispalvelut.fi\/peppi-ohjeet\/files\/2024\/05\/HOPSin-ulkopuolisten-opintojen-haku-500x193.png 500w\" sizes=\"auto, (max-width: 584px) 100vw, 584px\" \/><\/a><p id=\"caption-attachment-6558\" class=\"wp-caption-text\">Klikkaa kuvaa suuremmaksi<\/p><\/div>\n<ol>\n<li>Voit hakea opintoja, joihin haluat ilmoittautua valitsemalla Hae. T\u00e4ll\u00f6in n\u00e4et kaikki toteutukset, joissa ilmoittautumien on avoinna. Mik\u00e4li haet tiettyj\u00e4 opintoja, sy\u00f6t\u00e4 hakukentt\u00e4\u00e4n toteutuksen nimi tai osa siit\u00e4 ja klikkaa Hae.<\/li>\n<li>L\u00f6ydetty\u00e4si oikean opinnon, valitse Ilmoittaudu.<\/li>\n<li>Opintojakso menee HOPSin ulkopuolisiin opintojaksoihin, josta opinto-ohjaaja voi siirt\u00e4\u00e4 sen tarvittaessa muualle.<\/li>\n<\/ol>\n<p>&nbsp;<\/p>\n<hr \/>\n<p>Takaisin <a href=\"https:\/\/blogi.eoppimispalvelut.fi\/peppi-ohjeet\/opiskelijalle\/\">Opiskelijalle-sivulle<\/a><\/p>\n","protected":false},"excerpt":{"rendered":"<p>Katso video (tekstityksen saa p\u00e4\u00e4lle [cc]-painikkeesta). Opiskelijat voivat ilmoittautua toteutukselle toteutussuunnitelmassa m\u00e4\u00e4riteltyn\u00e4 ilmoittautumisaikana. Opiskelijat ilmoittautuvat toteutuksille Pepiss\u00e4 tai Tuudossa. Ilmoittautumisaika alkaa toteutuksen julkaisemisesta alkaen ja p\u00e4\u00e4ttyy vuorokausi ennen toteutuksen alkua. YAMK-koulutuksien opiskelijoiden ilmoittautumisajan p\u00e4\u00e4ttymisest\u00e4 tiedotetaan opiskelijoita erikseen. Kev\u00e4\u00e4n toteutukset julkaistaan &hellip; <a href=\"https:\/\/blogi.eoppimispalvelut.fi\/peppi-ohjeet\/opiskelijalle\/ilmoittautuminen-ja-arviointi\/\">Continue reading <span class=\"meta-nav\">&rarr;<\/span><\/a><\/p>\n","protected":false},"author":6,"featured_media":0,"parent":203,"menu_order":0,"comment_status":"closed","ping_status":"closed","template":"","meta":{"_monsterinsights_skip_tracking":false,"_monsterinsights_sitenote_active":false,"_monsterinsights_sitenote_note":"","_monsterinsights_sitenote_category":0,"footnotes":""},"class_list":["post-787","page","type-page","status-publish","hentry"],"_links":{"self":[{"href":"https:\/\/blogi.eoppimispalvelut.fi\/peppi-ohjeet\/wp-json\/wp\/v2\/pages\/787","targetHints":{"allow":["GET"]}}],"collection":[{"href":"https:\/\/blogi.eoppimispalvelut.fi\/peppi-ohjeet\/wp-json\/wp\/v2\/pages"}],"about":[{"href":"https:\/\/blogi.eoppimispalvelut.fi\/peppi-ohjeet\/wp-json\/wp\/v2\/types\/page"}],"author":[{"embeddable":true,"href":"https:\/\/blogi.eoppimispalvelut.fi\/peppi-ohjeet\/wp-json\/wp\/v2\/users\/6"}],"replies":[{"embeddable":true,"href":"https:\/\/blogi.eoppimispalvelut.fi\/peppi-ohjeet\/wp-json\/wp\/v2\/comments?post=787"}],"version-history":[{"count":39,"href":"https:\/\/blogi.eoppimispalvelut.fi\/peppi-ohjeet\/wp-json\/wp\/v2\/pages\/787\/revisions"}],"predecessor-version":[{"id":7095,"href":"https:\/\/blogi.eoppimispalvelut.fi\/peppi-ohjeet\/wp-json\/wp\/v2\/pages\/787\/revisions\/7095"}],"up":[{"embeddable":true,"href":"https:\/\/blogi.eoppimispalvelut.fi\/peppi-ohjeet\/wp-json\/wp\/v2\/pages\/203"}],"wp:attachment":[{"href":"https:\/\/blogi.eoppimispalvelut.fi\/peppi-ohjeet\/wp-json\/wp\/v2\/media?parent=787"}],"curies":[{"name":"wp","href":"https:\/\/api.w.org\/{rel}","templated":true}]}}