{"id":843,"date":"2020-02-26T14:47:14","date_gmt":"2020-02-26T12:47:14","guid":{"rendered":"https:\/\/blogi.eoppimispalvelut.fi\/peppi-ohjeet\/?page_id=843"},"modified":"2020-05-12T10:12:12","modified_gmt":"2020-05-12T07:12:12","slug":"esimerkkeja-toiveista","status":"publish","type":"page","link":"https:\/\/blogi.eoppimispalvelut.fi\/peppi-ohjeet\/opetus_ohjaus\/omat-toteutukset\/rytmitys\/esimerkkeja-toiveista\/","title":{"rendered":"Esimerkkej\u00e4 toiveista"},"content":{"rendered":"<p>Katso <a href=\"https:\/\/youtu.be\/Ax-xrU538nU\" \" target=\"_blank\">video<\/a> (tekstityksen saa p\u00e4\u00e4lle [cc]-painikkeesta).<\/p>\n<h2>Esimerkki &#8211; toistuva viikkovaraus<\/h2>\n<p>Opettaja toivoo kolme viikkotuntia tasaisesti:<\/p>\n<div id=\"attachment_2577\" style=\"width: 910px\" class=\"wp-caption alignnone\"><a href=\"https:\/\/blogi.eoppimispalvelut.fi\/peppi-ohjeet\/opetus_ohjaus\/omat-toteutukset\/rytmitys\/esimerkkeja-toiveista\/tasaisettunnit\/\"><img loading=\"lazy\" decoding=\"async\" aria-describedby=\"caption-attachment-2577\" class=\"wp-image-2577 size-medium\" src=\"https:\/\/blogi.eoppimispalvelut.fi\/peppi-ohjeet\/files\/2020\/05\/TasaisetTunnit-900x684.png\" alt=\"Tasaiset tunnit\" width=\"900\" height=\"684\" srcset=\"https:\/\/blogi.eoppimispalvelut.fi\/peppi-ohjeet\/files\/2020\/05\/TasaisetTunnit-900x684.png 900w, https:\/\/blogi.eoppimispalvelut.fi\/peppi-ohjeet\/files\/2020\/05\/TasaisetTunnit-768x584.png 768w, https:\/\/blogi.eoppimispalvelut.fi\/peppi-ohjeet\/files\/2020\/05\/TasaisetTunnit-394x300.png 394w, https:\/\/blogi.eoppimispalvelut.fi\/peppi-ohjeet\/files\/2020\/05\/TasaisetTunnit.png 1002w\" sizes=\"auto, (max-width: 900px) 100vw, 900px\" \/><\/a><p id=\"caption-attachment-2577\" class=\"wp-caption-text\">Klikkaa kuva suuremmaksi.<\/p><\/div>\n<p>Tallennuksen j\u00e4lkeen n\u00e4et rivin n\u00e4in:<\/p>\n<div id=\"attachment_2584\" style=\"width: 910px\" class=\"wp-caption alignleft\"><a href=\"https:\/\/blogi.eoppimispalvelut.fi\/peppi-ohjeet\/opetus_ohjaus\/omat-toteutukset\/rytmitys\/esimerkkeja-toiveista\/tasaisettunnittallennus\/\" rel=\"attachment wp-att-2584\"><img loading=\"lazy\" decoding=\"async\" aria-describedby=\"caption-attachment-2584\" class=\"wp-image-2584 size-medium\" src=\"https:\/\/blogi.eoppimispalvelut.fi\/peppi-ohjeet\/files\/2020\/05\/TasaisetTunnitTallennus-900x165.png\" alt=\"Tallennuksen j\u00e4lkeen\" width=\"900\" height=\"165\" srcset=\"https:\/\/blogi.eoppimispalvelut.fi\/peppi-ohjeet\/files\/2020\/05\/TasaisetTunnitTallennus-900x165.png 900w, https:\/\/blogi.eoppimispalvelut.fi\/peppi-ohjeet\/files\/2020\/05\/TasaisetTunnitTallennus-768x141.png 768w, https:\/\/blogi.eoppimispalvelut.fi\/peppi-ohjeet\/files\/2020\/05\/TasaisetTunnitTallennus-500x92.png 500w, https:\/\/blogi.eoppimispalvelut.fi\/peppi-ohjeet\/files\/2020\/05\/TasaisetTunnitTallennus.png 1220w\" sizes=\"auto, (max-width: 900px) 100vw, 900px\" \/><\/a><p id=\"caption-attachment-2584\" class=\"wp-caption-text\">Klikkaa kuva suuremmaksi.<\/p><\/div>\n<p>&nbsp;<\/p>\n<h2><strong>Esimerkki \u2013 runsaasti viikoittain vaihteleva monen opettajan toteutus<\/strong><\/h2>\n<p>Vaihtelevissa toteutuksissa pit\u00e4\u00e4 tehd\u00e4 oma rivi kaikille tunneille tai kaikille viikoille. Rivill\u00e4 on t\u00e4rke\u00e4 n\u00e4ky\u00e4 ajoitus, opettajat, tuntityyppi ja tilatoive, jotta lukuj\u00e4rjestyssuunnittelija ymm\u00e4rt\u00e4\u00e4 toiveet.<\/p>\n<div id=\"attachment_2585\" style=\"width: 910px\" class=\"wp-caption alignleft\"><a href=\"https:\/\/blogi.eoppimispalvelut.fi\/peppi-ohjeet\/opetus_ohjaus\/omat-toteutukset\/rytmitys\/esimerkkeja-toiveista\/vaihtelevamonenopettajan\/\" rel=\"attachment wp-att-2585\"><img loading=\"lazy\" decoding=\"async\" aria-describedby=\"caption-attachment-2585\" class=\"wp-image-2585 size-medium\" src=\"https:\/\/blogi.eoppimispalvelut.fi\/peppi-ohjeet\/files\/2020\/05\/VaihtelevaMonenOpettajan-900x516.png\" alt=\"Vaihteleva\" width=\"900\" height=\"516\" srcset=\"https:\/\/blogi.eoppimispalvelut.fi\/peppi-ohjeet\/files\/2020\/05\/VaihtelevaMonenOpettajan-900x516.png 900w, https:\/\/blogi.eoppimispalvelut.fi\/peppi-ohjeet\/files\/2020\/05\/VaihtelevaMonenOpettajan-768x440.png 768w, https:\/\/blogi.eoppimispalvelut.fi\/peppi-ohjeet\/files\/2020\/05\/VaihtelevaMonenOpettajan-500x286.png 500w, https:\/\/blogi.eoppimispalvelut.fi\/peppi-ohjeet\/files\/2020\/05\/VaihtelevaMonenOpettajan.png 1215w\" sizes=\"auto, (max-width: 900px) 100vw, 900px\" \/><\/a><p id=\"caption-attachment-2585\" class=\"wp-caption-text\">Klikkaa kuva suuremmaksi.<\/p><\/div>\n<p>&nbsp;<\/p>\n<p>Takaisin\u00a0<a href=\"https:\/\/blogi.eoppimispalvelut.fi\/peppi-ohjeet\/opetus_ohjaus\/\">Opetus ja ohjaus -sivulle<\/a><\/p>\n","protected":false},"excerpt":{"rendered":"<p>Katso<\/p>\n","protected":false},"author":6,"featured_media":0,"parent":261,"menu_order":0,"comment_status":"closed","ping_status":"closed","template":"","meta":{"_monsterinsights_skip_tracking":false,"_monsterinsights_sitenote_active":false,"_monsterinsights_sitenote_note":"","_monsterinsights_sitenote_category":0,"footnotes":""},"class_list":["post-843","page","type-page","status-publish","hentry"],"_links":{"self":[{"href":"https:\/\/blogi.eoppimispalvelut.fi\/peppi-ohjeet\/wp-json\/wp\/v2\/pages\/843","targetHints":{"allow":["GET"]}}],"collection":[{"href":"https:\/\/blogi.eoppimispalvelut.fi\/peppi-ohjeet\/wp-json\/wp\/v2\/pages"}],"about":[{"href":"https:\/\/blogi.eoppimispalvelut.fi\/peppi-ohjeet\/wp-json\/wp\/v2\/types\/page"}],"author":[{"embeddable":true,"href":"https:\/\/blogi.eoppimispalvelut.fi\/peppi-ohjeet\/wp-json\/wp\/v2\/users\/6"}],"replies":[{"embeddable":true,"href":"https:\/\/blogi.eoppimispalvelut.fi\/peppi-ohjeet\/wp-json\/wp\/v2\/comments?post=843"}],"version-history":[{"count":15,"href":"https:\/\/blogi.eoppimispalvelut.fi\/peppi-ohjeet\/wp-json\/wp\/v2\/pages\/843\/revisions"}],"predecessor-version":[{"id":2755,"href":"https:\/\/blogi.eoppimispalvelut.fi\/peppi-ohjeet\/wp-json\/wp\/v2\/pages\/843\/revisions\/2755"}],"up":[{"embeddable":true,"href":"https:\/\/blogi.eoppimispalvelut.fi\/peppi-ohjeet\/wp-json\/wp\/v2\/pages\/261"}],"wp:attachment":[{"href":"https:\/\/blogi.eoppimispalvelut.fi\/peppi-ohjeet\/wp-json\/wp\/v2\/media?parent=843"}],"curies":[{"name":"wp","href":"https:\/\/api.w.org\/{rel}","templated":true}]}}