{"id":953,"date":"2020-03-05T14:25:12","date_gmt":"2020-03-05T12:25:12","guid":{"rendered":"https:\/\/blogi.eoppimispalvelut.fi\/peppi-ohjeet\/?page_id=953"},"modified":"2024-06-27T10:23:55","modified_gmt":"2024-06-27T07:23:55","slug":"lukkarikone","status":"publish","type":"page","link":"https:\/\/blogi.eoppimispalvelut.fi\/peppi-ohjeet\/opiskelijalle\/lukkarikone\/","title":{"rendered":"Lukkarikone"},"content":{"rendered":"<ul>\n<li>Lukuj\u00e4rjestykset ovat kaikkien katsottavissa ilman kirjautumista.<\/li>\n<li>Julkiset lukuj\u00e4rjestykset l\u00f6ytyv\u00e4t Lapin AMKin nettisivuilta kohdasta Sovellukset ja pikalinkit.<\/li>\n<li>Suora linkki Lukkarikoneeseen <a href=\"https:\/\/lukkarikone-amk.peppi4.lapit.csc.fi\/#\/schedule\" target=\"_blank\" rel=\"noopener\">t\u00e4st\u00e4.<\/a><\/li>\n<\/ul>\n<div id=\"attachment_2439\" style=\"width: 910px\" class=\"wp-caption alignnone\"><a href=\"https:\/\/blogi.eoppimispalvelut.fi\/peppi-ohjeet\/opiskelijalle\/lukkarikone\/kalenteri-2\/\" rel=\"attachment wp-att-2439\"><img loading=\"lazy\" decoding=\"async\" aria-describedby=\"caption-attachment-2439\" class=\"size-medium wp-image-2439\" src=\"https:\/\/blogi.eoppimispalvelut.fi\/peppi-ohjeet\/files\/2020\/04\/Kalenteri-900x380.png\" alt=\"Kalenteri\" width=\"900\" height=\"380\" srcset=\"https:\/\/blogi.eoppimispalvelut.fi\/peppi-ohjeet\/files\/2020\/04\/Kalenteri-900x380.png 900w, https:\/\/blogi.eoppimispalvelut.fi\/peppi-ohjeet\/files\/2020\/04\/Kalenteri-1280x540.png 1280w, https:\/\/blogi.eoppimispalvelut.fi\/peppi-ohjeet\/files\/2020\/04\/Kalenteri-768x324.png 768w, https:\/\/blogi.eoppimispalvelut.fi\/peppi-ohjeet\/files\/2020\/04\/Kalenteri-1536x648.png 1536w, https:\/\/blogi.eoppimispalvelut.fi\/peppi-ohjeet\/files\/2020\/04\/Kalenteri-500x211.png 500w, https:\/\/blogi.eoppimispalvelut.fi\/peppi-ohjeet\/files\/2020\/04\/Kalenteri.png 1623w\" sizes=\"auto, (max-width: 900px) 100vw, 900px\" \/><\/a><p id=\"caption-attachment-2439\" class=\"wp-caption-text\">Klikkaa kuva suuremmaksi<\/p><\/div>\n<p><strong>Ryhmien lukuj\u00e4rjestykset<\/strong><\/p>\n<div id=\"attachment_967\" style=\"width: 594px\" class=\"wp-caption alignnone\"><a href=\"https:\/\/blogi.eoppimispalvelut.fi\/peppi-ohjeet\/opiskelijalle\/lukkarikone\/lukkarinakyma_kone\/\" rel=\"attachment wp-att-967\"><img loading=\"lazy\" decoding=\"async\" aria-describedby=\"caption-attachment-967\" class=\"wp-image-967 size-large\" src=\"https:\/\/blogi.eoppimispalvelut.fi\/peppi-ohjeet\/files\/2020\/03\/Lukkarin\u00e4kym\u00e4_kone-1024x530.png\" alt=\"Lukkarikoneen n\u00e4kym\u00e4\" width=\"584\" height=\"302\" srcset=\"https:\/\/blogi.eoppimispalvelut.fi\/peppi-ohjeet\/files\/2020\/03\/Lukkarin\u00e4kym\u00e4_kone-1024x530.png 1024w, https:\/\/blogi.eoppimispalvelut.fi\/peppi-ohjeet\/files\/2020\/03\/Lukkarin\u00e4kym\u00e4_kone-300x155.png 300w, https:\/\/blogi.eoppimispalvelut.fi\/peppi-ohjeet\/files\/2020\/03\/Lukkarin\u00e4kym\u00e4_kone-768x397.png 768w, https:\/\/blogi.eoppimispalvelut.fi\/peppi-ohjeet\/files\/2020\/03\/Lukkarin\u00e4kym\u00e4_kone.png 1280w\" sizes=\"auto, (max-width: 584px) 100vw, 584px\" \/><\/a><p id=\"caption-attachment-967\" class=\"wp-caption-text\">Klikkaa kuva suuremmaksi<\/p><\/div>\n<ol>\n<li>Valitse hakukriteeriksi Hae ryhmi\u00e4<\/li>\n<li>Lis\u00e4\u00e4 hakusanaksi ryhm\u00e4n tunnus<\/li>\n<li>Valitse Hae<\/li>\n<li>Hakutulokset tulevat n\u00e4kyviin hakusanakent\u00e4n alla<\/li>\n<li>Valitse Lis\u00e4\u00e4. Jos haluat tarkastella useamman ryhm\u00e4n lukuj\u00e4rjestyksi\u00e4 samanaikaisesti, aloita seuraavan ryhm\u00e4n lis\u00e4\u00e4minen lis\u00e4\u00e4m\u00e4ll\u00e4 ryhm\u00e4n tunnus hakusanaksi<\/li>\n<li>Valitse Piilota hakutulokset<\/li>\n<\/ol>\n<ul>\n<li>Kuluva p\u00e4iv\u00e4 n\u00e4kyy keltaisella varjostuksella<\/li>\n<li>Voit selata n\u00e4kym\u00e4\u00e4 taakse- ja eteenp\u00e4in nuolin\u00e4pp\u00e4imill\u00e4<\/li>\n<li>Voit tarkastella lukuj\u00e4rjestyksi\u00e4 my\u00f6s kuukausi-, viikko- tai p\u00e4iv\u00e4n\u00e4kym\u00e4ss\u00e4<\/li>\n<\/ul>\n<p>Voit avata yksitt\u00e4isen varauksen tiedot klikkaamalla varausta.<\/p>\n<div id=\"attachment_969\" style=\"width: 594px\" class=\"wp-caption alignnone\"><a style=\"font-weight: bold;background-color: #eeeeee\" href=\"https:\/\/blogi.eoppimispalvelut.fi\/peppi-ohjeet\/opiskelijalle\/lukkarikone\/varauksentiedot\/\" rel=\"attachment wp-att-969\"><img loading=\"lazy\" decoding=\"async\" aria-describedby=\"caption-attachment-969\" class=\"wp-image-969 size-large\" src=\"https:\/\/blogi.eoppimispalvelut.fi\/peppi-ohjeet\/files\/2020\/03\/VarauksenTiedot-1024x266.png\" alt=\"Varauksen tiedot\" width=\"584\" height=\"152\" srcset=\"https:\/\/blogi.eoppimispalvelut.fi\/peppi-ohjeet\/files\/2020\/03\/VarauksenTiedot-1024x266.png 1024w, https:\/\/blogi.eoppimispalvelut.fi\/peppi-ohjeet\/files\/2020\/03\/VarauksenTiedot-300x78.png 300w, https:\/\/blogi.eoppimispalvelut.fi\/peppi-ohjeet\/files\/2020\/03\/VarauksenTiedot-768x199.png 768w, https:\/\/blogi.eoppimispalvelut.fi\/peppi-ohjeet\/files\/2020\/03\/VarauksenTiedot.png 1322w\" sizes=\"auto, (max-width: 584px) 100vw, 584px\" \/><\/a><p id=\"caption-attachment-969\" class=\"wp-caption-text\">Klikkaa kuva suuremmaksi<\/p><\/div>\n<ul>\n<li>Yksitt\u00e4isen varauksen tiedot. Lis\u00e4tietoja toteutuksen osalta saat n\u00e4kyviin valitsemalla n\u00e4yt\u00e4 toteutuksen tiedot<\/li>\n<li>Toteutuksen tiedot avautuvat varaustietojen alle<\/li>\n<li>Voit sulkea ikkuna Sulje-painikkeesta tai oikeassa yl\u00e4kulmassa olevasta rastista<\/li>\n<\/ul>\n<div id=\"attachment_972\" style=\"width: 594px\" class=\"wp-caption alignnone\"><a href=\"https:\/\/blogi.eoppimispalvelut.fi\/peppi-ohjeet\/opiskelijalle\/lukkarikone\/kori\/\" rel=\"attachment wp-att-972\"><img loading=\"lazy\" decoding=\"async\" aria-describedby=\"caption-attachment-972\" class=\"wp-image-972 size-large\" src=\"https:\/\/blogi.eoppimispalvelut.fi\/peppi-ohjeet\/files\/2020\/03\/Kori-1024x143.png\" alt=\"Korisis\u00e4lt\u00f6\" width=\"584\" height=\"82\" srcset=\"https:\/\/blogi.eoppimispalvelut.fi\/peppi-ohjeet\/files\/2020\/03\/Kori-1024x143.png 1024w, https:\/\/blogi.eoppimispalvelut.fi\/peppi-ohjeet\/files\/2020\/03\/Kori-300x42.png 300w, https:\/\/blogi.eoppimispalvelut.fi\/peppi-ohjeet\/files\/2020\/03\/Kori-768x107.png 768w, https:\/\/blogi.eoppimispalvelut.fi\/peppi-ohjeet\/files\/2020\/03\/Kori.png 1321w\" sizes=\"auto, (max-width: 584px) 100vw, 584px\" \/><\/a><p id=\"caption-attachment-972\" class=\"wp-caption-text\">Klikkaa kuva suuremmaksi<\/p><\/div>\n<ul>\n<li>Jos haluat aloittaa uuden haun, k\u00e4y tyhjent\u00e4m\u00e4ss\u00e4 voimassa olevat haut sis\u00e4lt\u00f6listauksesta.<\/li>\n<li>Poista hakuehto klikkaamalla roskakoria. Huomaa, ett\u00e4 hakuehtoja voi olla my\u00f6s muilla v\u00e4lilehdill\u00e4.<\/li>\n<\/ul>\n<p>&nbsp;<\/p>\n<hr \/>\n<p>Takaisin <a href=\"https:\/\/blogi.eoppimispalvelut.fi\/peppi-ohjeet\/opiskelijalle\/\">Opiskelijalle-sivulle<\/a><\/p>\n<p>&nbsp;<\/p>\n","protected":false},"excerpt":{"rendered":"<p>Lukuj\u00e4rjestykset ovat kaikkien katsottavissa ilman kirjautumista. Julkiset lukuj\u00e4rjestykset l\u00f6ytyv\u00e4t Lapin AMKin nettisivuilta kohdasta Sovellukset ja pikalinkit. Suora linkki Lukkarikoneeseen t\u00e4st\u00e4. Ryhmien lukuj\u00e4rjestykset Valitse hakukriteeriksi Hae ryhmi\u00e4 Lis\u00e4\u00e4 hakusanaksi ryhm\u00e4n tunnus Valitse Hae Hakutulokset tulevat n\u00e4kyviin hakusanakent\u00e4n alla Valitse Lis\u00e4\u00e4. Jos &hellip; <a href=\"https:\/\/blogi.eoppimispalvelut.fi\/peppi-ohjeet\/opiskelijalle\/lukkarikone\/\">Continue reading <span class=\"meta-nav\">&rarr;<\/span><\/a><\/p>\n","protected":false},"author":6,"featured_media":0,"parent":203,"menu_order":0,"comment_status":"closed","ping_status":"closed","template":"","meta":{"_monsterinsights_skip_tracking":false,"_monsterinsights_sitenote_active":false,"_monsterinsights_sitenote_note":"","_monsterinsights_sitenote_category":0,"footnotes":""},"class_list":["post-953","page","type-page","status-publish","hentry"],"_links":{"self":[{"href":"https:\/\/blogi.eoppimispalvelut.fi\/peppi-ohjeet\/wp-json\/wp\/v2\/pages\/953","targetHints":{"allow":["GET"]}}],"collection":[{"href":"https:\/\/blogi.eoppimispalvelut.fi\/peppi-ohjeet\/wp-json\/wp\/v2\/pages"}],"about":[{"href":"https:\/\/blogi.eoppimispalvelut.fi\/peppi-ohjeet\/wp-json\/wp\/v2\/types\/page"}],"author":[{"embeddable":true,"href":"https:\/\/blogi.eoppimispalvelut.fi\/peppi-ohjeet\/wp-json\/wp\/v2\/users\/6"}],"replies":[{"embeddable":true,"href":"https:\/\/blogi.eoppimispalvelut.fi\/peppi-ohjeet\/wp-json\/wp\/v2\/comments?post=953"}],"version-history":[{"count":27,"href":"https:\/\/blogi.eoppimispalvelut.fi\/peppi-ohjeet\/wp-json\/wp\/v2\/pages\/953\/revisions"}],"predecessor-version":[{"id":6601,"href":"https:\/\/blogi.eoppimispalvelut.fi\/peppi-ohjeet\/wp-json\/wp\/v2\/pages\/953\/revisions\/6601"}],"up":[{"embeddable":true,"href":"https:\/\/blogi.eoppimispalvelut.fi\/peppi-ohjeet\/wp-json\/wp\/v2\/pages\/203"}],"wp:attachment":[{"href":"https:\/\/blogi.eoppimispalvelut.fi\/peppi-ohjeet\/wp-json\/wp\/v2\/media?parent=953"}],"curies":[{"name":"wp","href":"https:\/\/api.w.org\/{rel}","templated":true}]}}