{"id":127,"date":"2018-12-09T16:17:44","date_gmt":"2018-12-09T14:17:44","guid":{"rendered":"https:\/\/blogi.eoppimispalvelut.fi\/pitopimut\/?page_id=127"},"modified":"2018-12-10T22:42:36","modified_gmt":"2018-12-10T20:42:36","slug":"palvelumme","status":"publish","type":"page","link":"https:\/\/blogi.eoppimispalvelut.fi\/pitopimut\/palvelumme\/","title":{"rendered":"Palvelumme"},"content":{"rendered":"<p>Palveluihimme kuuluu juhlasuunnittelu alusta loppuun. Olipa mieless\u00e4si h\u00e4\u00e4t, syntym\u00e4p\u00e4iv\u00e4juhlat, polttarit, risti\u00e4iset tai yrityksen virkistysp\u00e4iv\u00e4 &#8211; olemme apunasi! R\u00e4\u00e4t\u00e4l\u00f6imme jokaisen juhlan toiveidesi mukaisesti. Kauttamme saat pitopalvelun, koristelun, alku- ja loppusiivouksen, esiintyj\u00e4t, ohjelmaa ja ihan mit\u00e4 vain!<\/p>\n<p>Mik\u00e4li tarvitset juhliisi vain yhden elementin, me j\u00e4rjest\u00e4mme sinulle senkin. Voit tilata meilt\u00e4 vaikka \u00e4\u00e4nentoiston tai j\u00e4lkiruokabuffan.<\/p>\n<p>Ota yhteytt\u00e4 lomakkeen kautta, ja voimme aloittaa suunnittelun. Otamme sinuun yhteytt\u00e4 vuorokauden sis\u00e4\u00e4n sopiaksemme konsultointitapaamisen, jossa voimme suunnitella yksityiskohdat ja k\u00e4ymme l\u00e4pi hinnanmuodostumisen. Tapaamme niin monta kertaa ennen juhlia, kuin sinulla on tarve.<\/p>\n<p>Galleriastamme voit saada inspiraatiota juhlien j\u00e4rjest\u00e4miseen ja somistamiseen.<\/p>\n<p><img loading=\"lazy\" decoding=\"async\" class=\"alignnone wp-image-171\" src=\"https:\/\/blogi.eoppimispalvelut.fi\/pitopimut\/files\/2018\/12\/ben-rosett-10611-unsplash-1280x854.jpg\" alt=\"\" width=\"665\" height=\"444\" srcset=\"https:\/\/blogi.eoppimispalvelut.fi\/pitopimut\/files\/2018\/12\/ben-rosett-10611-unsplash-1280x854.jpg 1280w, https:\/\/blogi.eoppimispalvelut.fi\/pitopimut\/files\/2018\/12\/ben-rosett-10611-unsplash-900x601.jpg 900w, https:\/\/blogi.eoppimispalvelut.fi\/pitopimut\/files\/2018\/12\/ben-rosett-10611-unsplash-768x513.jpg 768w\" sizes=\"auto, (max-width: 665px) 100vw, 665px\" \/><\/p>\n","protected":false},"excerpt":{"rendered":"<p>Palveluihimme kuuluu juhlasuunnittelu alusta loppuun. Olipa mieless\u00e4si h\u00e4\u00e4t, syntym\u00e4p\u00e4iv\u00e4juhlat, polttarit, risti\u00e4iset tai yrityksen virkistysp\u00e4iv\u00e4 &#8211; olemme apunasi! R\u00e4\u00e4t\u00e4l\u00f6imme jokaisen juhlan toiveidesi mukaisesti. Kauttamme saat pitopalvelun, koristelun, alku- ja loppusiivouksen, esiintyj\u00e4t, ohjelmaa ja ihan mit\u00e4 vain! Mik\u00e4li tarvitset juhliisi vain yhden elementin, me j\u00e4rjest\u00e4mme sinulle senkin. Voit tilata meilt\u00e4 vaikka \u00e4\u00e4nentoiston tai j\u00e4lkiruokabuffan. Ota yhteytt\u00e4 lomakkeen [&hellip;]<\/p>\n","protected":false},"author":3354,"featured_media":0,"parent":0,"menu_order":1,"comment_status":"closed","ping_status":"closed","template":"","meta":{"footnotes":""},"class_list":["post-127","page","type-page","status-publish","hentry"],"_links":{"self":[{"href":"https:\/\/blogi.eoppimispalvelut.fi\/pitopimut\/wp-json\/wp\/v2\/pages\/127","targetHints":{"allow":["GET"]}}],"collection":[{"href":"https:\/\/blogi.eoppimispalvelut.fi\/pitopimut\/wp-json\/wp\/v2\/pages"}],"about":[{"href":"https:\/\/blogi.eoppimispalvelut.fi\/pitopimut\/wp-json\/wp\/v2\/types\/page"}],"author":[{"embeddable":true,"href":"https:\/\/blogi.eoppimispalvelut.fi\/pitopimut\/wp-json\/wp\/v2\/users\/3354"}],"replies":[{"embeddable":true,"href":"https:\/\/blogi.eoppimispalvelut.fi\/pitopimut\/wp-json\/wp\/v2\/comments?post=127"}],"version-history":[{"count":4,"href":"https:\/\/blogi.eoppimispalvelut.fi\/pitopimut\/wp-json\/wp\/v2\/pages\/127\/revisions"}],"predecessor-version":[{"id":153,"href":"https:\/\/blogi.eoppimispalvelut.fi\/pitopimut\/wp-json\/wp\/v2\/pages\/127\/revisions\/153"}],"wp:attachment":[{"href":"https:\/\/blogi.eoppimispalvelut.fi\/pitopimut\/wp-json\/wp\/v2\/media?parent=127"}],"curies":[{"name":"wp","href":"https:\/\/api.w.org\/{rel}","templated":true}]}}