{"id":144,"date":"2018-12-09T16:25:43","date_gmt":"2018-12-09T14:25:43","guid":{"rendered":"https:\/\/blogi.eoppimispalvelut.fi\/pitopimut\/?page_id=144"},"modified":"2018-12-11T10:37:16","modified_gmt":"2018-12-11T08:37:16","slug":"meista-2","status":"publish","type":"page","link":"https:\/\/blogi.eoppimispalvelut.fi\/pitopimut\/meista-2\/","title":{"rendered":"Meist\u00e4"},"content":{"rendered":"<blockquote><p><em><span class=\"normaltextrun\"><span style=\"font-family: 'Calibri',sans-serif\">&#8220;Kaikki on saanut alkunsa opiskeluaikojen haaveesta.<\/span><\/span><span class=\"eop\"><span style=\"font-family: 'Calibri',sans-serif\">\u00a0<\/span><\/span><\/em><\/p>\n<p><em><span xml:lang=\"FI-FI\"><span style=\"background-color: inherit\"><span class=\"normaltextrun\"><span style=\"font-family: 'Calibri',sans-serif\">Olemme yst\u00e4vi\u00e4 kouluajalta saakka ja jo silloin totesimme olevamme todella samanhenkisi\u00e4; yritt\u00e4jyys ja palvelualttius veriss\u00e4. M<\/span><\/span><\/span><\/span><span class=\"eop\"><span style=\"font-family: 'Calibri',sans-serif\">ietimme, miksi emme ryhtyisi tekem\u00e4\u00e4n sit\u00e4, mit\u00e4 oikeasti haluamme. Siit\u00e4 syntyi ajatus PitoPimuista.&#8221;<\/span><\/span><\/em><\/p><\/blockquote>\n<p>&nbsp;<\/p>\n<p>PitoPimut on nuorekas juhla- ja tapahtumaj\u00e4rjest\u00e4j\u00e4yritys. Yrityksess\u00e4mme on nelj\u00e4 innokasta tekij\u00e4\u00e4, jotka asuvat Kemiss\u00e4, Ranualla ja Iisalmessa. Intohimonamme on luoda asiakkaille ikimuistoinen juhla ja ylitt\u00e4\u00e4 heid\u00e4n toiveet. Parasta ty\u00f6ss\u00e4mme on, kun saamme n\u00e4hd\u00e4 asiakkaiden tyytyv\u00e4isyyden ja onnellisuuden onnistuneiden juhlien johdosta.<\/p>\n<p>&nbsp;<\/p>\n<p>Teit\u00e4 palvelevat<\/p>\n<figure id=\"attachment_175\" aria-describedby=\"caption-attachment-175\" style=\"width: 120px\" class=\"wp-caption alignleft\"><img loading=\"lazy\" decoding=\"async\" class=\"wp-image-175 size-thumbnail\" src=\"https:\/\/blogi.eoppimispalvelut.fi\/pitopimut\/files\/2018\/12\/Aino-120x120.jpg\" alt=\"\" width=\"120\" height=\"120\" srcset=\"https:\/\/blogi.eoppimispalvelut.fi\/pitopimut\/files\/2018\/12\/Aino-120x120.jpg 120w, https:\/\/blogi.eoppimispalvelut.fi\/pitopimut\/files\/2018\/12\/Aino-900x900.jpg 900w, https:\/\/blogi.eoppimispalvelut.fi\/pitopimut\/files\/2018\/12\/Aino-768x768.jpg 768w, https:\/\/blogi.eoppimispalvelut.fi\/pitopimut\/files\/2018\/12\/Aino.jpg 908w\" sizes=\"auto, (max-width: 120px) 100vw, 120px\" \/><figcaption id=\"caption-attachment-175\" class=\"wp-caption-text\">Aino Alvasto 0503395154 pitopimutaino@ gmail.com<\/figcaption><\/figure>\n<figure id=\"attachment_176\" aria-describedby=\"caption-attachment-176\" style=\"width: 120px\" class=\"wp-caption alignleft\"><img loading=\"lazy\" decoding=\"async\" class=\"wp-image-176 size-thumbnail\" src=\"https:\/\/blogi.eoppimispalvelut.fi\/pitopimut\/files\/2018\/12\/Elsi-120x120.jpg\" alt=\"\" width=\"120\" height=\"120\" srcset=\"https:\/\/blogi.eoppimispalvelut.fi\/pitopimut\/files\/2018\/12\/Elsi-120x120.jpg 120w, https:\/\/blogi.eoppimispalvelut.fi\/pitopimut\/files\/2018\/12\/Elsi-900x900.jpg 900w, https:\/\/blogi.eoppimispalvelut.fi\/pitopimut\/files\/2018\/12\/Elsi-768x768.jpg 768w, https:\/\/blogi.eoppimispalvelut.fi\/pitopimut\/files\/2018\/12\/Elsi-1280x1281.jpg 1280w\" sizes=\"auto, (max-width: 120px) 100vw, 120px\" \/><figcaption id=\"caption-attachment-176\" class=\"wp-caption-text\">Elsi Pirttij\u00e4rvi 0503395113 pitopimutelsi@ gmail.com<\/figcaption><\/figure>\n<figure id=\"attachment_177\" aria-describedby=\"caption-attachment-177\" style=\"width: 120px\" class=\"wp-caption alignleft\"><img loading=\"lazy\" decoding=\"async\" class=\"wp-image-177 size-thumbnail\" src=\"https:\/\/blogi.eoppimispalvelut.fi\/pitopimut\/files\/2018\/12\/Tiia-120x120.jpg\" alt=\"\" width=\"120\" height=\"120\" srcset=\"https:\/\/blogi.eoppimispalvelut.fi\/pitopimut\/files\/2018\/12\/Tiia-120x120.jpg 120w, https:\/\/blogi.eoppimispalvelut.fi\/pitopimut\/files\/2018\/12\/Tiia-900x900.jpg 900w, https:\/\/blogi.eoppimispalvelut.fi\/pitopimut\/files\/2018\/12\/Tiia-768x768.jpg 768w, https:\/\/blogi.eoppimispalvelut.fi\/pitopimut\/files\/2018\/12\/Tiia-1280x1280.jpg 1280w\" sizes=\"auto, (max-width: 120px) 100vw, 120px\" \/><figcaption id=\"caption-attachment-177\" class=\"wp-caption-text\">Tiia Junnilainen 0503395102 pitopimuttiia@ gmail.com<\/figcaption><\/figure>\n<figure id=\"attachment_216\" aria-describedby=\"caption-attachment-216\" style=\"width: 120px\" class=\"wp-caption alignleft\"><img loading=\"lazy\" decoding=\"async\" class=\"wp-image-216 size-thumbnail\" src=\"https:\/\/blogi.eoppimispalvelut.fi\/pitopimut\/files\/2018\/12\/Sari-1-120x120.jpg\" alt=\"\" width=\"120\" height=\"120\" srcset=\"https:\/\/blogi.eoppimispalvelut.fi\/pitopimut\/files\/2018\/12\/Sari-1-120x120.jpg 120w, https:\/\/blogi.eoppimispalvelut.fi\/pitopimut\/files\/2018\/12\/Sari-1.jpg 584w\" sizes=\"auto, (max-width: 120px) 100vw, 120px\" \/><figcaption id=\"caption-attachment-216\" class=\"wp-caption-text\">Sari Heikkil\u00e4 0503395189 pitopimutsari@ gmail.com<\/figcaption><\/figure>\n","protected":false},"excerpt":{"rendered":"<p>&#8220;Kaikki on saanut alkunsa opiskeluaikojen haaveesta.\u00a0 Olemme yst\u00e4vi\u00e4 kouluajalta saakka ja jo silloin totesimme olevamme todella samanhenkisi\u00e4; yritt\u00e4jyys ja palvelualttius veriss\u00e4. Mietimme, miksi emme ryhtyisi tekem\u00e4\u00e4n sit\u00e4, mit\u00e4 oikeasti haluamme. Siit\u00e4 syntyi ajatus PitoPimuista.&#8221; &nbsp; PitoPimut on nuorekas juhla- ja tapahtumaj\u00e4rjest\u00e4j\u00e4yritys. Yrityksess\u00e4mme on nelj\u00e4 innokasta tekij\u00e4\u00e4, jotka asuvat Kemiss\u00e4, Ranualla ja Iisalmessa. Intohimonamme on luoda [&hellip;]<\/p>\n","protected":false},"author":3354,"featured_media":0,"parent":0,"menu_order":3,"comment_status":"closed","ping_status":"closed","template":"","meta":{"footnotes":""},"class_list":["post-144","page","type-page","status-publish","hentry"],"_links":{"self":[{"href":"https:\/\/blogi.eoppimispalvelut.fi\/pitopimut\/wp-json\/wp\/v2\/pages\/144","targetHints":{"allow":["GET"]}}],"collection":[{"href":"https:\/\/blogi.eoppimispalvelut.fi\/pitopimut\/wp-json\/wp\/v2\/pages"}],"about":[{"href":"https:\/\/blogi.eoppimispalvelut.fi\/pitopimut\/wp-json\/wp\/v2\/types\/page"}],"author":[{"embeddable":true,"href":"https:\/\/blogi.eoppimispalvelut.fi\/pitopimut\/wp-json\/wp\/v2\/users\/3354"}],"replies":[{"embeddable":true,"href":"https:\/\/blogi.eoppimispalvelut.fi\/pitopimut\/wp-json\/wp\/v2\/comments?post=144"}],"version-history":[{"count":18,"href":"https:\/\/blogi.eoppimispalvelut.fi\/pitopimut\/wp-json\/wp\/v2\/pages\/144\/revisions"}],"predecessor-version":[{"id":225,"href":"https:\/\/blogi.eoppimispalvelut.fi\/pitopimut\/wp-json\/wp\/v2\/pages\/144\/revisions\/225"}],"wp:attachment":[{"href":"https:\/\/blogi.eoppimispalvelut.fi\/pitopimut\/wp-json\/wp\/v2\/media?parent=144"}],"curies":[{"name":"wp","href":"https:\/\/api.w.org\/{rel}","templated":true}]}}