{"id":220,"date":"2018-12-10T22:41:34","date_gmt":"2018-12-10T20:41:34","guid":{"rendered":"https:\/\/blogi.eoppimispalvelut.fi\/pitopimut\/?page_id=220"},"modified":"2018-12-10T22:43:40","modified_gmt":"2018-12-10T20:43:40","slug":"hinnasto","status":"publish","type":"page","link":"https:\/\/blogi.eoppimispalvelut.fi\/pitopimut\/hinnasto\/","title":{"rendered":"Hinnasto"},"content":{"rendered":"<ul>\n<li><b>Tuntiveloitteiset<\/b><b>\u00a0palvelut 45\u20ac\/tunti<\/b>\u00a0(koskee pienempi\u00e4 teht\u00e4vi\u00e4)<\/li>\n<li><b>T\u00e4yden palvelun h\u00e4\u00e4suunnittelu alkaen\u00a0<\/b><b>1<\/b><b>500\u20ac yrityksen kotipaikkakunta ja l\u00e4hialueet, muut paikkakunnat alkaen\u00a0<\/b><b>1<\/b><b>800\u20ac.\u00a0<\/b><\/li>\n<li><b>Tarkempi tarjous yksil\u00f6llisen suunnitelman mukaan<\/b><\/li>\n<\/ul>\n<p><img loading=\"lazy\" decoding=\"async\" class=\"alignnone  wp-image-163\" src=\"https:\/\/blogi.eoppimispalvelut.fi\/pitopimut\/files\/2018\/12\/Tarjoiluvaihtoehtoja.jpg\" alt=\"\" width=\"561\" height=\"365\" srcset=\"https:\/\/blogi.eoppimispalvelut.fi\/pitopimut\/files\/2018\/12\/Tarjoiluvaihtoehtoja.jpg 5760w, https:\/\/blogi.eoppimispalvelut.fi\/pitopimut\/files\/2018\/12\/Tarjoiluvaihtoehtoja-900x585.jpg 900w, https:\/\/blogi.eoppimispalvelut.fi\/pitopimut\/files\/2018\/12\/Tarjoiluvaihtoehtoja-768x499.jpg 768w, https:\/\/blogi.eoppimispalvelut.fi\/pitopimut\/files\/2018\/12\/Tarjoiluvaihtoehtoja-1280x832.jpg 1280w\" sizes=\"auto, (max-width: 561px) 100vw, 561px\" \/><\/p>\n","protected":false},"excerpt":{"rendered":"<p>Tuntiveloitteiset\u00a0palvelut 45\u20ac\/tunti\u00a0(koskee pienempi\u00e4 teht\u00e4vi\u00e4) T\u00e4yden palvelun h\u00e4\u00e4suunnittelu alkaen\u00a01500\u20ac yrityksen kotipaikkakunta ja l\u00e4hialueet, muut paikkakunnat alkaen\u00a01800\u20ac.\u00a0 Tarkempi tarjous yksil\u00f6llisen suunnitelman mukaan<\/p>\n","protected":false},"author":3375,"featured_media":0,"parent":0,"menu_order":2,"comment_status":"closed","ping_status":"closed","template":"","meta":{"footnotes":""},"class_list":["post-220","page","type-page","status-publish","hentry"],"_links":{"self":[{"href":"https:\/\/blogi.eoppimispalvelut.fi\/pitopimut\/wp-json\/wp\/v2\/pages\/220","targetHints":{"allow":["GET"]}}],"collection":[{"href":"https:\/\/blogi.eoppimispalvelut.fi\/pitopimut\/wp-json\/wp\/v2\/pages"}],"about":[{"href":"https:\/\/blogi.eoppimispalvelut.fi\/pitopimut\/wp-json\/wp\/v2\/types\/page"}],"author":[{"embeddable":true,"href":"https:\/\/blogi.eoppimispalvelut.fi\/pitopimut\/wp-json\/wp\/v2\/users\/3375"}],"replies":[{"embeddable":true,"href":"https:\/\/blogi.eoppimispalvelut.fi\/pitopimut\/wp-json\/wp\/v2\/comments?post=220"}],"version-history":[{"count":2,"href":"https:\/\/blogi.eoppimispalvelut.fi\/pitopimut\/wp-json\/wp\/v2\/pages\/220\/revisions"}],"predecessor-version":[{"id":222,"href":"https:\/\/blogi.eoppimispalvelut.fi\/pitopimut\/wp-json\/wp\/v2\/pages\/220\/revisions\/222"}],"wp:attachment":[{"href":"https:\/\/blogi.eoppimispalvelut.fi\/pitopimut\/wp-json\/wp\/v2\/media?parent=220"}],"curies":[{"name":"wp","href":"https:\/\/api.w.org\/{rel}","templated":true}]}}