{"id":67,"date":"2018-12-09T13:49:27","date_gmt":"2018-12-09T11:49:27","guid":{"rendered":"https:\/\/blogi.eoppimispalvelut.fi\/pitopimut\/?page_id=67"},"modified":"2018-12-10T18:10:13","modified_gmt":"2018-12-10T16:10:13","slug":"meista","status":"publish","type":"page","link":"https:\/\/blogi.eoppimispalvelut.fi\/pitopimut\/","title":{"rendered":""},"content":{"rendered":"<h2 style=\"text-align: center\"><\/h2>\n<h2 style=\"text-align: center\">Tervetuloa!<\/h2>\n<h1 style=\"text-align: center\">Upeat juhlasi alkavat t\u00e4st\u00e4!<\/h1>\n<p style=\"text-align: center\"><img loading=\"lazy\" decoding=\"async\" class=\"wp-image-24 aligncenter\" src=\"https:\/\/blogi.eoppimispalvelut.fi\/pitopimut\/files\/2018\/12\/alasdair-elmes-682868-unsplash-1280x853.jpg\" alt=\"\" width=\"824\" height=\"549\" srcset=\"https:\/\/blogi.eoppimispalvelut.fi\/pitopimut\/files\/2018\/12\/alasdair-elmes-682868-unsplash-1280x853.jpg 1280w, https:\/\/blogi.eoppimispalvelut.fi\/pitopimut\/files\/2018\/12\/alasdair-elmes-682868-unsplash-900x600.jpg 900w, https:\/\/blogi.eoppimispalvelut.fi\/pitopimut\/files\/2018\/12\/alasdair-elmes-682868-unsplash-768x512.jpg 768w\" sizes=\"auto, (max-width: 824px) 100vw, 824px\" \/><\/p>\n<p>&nbsp;<\/p>\n<p style=\"text-align: left\">PitoPimut huolehtii juhliesi j\u00e4rjest\u00e4misess\u00e4 kaikki elementit. Suunnittelemme ja toteutamme erilaisia tapahtumat alusta loppuun ja aina yksil\u00f6llisesti r\u00e4\u00e4t\u00e4l\u00f6ityn\u00e4. Tavoitteenamme on tuottaa sinulle mahdollisimman vaivattomat juhlat, joista saat nauttia ilman tuhraa stressi\u00e4, sill\u00e4 me hoidamme puolestasi kaiken.<\/p>\n<p style=\"text-align: left\">Meill\u00e4 on pitk\u00e4n linjan yhteisty\u00f6kumppanit, joiden kanssa otamme vastuun somistuksesta, tilasta, tarjouilusta, ohjelmasta ja kaikesta muusta. Kilpailutamme tarpeittesi ja toiveittesi mukaisesti kaikki tekij\u00e4t. T\u00e4m\u00e4n ansiosta olemme edullisempi vaihtoehto, kuin j\u00e4rjest\u00e4isit kaiken itse.<\/p>\n<p style=\"text-align: left\">Tutustu toimintaamme ja ota rohkeasti yhteytt\u00e4 sinulle sopivimmalla tavalla!<\/p>\n","protected":false},"excerpt":{"rendered":"<p>Tervetuloa! Upeat juhlasi alkavat t\u00e4st\u00e4! &nbsp; PitoPimut huolehtii juhliesi j\u00e4rjest\u00e4misess\u00e4 kaikki elementit. Suunnittelemme ja toteutamme erilaisia tapahtumat alusta loppuun ja aina yksil\u00f6llisesti r\u00e4\u00e4t\u00e4l\u00f6ityn\u00e4. Tavoitteenamme on tuottaa sinulle mahdollisimman vaivattomat juhlat, joista saat nauttia ilman tuhraa stressi\u00e4, sill\u00e4 me hoidamme puolestasi kaiken. Meill\u00e4 on pitk\u00e4n linjan yhteisty\u00f6kumppanit, joiden kanssa otamme vastuun somistuksesta, tilasta, tarjouilusta, ohjelmasta ja [&hellip;]<\/p>\n","protected":false},"author":3375,"featured_media":0,"parent":0,"menu_order":0,"comment_status":"closed","ping_status":"closed","template":"","meta":{"footnotes":""},"class_list":["post-67","page","type-page","status-publish","hentry"],"_links":{"self":[{"href":"https:\/\/blogi.eoppimispalvelut.fi\/pitopimut\/wp-json\/wp\/v2\/pages\/67","targetHints":{"allow":["GET"]}}],"collection":[{"href":"https:\/\/blogi.eoppimispalvelut.fi\/pitopimut\/wp-json\/wp\/v2\/pages"}],"about":[{"href":"https:\/\/blogi.eoppimispalvelut.fi\/pitopimut\/wp-json\/wp\/v2\/types\/page"}],"author":[{"embeddable":true,"href":"https:\/\/blogi.eoppimispalvelut.fi\/pitopimut\/wp-json\/wp\/v2\/users\/3375"}],"replies":[{"embeddable":true,"href":"https:\/\/blogi.eoppimispalvelut.fi\/pitopimut\/wp-json\/wp\/v2\/comments?post=67"}],"version-history":[{"count":10,"href":"https:\/\/blogi.eoppimispalvelut.fi\/pitopimut\/wp-json\/wp\/v2\/pages\/67\/revisions"}],"predecessor-version":[{"id":187,"href":"https:\/\/blogi.eoppimispalvelut.fi\/pitopimut\/wp-json\/wp\/v2\/pages\/67\/revisions\/187"}],"wp:attachment":[{"href":"https:\/\/blogi.eoppimispalvelut.fi\/pitopimut\/wp-json\/wp\/v2\/media?parent=67"}],"curies":[{"name":"wp","href":"https:\/\/api.w.org\/{rel}","templated":true}]}}