{"id":69,"date":"2018-12-09T13:49:46","date_gmt":"2018-12-09T11:49:46","guid":{"rendered":"https:\/\/blogi.eoppimispalvelut.fi\/pitopimut\/?page_id=69"},"modified":"2018-12-11T16:30:51","modified_gmt":"2018-12-11T14:30:51","slug":"ota-yhteytta","status":"publish","type":"page","link":"https:\/\/blogi.eoppimispalvelut.fi\/pitopimut\/ota-yhteytta\/","title":{"rendered":"Ota yhteytt\u00e4"},"content":{"rendered":"<p style=\"text-align: left\">T\u00e4\u00e4lt\u00e4 p\u00e4\u00e4set t\u00e4ytt\u00e4m\u00e4\u00e4n tarjouspyynn\u00f6n!<\/p>\n<p><a href=\"https:\/\/www.webropolsurveys.com\/S\/4F6150061B09D481.par\">https:\/\/www.webropolsurveys.com\/S\/4F6150061B09D481.par<\/a><\/p>\n<p>&nbsp;<\/p>\n<p><img loading=\"lazy\" decoding=\"async\" class=\"alignnone wp-image-26\" src=\"https:\/\/blogi.eoppimispalvelut.fi\/pitopimut\/files\/2018\/12\/ibrahim-boran-575974-unsplash.jpg\" alt=\"\" width=\"581\" height=\"387\" srcset=\"https:\/\/blogi.eoppimispalvelut.fi\/pitopimut\/files\/2018\/12\/ibrahim-boran-575974-unsplash.jpg 6000w, https:\/\/blogi.eoppimispalvelut.fi\/pitopimut\/files\/2018\/12\/ibrahim-boran-575974-unsplash-900x600.jpg 900w, https:\/\/blogi.eoppimispalvelut.fi\/pitopimut\/files\/2018\/12\/ibrahim-boran-575974-unsplash-768x512.jpg 768w, https:\/\/blogi.eoppimispalvelut.fi\/pitopimut\/files\/2018\/12\/ibrahim-boran-575974-unsplash-1280x853.jpg 1280w\" sizes=\"auto, (max-width: 581px) 100vw, 581px\" \/><\/p>\n<p>&nbsp;<\/p>\n<p>&nbsp;<\/p>\n","protected":false},"excerpt":{"rendered":"<p>T\u00e4\u00e4lt\u00e4 p\u00e4\u00e4set t\u00e4ytt\u00e4m\u00e4\u00e4n tarjouspyynn\u00f6n! https:\/\/www.webropolsurveys.com\/S\/4F6150061B09D481.par &nbsp; &nbsp; &nbsp;<\/p>\n","protected":false},"author":3375,"featured_media":0,"parent":0,"menu_order":4,"comment_status":"closed","ping_status":"closed","template":"","meta":{"footnotes":""},"class_list":["post-69","page","type-page","status-publish","hentry"],"_links":{"self":[{"href":"https:\/\/blogi.eoppimispalvelut.fi\/pitopimut\/wp-json\/wp\/v2\/pages\/69","targetHints":{"allow":["GET"]}}],"collection":[{"href":"https:\/\/blogi.eoppimispalvelut.fi\/pitopimut\/wp-json\/wp\/v2\/pages"}],"about":[{"href":"https:\/\/blogi.eoppimispalvelut.fi\/pitopimut\/wp-json\/wp\/v2\/types\/page"}],"author":[{"embeddable":true,"href":"https:\/\/blogi.eoppimispalvelut.fi\/pitopimut\/wp-json\/wp\/v2\/users\/3375"}],"replies":[{"embeddable":true,"href":"https:\/\/blogi.eoppimispalvelut.fi\/pitopimut\/wp-json\/wp\/v2\/comments?post=69"}],"version-history":[{"count":22,"href":"https:\/\/blogi.eoppimispalvelut.fi\/pitopimut\/wp-json\/wp\/v2\/pages\/69\/revisions"}],"predecessor-version":[{"id":227,"href":"https:\/\/blogi.eoppimispalvelut.fi\/pitopimut\/wp-json\/wp\/v2\/pages\/69\/revisions\/227"}],"wp:attachment":[{"href":"https:\/\/blogi.eoppimispalvelut.fi\/pitopimut\/wp-json\/wp\/v2\/media?parent=69"}],"curies":[{"name":"wp","href":"https:\/\/api.w.org\/{rel}","templated":true}]}}