{"id":168,"date":"2021-08-23T15:23:41","date_gmt":"2021-08-23T12:23:41","guid":{"rendered":"https:\/\/blogi.eoppimispalvelut.fi\/pohjoinenjohtamisenfoorumi\/?page_id=168"},"modified":"2023-03-27T08:34:02","modified_gmt":"2023-03-27T05:34:02","slug":"yhteystiedot","status":"publish","type":"page","link":"https:\/\/blogi.eoppimispalvelut.fi\/pohjoinenjohtamisenfoorumi\/yhteystiedot\/","title":{"rendered":"Yhteystiedot"},"content":{"rendered":"<p>[et_pb_section fb_built=&#8221;1&#8243; _builder_version=&#8221;4.8.2&#8243; _module_preset=&#8221;default&#8221; background_image=&#8221;https:\/\/blogi.eoppimispalvelut.fi\/pohjoinenjohtamisenfoorumi\/files\/2021\/08\/nettibanneri-01-scaled.jpg&#8221; global_module=&#8221;302&#8243; global_colors_info=&#8221;{}&#8221;][et_pb_row _builder_version=&#8221;4.16&#8243; _module_preset=&#8221;default&#8221; global_colors_info=&#8221;{}&#8221;][et_pb_column type=&#8221;4_4&#8243; _builder_version=&#8221;4.16&#8243; _module_preset=&#8221;default&#8221; global_colors_info=&#8221;{}&#8221;][et_pb_text _builder_version=&#8221;4.16&#8243; _module_preset=&#8221;default&#8221; header_font=&#8221;Maven Pro|800|||||||&#8221; header_text_align=&#8221;center&#8221; header_text_color=&#8221;#FFFFFF&#8221; header_font_size=&#8221;65px&#8221; global_colors_info=&#8221;{}&#8221;]<\/p>\n<h1>Ota yhteytt\u00e4!<\/h1>\n<p>[\/et_pb_text][\/et_pb_column][\/et_pb_row][\/et_pb_section][et_pb_section fb_built=&#8221;1&#8243; _builder_version=&#8221;4.16&#8243; _module_preset=&#8221;default&#8221; custom_padding=&#8221;130px||130px||true|&#8221; global_colors_info=&#8221;{}&#8221;][et_pb_row column_structure=&#8221;1_3,1_3,1_3&#8243; _builder_version=&#8221;4.16&#8243; _module_preset=&#8221;default&#8221; global_colors_info=&#8221;{}&#8221;][et_pb_column type=&#8221;1_3&#8243; _builder_version=&#8221;4.16&#8243; _module_preset=&#8221;default&#8221; global_colors_info=&#8221;{}&#8221;][et_pb_blurb title=&#8221;Markus Pellikka&#8221; url=&#8221;https:\/\/www.linkedin.com\/in\/markus-pellikka\/&#8221; use_icon=&#8221;on&#8221; font_icon=&#8221;&#xe0b4;||divi||400&#8243; icon_color=&#8221;#C95C88&#8243; icon_placement=&#8221;left&#8221; image_icon_width=&#8221;45px&#8221; _builder_version=&#8221;4.16&#8243; _module_preset=&#8221;default&#8221; header_font=&#8221;Maven Pro|600|||||||&#8221; header_font_size=&#8221;20px&#8221; body_font=&#8221;Karla||||||||&#8221; body_font_size=&#8221;16px&#8221; body_line_height=&#8221;1em&#8221; icon_font_size=&#8221;45px&#8221; global_colors_info=&#8221;{}&#8221;]<\/p>\n<p>Projektip\u00e4\u00e4llikk\u00f6<br \/>REDU<\/p>\n<p>[\/et_pb_blurb][et_pb_blurb title=&#8221;S\u00e4hk\u00f6posti&#8221; url=&#8221;mailto:markus.pellikka@redu.fi&#8221; use_icon=&#8221;on&#8221; font_icon=&#8221;&#xe076;||divi||400&#8243; icon_color=&#8221;#C95C88&#8243; icon_placement=&#8221;left&#8221; image_icon_width=&#8221;45px&#8221; _builder_version=&#8221;4.16&#8243; _module_preset=&#8221;default&#8221; header_font=&#8221;Maven Pro|600|||||||&#8221; header_font_size=&#8221;20px&#8221; body_font=&#8221;Karla||||||||&#8221; body_font_size=&#8221;16px&#8221; body_line_height=&#8221;1em&#8221; icon_font_size=&#8221;45px&#8221; global_colors_info=&#8221;{}&#8221;]<\/p>\n<p>markus.pellikka(at)redu.fi<\/p>\n<p>[\/et_pb_blurb][et_pb_blurb title=&#8221;Puhelin&#8221; use_icon=&#8221;on&#8221; font_icon=&#8221;&#xe090;||divi||400&#8243; icon_color=&#8221;#C95C88&#8243; icon_placement=&#8221;left&#8221; image_icon_width=&#8221;45px&#8221; _builder_version=&#8221;4.16&#8243; _module_preset=&#8221;default&#8221; header_font=&#8221;Maven Pro|600|||||||&#8221; header_font_size=&#8221;20px&#8221; body_font=&#8221;Karla||||||||&#8221; body_font_size=&#8221;16px&#8221; body_line_height=&#8221;1em&#8221; icon_font_size=&#8221;45px&#8221; global_colors_info=&#8221;{}&#8221;]<\/p>\n<p>040\u00a0483 8313<\/p>\n<p>[\/et_pb_blurb][\/et_pb_column][et_pb_column type=&#8221;1_3&#8243; _builder_version=&#8221;4.16&#8243; _module_preset=&#8221;default&#8221; global_colors_info=&#8221;{}&#8221;][et_pb_blurb title=&#8221;Helena Kangastie&#8221; url=&#8221;https:\/\/www.linkedin.com\/in\/kangastie-helena-936534164\/&#8221; use_icon=&#8221;on&#8221; font_icon=&#8221;&#xe0b4;||divi||400&#8243; icon_color=&#8221;#C95C88&#8243; icon_placement=&#8221;left&#8221; image_icon_width=&#8221;45px&#8221; _builder_version=&#8221;4.16&#8243; _module_preset=&#8221;default&#8221; header_font=&#8221;Maven Pro|600|||||||&#8221; header_font_size=&#8221;20px&#8221; body_font=&#8221;Karla||||||||&#8221; body_font_size=&#8221;16px&#8221; body_line_height=&#8221;1em&#8221; icon_font_size=&#8221;45px&#8221; global_colors_info=&#8221;{}&#8221;]<\/p>\n<p>Projektikoordinaattori<br \/> Lapin AMK<\/p>\n<p>[\/et_pb_blurb][et_pb_blurb title=&#8221;S\u00e4hk\u00f6posti&#8221; url=&#8221;mailto:helena.kangastie@lapinamk.fi&#8221; use_icon=&#8221;on&#8221; font_icon=&#8221;&#xe076;||divi||400&#8243; icon_color=&#8221;#C95C88&#8243; icon_placement=&#8221;left&#8221; image_icon_width=&#8221;45px&#8221; _builder_version=&#8221;4.16&#8243; _module_preset=&#8221;default&#8221; header_font=&#8221;Maven Pro|600|||||||&#8221; header_font_size=&#8221;20px&#8221; body_font=&#8221;Karla||||||||&#8221; body_font_size=&#8221;16px&#8221; body_line_height=&#8221;1em&#8221; icon_font_size=&#8221;45px&#8221; global_colors_info=&#8221;{}&#8221;]<\/p>\n<p>helena.kangastie(at)lapinamk.fi<\/p>\n<p>[\/et_pb_blurb][et_pb_blurb title=&#8221;Puhelin&#8221; use_icon=&#8221;on&#8221; font_icon=&#8221;&#xe090;||divi||400&#8243; icon_color=&#8221;#C95C88&#8243; icon_placement=&#8221;left&#8221; image_icon_width=&#8221;45px&#8221; _builder_version=&#8221;4.16&#8243; _module_preset=&#8221;default&#8221; header_font=&#8221;Maven Pro|600|||||||&#8221; header_font_size=&#8221;20px&#8221; body_font=&#8221;Karla||||||||&#8221; body_font_size=&#8221;16px&#8221; body_line_height=&#8221;1em&#8221; icon_font_size=&#8221;45px&#8221; global_colors_info=&#8221;{}&#8221;]<\/p>\n<p>040 051 8723<\/p>\n<p>[\/et_pb_blurb][\/et_pb_column][et_pb_column type=&#8221;1_3&#8243; _builder_version=&#8221;4.16&#8243; _module_preset=&#8221;default&#8221; global_colors_info=&#8221;{}&#8221;][et_pb_blurb title=&#8221;Krista Rautio&#8221; url=&#8221;https:\/\/www.linkedin.com\/in\/kristarautio\/&#8221; use_icon=&#8221;on&#8221; font_icon=&#8221;&#xe0b4;||divi||400&#8243; icon_color=&#8221;#C95C88&#8243; icon_placement=&#8221;left&#8221; image_icon_width=&#8221;45px&#8221; _builder_version=&#8221;4.16&#8243; _module_preset=&#8221;default&#8221; header_font=&#8221;Maven Pro|600|||||||&#8221; header_font_size=&#8221;20px&#8221; body_font=&#8221;Karla||||||||&#8221; body_font_size=&#8221;16px&#8221; body_line_height=&#8221;1em&#8221; icon_font_size=&#8221;45px&#8221; global_colors_info=&#8221;{}&#8221;]<\/p>\n<p>Projektip\u00e4\u00e4llikk\u00f6<br \/> Lapin yliopisto<\/p>\n<p>[\/et_pb_blurb][et_pb_blurb title=&#8221;S\u00e4hk\u00f6posti&#8221; url=&#8221;mailto:krista.rautio@ulapland.fi&#8221; use_icon=&#8221;on&#8221; font_icon=&#8221;&#xe076;||divi||400&#8243; icon_color=&#8221;#C95C88&#8243; icon_placement=&#8221;left&#8221; image_icon_width=&#8221;45px&#8221; _builder_version=&#8221;4.16&#8243; _module_preset=&#8221;default&#8221; header_font=&#8221;Maven Pro|600|||||||&#8221; header_font_size=&#8221;20px&#8221; body_font=&#8221;Karla||||||||&#8221; body_font_size=&#8221;16px&#8221; body_line_height=&#8221;1em&#8221; icon_font_size=&#8221;45px&#8221; global_colors_info=&#8221;{}&#8221;]<\/p>\n<p>krista.rautio(at)ulapland.fi<\/p>\n<p>[\/et_pb_blurb][et_pb_blurb title=&#8221;Puhelin&#8221; use_icon=&#8221;on&#8221; font_icon=&#8221;&#xe090;||divi||400&#8243; icon_color=&#8221;#C95C88&#8243; icon_placement=&#8221;left&#8221; image_icon_width=&#8221;45px&#8221; _builder_version=&#8221;4.16&#8243; _module_preset=&#8221;default&#8221; header_font=&#8221;Maven Pro|600|||||||&#8221; header_font_size=&#8221;20px&#8221; body_font=&#8221;Karla||||||||&#8221; body_font_size=&#8221;16px&#8221; body_line_height=&#8221;1em&#8221; icon_font_size=&#8221;45px&#8221; global_colors_info=&#8221;{}&#8221;]<\/p>\n<p>040 4844 075<\/p>\n<p>[\/et_pb_blurb][\/et_pb_column][\/et_pb_row][\/et_pb_section]<\/p>\n","protected":false},"excerpt":{"rendered":"<p>Ota yhteytt\u00e4!Projektip\u00e4\u00e4llikk\u00f6REDUmarkus.pellikka(at)redu.fi040\u00a0483 8313Projektikoordinaattori Lapin AMKhelena.kangastie(at)lapinamk.fi040 051 8723Projektip\u00e4\u00e4llikk\u00f6 Lapin yliopistokrista.rautio(at)ulapland.fi040 4844 075<\/p>\n","protected":false},"author":7294,"featured_media":0,"parent":0,"menu_order":0,"comment_status":"closed","ping_status":"closed","template":"","meta":{"_et_pb_use_builder":"on","_et_pb_old_content":"","_et_gb_content_width":"","_monsterinsights_skip_tracking":false,"_monsterinsights_sitenote_active":false,"_monsterinsights_sitenote_note":"","_monsterinsights_sitenote_category":0,"footnotes":""},"class_list":["post-168","page","type-page","status-publish","hentry"],"yoast_head":"<!-- This site is optimized with the Yoast SEO plugin v27.1.1 - https:\/\/yoast.com\/product\/yoast-seo-wordpress\/ -->\n<title>Yhteystiedot - Pohjoinen johtamisen foorumi<\/title>\n<meta name=\"robots\" content=\"index, follow, max-snippet:-1, max-image-preview:large, max-video-preview:-1\" \/>\n<link rel=\"canonical\" href=\"https:\/\/blogi.eoppimispalvelut.fi\/pohjoinenjohtamisenfoorumi\/yhteystiedot\/\" \/>\n<meta property=\"og:locale\" content=\"fi_FI\" \/>\n<meta property=\"og:type\" content=\"article\" \/>\n<meta property=\"og:title\" content=\"Yhteystiedot - Pohjoinen johtamisen foorumi\" \/>\n<meta property=\"og:description\" content=\"Ota yhteytt\u00e4!Projektip\u00e4\u00e4llikk\u00f6REDUmarkus.pellikka(at)redu.fi040\u00a0483 8313Projektikoordinaattori Lapin AMKhelena.kangastie(at)lapinamk.fi040 051 8723Projektip\u00e4\u00e4llikk\u00f6 Lapin yliopistokrista.rautio(at)ulapland.fi040 4844 075\" \/>\n<meta property=\"og:url\" content=\"https:\/\/blogi.eoppimispalvelut.fi\/pohjoinenjohtamisenfoorumi\/yhteystiedot\/\" \/>\n<meta property=\"og:site_name\" content=\"Pohjoinen johtamisen foorumi\" \/>\n<meta property=\"article:modified_time\" content=\"2023-03-27T05:34:02+00:00\" \/>\n<meta name=\"twitter:card\" content=\"summary_large_image\" \/>\n<meta name=\"twitter:label1\" content=\"Est. reading time\" \/>\n\t<meta name=\"twitter:data1\" content=\"4 minutes\" \/>\n<script type=\"application\/ld+json\" class=\"yoast-schema-graph\">{\"@context\":\"https:\/\/schema.org\",\"@graph\":[{\"@type\":\"WebPage\",\"@id\":\"https:\/\/blogi.eoppimispalvelut.fi\/pohjoinenjohtamisenfoorumi\/yhteystiedot\/\",\"url\":\"https:\/\/blogi.eoppimispalvelut.fi\/pohjoinenjohtamisenfoorumi\/yhteystiedot\/\",\"name\":\"Yhteystiedot - Pohjoinen johtamisen foorumi\",\"isPartOf\":{\"@id\":\"https:\/\/blogi.eoppimispalvelut.fi\/pohjoinenjohtamisenfoorumi\/#website\"},\"datePublished\":\"2021-08-23T12:23:41+00:00\",\"dateModified\":\"2023-03-27T05:34:02+00:00\",\"breadcrumb\":{\"@id\":\"https:\/\/blogi.eoppimispalvelut.fi\/pohjoinenjohtamisenfoorumi\/yhteystiedot\/#breadcrumb\"},\"inLanguage\":\"fi\",\"potentialAction\":[{\"@type\":\"ReadAction\",\"target\":[\"https:\/\/blogi.eoppimispalvelut.fi\/pohjoinenjohtamisenfoorumi\/yhteystiedot\/\"]}]},{\"@type\":\"BreadcrumbList\",\"@id\":\"https:\/\/blogi.eoppimispalvelut.fi\/pohjoinenjohtamisenfoorumi\/yhteystiedot\/#breadcrumb\",\"itemListElement\":[{\"@type\":\"ListItem\",\"position\":1,\"name\":\"Home\",\"item\":\"https:\/\/blogi.eoppimispalvelut.fi\/pohjoinenjohtamisenfoorumi\/\"},{\"@type\":\"ListItem\",\"position\":2,\"name\":\"Yhteystiedot\"}]},{\"@type\":\"WebSite\",\"@id\":\"https:\/\/blogi.eoppimispalvelut.fi\/pohjoinenjohtamisenfoorumi\/#website\",\"url\":\"https:\/\/blogi.eoppimispalvelut.fi\/pohjoinenjohtamisenfoorumi\/\",\"name\":\"Pohjoinen johtamisen foorumi\",\"description\":\"Uudistavilla toimintamalleilla kasvuun ja kehitykseen Lapissa\",\"potentialAction\":[{\"@type\":\"SearchAction\",\"target\":{\"@type\":\"EntryPoint\",\"urlTemplate\":\"https:\/\/blogi.eoppimispalvelut.fi\/pohjoinenjohtamisenfoorumi\/?s={search_term_string}\"},\"query-input\":{\"@type\":\"PropertyValueSpecification\",\"valueRequired\":true,\"valueName\":\"search_term_string\"}}],\"inLanguage\":\"fi\"}]}<\/script>\n<!-- \/ Yoast SEO plugin. -->","yoast_head_json":{"title":"Yhteystiedot - Pohjoinen johtamisen foorumi","robots":{"index":"index","follow":"follow","max-snippet":"max-snippet:-1","max-image-preview":"max-image-preview:large","max-video-preview":"max-video-preview:-1"},"canonical":"https:\/\/blogi.eoppimispalvelut.fi\/pohjoinenjohtamisenfoorumi\/yhteystiedot\/","og_locale":"fi_FI","og_type":"article","og_title":"Yhteystiedot - Pohjoinen johtamisen foorumi","og_description":"Ota yhteytt\u00e4!Projektip\u00e4\u00e4llikk\u00f6REDUmarkus.pellikka(at)redu.fi040\u00a0483 8313Projektikoordinaattori Lapin AMKhelena.kangastie(at)lapinamk.fi040 051 8723Projektip\u00e4\u00e4llikk\u00f6 Lapin yliopistokrista.rautio(at)ulapland.fi040 4844 075","og_url":"https:\/\/blogi.eoppimispalvelut.fi\/pohjoinenjohtamisenfoorumi\/yhteystiedot\/","og_site_name":"Pohjoinen johtamisen foorumi","article_modified_time":"2023-03-27T05:34:02+00:00","twitter_card":"summary_large_image","twitter_misc":{"Est. reading time":"4 minutes"},"schema":{"@context":"https:\/\/schema.org","@graph":[{"@type":"WebPage","@id":"https:\/\/blogi.eoppimispalvelut.fi\/pohjoinenjohtamisenfoorumi\/yhteystiedot\/","url":"https:\/\/blogi.eoppimispalvelut.fi\/pohjoinenjohtamisenfoorumi\/yhteystiedot\/","name":"Yhteystiedot - Pohjoinen johtamisen foorumi","isPartOf":{"@id":"https:\/\/blogi.eoppimispalvelut.fi\/pohjoinenjohtamisenfoorumi\/#website"},"datePublished":"2021-08-23T12:23:41+00:00","dateModified":"2023-03-27T05:34:02+00:00","breadcrumb":{"@id":"https:\/\/blogi.eoppimispalvelut.fi\/pohjoinenjohtamisenfoorumi\/yhteystiedot\/#breadcrumb"},"inLanguage":"fi","potentialAction":[{"@type":"ReadAction","target":["https:\/\/blogi.eoppimispalvelut.fi\/pohjoinenjohtamisenfoorumi\/yhteystiedot\/"]}]},{"@type":"BreadcrumbList","@id":"https:\/\/blogi.eoppimispalvelut.fi\/pohjoinenjohtamisenfoorumi\/yhteystiedot\/#breadcrumb","itemListElement":[{"@type":"ListItem","position":1,"name":"Home","item":"https:\/\/blogi.eoppimispalvelut.fi\/pohjoinenjohtamisenfoorumi\/"},{"@type":"ListItem","position":2,"name":"Yhteystiedot"}]},{"@type":"WebSite","@id":"https:\/\/blogi.eoppimispalvelut.fi\/pohjoinenjohtamisenfoorumi\/#website","url":"https:\/\/blogi.eoppimispalvelut.fi\/pohjoinenjohtamisenfoorumi\/","name":"Pohjoinen johtamisen foorumi","description":"Uudistavilla toimintamalleilla kasvuun ja kehitykseen Lapissa","potentialAction":[{"@type":"SearchAction","target":{"@type":"EntryPoint","urlTemplate":"https:\/\/blogi.eoppimispalvelut.fi\/pohjoinenjohtamisenfoorumi\/?s={search_term_string}"},"query-input":{"@type":"PropertyValueSpecification","valueRequired":true,"valueName":"search_term_string"}}],"inLanguage":"fi"}]}},"_links":{"self":[{"href":"https:\/\/blogi.eoppimispalvelut.fi\/pohjoinenjohtamisenfoorumi\/wp-json\/wp\/v2\/pages\/168","targetHints":{"allow":["GET"]}}],"collection":[{"href":"https:\/\/blogi.eoppimispalvelut.fi\/pohjoinenjohtamisenfoorumi\/wp-json\/wp\/v2\/pages"}],"about":[{"href":"https:\/\/blogi.eoppimispalvelut.fi\/pohjoinenjohtamisenfoorumi\/wp-json\/wp\/v2\/types\/page"}],"author":[{"embeddable":true,"href":"https:\/\/blogi.eoppimispalvelut.fi\/pohjoinenjohtamisenfoorumi\/wp-json\/wp\/v2\/users\/7294"}],"replies":[{"embeddable":true,"href":"https:\/\/blogi.eoppimispalvelut.fi\/pohjoinenjohtamisenfoorumi\/wp-json\/wp\/v2\/comments?post=168"}],"version-history":[{"count":11,"href":"https:\/\/blogi.eoppimispalvelut.fi\/pohjoinenjohtamisenfoorumi\/wp-json\/wp\/v2\/pages\/168\/revisions"}],"predecessor-version":[{"id":689,"href":"https:\/\/blogi.eoppimispalvelut.fi\/pohjoinenjohtamisenfoorumi\/wp-json\/wp\/v2\/pages\/168\/revisions\/689"}],"wp:attachment":[{"href":"https:\/\/blogi.eoppimispalvelut.fi\/pohjoinenjohtamisenfoorumi\/wp-json\/wp\/v2\/media?parent=168"}],"curies":[{"name":"wp","href":"https:\/\/api.w.org\/{rel}","templated":true}]}}