{"id":456,"date":"2021-11-26T13:43:30","date_gmt":"2021-11-26T11:43:30","guid":{"rendered":"https:\/\/blogi.eoppimispalvelut.fi\/pohjoinenjohtamisenfoorumi\/?page_id=456"},"modified":"2022-08-22T14:36:54","modified_gmt":"2022-08-22T11:36:54","slug":"johtamisvalmennus","status":"publish","type":"page","link":"https:\/\/blogi.eoppimispalvelut.fi\/pohjoinenjohtamisenfoorumi\/johtamisvalmennus\/","title":{"rendered":"Johtamisvalmennus"},"content":{"rendered":"<p>[et_pb_section fb_built=&#8221;1&#8243; _builder_version=&#8221;4.16&#8243; _module_preset=&#8221;default&#8221; background_image=&#8221;https:\/\/blogi.eoppimispalvelut.fi\/pohjoinenjohtamisenfoorumi\/files\/2021\/08\/nettibanneri-01-scaled.jpg&#8221; global_colors_info=&#8221;{}&#8221;][et_pb_row _builder_version=&#8221;4.16&#8243; _module_preset=&#8221;default&#8221; global_colors_info=&#8221;{}&#8221;][et_pb_column type=&#8221;4_4&#8243; _builder_version=&#8221;4.16&#8243; _module_preset=&#8221;default&#8221; global_colors_info=&#8221;{}&#8221;][et_pb_text _builder_version=&#8221;4.16&#8243; _module_preset=&#8221;default&#8221; header_font=&#8221;Maven Pro|800|||||||&#8221; header_text_align=&#8221;center&#8221; header_text_color=&#8221;#FFFFFF&#8221; header_font_size=&#8221;65px&#8221; global_colors_info=&#8221;{}&#8221;]<\/p>\n<h1>Johtamisvalmennus<\/h1>\n<p>[\/et_pb_text][\/et_pb_column][\/et_pb_row][\/et_pb_section][et_pb_section fb_built=&#8221;1&#8243; _builder_version=&#8221;4.16&#8243; background_color=&#8221;RGBA(0,0,0,0)&#8221; min_height=&#8221;22px&#8221; custom_margin=&#8221;0px||||false|false&#8221; custom_padding=&#8221;30px||0px||false|false&#8221; global_colors_info=&#8221;{}&#8221;][et_pb_row _builder_version=&#8221;4.16&#8243; _module_preset=&#8221;default&#8221; min_height=&#8221;105px&#8221; custom_padding=&#8221;0px||0px|||&#8221; border_radii=&#8221;on|5px|5px|5px|5px&#8221; global_colors_info=&#8221;{}&#8221;][et_pb_column type=&#8221;4_4&#8243; _builder_version=&#8221;4.16&#8243; _module_preset=&#8221;default&#8221; global_colors_info=&#8221;{}&#8221;][et_pb_text _builder_version=&#8221;4.17.4&#8243; _module_preset=&#8221;default&#8221; background_color=&#8221;#FFFFFF&#8221; width=&#8221;100%&#8221; min_height=&#8221;92px&#8221; custom_margin=&#8221;||-1px|||&#8221; custom_padding=&#8221;3px||0px||false|&#8221; border_color_all=&#8221;#FFFFFF&#8221; border_width_top=&#8221;15px&#8221; border_width_right=&#8221;15px&#8221; border_width_left=&#8221;15px&#8221; global_colors_info=&#8221;{}&#8221;]<\/p>\n<p>Pohjoinen johtamisen foorumi tarjoaa alueen toimijoille maksuttoman mahdollisuuden ohjattuun johtamisvalmennukseen <em>(arvo 900\u20ac)<\/em>, jossa voidaan edist\u00e4\u00e4 organisaatiossa tai yksik\u00f6ss\u00e4 ty\u00f6n alla olevaa kehitt\u00e4miskohdetta. Valmennus tarjoaa sek\u00e4 uusia n\u00e4kemyksi\u00e4 ett\u00e4 verkoston tuen organisaatiokohtaiseen kehitt\u00e4miseen. Kehitt\u00e4misty\u00f6 tukee my\u00f6s johtajana kehittymist\u00e4 sek\u00e4 osallistaa henkil\u00f6st\u00f6\u00e4.<\/p>\n<p>Jokaisen valmennuksen ensimm\u00e4isess\u00e4 valmennusp\u00e4iv\u00e4ss\u00e4 kuullaan teemoitettu puheenvuoro aiheen asiantuntijoilta, mutta organisaatiokohtainen kehitt\u00e4misty\u00f6 voi liitty\u00e4 muuhunkin aiheeseen kuin valmennusp\u00e4ivien erityisteemoihin.<br \/>Johtamisvalmennus aloitetaan lyhyill\u00e4 haastatteluilla, jonka j\u00e4lkeen organisaatiokohtainen kehitt\u00e4misty\u00f6 etenee yhteisten valmennusp\u00e4ivien ja sparrauksen tukemana. Yhteiset valmennusp\u00e4iv\u00e4t (2 x \u00bd pv) pidet\u00e4\u00e4n tiistai-iltap\u00e4ivisin.<\/p>\n<p>[\/et_pb_text][et_pb_image src=&#8221;https:\/\/blogi.eoppimispalvelut.fi\/pohjoinenjohtamisenfoorumi\/files\/2021\/11\/Koulutuskaavio2.png&#8221; align=&#8221;center&#8221; _builder_version=&#8221;4.16&#8243; _module_preset=&#8221;default&#8221; custom_margin=&#8221;||-4px|||&#8221; custom_padding=&#8221;5px|||||&#8221; global_colors_info=&#8221;{}&#8221;][\/et_pb_image][et_pb_text _builder_version=&#8221;4.16&#8243; _module_preset=&#8221;default&#8221; custom_margin=&#8221;-2px|||||&#8221; global_colors_info=&#8221;{}&#8221;]<\/p>\n<p>&nbsp;<\/p>\n<p>Aikataulu:<\/p>\n<table>\n<tbody>\n<tr>\n<td>I-valmennus 8.2.2022 &#8211; 15.3.2022<\/td>\n<td>Markkinointi ja myynti<\/td>\n<\/tr>\n<tr>\n<td>II-valmennus 10.5.2022 &#8211; 14.6.2022<\/td>\n<td>Talouden johtaminen<\/td>\n<\/tr>\n<tr>\n<td>III-valmennus 1.11.2022 &#8211; 13.12.2022<\/td>\n<td>Palveluiden ja toiminnan kehitt\u00e4minen<\/td>\n<\/tr>\n<tr>\n<td>IV-valmennus 1.11.2022 &#8211; 13.12.2022<\/td>\n<td>Yrityskulttuurin ja vastuullisuuden kehitt\u00e4minen<\/td>\n<\/tr>\n<tr>\n<td>V-valmennus 7.2.2023 &#8211; 14.3.2023<\/td>\n<td>Hyvinvointi ja tuottavuus<\/td>\n<\/tr>\n<\/tbody>\n<\/table>\n<p>&nbsp;<\/p>\n<p>[\/et_pb_text][et_pb_text _builder_version=&#8221;4.17.4&#8243; _module_preset=&#8221;default&#8221; custom_padding=&#8221;||32px|||&#8221; global_colors_info=&#8221;{}&#8221;]<\/p>\n<ul>\n<li>Valmennuksen valinta kannattaa tehd\u00e4 sopivan ajankohdan perusteella.<\/li>\n<li>Kukin valmennusjakso\u00a0 sis\u00e4lt\u00e4\u00e4 osallistujan ja organisaation kannalta samanlaisen prosessin, jossa pureudutaan osallistujille ajankohtaisiin kehitt\u00e4misteemoihin.<\/li>\n<li>Jokainen valmennusten teema-alustus tallennetaan ja tallenne toimitetaan osallistujille riippumatta siit\u00e4, mihin valmennukseen osallistutte. Osallistumalla yhteen valmennukseen saat siis muidenkin valmennusten asiantuntijapuheenvuorot k\u00e4ytt\u00f6\u00f6si!<\/li>\n<li>Valmennukseen on mahdollista osallistua isommalla joukolla organisaatiosta, valmennuksessa ty\u00f6stett\u00e4vi\u00e4 kehitt\u00e4misteemoja voi mietti\u00e4 my\u00f6s yksikk\u00f6- \/ tiimikohtaisesti.<\/li>\n<li>Jos organisaatiosta osallistuu useampi yksikk\u00f6, voivat yksik\u00f6t toki osallistua eri ajankohtiinkin, mik\u00e4li se on my\u00f6s kehitt\u00e4misty\u00f6nne kannalta mielek\u00e4st\u00e4.<\/li>\n<\/ul>\n<p>[\/et_pb_text][et_pb_text _builder_version=&#8221;4.16&#8243; _module_preset=&#8221;default&#8221; custom_margin=&#8221;||-1px|||&#8221; custom_padding=&#8221;||46px|||&#8221; global_colors_info=&#8221;{}&#8221;]<\/p>\n<p>Valmennusta ohjaavat strategisen johtamisen dosentti Pikka-Maaria Laine ja kehitt\u00e4misen asiantuntija Krista Rautio Lapin yliopistosta. Ota yhteytt\u00e4 s\u00e4hk\u00f6postitse <a href=\"mailto:etunimi.sukunimi@ulapland.fi,\">etunimi.sukunimi@ulapland.fi, <\/a>ilmoittautumiset viimeist\u00e4\u00e4n 4 viikkoa ennen kutakin valmennusjaksoa. Ohjaajien lis\u00e4ksi valmennusp\u00e4iviss\u00e4 kuulemme my\u00f6s muita teemojen asiantuntijoita.<\/p>\n<p>[\/et_pb_text][\/et_pb_column][\/et_pb_row][\/et_pb_section][et_pb_section fb_built=&#8221;1&#8243; _builder_version=&#8221;4.16&#8243; _module_preset=&#8221;default&#8221; global_colors_info=&#8221;{}&#8221;][et_pb_row column_structure=&#8221;1_2,1_2&#8243; _builder_version=&#8221;4.16&#8243; _module_preset=&#8221;default&#8221; global_colors_info=&#8221;{}&#8221;][et_pb_column type=&#8221;1_2&#8243; _builder_version=&#8221;4.16&#8243; _module_preset=&#8221;default&#8221; global_colors_info=&#8221;{}&#8221;][et_pb_team_member name=&#8221;Pikka-Maaria Laine&#8221; position=&#8221;KTT, Lapin yliopisto&#8221; image_url=&#8221;https:\/\/blogi.eoppimispalvelut.fi\/pohjoinenjohtamisenfoorumi\/files\/2022\/02\/pikka.jpg&#8221; linkedin_url=&#8221;https:\/\/www.linkedin.com\/in\/laine-pikka-maaria-3bb74446\/&#8221; icon_color=&#8221;#C95C88&#8243; _builder_version=&#8221;4.16&#8243; _module_preset=&#8221;default&#8221; width=&#8221;100%&#8221; custom_margin=&#8221;|6px||2px||&#8221; custom_padding=&#8221;|0px||||&#8221; border_width_top_image=&#8221;6px&#8221; border_color_top_image=&#8221;RGBA(0,0,0,0)&#8221; border_style_top_image=&#8221;outset&#8221; global_colors_info=&#8221;{}&#8221;]<\/p>\n<p>Dosentti, Strateginen johtaminen<br \/> Yliopistonlehtori, johtaminen<\/p>\n<p>Tausta:<\/p>\n<ul>\n<li>Liiketoiminnan ja organisaatioiden kehitt\u00e4misen<br \/> konsultointi 1990-<\/li>\n<li>Tutkimuksesta vastaava varadekaani, Lapin<br \/> yliopisto, Yhteiskuntatieteiden tdk , 2016<\/li>\n<li>Innovaatiojohtamisen professori 2010 2011, It\u00e4 Suomen yliopisto<\/li>\n<li>Hallituksen puh.joht. TJH Promotions Oy, 2014-<\/li>\n<li>Hallituksen puh.joht. Ain1 Oy 2019<\/li>\n<\/ul>\n<p>Tutkimus:<\/p>\n<ul>\n<li>Strategy as practices.<\/li>\n<\/ul>\n<p>[\/et_pb_team_member][\/et_pb_column][et_pb_column type=&#8221;1_2&#8243; _builder_version=&#8221;4.16&#8243; _module_preset=&#8221;default&#8221; global_colors_info=&#8221;{}&#8221;][et_pb_team_member name=&#8221;Krista Rautio&#8221; position=&#8221;YTM, Lapin yliopisto&#8221; image_url=&#8221;https:\/\/blogi.eoppimispalvelut.fi\/pohjoinenjohtamisenfoorumi\/files\/2022\/04\/krista-rautio-01.png&#8221; linkedin_url=&#8221;https:\/\/www.linkedin.com\/in\/kristarautio\/&#8221; icon_color=&#8221;#C95C88&#8243; _builder_version=&#8221;4.16&#8243; _module_preset=&#8221;default&#8221; global_colors_info=&#8221;{}&#8221;]<\/p>\n<p>Kehitt\u00e4misen asiantuntija<\/p>\n<p>Tausta:<br \/> Lapin yliopisto, Koulutus ja kehitt\u00e4mispalvelut 2011-<\/p>\n<ul>\n<li>Monipuoliset kehitt\u00e4misprojektit, yritysten ja<br \/> organisaatioiden kehitt\u00e4misty\u00f6n ohjaus ja fasilitointi<\/li>\n<li>Ura ja ty\u00f6el\u00e4m\u00e4valmennukset<\/li>\n<li>Projektinhallinta ja projektisuunnittelu,<br \/> koulutussuunnittelu<\/li>\n<\/ul>\n<p>V\u00e4it\u00f6skirjatutkija:<\/p>\n<ul>\n<li>ty\u00f6njohtajien ty\u00f6ss\u00e4 menestyminen | positiivinen<br \/> psykologia, johtaminen<\/li>\n<\/ul>\n<p>[\/et_pb_team_member][\/et_pb_column][\/et_pb_row][\/et_pb_section]<\/p>\n","protected":false},"excerpt":{"rendered":"<p>JohtamisvalmennusPohjoinen johtamisen foorumi tarjoaa alueen toimijoille maksuttoman mahdollisuuden ohjattuun johtamisvalmennukseen (arvo 900\u20ac), jossa voidaan edist\u00e4\u00e4 organisaatiossa tai yksik\u00f6ss\u00e4 ty\u00f6n alla olevaa kehitt\u00e4miskohdetta. Valmennus tarjoaa sek\u00e4 uusia n\u00e4kemyksi\u00e4 ett\u00e4 verkoston tuen [&hellip;]<\/p>\n","protected":false},"author":7294,"featured_media":0,"parent":0,"menu_order":0,"comment_status":"closed","ping_status":"closed","template":"","meta":{"_et_pb_use_builder":"on","_et_pb_old_content":"","_et_gb_content_width":"","_monsterinsights_skip_tracking":false,"_monsterinsights_sitenote_active":false,"_monsterinsights_sitenote_note":"","_monsterinsights_sitenote_category":0,"footnotes":""},"class_list":["post-456","page","type-page","status-publish","hentry"],"yoast_head":"<!-- This site is optimized with the Yoast SEO plugin v27.4 - https:\/\/yoast.com\/product\/yoast-seo-wordpress\/ -->\n<title>Johtamisvalmennus - Pohjoinen johtamisen foorumi<\/title>\n<meta name=\"robots\" content=\"index, follow, max-snippet:-1, max-image-preview:large, max-video-preview:-1\" \/>\n<link rel=\"canonical\" href=\"https:\/\/blogi.eoppimispalvelut.fi\/pohjoinenjohtamisenfoorumi\/johtamisvalmennus\/\" \/>\n<meta property=\"og:locale\" content=\"fi_FI\" \/>\n<meta property=\"og:type\" content=\"article\" \/>\n<meta property=\"og:title\" content=\"Johtamisvalmennus - Pohjoinen johtamisen foorumi\" \/>\n<meta property=\"og:description\" content=\"JohtamisvalmennusPohjoinen johtamisen foorumi tarjoaa alueen toimijoille maksuttoman mahdollisuuden ohjattuun johtamisvalmennukseen (arvo 900\u20ac), jossa voidaan edist\u00e4\u00e4 organisaatiossa tai yksik\u00f6ss\u00e4 ty\u00f6n alla olevaa kehitt\u00e4miskohdetta. Valmennus tarjoaa sek\u00e4 uusia n\u00e4kemyksi\u00e4 ett\u00e4 verkoston tuen [&hellip;]\" \/>\n<meta property=\"og:url\" content=\"https:\/\/blogi.eoppimispalvelut.fi\/pohjoinenjohtamisenfoorumi\/johtamisvalmennus\/\" \/>\n<meta property=\"og:site_name\" content=\"Pohjoinen johtamisen foorumi\" \/>\n<meta property=\"article:modified_time\" content=\"2022-08-22T11:36:54+00:00\" \/>\n<meta name=\"twitter:card\" content=\"summary_large_image\" \/>\n<meta name=\"twitter:label1\" content=\"Est. reading time\" \/>\n\t<meta name=\"twitter:data1\" content=\"4 minutes\" \/>\n<script type=\"application\/ld+json\" class=\"yoast-schema-graph\">{\"@context\":\"https:\\\/\\\/schema.org\",\"@graph\":[{\"@type\":\"WebPage\",\"@id\":\"https:\\\/\\\/blogi.eoppimispalvelut.fi\\\/pohjoinenjohtamisenfoorumi\\\/johtamisvalmennus\\\/\",\"url\":\"https:\\\/\\\/blogi.eoppimispalvelut.fi\\\/pohjoinenjohtamisenfoorumi\\\/johtamisvalmennus\\\/\",\"name\":\"Johtamisvalmennus - Pohjoinen johtamisen foorumi\",\"isPartOf\":{\"@id\":\"https:\\\/\\\/blogi.eoppimispalvelut.fi\\\/pohjoinenjohtamisenfoorumi\\\/#website\"},\"datePublished\":\"2021-11-26T11:43:30+00:00\",\"dateModified\":\"2022-08-22T11:36:54+00:00\",\"breadcrumb\":{\"@id\":\"https:\\\/\\\/blogi.eoppimispalvelut.fi\\\/pohjoinenjohtamisenfoorumi\\\/johtamisvalmennus\\\/#breadcrumb\"},\"inLanguage\":\"fi\",\"potentialAction\":[{\"@type\":\"ReadAction\",\"target\":[\"https:\\\/\\\/blogi.eoppimispalvelut.fi\\\/pohjoinenjohtamisenfoorumi\\\/johtamisvalmennus\\\/\"]}]},{\"@type\":\"BreadcrumbList\",\"@id\":\"https:\\\/\\\/blogi.eoppimispalvelut.fi\\\/pohjoinenjohtamisenfoorumi\\\/johtamisvalmennus\\\/#breadcrumb\",\"itemListElement\":[{\"@type\":\"ListItem\",\"position\":1,\"name\":\"Home\",\"item\":\"https:\\\/\\\/blogi.eoppimispalvelut.fi\\\/pohjoinenjohtamisenfoorumi\\\/\"},{\"@type\":\"ListItem\",\"position\":2,\"name\":\"Johtamisvalmennus\"}]},{\"@type\":\"WebSite\",\"@id\":\"https:\\\/\\\/blogi.eoppimispalvelut.fi\\\/pohjoinenjohtamisenfoorumi\\\/#website\",\"url\":\"https:\\\/\\\/blogi.eoppimispalvelut.fi\\\/pohjoinenjohtamisenfoorumi\\\/\",\"name\":\"Pohjoinen johtamisen foorumi\",\"description\":\"Uudistavilla toimintamalleilla kasvuun ja kehitykseen Lapissa\",\"potentialAction\":[{\"@type\":\"SearchAction\",\"target\":{\"@type\":\"EntryPoint\",\"urlTemplate\":\"https:\\\/\\\/blogi.eoppimispalvelut.fi\\\/pohjoinenjohtamisenfoorumi\\\/?s={search_term_string}\"},\"query-input\":{\"@type\":\"PropertyValueSpecification\",\"valueRequired\":true,\"valueName\":\"search_term_string\"}}],\"inLanguage\":\"fi\"}]}<\/script>\n<!-- \/ Yoast SEO plugin. -->","yoast_head_json":{"title":"Johtamisvalmennus - Pohjoinen johtamisen foorumi","robots":{"index":"index","follow":"follow","max-snippet":"max-snippet:-1","max-image-preview":"max-image-preview:large","max-video-preview":"max-video-preview:-1"},"canonical":"https:\/\/blogi.eoppimispalvelut.fi\/pohjoinenjohtamisenfoorumi\/johtamisvalmennus\/","og_locale":"fi_FI","og_type":"article","og_title":"Johtamisvalmennus - Pohjoinen johtamisen foorumi","og_description":"JohtamisvalmennusPohjoinen johtamisen foorumi tarjoaa alueen toimijoille maksuttoman mahdollisuuden ohjattuun johtamisvalmennukseen (arvo 900\u20ac), jossa voidaan edist\u00e4\u00e4 organisaatiossa tai yksik\u00f6ss\u00e4 ty\u00f6n alla olevaa kehitt\u00e4miskohdetta. Valmennus tarjoaa sek\u00e4 uusia n\u00e4kemyksi\u00e4 ett\u00e4 verkoston tuen [&hellip;]","og_url":"https:\/\/blogi.eoppimispalvelut.fi\/pohjoinenjohtamisenfoorumi\/johtamisvalmennus\/","og_site_name":"Pohjoinen johtamisen foorumi","article_modified_time":"2022-08-22T11:36:54+00:00","twitter_card":"summary_large_image","twitter_misc":{"Est. reading time":"4 minutes"},"schema":{"@context":"https:\/\/schema.org","@graph":[{"@type":"WebPage","@id":"https:\/\/blogi.eoppimispalvelut.fi\/pohjoinenjohtamisenfoorumi\/johtamisvalmennus\/","url":"https:\/\/blogi.eoppimispalvelut.fi\/pohjoinenjohtamisenfoorumi\/johtamisvalmennus\/","name":"Johtamisvalmennus - Pohjoinen johtamisen foorumi","isPartOf":{"@id":"https:\/\/blogi.eoppimispalvelut.fi\/pohjoinenjohtamisenfoorumi\/#website"},"datePublished":"2021-11-26T11:43:30+00:00","dateModified":"2022-08-22T11:36:54+00:00","breadcrumb":{"@id":"https:\/\/blogi.eoppimispalvelut.fi\/pohjoinenjohtamisenfoorumi\/johtamisvalmennus\/#breadcrumb"},"inLanguage":"fi","potentialAction":[{"@type":"ReadAction","target":["https:\/\/blogi.eoppimispalvelut.fi\/pohjoinenjohtamisenfoorumi\/johtamisvalmennus\/"]}]},{"@type":"BreadcrumbList","@id":"https:\/\/blogi.eoppimispalvelut.fi\/pohjoinenjohtamisenfoorumi\/johtamisvalmennus\/#breadcrumb","itemListElement":[{"@type":"ListItem","position":1,"name":"Home","item":"https:\/\/blogi.eoppimispalvelut.fi\/pohjoinenjohtamisenfoorumi\/"},{"@type":"ListItem","position":2,"name":"Johtamisvalmennus"}]},{"@type":"WebSite","@id":"https:\/\/blogi.eoppimispalvelut.fi\/pohjoinenjohtamisenfoorumi\/#website","url":"https:\/\/blogi.eoppimispalvelut.fi\/pohjoinenjohtamisenfoorumi\/","name":"Pohjoinen johtamisen foorumi","description":"Uudistavilla toimintamalleilla kasvuun ja kehitykseen Lapissa","potentialAction":[{"@type":"SearchAction","target":{"@type":"EntryPoint","urlTemplate":"https:\/\/blogi.eoppimispalvelut.fi\/pohjoinenjohtamisenfoorumi\/?s={search_term_string}"},"query-input":{"@type":"PropertyValueSpecification","valueRequired":true,"valueName":"search_term_string"}}],"inLanguage":"fi"}]}},"_links":{"self":[{"href":"https:\/\/blogi.eoppimispalvelut.fi\/pohjoinenjohtamisenfoorumi\/wp-json\/wp\/v2\/pages\/456","targetHints":{"allow":["GET"]}}],"collection":[{"href":"https:\/\/blogi.eoppimispalvelut.fi\/pohjoinenjohtamisenfoorumi\/wp-json\/wp\/v2\/pages"}],"about":[{"href":"https:\/\/blogi.eoppimispalvelut.fi\/pohjoinenjohtamisenfoorumi\/wp-json\/wp\/v2\/types\/page"}],"author":[{"embeddable":true,"href":"https:\/\/blogi.eoppimispalvelut.fi\/pohjoinenjohtamisenfoorumi\/wp-json\/wp\/v2\/users\/7294"}],"replies":[{"embeddable":true,"href":"https:\/\/blogi.eoppimispalvelut.fi\/pohjoinenjohtamisenfoorumi\/wp-json\/wp\/v2\/comments?post=456"}],"version-history":[{"count":12,"href":"https:\/\/blogi.eoppimispalvelut.fi\/pohjoinenjohtamisenfoorumi\/wp-json\/wp\/v2\/pages\/456\/revisions"}],"predecessor-version":[{"id":609,"href":"https:\/\/blogi.eoppimispalvelut.fi\/pohjoinenjohtamisenfoorumi\/wp-json\/wp\/v2\/pages\/456\/revisions\/609"}],"wp:attachment":[{"href":"https:\/\/blogi.eoppimispalvelut.fi\/pohjoinenjohtamisenfoorumi\/wp-json\/wp\/v2\/media?parent=456"}],"curies":[{"name":"wp","href":"https:\/\/api.w.org\/{rel}","templated":true}]}}