{"id":19,"date":"2019-11-28T10:59:57","date_gmt":"2019-11-28T08:59:57","guid":{"rendered":"https:\/\/blogi.eoppimispalvelut.fi\/polarcleanandservice1\/?page_id=19"},"modified":"2019-12-05T09:58:22","modified_gmt":"2019-12-05T07:58:22","slug":"periaatteemme","status":"publish","type":"page","link":"https:\/\/blogi.eoppimispalvelut.fi\/polarcleanandservice1\/periaatteemme\/","title":{"rendered":"Strategiamme"},"content":{"rendered":"<p style=\"text-align: left\"><strong>Periaatteemme sis\u00e4lt\u00e4\u00e4 kolme eri l\u00e4ht\u00f6kohtaa, joista yrityksemme on l\u00e4htenyt liikkelle:<\/strong><\/p>\n<p>Pyrimme olemaan vastuullinen ja ekologinen yritys, joka pit\u00e4\u00e4 huolta asiakkaista ja ty\u00f6ntekij\u00f6ist\u00e4mme. Luomme laadukkaita tuotteita ja palveluita asiakkaidemme tarpeisiin, huomioiden asiakkaan my\u00f6s erikoistoiveet esimerkiksi aikatauluissa. Arvojemme mukaisesti haluamme turvata my\u00f6s asiakkaalle tasokkaan ty\u00f6nj\u00e4ljen suojaamalla toimitilamme, laitteistomme ja tuotteemme. Emme paljasta tai luovuta asiakastietojamme eteenp\u00e4in.<\/p>\n<p>Arvostamme ymp\u00e4rist\u00f6\u00e4 ja haluamme tukea ymp\u00e4rist\u00f6mme kantokyky\u00e4 v\u00e4hent\u00e4m\u00e4ll\u00e4 saasteita ja panostamalla j\u00e4tehuoltoon. Haluamme olla mukana ilmastotalkoissa ja toiminnallamme tuemme napaj\u00e4\u00e4tik\u00f6it\u00e4. Haluamme n\u00e4in kertoa asiakkaillemme, ett\u00e4 hekin voivat olla mukana tukemassa tavoitettamme ilmaston hyv\u00e4ksi. Tavoitteemme on luoda uudellainen kiinteist\u00f6palveluyritys, joka murtaa vanhoja tapoja ja perinteist\u00e4 mielikuvaa kaltaisestamme yrityksist\u00e4.<\/p>\n<p>Jokainen ty\u00f6ntekij\u00e4mme on koulutettu ja vastaamme jatkuvasta kehittymisest\u00e4 ja kehityksest\u00e4 pit\u00e4m\u00e4ll\u00e4 ty\u00f6ntekij\u00e4mme koulutuksen ajantasalla. Uskomme, ett\u00e4 yhdess\u00e4 tekem\u00e4ll\u00e4 voimme saada paljon aikaan. Haluamme luoda turvallisen ja avoimen ilmapiirin tiimiss\u00e4mme, mik\u00e4 parantaa my\u00f6s ty\u00f6ntekij\u00f6iden hyvinvointia ja parantaa ty\u00f6nteon tehokkuutta. Ty\u00f6ntekij\u00f6iden hyvinvointiin haluamme panostaa tarjoamalla ty\u00f6ntekij\u00f6illemme hyvinvointipalveluita ja liikuntaa ty\u00f6n ohella.<\/p>\n<p>Kiinteist\u00f6jen kunnossapidon lis\u00e4ksi, pid\u00e4mme yrityksemme ja sen j\u00e4senet kunnossa, luottaen n\u00e4in kest\u00e4v\u00e4\u00e4n kehitykseen yrityksess\u00e4mme sis\u00e4isesti ja ulkoisesti!<\/p>\n","protected":false},"excerpt":{"rendered":"<p>Periaatteemme sis\u00e4lt\u00e4\u00e4 kolme eri l\u00e4ht\u00f6kohtaa, joista yrityksemme on l\u00e4htenyt liikkelle: Pyrimme olemaan vastuullinen ja ekologinen yritys, joka pit\u00e4\u00e4 huolta asiakkaista ja ty\u00f6ntekij\u00f6ist\u00e4mme. Luomme laadukkaita tuotteita ja palveluita asiakkaidemme tarpeisiin, huomioiden asiakkaan my\u00f6s erikoistoiveet esimerkiksi aikatauluissa. Arvojemme mukaisesti haluamme turvata my\u00f6s asiakkaalle tasokkaan ty\u00f6nj\u00e4ljen suojaamalla toimitilamme, laitteistomme ja tuotteemme. Emme paljasta tai luovuta asiakastietojamme eteenp\u00e4in. Arvostamme [&hellip;]<\/p>\n","protected":false},"author":4096,"featured_media":0,"parent":0,"menu_order":0,"comment_status":"closed","ping_status":"closed","template":"","meta":{"footnotes":""},"class_list":["post-19","page","type-page","status-publish","hentry"],"_links":{"self":[{"href":"https:\/\/blogi.eoppimispalvelut.fi\/polarcleanandservice1\/wp-json\/wp\/v2\/pages\/19","targetHints":{"allow":["GET"]}}],"collection":[{"href":"https:\/\/blogi.eoppimispalvelut.fi\/polarcleanandservice1\/wp-json\/wp\/v2\/pages"}],"about":[{"href":"https:\/\/blogi.eoppimispalvelut.fi\/polarcleanandservice1\/wp-json\/wp\/v2\/types\/page"}],"author":[{"embeddable":true,"href":"https:\/\/blogi.eoppimispalvelut.fi\/polarcleanandservice1\/wp-json\/wp\/v2\/users\/4096"}],"replies":[{"embeddable":true,"href":"https:\/\/blogi.eoppimispalvelut.fi\/polarcleanandservice1\/wp-json\/wp\/v2\/comments?post=19"}],"version-history":[{"count":4,"href":"https:\/\/blogi.eoppimispalvelut.fi\/polarcleanandservice1\/wp-json\/wp\/v2\/pages\/19\/revisions"}],"predecessor-version":[{"id":73,"href":"https:\/\/blogi.eoppimispalvelut.fi\/polarcleanandservice1\/wp-json\/wp\/v2\/pages\/19\/revisions\/73"}],"wp:attachment":[{"href":"https:\/\/blogi.eoppimispalvelut.fi\/polarcleanandservice1\/wp-json\/wp\/v2\/media?parent=19"}],"curies":[{"name":"wp","href":"https:\/\/api.w.org\/{rel}","templated":true}]}}