{"id":22,"date":"2019-12-05T09:04:24","date_gmt":"2019-12-05T07:04:24","guid":{"rendered":"https:\/\/blogi.eoppimispalvelut.fi\/polarcleanandservice1\/?page_id=22"},"modified":"2020-03-17T18:39:30","modified_gmt":"2020-03-17T16:39:30","slug":"tuotteemme","status":"publish","type":"page","link":"https:\/\/blogi.eoppimispalvelut.fi\/polarcleanandservice1\/tuotteemme\/","title":{"rendered":"Tuotteemme"},"content":{"rendered":"<h1 style=\"text-align: center\">R\u00e4\u00e4t\u00e4l\u00f6idyt palvelut yrityksille<\/h1>\n<h2 style=\"text-align: center\"><strong>START 650\u20ac\/kk\u00a0<\/strong><\/h2>\n<p style=\"text-align: center\">Perus siivous 1 krt\/ vko<\/p>\n<p style=\"text-align: center\">Kiinteist\u00f6huolto klo 8-16 (Oven avaus ja palovaroittimien tarkastus erikseen)<\/p>\n<h2 style=\"text-align: center\"><strong>STANDART<br \/>\n(Sis\u00e4ltyy START paketti) 850 \u20ac\/kk<\/strong><\/h2>\n<p style=\"text-align: center\">Perus siivous 2-3 krt<\/p>\n<p style=\"text-align: center\">Ikkunoiden pesu 2 krt\/vuosi<\/p>\n<p style=\"text-align: center\">\u00a0Palovaroittimien vaihto<\/p>\n<h2 style=\"text-align: center\"><strong>PREMIUM<br \/>\n(Sis\u00e4ltyy START ja STANDART) 1500\u20ac\/kk<\/strong><\/h2>\n<p style=\"text-align: center\">Oven avaus<\/p>\n<p style=\"text-align: center\">Kiinteist\u00f6huolto 24\/7 p\u00e4ivystys<\/p>\n<p style=\"text-align: center\">Piha-alueiden kunnossapito (lumen auraus, hiekoitukset, nurmikon leikkuu, haravointi..)<\/p>\n<p style=\"text-align: center\">HUOM kiinteist\u00f6huollon palveluihin ei sis\u00e4lly materiaalikulut.<\/p>\n<p style=\"text-align: center\">Hinnat eiv\u00e4t sis\u00e4ll\u00e4 Alv.<\/p>\n<p>&nbsp;<\/p>\n<h2 style=\"text-align: center\"><b>J\u00c4TEHUOLTO<\/b><\/h2>\n<p style=\"text-align: center\">&#8211; 130\u20ac\/kerta<br \/>\n&#8211; 500\u20ac\/kk (tyhjennykset kerran viikossa)<\/p>\n<h2 style=\"text-align: center\"><strong>LIS\u00c4PALVELUT<\/strong><\/h2>\n<p style=\"text-align: center\">&#8211; mattojenpesu 30\u20ac<br \/>\n&#8211; ikkunoiden pesu 50\u20ac\/h<br \/>\n&#8211; nurmikon leikkuu 50\u20ac\/h<br \/>\n&#8211; hiekotukset 30\u20ac\/h<br \/>\n&#8211; haravointi 40\u20ac\/h<br \/>\n&#8211; liputus 20\u20ac\/kerta<br \/>\n&#8211; viem\u00e4rihuolto 30\u20ac\/kerta<br \/>\n&#8211; kiinteist\u00f6huolto 24\/7 p\u00e4ivystys 100\u20ac\/kerta<br \/>\n&#8211; j\u00e4tehuolto 99\u20ac\/kerta<br \/>\n&#8211; nuohous 99\u20ac\/kerta<br \/>\n&#8211; palovaroittimien tarkistus 20\u20ac\/kerta<br \/>\n&#8211; lis\u00e4siivoukset 40\u20ac\/h<\/p>\n<p style=\"text-align: center\"><strong>TUOTTEET KIINTEIST\u00d6NHUOLTOON (ASIAKASHINNAT)<\/strong><br \/>\nPalovaroittimet 15\u20ac<\/p>\n<p style=\"text-align: center\">lamput 5\u20ac-15\u20ac<\/p>\n<p style=\"text-align: center\">hiekoituss\u00e4kki 500 kg 199\u20ac<\/p>\n<p style=\"text-align: center\">roskakori 50L 199\u20ac<\/p>\n<p style=\"text-align: center\">hybridiyhdistelm\u00e4kone siivoukseen 109990,90\u20ac<\/p>\n<p style=\"text-align: center\">Kierr\u00e4tysastiat (pullonpalautus) 450\u20ac<\/p>\n<p style=\"text-align: center\"><strong>KIINTEIST\u00d6HUOLLON TEHT\u00c4V\u00c4T<\/strong><br \/>\n&#8211; Oven avaus<br \/>\n&#8211; palovaroittimien tarkastus<br \/>\n&#8211; lamppujen vaihto<br \/>\n&#8211; kulutus lukemien seuranta ja raportointi<br \/>\n&#8211; pienet korjaukset : asennukset, korjaukset (lamput)<br \/>\nHuom! Kiinteist\u00f6huollon palveluihin ei sis\u00e4lly materiaalikulut.<\/p>\n<p>&nbsp;<\/p>\n<p style=\"text-align: center\">Hinnat eiv\u00e4t sis\u00e4ll\u00e4 Alv.<\/p>\n<p>&nbsp;<\/p>\n<p>&nbsp;<\/p>\n<p>&nbsp;<\/p>\n","protected":false},"excerpt":{"rendered":"<p>R\u00e4\u00e4t\u00e4l\u00f6idyt palvelut yrityksille START 650\u20ac\/kk\u00a0 Perus siivous 1 krt\/ vko Kiinteist\u00f6huolto klo 8-16 (Oven avaus ja palovaroittimien tarkastus erikseen) STANDART (Sis\u00e4ltyy START paketti) 850 \u20ac\/kk Perus siivous 2-3 krt Ikkunoiden pesu 2 krt\/vuosi \u00a0Palovaroittimien vaihto PREMIUM (Sis\u00e4ltyy START ja STANDART) 1500\u20ac\/kk Oven avaus Kiinteist\u00f6huolto 24\/7 p\u00e4ivystys Piha-alueiden kunnossapito (lumen auraus, hiekoitukset, nurmikon leikkuu, haravointi..) HUOM [&hellip;]<\/p>\n","protected":false},"author":4096,"featured_media":0,"parent":0,"menu_order":0,"comment_status":"closed","ping_status":"closed","template":"","meta":{"footnotes":""},"class_list":["post-22","page","type-page","status-publish","hentry"],"_links":{"self":[{"href":"https:\/\/blogi.eoppimispalvelut.fi\/polarcleanandservice1\/wp-json\/wp\/v2\/pages\/22","targetHints":{"allow":["GET"]}}],"collection":[{"href":"https:\/\/blogi.eoppimispalvelut.fi\/polarcleanandservice1\/wp-json\/wp\/v2\/pages"}],"about":[{"href":"https:\/\/blogi.eoppimispalvelut.fi\/polarcleanandservice1\/wp-json\/wp\/v2\/types\/page"}],"author":[{"embeddable":true,"href":"https:\/\/blogi.eoppimispalvelut.fi\/polarcleanandservice1\/wp-json\/wp\/v2\/users\/4096"}],"replies":[{"embeddable":true,"href":"https:\/\/blogi.eoppimispalvelut.fi\/polarcleanandservice1\/wp-json\/wp\/v2\/comments?post=22"}],"version-history":[{"count":10,"href":"https:\/\/blogi.eoppimispalvelut.fi\/polarcleanandservice1\/wp-json\/wp\/v2\/pages\/22\/revisions"}],"predecessor-version":[{"id":130,"href":"https:\/\/blogi.eoppimispalvelut.fi\/polarcleanandservice1\/wp-json\/wp\/v2\/pages\/22\/revisions\/130"}],"wp:attachment":[{"href":"https:\/\/blogi.eoppimispalvelut.fi\/polarcleanandservice1\/wp-json\/wp\/v2\/media?parent=22"}],"curies":[{"name":"wp","href":"https:\/\/api.w.org\/{rel}","templated":true}]}}