{"id":43,"date":"2019-12-05T09:45:10","date_gmt":"2019-12-05T07:45:10","guid":{"rendered":"https:\/\/blogi.eoppimispalvelut.fi\/polarcleanandservice1\/?page_id=43"},"modified":"2019-12-05T10:10:09","modified_gmt":"2019-12-05T08:10:09","slug":"polar-clean-service","status":"publish","type":"page","link":"https:\/\/blogi.eoppimispalvelut.fi\/polarcleanandservice1\/polar-clean-service\/","title":{"rendered":"Polar Clean &amp; Service"},"content":{"rendered":"<p style=\"text-align: center\"><strong>Polar Clean &amp; Service<\/strong><\/p>\n<p style=\"text-align: center\">polarcleanandservice@gmail.com<\/p>\n<p style=\"text-align: center\">Osakeyhti\u00f6 (OPY)<\/p>\n<p style=\"text-align: center\">Toimitusjohtaja<\/p>\n<p style=\"text-align: center\">Janne Erkkil\u00e4 janne.erkkila@edu.lapinamk.fi<\/p>\n<p style=\"text-align: center\">Varatoimitusjohtaja<\/p>\n<p style=\"text-align: center\">Arvi Hyv\u00f6nen arvi.hyvonen@edu.lapinamk.fi<\/p>\n<p style=\"text-align: center\"><b>HALLITUS JA JOHTO<\/b><\/p>\n<p style=\"text-align: center\">Yrityksemme p\u00e4\u00e4t\u00f6svaltaa k\u00e4ytt\u00e4v\u00e4t osakkeenomistajat ja heid\u00e4n valitsemansa hallitus yhdess\u00e4 toimitusjohtajan kanssa.<\/p>\n<p style=\"text-align: center\"><strong>Hallituksen j\u00e4senet<\/strong><\/p>\n<p style=\"text-align: center\">Janne Erkkil\u00e4<\/p>\n<p style=\"text-align: center\">Arvi Hyv\u00f6nen Puheenjohtaja<\/p>\n<p style=\"text-align: center\">Elisa Kangas<\/p>\n<p style=\"text-align: center\">Jarkko Hyrk\u00e4s<\/p>\n<p style=\"text-align: center\"><strong>Varaj\u00e4senet<\/strong><\/p>\n<p style=\"text-align: center\">Pia Keymer<\/p>\n<p style=\"text-align: center\">Iina R\u00f6nk\u00e4<\/p>\n","protected":false},"excerpt":{"rendered":"<p>Polar Clean &amp; Service polarcleanandservice@gmail.com Osakeyhti\u00f6 (OPY) Toimitusjohtaja Janne Erkkil\u00e4 janne.erkkila@edu.lapinamk.fi Varatoimitusjohtaja Arvi Hyv\u00f6nen arvi.hyvonen@edu.lapinamk.fi HALLITUS JA JOHTO Yrityksemme p\u00e4\u00e4t\u00f6svaltaa k\u00e4ytt\u00e4v\u00e4t osakkeenomistajat ja heid\u00e4n valitsemansa hallitus yhdess\u00e4 toimitusjohtajan kanssa. Hallituksen j\u00e4senet Janne Erkkil\u00e4 Arvi Hyv\u00f6nen Puheenjohtaja Elisa Kangas Jarkko Hyrk\u00e4s Varaj\u00e4senet Pia Keymer Iina R\u00f6nk\u00e4<\/p>\n","protected":false},"author":4096,"featured_media":0,"parent":0,"menu_order":0,"comment_status":"closed","ping_status":"closed","template":"","meta":{"footnotes":""},"class_list":["post-43","page","type-page","status-publish","hentry"],"_links":{"self":[{"href":"https:\/\/blogi.eoppimispalvelut.fi\/polarcleanandservice1\/wp-json\/wp\/v2\/pages\/43","targetHints":{"allow":["GET"]}}],"collection":[{"href":"https:\/\/blogi.eoppimispalvelut.fi\/polarcleanandservice1\/wp-json\/wp\/v2\/pages"}],"about":[{"href":"https:\/\/blogi.eoppimispalvelut.fi\/polarcleanandservice1\/wp-json\/wp\/v2\/types\/page"}],"author":[{"embeddable":true,"href":"https:\/\/blogi.eoppimispalvelut.fi\/polarcleanandservice1\/wp-json\/wp\/v2\/users\/4096"}],"replies":[{"embeddable":true,"href":"https:\/\/blogi.eoppimispalvelut.fi\/polarcleanandservice1\/wp-json\/wp\/v2\/comments?post=43"}],"version-history":[{"count":3,"href":"https:\/\/blogi.eoppimispalvelut.fi\/polarcleanandservice1\/wp-json\/wp\/v2\/pages\/43\/revisions"}],"predecessor-version":[{"id":85,"href":"https:\/\/blogi.eoppimispalvelut.fi\/polarcleanandservice1\/wp-json\/wp\/v2\/pages\/43\/revisions\/85"}],"wp:attachment":[{"href":"https:\/\/blogi.eoppimispalvelut.fi\/polarcleanandservice1\/wp-json\/wp\/v2\/media?parent=43"}],"curies":[{"name":"wp","href":"https:\/\/api.w.org\/{rel}","templated":true}]}}