{"id":53108,"date":"2024-02-24T17:51:05","date_gmt":"2024-02-24T15:51:05","guid":{"rendered":"https:\/\/blogi.eoppimispalvelut.fi\/polargate\/?page_id=53108"},"modified":"2024-02-29T16:41:19","modified_gmt":"2024-02-29T14:41:19","slug":"suomeksi","status":"publish","type":"page","link":"https:\/\/blogi.eoppimispalvelut.fi\/polargate\/suomeksi\/","title":{"rendered":"Palvelut"},"content":{"rendered":"<p>[et_pb_section fb_built=&#8221;1&#8243; _builder_version=&#8221;4.20.4&#8243; _module_preset=&#8221;default&#8221; width=&#8221;100%&#8221; max_width=&#8221;100%&#8221; module_alignment=&#8221;center&#8221; min_height=&#8221;166px&#8221; height=&#8221;100px&#8221; max_height=&#8221;100px&#8221; custom_margin=&#8221;-62px||||false|false&#8221; locked=&#8221;off&#8221; global_colors_info=&#8221;{}&#8221;][et_pb_row column_structure=&#8221;1_2,1_2&#8243; _builder_version=&#8221;4.20.4&#8243; _module_preset=&#8221;default&#8221; global_colors_info=&#8221;{}&#8221;][et_pb_column type=&#8221;1_2&#8243; _builder_version=&#8221;4.20.4&#8243; _module_preset=&#8221;default&#8221; global_colors_info=&#8221;{}&#8221;][\/et_pb_column][et_pb_column type=&#8221;1_2&#8243; _builder_version=&#8221;4.20.4&#8243; _module_preset=&#8221;default&#8221; global_colors_info=&#8221;{}&#8221;][et_pb_button button_url=&#8221;https:\/\/blogi.eoppimispalvelut.fi\/polargate\/services-2\/&#8221; button_text=&#8221;In English&#8221; button_alignment=&#8221;right&#8221; _builder_version=&#8221;4.20.4&#8243; _module_preset=&#8221;default&#8221; hover_enabled=&#8221;0&#8243; global_colors_info=&#8221;{}&#8221; custom_margin=&#8221;-13px||||false|false&#8221; sticky_enabled=&#8221;0&#8243;][\/et_pb_button][\/et_pb_column][\/et_pb_row][\/et_pb_section][et_pb_section fb_built=&#8221;1&#8243; _builder_version=&#8221;4.20.4&#8243; _module_preset=&#8221;default&#8221; global_colors_info=&#8221;{}&#8221;][et_pb_row _builder_version=&#8221;4.20.4&#8243; _module_preset=&#8221;default&#8221; global_colors_info=&#8221;{}&#8221;][et_pb_column type=&#8221;4_4&#8243; _builder_version=&#8221;4.20.4&#8243; _module_preset=&#8221;default&#8221; global_colors_info=&#8221;{}&#8221;][et_pb_text _builder_version=&#8221;4.20.4&#8243; _module_preset=&#8221;default&#8221; text_font=&#8221;Poppins||||||||&#8221; text_font_size=&#8221;35px&#8221; global_colors_info=&#8221;{}&#8221;]<\/p>\n<p>Palveluita kansainv\u00e4liseen menestymiseen<\/p>\n<p>[\/et_pb_text][\/et_pb_column][\/et_pb_row][\/et_pb_section][et_pb_section fb_built=&#8221;1&#8243; _builder_version=&#8221;4.20.4&#8243; _module_preset=&#8221;default&#8221; global_colors_info=&#8221;{}&#8221;][et_pb_row column_structure=&#8221;1_2,1_2&#8243; _builder_version=&#8221;4.20.4&#8243; _module_preset=&#8221;default&#8221; global_colors_info=&#8221;{}&#8221;][et_pb_column type=&#8221;1_2&#8243; _builder_version=&#8221;4.20.4&#8243; _module_preset=&#8221;default&#8221; global_colors_info=&#8221;{}&#8221;][et_pb_text _builder_version=&#8221;4.20.4&#8243; _module_preset=&#8221;default&#8221; header_font=&#8221;Poppins||||||||&#8221; header_font_size=&#8221;35px&#8221; global_colors_info=&#8221;{}&#8221;]<\/p>\n<h1>Anna meid\u00e4n auttaa sinua<\/h1>\n<p>Ammattitaitoinen k\u00e4\u00e4nn\u00f6sty\u00f6 voi olla kallis ja aikaa viev\u00e4 prosessi. Se voi kuitenkin tuottaa ison etuly\u00f6ntiaseman yrityksellesi ja saada aikaan hyv\u00e4\u00e4 tuottoa.<\/p>\n<p>[\/et_pb_text][\/et_pb_column][et_pb_column type=&#8221;1_2&#8243; _builder_version=&#8221;4.20.4&#8243; _module_preset=&#8221;default&#8221; global_colors_info=&#8221;{}&#8221;][\/et_pb_column][\/et_pb_row][\/et_pb_section][et_pb_section fb_built=&#8221;1&#8243; _builder_version=&#8221;4.20.4&#8243; _module_preset=&#8221;default&#8221; min_height=&#8221;602px&#8221; custom_padding=&#8221;0px|||||&#8221; global_colors_info=&#8221;{}&#8221;][et_pb_row column_structure=&#8221;1_2,1_2&#8243; _builder_version=&#8221;4.20.4&#8243; _module_preset=&#8221;default&#8221; global_colors_info=&#8221;{}&#8221;][et_pb_column type=&#8221;1_2&#8243; _builder_version=&#8221;4.20.4&#8243; _module_preset=&#8221;default&#8221; global_colors_info=&#8221;{}&#8221;][et_pb_text _builder_version=&#8221;4.20.4&#8243; _module_preset=&#8221;default&#8221; header_font=&#8221;Poppins||||||||&#8221; global_colors_info=&#8221;{}&#8221;]<\/p>\n<h1>P\u00e4\u00e4sylippu uusille markkinoille<\/h1>\n<p>Laajentuminen kansainv\u00e4lisille markkinoille on ratkaisevaa liiketoimintasi kasvamisen kannalta. Se avaa uusia monipuolisia tulovirtoja, lis\u00e4\u00e4 n\u00e4kyvyytt\u00e4 ja varmistaa pitk\u00e4aikaisen jatkuvuuden toiminnallesi muuttuvissakin olosuhteissa.<\/p>\n<p>Hyv\u00e4 vaihtoehto kokeilla kansainv\u00e4lisi\u00e4 markkinoita on ottaa askel kohti kansainv\u00e4list\u00e4 markkinontia sosiaalisessa mediassa. Me Polargatessa tied\u00e4mme, ett\u00e4 media sis\u00e4ll\u00f6n k\u00e4\u00e4nt\u00e4minen on aikaa viev\u00e4\u00e4, ei vain kielellisesti, mutta my\u00f6s ottaen huomioon kulttuuri tekij\u00e4t. Me olemme t\u00e4\u00e4ll\u00e4 auttamassa sinua tavoittamaan uuden yleis\u00f6si vaivattomasti!<\/p>\n<p>[\/et_pb_text][\/et_pb_column][et_pb_column type=&#8221;1_2&#8243; _builder_version=&#8221;4.20.4&#8243; _module_preset=&#8221;default&#8221; global_colors_info=&#8221;{}&#8221;][et_pb_text _builder_version=&#8221;4.20.4&#8243; _module_preset=&#8221;default&#8221; header_2_font=&#8221;Poppins||||||||&#8221; header_2_font_size=&#8221;30px&#8221; global_colors_info=&#8221;{}&#8221;]<\/p>\n<h2>Luottamuksen her\u00e4tt\u00e4minen<\/h2>\n<p>Nykyp\u00e4iv\u00e4n kilpailussa luotettavuus ja maine ovat t\u00e4rke\u00e4ss\u00e4 roolissa. Iso osa t\u00e4st\u00e4 rakentuu hyv\u00e4st\u00e4 kommunikaatiosta. Se auttaa luomaan pitk\u00e4aikaisia asiakassuhteita, joka puolestaa valaa sinulle turvallisen ja vakaan pohjan pitk\u00e4aikaiseen kasvuun.<\/p>\n<p>Anna meid\u00e4n auttaa sinua ymm\u00e4rt\u00e4m\u00e4\u00e4n asiakkaitasi heid\u00e4n omalla kielell\u00e4\u00e4n ja ilmaisemaan mit\u00e4 he oikeasti ajattelevat ja haluavat. Hyvin tehty tulkkaus ja k\u00e4\u00e4nn\u00f6s antaa turvan ja luottamuksen tunnetta molemmin puolin. T\u00e4m\u00e4 v\u00e4hent\u00e4\u00e4 v\u00e4\u00e4rinymm\u00e4rryksi\u00e4, lujittaa luottamusta ja s\u00e4\u00e4st\u00e4\u00e4 rahaasi ja aikaasi.<\/p>\n<p>[\/et_pb_text][\/et_pb_column][\/et_pb_row][et_pb_row column_structure=&#8221;1_2,1_2&#8243; _builder_version=&#8221;4.20.4&#8243; _module_preset=&#8221;default&#8221; global_colors_info=&#8221;{}&#8221;][et_pb_column type=&#8221;1_2&#8243; _builder_version=&#8221;4.20.4&#8243; _module_preset=&#8221;default&#8221; global_colors_info=&#8221;{}&#8221;][et_pb_text _builder_version=&#8221;4.20.4&#8243; _module_preset=&#8221;default&#8221; header_font=&#8221;Poppins||||||||&#8221; global_colors_info=&#8221;{}&#8221;]<\/p>\n<h1>Kilpaetu<\/h1>\n<p style=\"margin: 0in;font-family: Calibri;font-size: 11.0pt\">Monikielisyys antaa yrityksellesi kilpailuedun verrattuna muihin, jotka operoivat vain yhdell\u00e4 kielell\u00e4!<\/p>\n<p style=\"margin: 0in;font-family: Calibri;font-size: 11.0pt\">Monikielisyys erottaa sinut kilpailijoistasi ja houkuttelee uudet asiakkaat luoksesi, ennen kuin he edes kuulevat muista. Kysymys on siit\u00e4, oletko sin\u00e4 se joka haluaa saada uusilla markkinoilla etuly\u00f6ntiaseman verrattuna muihin vai j\u00e4\u00e4tk\u00f6 katsomaan, kun kilpailijasi menestyv\u00e4t uusilla markkinoilla sinua ennen?<\/p>\n<p>[\/et_pb_text][\/et_pb_column][et_pb_column type=&#8221;1_2&#8243; _builder_version=&#8221;4.20.4&#8243; _module_preset=&#8221;default&#8221; global_colors_info=&#8221;{}&#8221;][et_pb_icon font_icon=&#8221;&#xf57d;||fa||900&#8243; _builder_version=&#8221;4.20.4&#8243; _module_preset=&#8221;default&#8221; global_colors_info=&#8221;{}&#8221;][\/et_pb_icon][\/et_pb_column][\/et_pb_row][\/et_pb_section][et_pb_section fb_built=&#8221;1&#8243; _builder_version=&#8221;4.20.4&#8243; _module_preset=&#8221;default&#8221; background_color=&#8221;#22223b&#8221; global_colors_info=&#8221;{}&#8221;][et_pb_row column_structure=&#8221;1_2,1_2&#8243; _builder_version=&#8221;4.20.4&#8243; _module_preset=&#8221;default&#8221; global_colors_info=&#8221;{}&#8221;][et_pb_column type=&#8221;1_2&#8243; _builder_version=&#8221;4.20.4&#8243; _module_preset=&#8221;default&#8221; global_colors_info=&#8221;{}&#8221;][et_pb_text _builder_version=&#8221;4.20.4&#8243; _module_preset=&#8221;default&#8221; text_text_color=&#8221;#f2e9e4&#8243; header_font=&#8221;Playfair Display||||||||&#8221; header_text_color=&#8221;#9a8c98&#8243; header_font_size=&#8221;35px&#8221; header_2_font=&#8221;Inter||||||||&#8221; header_2_text_color=&#8221;#f2e9e4&#8243; header_2_font_size=&#8221;20px&#8221; header_3_font=&#8221;Inter||||||||&#8221; header_3_text_color=&#8221;#FFFFFF&#8221; header_4_text_color=&#8221;#FFFFFF&#8221; header_5_text_color=&#8221;#FFFFFF&#8221; global_colors_info=&#8221;{}&#8221;]<\/p>\n<h1>Et\u00e4k\u00e4\u00e4nn\u00f6spalvelu<\/h1>\n<h2>Et\u00e4n\u00e4 tehdyt k\u00e4\u00e4nn\u00f6kset digitaaliseen sis\u00e4lt\u00f6\u00f6n<\/h2>\n<p>&nbsp;<\/p>\n<p>T\u00e4h\u00e4n palveluun sis\u00e4ltyy muun muassa some-p\u00e4ivitysten, verkkosivujen, s\u00e4hk\u00f6postien, pakkausmerkint\u00f6jen, ainesosaluetteloiden tai muiden lyhyiden digitaalisen tekstejen k\u00e4\u00e4nn\u00f6kset.<\/p>\n<p>T\u00e4m\u00e4 palvelu on suunnattu sinulle, joka arvostat k\u00e4tevyytt\u00e4, nopeutta ja kustannustehokkuutta.<\/p>\n<p>Palvelu ei sis\u00e4ll\u00e4 ei-digitaalisen tekstin k\u00e4\u00e4nn\u00f6ksi\u00e4, eik\u00e4 oikeusasiakirjojen k\u00e4\u00e4nn\u00f6ksi\u00e4.<\/p>\n<p>[\/et_pb_text][et_pb_divider color=&#8221;#9a8c98&#8243; _builder_version=&#8221;4.20.4&#8243; _module_preset=&#8221;default&#8221; global_colors_info=&#8221;{}&#8221;][\/et_pb_divider][et_pb_text _builder_version=&#8221;4.20.4&#8243; _module_preset=&#8221;default&#8221; text_text_color=&#8221;#FFFFFF&#8221; header_3_text_color=&#8221;#f2e9e4&#8243; global_colors_info=&#8221;{}&#8221;]<\/p>\n<h3>Tuntipalkka on 89,99\u20ac (sis. alv), kuhunkin ty\u00f6h\u00f6n tarvittava tuntim\u00e4\u00e4r\u00e4 sovitaan erikseen asiakkaan kanssa<\/h3>\n<p>Tilatessasi t\u00e4m\u00e4n palvelun kanssa muita palveluitamme tai tuotteitamme, r\u00e4\u00e4t\u00e4l\u00f6imme sinulle tarpeittesi mukaisen pakettihinnan.<\/p>\n<p>[\/et_pb_text][et_pb_button button_url=&#8221;https:\/\/blogi.eoppimispalvelut.fi\/polargate\/contact-us\/&#8221; button_text=&#8221;Tilaa palvelu t\u00e4st\u00e4&#8221; _builder_version=&#8221;4.20.4&#8243; _module_preset=&#8221;default&#8221; global_colors_info=&#8221;{}&#8221;][\/et_pb_button][\/et_pb_column][et_pb_column type=&#8221;1_2&#8243; _builder_version=&#8221;4.20.4&#8243; _module_preset=&#8221;default&#8221; global_colors_info=&#8221;{}&#8221;][et_pb_image src=&#8221;https:\/\/blogi.eoppimispalvelut.fi\/polargate\/files\/2024\/02\/3544-1.png&#8221; title_text=&#8221;3544&#8243; _builder_version=&#8221;4.20.4&#8243; _module_preset=&#8221;default&#8221; global_colors_info=&#8221;{}&#8221;][\/et_pb_image][\/et_pb_column][\/et_pb_row][\/et_pb_section][et_pb_section fb_built=&#8221;1&#8243; _builder_version=&#8221;4.20.4&#8243; _module_preset=&#8221;default&#8221; background_color=&#8221;#f2e9e4&#8243; global_colors_info=&#8221;{}&#8221;][et_pb_row column_structure=&#8221;1_2,1_2&#8243; _builder_version=&#8221;4.20.4&#8243; _module_preset=&#8221;default&#8221; global_colors_info=&#8221;{}&#8221;][et_pb_column type=&#8221;1_2&#8243; _builder_version=&#8221;4.20.4&#8243; _module_preset=&#8221;default&#8221; global_colors_info=&#8221;{}&#8221;][et_pb_text _builder_version=&#8221;4.20.4&#8243; _module_preset=&#8221;default&#8221; text_font=&#8221;||||||||&#8221; text_font_size=&#8221;16px&#8221; header_3_font=&#8221;Playfair Display||||||||&#8221; header_3_text_color=&#8221;#22223b&#8221; header_3_font_size=&#8221;35px&#8221; header_4_font=&#8221;Inter||||||||&#8221; header_4_font_size=&#8221;22px&#8221; header_5_font=&#8221;Inter||||||||&#8221; header_5_font_size=&#8221;20px&#8221; global_colors_info=&#8221;{}&#8221;]<\/p>\n<h3>Reaaliaikainen tulkkauspalvelu<\/h3>\n<h5>Joustava reaaliajassa tapahtuva tulkkauspalvelu.<\/h5>\n<p>&nbsp;<\/p>\n<p>T\u00e4m\u00e4 palvelu koskee muun muassa kokouksia, konferensseja, esityksi\u00e4, puheluita, videokonferensseja ja live-tapahtumia.<\/p>\n<p>Palvelu on suunniteltu sinulle, joka tarvitset v\u00e4lit\u00f6nt\u00e4 ja tarkkaa tulkkausta suulliseen viestint\u00e4\u00e4n.<\/p>\n<p>Palvelua voidaan hoitaa et\u00e4n\u00e4 tai sovitussa paikassa Arctic Valleyss\u00e4 tai Rovaniemell\u00e4. Palvelu ei sis\u00e4ll\u00e4 tekstink\u00e4\u00e4nn\u00f6ksi\u00e4.<\/p>\n<p>&nbsp;<\/p>\n<p>[\/et_pb_text][et_pb_divider color=&#8221;#22223B&#8221; divider_weight=&#8221;1px&#8221; _builder_version=&#8221;4.20.4&#8243; _module_preset=&#8221;default&#8221; global_colors_info=&#8221;{}&#8221;][\/et_pb_divider][et_pb_text _builder_version=&#8221;4.20.4&#8243; _module_preset=&#8221;default&#8221; header_3_font=&#8221;Inter||||||||&#8221; header_3_text_color=&#8221;#22223B&#8221; header_3_font_size=&#8221;26px&#8221; header_4_font=&#8221;Inter||||||||&#8221; header_4_text_color=&#8221;#22223B&#8221; header_4_font_size=&#8221;17px&#8221; global_colors_info=&#8221;{}&#8221;]<\/p>\n<h3>Tuntipalkka on 449,99\u20ac. (sis. alv)<\/h3>\n<h4>Arvioimme tarvittavan tuntim\u00e4\u00e4r\u00e4n tapauskohtaisesti.<\/h4>\n<p>Jos sinulla on my\u00f6s tarvetta tekstin k\u00e4\u00e4nn\u00f6ksille, kerro siit\u00e4 meille tilauksen yhteydess\u00e4 ja voimme r\u00e4\u00e4t\u00e4l\u00f6id\u00e4 sinulle sopivan paketin tarpeidesi mukaan.<\/p>\n<p>[\/et_pb_text][et_pb_button button_url=&#8221;https:\/\/blogi.eoppimispalvelut.fi\/polargate\/contact-us\/&#8221; button_text=&#8221;Tilaa palvelu t\u00e4st\u00e4&#8221; _builder_version=&#8221;4.20.4&#8243; _module_preset=&#8221;default&#8221; global_colors_info=&#8221;{}&#8221;][\/et_pb_button][\/et_pb_column][et_pb_column type=&#8221;1_2&#8243; _builder_version=&#8221;4.20.4&#8243; _module_preset=&#8221;default&#8221; global_colors_info=&#8221;{}&#8221;][et_pb_image src=&#8221;https:\/\/blogi.eoppimispalvelut.fi\/polargate\/files\/2024\/02\/3543.png&#8221; title_text=&#8221;3543&#8243; _builder_version=&#8221;4.20.4&#8243; _module_preset=&#8221;default&#8221; global_colors_info=&#8221;{}&#8221;][\/et_pb_image][\/et_pb_column][\/et_pb_row][\/et_pb_section][et_pb_section fb_built=&#8221;1&#8243; _builder_version=&#8221;4.20.4&#8243; _module_preset=&#8221;default&#8221; background_color=&#8221;#461220&#8243; global_colors_info=&#8221;{}&#8221;][et_pb_row column_structure=&#8221;1_2,1_2&#8243; _builder_version=&#8221;4.20.4&#8243; _module_preset=&#8221;default&#8221; global_colors_info=&#8221;{}&#8221;][et_pb_column type=&#8221;1_2&#8243; _builder_version=&#8221;4.20.4&#8243; _module_preset=&#8221;default&#8221; global_colors_info=&#8221;{}&#8221;][et_pb_text _builder_version=&#8221;4.20.4&#8243; _module_preset=&#8221;default&#8221; text_text_color=&#8221;#FFFFFF&#8221; header_font=&#8221;Playfair Display||||||||&#8221; header_text_color=&#8221;#fed0bb&#8221; header_font_size=&#8221;35px&#8221; header_2_font=&#8221;Inter||||||||&#8221; header_2_text_color=&#8221;#fed0bb&#8221; header_2_font_size=&#8221;20px&#8221; header_3_font=&#8221;Inter||||||||&#8221; header_3_text_color=&#8221;#fed0bb&#8221; global_colors_info=&#8221;{}&#8221;]<\/p>\n<h1>Monimutkaisten asiakirjojen k\u00e4\u00e4nn\u00f6spalvelu<\/h1>\n<h2>Asiakirjojen k\u00e4\u00e4nt\u00e4miseen, jotka vaativat haastavaa ja laajaa sanastoa.<\/h2>\n<p>T\u00e4h\u00e4n palveluun sis\u00e4ltyy muun muassa teknisten k\u00e4ytt\u00f6ohjeiden, akateemisten papereiden, l\u00e4\u00e4ketieteellisten asiakirjojen ja muiden kirjallisen, haastavaa sanastoa ja yksityiskohtien syv\u00e4llist\u00e4 hallintaa sis\u00e4lt\u00e4vien materiaalejen k\u00e4\u00e4nn\u00f6kset.<\/p>\n<p>T\u00e4m\u00e4 palvelu on ihanteellinen sinulle, joka tarvitset tarkkoja k\u00e4\u00e4nn\u00f6ksi\u00e4 asiakirjoihin, jotka ovat teknillisesti haastavia.<\/p>\n<p>T\u00e4m\u00e4 palvelu ei sovellu oikeudellisten asiakirjojen k\u00e4\u00e4nt\u00e4miseen.<\/p>\n<p>[\/et_pb_text][et_pb_divider color=&#8221;#FED0BB&#8221; _builder_version=&#8221;4.20.4&#8243; _module_preset=&#8221;default&#8221; global_colors_info=&#8221;{}&#8221;][\/et_pb_divider][et_pb_text _builder_version=&#8221;4.20.4&#8243; _module_preset=&#8221;default&#8221; text_text_color=&#8221;#FFFFFF&#8221; header_3_font=&#8221;Inter||||||||&#8221; header_3_text_color=&#8221;#FED0BB&#8221; header_3_font_size=&#8221;26px&#8221; global_colors_info=&#8221;{}&#8221;]<\/p>\n<h3>Tuntipalkka on 199,99\u20ac. (sis. alv)<\/h3>\n<p>Arvioimme tarvittavan tuntim\u00e4\u00e4r\u00e4n jokaisen tilauksen yhteydess\u00e4 erikseen.<\/p>\n<p>Jos sinulle on tarvetta muillekin palveluillemme tai tuotteillemme, voimme r\u00e4\u00e4t\u00e4l\u00f6id\u00e4 tarpeisiisi sopivan pakettihinnan.<\/p>\n<p>[\/et_pb_text][et_pb_button button_url=&#8221;https:\/\/blogi.eoppimispalvelut.fi\/polargate\/contact-us\/&#8221; button_text=&#8221;Tilaa palvelu t\u00e4st\u00e4&#8221; _builder_version=&#8221;4.20.4&#8243; _module_preset=&#8221;default&#8221; global_colors_info=&#8221;{}&#8221;][\/et_pb_button][\/et_pb_column][et_pb_column type=&#8221;1_2&#8243; _builder_version=&#8221;4.20.4&#8243; _module_preset=&#8221;default&#8221; global_colors_info=&#8221;{}&#8221;][et_pb_image src=&#8221;https:\/\/blogi.eoppimispalvelut.fi\/polargate\/files\/2024\/02\/3545.png&#8221; title_text=&#8221;3545&#8243; _builder_version=&#8221;4.20.4&#8243; _module_preset=&#8221;default&#8221; global_colors_info=&#8221;{}&#8221;][\/et_pb_image][\/et_pb_column][\/et_pb_row][\/et_pb_section][et_pb_section fb_built=&#8221;1&#8243; _builder_version=&#8221;4.20.4&#8243; _module_preset=&#8221;default&#8221; background_color=&#8221;#cce3de&#8221; global_colors_info=&#8221;{}&#8221;][et_pb_row column_structure=&#8221;1_2,1_2&#8243; _builder_version=&#8221;4.20.4&#8243; _module_preset=&#8221;default&#8221; global_colors_info=&#8221;{}&#8221;][et_pb_column type=&#8221;1_2&#8243; _builder_version=&#8221;4.20.4&#8243; _module_preset=&#8221;default&#8221; global_colors_info=&#8221;{}&#8221;][et_pb_text _builder_version=&#8221;4.20.4&#8243; _module_preset=&#8221;default&#8221; header_font=&#8221;Playfair Display||||||||&#8221; header_text_color=&#8221;#283618&#8243; header_2_font=&#8221;Inter||||||||&#8221; header_2_text_color=&#8221;#283618&#8243; header_2_font_size=&#8221;20px&#8221; custom_padding=&#8221;||2px|||&#8221; global_colors_info=&#8221;{}&#8221;]<\/p>\n<h1>Jatkuva kuukausi tilaus k\u00e4\u00e4nn\u00f6ksiin<\/h1>\n<h2>T\u00e4m\u00e4 palvelu tarjoaa sinulle joustavan tavan hy\u00f6dynt\u00e4\u00e4 k\u00e4\u00e4nn\u00f6spalveluitamme huoletta joka kuukausi.<\/h2>\n<p>T\u00e4h\u00e4n kuukausipakettiin kuuluu 8 digitaalisen sis\u00e4ll\u00f6n k\u00e4\u00e4nn\u00f6st\u00e4, 3 reaaliajassa tapahtuvaa tulkkausta sek\u00e4 2 monimutkaisen asiakirjan k\u00e4\u00e4nn\u00f6st\u00e4. Olet my\u00f6s oikeutettu muihin tuotteisiimme kohdistuviin tarjouksiin.<\/p>\n<p>T\u00e4m\u00e4 palvelu sopii erinomaisesti sinulle, joka haluat pitk\u00e4aikaisen ratkaisun, joka on sek\u00e4 joustava ett\u00e4 kustannustehokas.<\/p>\n<p>[\/et_pb_text][et_pb_divider color=&#8221;#283618&#8243; _builder_version=&#8221;4.20.4&#8243; _module_preset=&#8221;default&#8221; global_colors_info=&#8221;{}&#8221;][\/et_pb_divider][et_pb_text _builder_version=&#8221;4.20.4&#8243; _module_preset=&#8221;default&#8221; header_2_font=&#8221;Inter||||||||&#8221; header_2_text_color=&#8221;#283618&#8243; global_colors_info=&#8221;{}&#8221;]<\/p>\n<h2>Kuukausimaksu on 1999,99\u20ac (sis. alv)<\/h2>\n<p>T\u00e4m\u00e4 palvelu ei sis\u00e4ll\u00e4 oikeudellisten asiakirjojen k\u00e4\u00e4nt\u00e4mist\u00e4. Mahdolliset lis\u00e4k\u00e4\u00e4nn\u00f6kset sovitaan ja laskutetaan erikseen tuntipalkan mukaan.<\/p>\n<p>[\/et_pb_text][et_pb_button button_url=&#8221;https:\/\/blogi.eoppimispalvelut.fi\/polargate\/contact-us\/&#8221; button_text=&#8221;Tilaa palvelu t\u00e4st\u00e4&#8221; _builder_version=&#8221;4.20.4&#8243; _module_preset=&#8221;default&#8221; global_colors_info=&#8221;{}&#8221;][\/et_pb_button][\/et_pb_column][et_pb_column type=&#8221;1_2&#8243; _builder_version=&#8221;4.20.4&#8243; _module_preset=&#8221;default&#8221; global_colors_info=&#8221;{}&#8221;][et_pb_image src=&#8221;https:\/\/blogi.eoppimispalvelut.fi\/polargate\/files\/2024\/02\/3545-1.png&#8221; title_text=&#8221;3545&#8243; _builder_version=&#8221;4.20.4&#8243; _module_preset=&#8221;default&#8221; global_colors_info=&#8221;{}&#8221;][\/et_pb_image][\/et_pb_column][\/et_pb_row][\/et_pb_section][et_pb_section fb_built=&#8221;1&#8243; _builder_version=&#8221;4.16&#8243; _module_preset=&#8221;default&#8221; custom_padding=&#8221;0px|||||&#8221; global_colors_info=&#8221;{}&#8221;][et_pb_row _builder_version=&#8221;4.16&#8243; _module_preset=&#8221;default&#8221; min_height=&#8221;140.6px&#8221; global_colors_info=&#8221;{}&#8221;][et_pb_column type=&#8221;4_4&#8243; _builder_version=&#8221;4.16&#8243; _module_preset=&#8221;default&#8221; global_colors_info=&#8221;{}&#8221;][et_pb_text _builder_version=&#8221;4.20.4&#8243; _module_preset=&#8221;default&#8221; header_font=&#8221;Inter||||||||&#8221; global_colors_info=&#8221;{}&#8221;]<\/p>\n<h1><strong>Miksi valita juuri meid\u00e4t?<\/strong><\/h1>\n<p>Tarjoamme sinulle joustavan ja innokkaan tiimimme osaamista uusien asiakkaiden l\u00f6yt\u00e4miseen. Pid\u00e4mme huolen siit\u00e4, ett\u00e4 viestisi pysyy sellaisena, kuin tarkoitit ja, ett\u00e4 kommunikointisi uusien asiakkaiden kanssa on jouhevaa. Olemme t\u00e4\u00e4ll\u00e4 sinun tarpeitasi varten! Odotamme innolla yhteydenottoasi!<\/p>\n<p>[\/et_pb_text][\/et_pb_column][\/et_pb_row][et_pb_row _builder_version=&#8221;4.20.4&#8243; _module_preset=&#8221;default&#8221; global_colors_info=&#8221;{}&#8221;][et_pb_column type=&#8221;4_4&#8243; _builder_version=&#8221;4.20.4&#8243; _module_preset=&#8221;default&#8221; global_colors_info=&#8221;{}&#8221;][et_pb_button button_url=&#8221;https:\/\/blogi.eoppimispalvelut.fi\/polargate\/tuotteet-suomeksi\/&#8221; button_text=&#8221;Tutustu my\u00f6s tuotteisiimme&#8221; _builder_version=&#8221;4.20.4&#8243; _module_preset=&#8221;default&#8221; global_colors_info=&#8221;{}&#8221;][\/et_pb_button][\/et_pb_column][\/et_pb_row][\/et_pb_section][et_pb_section fb_built=&#8221;1&#8243; _builder_version=&#8221;4.20.4&#8243; _module_preset=&#8221;default&#8221; width=&#8221;100%&#8221; module_alignment=&#8221;center&#8221; min_height=&#8221;100px&#8221; height=&#8221;189px&#8221; max_height=&#8221;100px&#8221; custom_margin=&#8221;0px||||false|false&#8221; custom_padding=&#8221;0px||||false|false&#8221; locked=&#8221;off&#8221; global_colors_info=&#8221;{}&#8221;][et_pb_row column_structure=&#8221;1_2,1_2&#8243; _builder_version=&#8221;4.20.4&#8243; _module_preset=&#8221;default&#8221; global_colors_info=&#8221;{}&#8221;][et_pb_column type=&#8221;1_2&#8243; _builder_version=&#8221;4.20.4&#8243; _module_preset=&#8221;default&#8221; global_colors_info=&#8221;{}&#8221;][et_pb_menu menu_id=&#8221;37&#8243; submenu_direction=&#8221;upwards&#8221; logo_width=&#8221;100%&#8221; logo_height=&#8221;200px&#8221; _builder_version=&#8221;4.20.4&#8243; _module_preset=&#8221;default&#8221; custom_margin=&#8221;-58px||||false|false&#8221; global_colors_info=&#8221;{}&#8221;][\/et_pb_menu][\/et_pb_column][et_pb_column type=&#8221;1_2&#8243; _builder_version=&#8221;4.20.4&#8243; _module_preset=&#8221;default&#8221; global_colors_info=&#8221;{}&#8221;][et_pb_button button_url=&#8221;https:\/\/blogi.eoppimispalvelut.fi\/polargate\/services-2\/&#8221; button_text=&#8221;In English&#8221; button_alignment=&#8221;right&#8221; _builder_version=&#8221;4.20.4&#8243; _module_preset=&#8221;default&#8221; custom_margin=&#8221;-24px||||false|false&#8221; global_colors_info=&#8221;{}&#8221;][\/et_pb_button][\/et_pb_column][\/et_pb_row][\/et_pb_section]<\/p>\n","protected":false},"excerpt":{"rendered":"<p>Palveluita kansainv\u00e4liseen menestymiseenAnna meid\u00e4n auttaa sinua Ammattitaitoinen k\u00e4\u00e4nn\u00f6sty\u00f6 voi olla kallis ja aikaa viev\u00e4 prosessi. Se voi kuitenkin tuottaa ison etuly\u00f6ntiaseman yrityksellesi ja saada aikaan hyv\u00e4\u00e4 tuottoa.P\u00e4\u00e4sylippu uusille markkinoille Laajentuminen kansainv\u00e4lisille markkinoille on ratkaisevaa liiketoimintasi kasvamisen kannalta. Se avaa uusia monipuolisia tulovirtoja, lis\u00e4\u00e4 n\u00e4kyvyytt\u00e4 ja varmistaa pitk\u00e4aikaisen jatkuvuuden toiminnallesi muuttuvissakin olosuhteissa. Hyv\u00e4 vaihtoehto kokeilla kansainv\u00e4lisi\u00e4 [&hellip;]<\/p>\n","protected":false},"author":43223,"featured_media":0,"parent":0,"menu_order":0,"comment_status":"closed","ping_status":"closed","template":"","meta":{"_acf_changed":false,"_et_pb_use_builder":"on","_et_pb_old_content":"","_et_gb_content_width":"","footnotes":""},"class_list":["post-53108","page","type-page","status-publish","hentry"],"acf":[],"_links":{"self":[{"href":"https:\/\/blogi.eoppimispalvelut.fi\/polargate\/wp-json\/wp\/v2\/pages\/53108","targetHints":{"allow":["GET"]}}],"collection":[{"href":"https:\/\/blogi.eoppimispalvelut.fi\/polargate\/wp-json\/wp\/v2\/pages"}],"about":[{"href":"https:\/\/blogi.eoppimispalvelut.fi\/polargate\/wp-json\/wp\/v2\/types\/page"}],"author":[{"embeddable":true,"href":"https:\/\/blogi.eoppimispalvelut.fi\/polargate\/wp-json\/wp\/v2\/users\/43223"}],"replies":[{"embeddable":true,"href":"https:\/\/blogi.eoppimispalvelut.fi\/polargate\/wp-json\/wp\/v2\/comments?post=53108"}],"version-history":[{"count":21,"href":"https:\/\/blogi.eoppimispalvelut.fi\/polargate\/wp-json\/wp\/v2\/pages\/53108\/revisions"}],"predecessor-version":[{"id":53379,"href":"https:\/\/blogi.eoppimispalvelut.fi\/polargate\/wp-json\/wp\/v2\/pages\/53108\/revisions\/53379"}],"wp:attachment":[{"href":"https:\/\/blogi.eoppimispalvelut.fi\/polargate\/wp-json\/wp\/v2\/media?parent=53108"}],"curies":[{"name":"wp","href":"https:\/\/api.w.org\/{rel}","templated":true}]}}