{"id":53125,"date":"2024-02-24T19:22:34","date_gmt":"2024-02-24T17:22:34","guid":{"rendered":"https:\/\/blogi.eoppimispalvelut.fi\/polargate\/?page_id=53125"},"modified":"2024-04-23T18:19:54","modified_gmt":"2024-04-23T15:19:54","slug":"tuotteet-suomeksi","status":"publish","type":"page","link":"https:\/\/blogi.eoppimispalvelut.fi\/polargate\/tuotteet-suomeksi\/","title":{"rendered":"Tuotteet"},"content":{"rendered":"<p>[et_pb_section fb_built=&#8221;1&#8243; _builder_version=&#8221;4.20.4&#8243; _module_preset=&#8221;default&#8221; min_height=&#8221;100px&#8221; height=&#8221;100px&#8221; max_height=&#8221;139px&#8221; locked=&#8221;off&#8221; global_colors_info=&#8221;{}&#8221;][et_pb_row column_structure=&#8221;1_2,1_2&#8243; _builder_version=&#8221;4.20.4&#8243; _module_preset=&#8221;default&#8221; custom_margin=&#8221;-14px||||false|false&#8221; custom_padding=&#8221;0px||||false|false&#8221; global_colors_info=&#8221;{}&#8221;][et_pb_column type=&#8221;1_2&#8243; _builder_version=&#8221;4.20.4&#8243; _module_preset=&#8221;default&#8221; global_colors_info=&#8221;{}&#8221;][\/et_pb_column][et_pb_column type=&#8221;1_2&#8243; _builder_version=&#8221;4.20.4&#8243; _module_preset=&#8221;default&#8221; global_colors_info=&#8221;{}&#8221;][et_pb_button button_url=&#8221;https:\/\/blogi.eoppimispalvelut.fi\/polargate\/products\/&#8221; button_text=&#8221;In English&#8221; button_alignment=&#8221;right&#8221; _builder_version=&#8221;4.20.4&#8243; _module_preset=&#8221;default&#8221; custom_margin=&#8221;-33px||||false|false&#8221; global_colors_info=&#8221;{}&#8221;][\/et_pb_button][\/et_pb_column][\/et_pb_row][\/et_pb_section][et_pb_section fb_built=&#8221;1&#8243; _builder_version=&#8221;4.20.4&#8243; _module_preset=&#8221;default&#8221; min_height=&#8221;100px&#8221; height=&#8221;100px&#8221; custom_margin=&#8221;-45px||-58px||false|false&#8221; global_colors_info=&#8221;{}&#8221;][et_pb_row _builder_version=&#8221;4.20.4&#8243; _module_preset=&#8221;default&#8221; global_colors_info=&#8221;{}&#8221;][et_pb_column type=&#8221;4_4&#8243; _builder_version=&#8221;4.20.4&#8243; _module_preset=&#8221;default&#8221; global_colors_info=&#8221;{}&#8221;][et_pb_text _builder_version=&#8221;4.20.4&#8243; _module_preset=&#8221;default&#8221; custom_margin=&#8221;-77px||||false|false&#8221; global_colors_info=&#8221;{}&#8221;]<\/p>\n<h1><strong>Tuotteemme<\/strong><\/h1>\n<p>[\/et_pb_text][\/et_pb_column][\/et_pb_row][\/et_pb_section][et_pb_section fb_built=&#8221;1&#8243; _builder_version=&#8221;4.20.4&#8243; _module_preset=&#8221;default&#8221; background_color=&#8221;#a9bcd0&#8243; global_colors_info=&#8221;{}&#8221;][et_pb_row column_structure=&#8221;1_2,1_2&#8243; _builder_version=&#8221;4.20.4&#8243; _module_preset=&#8221;default&#8221; global_colors_info=&#8221;{}&#8221;][et_pb_column type=&#8221;1_2&#8243; _builder_version=&#8221;4.16&#8243; _module_preset=&#8221;default&#8221; global_colors_info=&#8221;{}&#8221;][et_pb_image src=&#8221;https:\/\/blogi.eoppimispalvelut.fi\/polargate\/files\/2024\/02\/book.png&#8221; alt=&#8221;A book to practice business English&#8221; title_text=&#8221;book&#8221; _builder_version=&#8221;4.20.4&#8243; _module_preset=&#8221;default&#8221; width=&#8221;75%&#8221; custom_padding=&#8221;0px|||||&#8221; global_colors_info=&#8221;{}&#8221;][\/et_pb_image][\/et_pb_column][et_pb_column type=&#8221;1_2&#8243; _builder_version=&#8221;4.16&#8243; _module_preset=&#8221;default&#8221; global_colors_info=&#8221;{}&#8221;][et_pb_text _builder_version=&#8221;4.20.4&#8243; _module_preset=&#8221;default&#8221; text_font=&#8221;Inter||||||||&#8221; text_text_color=&#8221;#373f51&#8243; header_font=&#8221;Inter||||||||&#8221; header_font_size=&#8221;35px&#8221; header_2_font=&#8221;Inter||||||||&#8221; header_2_font_size=&#8221;25px&#8221; width=&#8221;98.1%&#8221; global_colors_info=&#8221;{}&#8221;]<\/p>\n<h1><strong>English for everyone\u00a0<\/strong><\/h1>\n<h2><strong>Harjoituskirja taso 1 &#8211; Liiketalous englanti<\/strong><\/h2>\n<p>&nbsp;<\/p>\n<p>English for everyone on ihanteellinen jokaiselle liiketoiminta-alalla ty\u00f6skentelev\u00e4lle, jotka haluavat parantaa kielitaitoaan. Kirjassa on runsaasti liike-el\u00e4m\u00e4\u00e4n liittyvi\u00e4 sanoja ja fraaseja sek\u00e4 hy\u00f6dyllisi\u00e4 vinkkej\u00e4 siit\u00e4, kuinka k\u00e4ytt\u00e4\u00e4 englantia luonnollisesti liiketoimintatilanteissa, kuten kokouksissa ja s\u00e4hk\u00f6posteissa. English for everyone auttaa sinua sek\u00e4 kielenoppimisessa, mutta my\u00f6s ymm\u00e4rt\u00e4m\u00e4\u00e4n kulttuurisia hienovaraisuuksia liike-el\u00e4m\u00e4ss\u00e4.<\/p>\n<p>Yli 10 kirjan tilaukset saavat alennuksen. Toimitusajat suuremmille tilauksille voivat vaihdella.<\/p>\n<p>[\/et_pb_text][et_pb_divider color=&#8221;#000000&#8243; _builder_version=&#8221;4.20.4&#8243; _module_preset=&#8221;default&#8221; global_colors_info=&#8221;{}&#8221;][\/et_pb_divider][et_pb_text _builder_version=&#8221;4.20.4&#8243; _module_preset=&#8221;default&#8221; header_font=&#8221;Inter||||||||&#8221; header_text_color=&#8221;#000000&#8243; header_font_size=&#8221;35px&#8221; global_colors_info=&#8221;{}&#8221;]<\/p>\n<h1>Hinta 79,99\u20ac (sis. alv)<\/h1>\n<p>[\/et_pb_text][et_pb_button button_url=&#8221;https:\/\/blogi.eoppimispalvelut.fi\/polargate\/pricing\/&#8221; button_text=&#8221;Tilaa nyt&#8221; button_alignment=&#8221;center&#8221; _builder_version=&#8221;4.20.4&#8243; _module_preset=&#8221;default&#8221; custom_button=&#8221;on&#8221; button_text_color=&#8221;#FFFFFF&#8221; button_bg_color=&#8221;#1e1e1e&#8221; button_font=&#8221;Inter||||||||&#8221; button_icon=&#8221;&#xe07a;||divi||400&#8243; global_colors_info=&#8221;{}&#8221;][\/et_pb_button][\/et_pb_column][\/et_pb_row][\/et_pb_section][et_pb_section fb_built=&#8221;1&#8243; _builder_version=&#8221;4.24.3&#8243; _module_preset=&#8221;default&#8221; background_color=&#8221;#ba7b6b&#8221; hover_enabled=&#8221;0&#8243; global_colors_info=&#8221;{}&#8221; sticky_enabled=&#8221;0&#8243;][et_pb_row column_structure=&#8221;1_2,1_2&#8243; _builder_version=&#8221;4.20.4&#8243; _module_preset=&#8221;default&#8221; global_colors_info=&#8221;{}&#8221;][et_pb_column type=&#8221;1_2&#8243; _builder_version=&#8221;4.16&#8243; _module_preset=&#8221;default&#8221; global_colors_info=&#8221;{}&#8221;][et_pb_image src=&#8221;https:\/\/blogi.eoppimispalvelut.fi\/polargate\/files\/2024\/04\/English-for-Everyone-Business-English-Practice-Book-Level-2-1.jpg&#8221; alt=&#8221;A book to practice business English&#8221; title_text=&#8221;English for Everyone Business English Practice Book Level 2&#8243; _builder_version=&#8221;4.24.3&#8243; _module_preset=&#8221;default&#8221; width=&#8221;75%&#8221; custom_padding=&#8221;0px|0px||||&#8221; hover_enabled=&#8221;0&#8243; global_colors_info=&#8221;{}&#8221; sticky_enabled=&#8221;0&#8243; custom_margin=&#8221;||11px|||&#8221;][\/et_pb_image][\/et_pb_column][et_pb_column type=&#8221;1_2&#8243; _builder_version=&#8221;4.16&#8243; _module_preset=&#8221;default&#8221; global_colors_info=&#8221;{}&#8221;][et_pb_text _builder_version=&#8221;4.24.3&#8243; _module_preset=&#8221;default&#8221; text_font=&#8221;Inter||||||||&#8221; text_text_color=&#8221;#373f51&#8243; header_font=&#8221;Inter||||||||&#8221; header_font_size=&#8221;35px&#8221; header_2_font=&#8221;Inter||||||||&#8221; header_2_font_size=&#8221;25px&#8221; width=&#8221;98.1%&#8221; hover_enabled=&#8221;0&#8243; global_colors_info=&#8221;{}&#8221; sticky_enabled=&#8221;0&#8243;]<\/p>\n<h1><strong>English for everyone\u00a0<\/strong><\/h1>\n<h2><strong>Harjoituskirja taso 2 &#8211; Liiketalous englanti<\/strong><\/h2>\n<p>&nbsp;<\/p>\n<p>English for Everyone Kirja 2 on erinomainen tapa jatkaa opintojasi kuulostaaksesi ammattitaitoiselta englannin kielen k\u00e4ytt\u00e4j\u00e4lt\u00e4 liikealalla. Kirja sis\u00e4lt\u00e4\u00e4 monia esimerkkej\u00e4 luonnollisista liikekeskusteluista, antaa vinkkej\u00e4 neuvotteluihin ja auttaa sinua parantamaan ymm\u00e4rryst\u00e4si liike-el\u00e4m\u00e4n yleisist\u00e4 sanonnoista, jotka ovat tavallisia Englantia \u00e4idinkielen\u00e4\u00e4n puhuvien keskuudessa.<\/p>\n<p>Yli 10 kirjan tilaukset saavat alennuksen. Toimitusajat suuremmille tilauksille voivat vaihdella.<\/p>\n<p>[\/et_pb_text][et_pb_divider color=&#8221;#000000&#8243; _builder_version=&#8221;4.20.4&#8243; _module_preset=&#8221;default&#8221; global_colors_info=&#8221;{}&#8221;][\/et_pb_divider][et_pb_text _builder_version=&#8221;4.20.4&#8243; _module_preset=&#8221;default&#8221; header_font=&#8221;Inter||||||||&#8221; header_text_color=&#8221;#000000&#8243; header_font_size=&#8221;35px&#8221; global_colors_info=&#8221;{}&#8221;]<\/p>\n<h1>Hinta 79,99\u20ac (sis. alv)<\/h1>\n<p>[\/et_pb_text][et_pb_button button_url=&#8221;https:\/\/blogi.eoppimispalvelut.fi\/polargate\/pricing\/&#8221; button_text=&#8221;Tilaa nyt&#8221; button_alignment=&#8221;center&#8221; _builder_version=&#8221;4.20.4&#8243; _module_preset=&#8221;default&#8221; custom_button=&#8221;on&#8221; button_text_color=&#8221;#FFFFFF&#8221; button_bg_color=&#8221;#1e1e1e&#8221; button_font=&#8221;Inter||||||||&#8221; button_icon=&#8221;&#xe07a;||divi||400&#8243; global_colors_info=&#8221;{}&#8221;][\/et_pb_button][\/et_pb_column][\/et_pb_row][\/et_pb_section][et_pb_section fb_built=&#8221;1&#8243; _builder_version=&#8221;4.20.4&#8243; _module_preset=&#8221;default&#8221; background_color=&#8221;#344e41&#8243; global_colors_info=&#8221;{}&#8221;][et_pb_row column_structure=&#8221;1_2,1_2&#8243; _builder_version=&#8221;4.20.4&#8243; _module_preset=&#8221;default&#8221; global_colors_info=&#8221;{}&#8221;][et_pb_column type=&#8221;1_2&#8243; _builder_version=&#8221;4.16&#8243; _module_preset=&#8221;default&#8221; global_colors_info=&#8221;{}&#8221;][et_pb_image src=&#8221;https:\/\/blogi.eoppimispalvelut.fi\/polargate\/files\/2024\/02\/World-Travel-wall-calender-12&#215;24-inches.jpeg&#8221; alt=&#8221;A calendar that has nice pictures from around the world&#8221; title_text=&#8221;World-Travel-wall-calender-12&#215;24-inches&#8221; _builder_version=&#8221;4.20.4&#8243; _module_preset=&#8221;default&#8221; width=&#8221;75%&#8221; custom_padding=&#8221;0px|||||&#8221; global_colors_info=&#8221;{}&#8221;][\/et_pb_image][\/et_pb_column][et_pb_column type=&#8221;1_2&#8243; _builder_version=&#8221;4.16&#8243; _module_preset=&#8221;default&#8221; global_colors_info=&#8221;{}&#8221;][et_pb_text _builder_version=&#8221;4.20.4&#8243; _module_preset=&#8221;default&#8221; text_font=&#8221;Inter||||||||&#8221; text_text_color=&#8221;#FFFFFF&#8221; header_font=&#8221;Inter||||||||&#8221; header_text_color=&#8221;#dad7cd&#8221; header_font_size=&#8221;35px&#8221; header_2_font=&#8221;Inter||||||||&#8221; header_2_text_color=&#8221;#dad7cd&#8221; header_2_font_size=&#8221;25px&#8221; width=&#8221;98.1%&#8221; global_colors_info=&#8221;{}&#8221;]<\/p>\n<h1><strong>Maailmanmatka sein\u00e4kalenteri<\/strong><strong> &#8211;\u00a0 2024<\/strong><\/h1>\n<p>&nbsp;<\/p>\n<p>Meid\u00e4n pidetty Maailmanmatka sein\u00e4kalenterimme on nyt saataville vuodelle 2024!<\/p>\n<p>Kalenterissa on jokaiselle kuukaudelle oma iso ja kaunis kuva. Olemme my\u00f6s kiinnitt\u00e4neet erityist\u00e4 huomiota siihen, ett\u00e4 kalenterissa on tarpeeksi suuret ruudut t\u00e4rkeiden kokousten ja tapahtumien yl\u00f6s kirjaamiseen.<\/p>\n<p>Suosittelemme t\u00e4t\u00e4 sek\u00e4 toimistoone, ett\u00e4 omille asiakkaillennee lahjaksi.<\/p>\n<p>Yli 10 kalenterin tilaukset saavat alennuksen. Suuremmille tilauksille toimitusajat voivat vaihdella.<\/p>\n<p>[\/et_pb_text][et_pb_divider color=&#8221;#dad7cd&#8221; _builder_version=&#8221;4.20.4&#8243; _module_preset=&#8221;default&#8221; global_colors_info=&#8221;{}&#8221;][\/et_pb_divider][et_pb_text _builder_version=&#8221;4.20.4&#8243; _module_preset=&#8221;default&#8221; text_font=&#8221;Inter||||||||&#8221; text_text_color=&#8221;#FFFFFF&#8221; global_colors_info=&#8221;{}&#8221;]<\/p>\n<p>Kalenteri on tuotettu ymp\u00e4rist\u00f6yst\u00e4v\u00e4llisesti ja k\u00e4ytetyt materiaalit ovat korkealaatuisia.<\/p>\n<p>[\/et_pb_text][et_pb_text _builder_version=&#8221;4.20.4&#8243; _module_preset=&#8221;default&#8221; header_font=&#8221;Inter||||||||&#8221; header_text_align=&#8221;left&#8221; header_text_color=&#8221;#dad7cd&#8221; header_font_size=&#8221;35px&#8221; global_colors_info=&#8221;{}&#8221;]<\/p>\n<h1>Hinta 69,99\u20ac (sis. alv)<\/h1>\n<p>[\/et_pb_text][et_pb_button button_url=&#8221;https:\/\/blogi.eoppimispalvelut.fi\/polargate\/pricing\/&#8221; button_text=&#8221;Tilaa nyt&#8221; button_alignment=&#8221;center&#8221; _builder_version=&#8221;4.20.4&#8243; _module_preset=&#8221;default&#8221; custom_button=&#8221;on&#8221; button_text_color=&#8221;#FFFFFF&#8221; button_bg_color=&#8221;#1e1e1e&#8221; button_font=&#8221;Inter||||||||&#8221; button_icon=&#8221;&#xe07a;||divi||400&#8243; global_colors_info=&#8221;{}&#8221;][\/et_pb_button][\/et_pb_column][\/et_pb_row][\/et_pb_section][et_pb_section fb_built=&#8221;1&#8243; _builder_version=&#8221;4.20.4&#8243; _module_preset=&#8221;default&#8221; background_color=&#8221;#421210&#8243; global_colors_info=&#8221;{}&#8221;][et_pb_row column_structure=&#8221;1_2,1_2&#8243; _builder_version=&#8221;4.20.4&#8243; _module_preset=&#8221;default&#8221; global_colors_info=&#8221;{}&#8221;][et_pb_column type=&#8221;1_2&#8243; _builder_version=&#8221;4.16&#8243; _module_preset=&#8221;default&#8221; global_colors_info=&#8221;{}&#8221;][et_pb_image src=&#8221;https:\/\/blogi.eoppimispalvelut.fi\/polargate\/files\/2024\/02\/cards.png&#8221; alt=&#8221;A calendar that has nice pictures from around the world&#8221; title_text=&#8221;cards&#8221; _builder_version=&#8221;4.20.4&#8243; _module_preset=&#8221;default&#8221; width=&#8221;75%&#8221; custom_padding=&#8221;0px|||||&#8221; global_colors_info=&#8221;{}&#8221;][\/et_pb_image][\/et_pb_column][et_pb_column type=&#8221;1_2&#8243; _builder_version=&#8221;4.16&#8243; _module_preset=&#8221;default&#8221; global_colors_info=&#8221;{}&#8221;][et_pb_text _builder_version=&#8221;4.20.4&#8243; _module_preset=&#8221;default&#8221; text_font=&#8221;Inter||||||||&#8221; text_text_color=&#8221;#FFFFFF&#8221; header_font=&#8221;Inter||||||||&#8221; header_text_color=&#8221;#dad7cd&#8221; header_font_size=&#8221;35px&#8221; header_2_font=&#8221;Inter||||||||&#8221; header_2_text_color=&#8221;#dad7cd&#8221; header_2_font_size=&#8221;25px&#8221; width=&#8221;98.1%&#8221; global_colors_info=&#8221;{}&#8221;]<\/p>\n<h1><strong>Muistikortit &#8211; A8 valkoinen &#8211; viivoilla<\/strong><\/h1>\n<p>Tied\u00e4tk\u00f6 miten aasiassa opetellaan tehokkaasti uusia asioita ja kieli\u00e4?<br \/>Muistikorteilla! Tutkimukset osoittavat uudestaan ja uudestaan, ett\u00e4 usein tehty toisto, on paras tapa oppia uutta.<\/p>\n<p>Kortteihin on helppo kirjoittaa juuri niit\u00e4 sanoja ja freeseja, joita haluat opetella. Kortit ovat kooltaan sellaisia, etteiv\u00e4t ne vie paljon tilaa ja ne on helppo ottaa mukaasi minne tahansa. T\u00e4m\u00e4 tekee oppimisesta joustavaa ja k\u00e4tev\u00e4\u00e4.<\/p>\n<p>Yli 10 kortin tilaukset saavat alennuksen. Suuremmille tilauksille toimitusajat voivat vaihdella.<\/p>\n<p>[\/et_pb_text][et_pb_divider color=&#8221;#dad7cd&#8221; _builder_version=&#8221;4.20.4&#8243; _module_preset=&#8221;default&#8221; global_colors_info=&#8221;{}&#8221;][\/et_pb_divider][et_pb_text _builder_version=&#8221;4.20.4&#8243; _module_preset=&#8221;default&#8221; text_font=&#8221;Inter||||||||&#8221; text_text_color=&#8221;#FFFFFF&#8221; global_colors_info=&#8221;{}&#8221;]<\/p>\n<p><span style=\"font-size: 1rem\">Kortit ovat valmistettu ymp\u00e4rist\u00f6yst\u00e4v\u00e4llisesti korkealaatuisista materiaaleista.<\/span><\/p>\n<p>[\/et_pb_text][et_pb_text _builder_version=&#8221;4.20.4&#8243; _module_preset=&#8221;default&#8221; header_font=&#8221;Inter||||||||&#8221; header_text_align=&#8221;left&#8221; header_text_color=&#8221;#dad7cd&#8221; header_font_size=&#8221;35px&#8221; global_colors_info=&#8221;{}&#8221;]<\/p>\n<h1>Hinta 29,99\u20ac (sis. alv)<\/h1>\n<p>[\/et_pb_text][et_pb_button button_url=&#8221;https:\/\/blogi.eoppimispalvelut.fi\/polargate\/pricing\/&#8221; button_text=&#8221;Tilaa nyt&#8221; button_alignment=&#8221;center&#8221; _builder_version=&#8221;4.20.4&#8243; _module_preset=&#8221;default&#8221; custom_button=&#8221;on&#8221; button_text_color=&#8221;#FFFFFF&#8221; button_bg_color=&#8221;#1e1e1e&#8221; button_font=&#8221;Inter||||||||&#8221; button_icon=&#8221;&#xe07a;||divi||400&#8243; global_colors_info=&#8221;{}&#8221;][\/et_pb_button][\/et_pb_column][\/et_pb_row][\/et_pb_section][et_pb_section fb_built=&#8221;1&#8243; _builder_version=&#8221;4.20.4&#8243; _module_preset=&#8221;default&#8221; background_color=&#8221;#1e1e1e&#8221; global_colors_info=&#8221;{}&#8221;][et_pb_row _builder_version=&#8221;4.20.4&#8243; _module_preset=&#8221;default&#8221; global_colors_info=&#8221;{}&#8221;][et_pb_column type=&#8221;4_4&#8243; _builder_version=&#8221;4.20.4&#8243; _module_preset=&#8221;default&#8221; global_colors_info=&#8221;{}&#8221;][et_pb_button button_url=&#8221;https:\/\/blogi.eoppimispalvelut.fi\/polargate\/suomeksi\/&#8221; button_text=&#8221;Tutustu my\u00f6s palveluihimme&#8221; _builder_version=&#8221;4.20.4&#8243; _module_preset=&#8221;default&#8221; global_colors_info=&#8221;{}&#8221;][\/et_pb_button][\/et_pb_column][\/et_pb_row][\/et_pb_section][et_pb_section fb_built=&#8221;1&#8243; _builder_version=&#8221;4.20.4&#8243; _module_preset=&#8221;default&#8221; min_height=&#8221;100px&#8221; height=&#8221;802px&#8221; max_height=&#8221;139px&#8221; locked=&#8221;off&#8221; global_colors_info=&#8221;{}&#8221;][et_pb_row column_structure=&#8221;1_2,1_2&#8243; _builder_version=&#8221;4.20.4&#8243; _module_preset=&#8221;default&#8221; custom_margin=&#8221;-33px||||false|false&#8221; custom_padding=&#8221;0px||||false|false&#8221; global_colors_info=&#8221;{}&#8221;][et_pb_column type=&#8221;1_2&#8243; _builder_version=&#8221;4.20.4&#8243; _module_preset=&#8221;default&#8221; global_colors_info=&#8221;{}&#8221;][et_pb_menu menu_id=&#8221;37&#8243; submenu_direction=&#8221;upwards&#8221; _builder_version=&#8221;4.20.4&#8243; _module_preset=&#8221;default&#8221; global_colors_info=&#8221;{}&#8221;][\/et_pb_menu][\/et_pb_column][et_pb_column type=&#8221;1_2&#8243; _builder_version=&#8221;4.20.4&#8243; _module_preset=&#8221;default&#8221; global_colors_info=&#8221;{}&#8221;][et_pb_button button_url=&#8221;https:\/\/blogi.eoppimispalvelut.fi\/polargate\/products\/&#8221; button_text=&#8221;In English&#8221; button_alignment=&#8221;right&#8221; _builder_version=&#8221;4.20.4&#8243; _module_preset=&#8221;default&#8221; global_colors_info=&#8221;{}&#8221;][\/et_pb_button][\/et_pb_column][\/et_pb_row][\/et_pb_section]<\/p>\n","protected":false},"excerpt":{"rendered":"<p>TuotteemmeEnglish for everyone\u00a0 Harjoituskirja taso 1 &#8211; Liiketalous englanti &nbsp; English for everyone on ihanteellinen jokaiselle liiketoiminta-alalla ty\u00f6skentelev\u00e4lle, jotka haluavat parantaa kielitaitoaan. Kirjassa on runsaasti liike-el\u00e4m\u00e4\u00e4n liittyvi\u00e4 sanoja ja fraaseja sek\u00e4 hy\u00f6dyllisi\u00e4 vinkkej\u00e4 siit\u00e4, kuinka k\u00e4ytt\u00e4\u00e4 englantia luonnollisesti liiketoimintatilanteissa, kuten kokouksissa ja s\u00e4hk\u00f6posteissa. English for everyone auttaa sinua sek\u00e4 kielenoppimisessa, mutta my\u00f6s ymm\u00e4rt\u00e4m\u00e4\u00e4n kulttuurisia hienovaraisuuksia [&hellip;]<\/p>\n","protected":false},"author":43223,"featured_media":0,"parent":0,"menu_order":0,"comment_status":"closed","ping_status":"closed","template":"","meta":{"_acf_changed":false,"_et_pb_use_builder":"on","_et_pb_old_content":"","_et_gb_content_width":"","footnotes":""},"class_list":["post-53125","page","type-page","status-publish","hentry"],"acf":[],"_links":{"self":[{"href":"https:\/\/blogi.eoppimispalvelut.fi\/polargate\/wp-json\/wp\/v2\/pages\/53125","targetHints":{"allow":["GET"]}}],"collection":[{"href":"https:\/\/blogi.eoppimispalvelut.fi\/polargate\/wp-json\/wp\/v2\/pages"}],"about":[{"href":"https:\/\/blogi.eoppimispalvelut.fi\/polargate\/wp-json\/wp\/v2\/types\/page"}],"author":[{"embeddable":true,"href":"https:\/\/blogi.eoppimispalvelut.fi\/polargate\/wp-json\/wp\/v2\/users\/43223"}],"replies":[{"embeddable":true,"href":"https:\/\/blogi.eoppimispalvelut.fi\/polargate\/wp-json\/wp\/v2\/comments?post=53125"}],"version-history":[{"count":25,"href":"https:\/\/blogi.eoppimispalvelut.fi\/polargate\/wp-json\/wp\/v2\/pages\/53125\/revisions"}],"predecessor-version":[{"id":53575,"href":"https:\/\/blogi.eoppimispalvelut.fi\/polargate\/wp-json\/wp\/v2\/pages\/53125\/revisions\/53575"}],"wp:attachment":[{"href":"https:\/\/blogi.eoppimispalvelut.fi\/polargate\/wp-json\/wp\/v2\/media?parent=53125"}],"curies":[{"name":"wp","href":"https:\/\/api.w.org\/{rel}","templated":true}]}}