{"id":53248,"date":"2024-02-28T14:10:39","date_gmt":"2024-02-28T12:10:39","guid":{"rendered":"https:\/\/blogi.eoppimispalvelut.fi\/polargate\/?page_id=53248"},"modified":"2024-02-29T16:38:25","modified_gmt":"2024-02-29T14:38:25","slug":"ammattilaisemme","status":"publish","type":"page","link":"https:\/\/blogi.eoppimispalvelut.fi\/polargate\/ammattilaisemme\/","title":{"rendered":"Ammattilaisemme"},"content":{"rendered":"<p>[et_pb_section fb_built=&#8221;1&#8243; _builder_version=&#8221;4.20.4&#8243; _module_preset=&#8221;default&#8221; width=&#8221;100%&#8221; max_width=&#8221;100%&#8221; module_alignment=&#8221;center&#8221; min_height=&#8221;166px&#8221; height=&#8221;100px&#8221; max_height=&#8221;100px&#8221; custom_margin=&#8221;-62px||||false|false&#8221; locked=&#8221;off&#8221; global_colors_info=&#8221;{}&#8221;][et_pb_row column_structure=&#8221;1_2,1_2&#8243; _builder_version=&#8221;4.20.4&#8243; _module_preset=&#8221;default&#8221; hover_enabled=&#8221;0&#8243; global_colors_info=&#8221;{}&#8221; custom_margin=&#8221;-17px||||false|false&#8221; sticky_enabled=&#8221;0&#8243;][et_pb_column type=&#8221;1_2&#8243; _builder_version=&#8221;4.20.4&#8243; _module_preset=&#8221;default&#8221; global_colors_info=&#8221;{}&#8221;][\/et_pb_column][et_pb_column type=&#8221;1_2&#8243; _builder_version=&#8221;4.20.4&#8243; _module_preset=&#8221;default&#8221; global_colors_info=&#8221;{}&#8221;][et_pb_button button_url=&#8221;https:\/\/blogi.eoppimispalvelut.fi\/polargate\/meet-our-professionals\/&#8221; button_text=&#8221;In English&#8221; button_alignment=&#8221;right&#8221; _builder_version=&#8221;4.20.4&#8243; _module_preset=&#8221;default&#8221; custom_margin=&#8221;7px||||false|false&#8221; hover_enabled=&#8221;0&#8243; global_colors_info=&#8221;{}&#8221; sticky_enabled=&#8221;0&#8243;][\/et_pb_button][\/et_pb_column][\/et_pb_row][\/et_pb_section][et_pb_section fb_built=&#8221;1&#8243; _builder_version=&#8221;4.16&#8243; _module_preset=&#8221;default&#8221; background_color=&#8221;#1e1e1e&#8221; global_colors_info=&#8221;{}&#8221;][et_pb_row column_structure=&#8221;1_2,1_2&#8243; _builder_version=&#8221;4.16&#8243; _module_preset=&#8221;default&#8221; global_colors_info=&#8221;{}&#8221;][et_pb_column type=&#8221;1_2&#8243; _builder_version=&#8221;4.16&#8243; _module_preset=&#8221;default&#8221; global_colors_info=&#8221;{}&#8221;][et_pb_text _builder_version=&#8221;4.20.4&#8243; _module_preset=&#8221;default&#8221; text_text_color=&#8221;#FFFFFF&#8221; global_colors_info=&#8221;{}&#8221;]<\/p>\n<p>Toimitusjohtaja<\/p>\n<p>Hanna Halonen<\/p>\n<p>[\/et_pb_text][et_pb_image src=&#8221;https:\/\/blogi.eoppimispalvelut.fi\/polargate\/files\/2024\/02\/HANNA-245&#215;300.png&#8221; title_text=&#8221;HANNA&#8221; align=&#8221;center&#8221; _builder_version=&#8221;4.20.4&#8243; _module_preset=&#8221;default&#8221; global_colors_info=&#8221;{}&#8221;][\/et_pb_image][\/et_pb_column][et_pb_column type=&#8221;1_2&#8243; _builder_version=&#8221;4.16&#8243; _module_preset=&#8221;default&#8221; global_colors_info=&#8221;{}&#8221;][et_pb_text _builder_version=&#8221;4.20.4&#8243; _module_preset=&#8221;default&#8221; text_font=&#8221;Playfair Display||||||||&#8221; text_text_color=&#8221;#FFFFFF&#8221; text_font_size=&#8221;26px&#8221; text_orientation=&#8221;center&#8221; global_colors_info=&#8221;{}&#8221;]<\/p>\n<p><span>&#8220;Hyv\u00e4 toimitusjohtaja ei pelk\u00e4st\u00e4\u00e4n johda, vaan visioi ja innostaa muita saavuttamaan urallaan uutta.&#8221;<\/span><\/p>\n<p>Kokemusta toimitusjohtajuudesta kolmen vuoden ajalta.<\/p>\n<p>[\/et_pb_text][\/et_pb_column][\/et_pb_row][\/et_pb_section][et_pb_section fb_built=&#8221;1&#8243; _builder_version=&#8221;4.16&#8243; _module_preset=&#8221;default&#8221; global_colors_info=&#8221;{}&#8221;][et_pb_row column_structure=&#8221;1_2,1_2&#8243; _builder_version=&#8221;4.16&#8243; _module_preset=&#8221;default&#8221; background_color=&#8221;#DFB758&#8243; ab_subject=&#8221;on&#8221; ab_subject_id=&#8221;1&#8243; ab_goal=&#8221;on&#8221; global_colors_info=&#8221;{}&#8221;][et_pb_column type=&#8221;1_2&#8243; _builder_version=&#8221;4.16&#8243; _module_preset=&#8221;default&#8221; global_colors_info=&#8221;{}&#8221;][et_pb_text _builder_version=&#8221;4.20.4&#8243; _module_preset=&#8221;default&#8221; text_orientation=&#8221;center&#8221; global_colors_info=&#8221;{}&#8221;]<\/p>\n<p><strong>Vera Ruokokoski<\/strong><\/p>\n<p>Marketoinnin asiantuntija 12 vuoden kokemuksella<\/p>\n<p>&#8220;Toiveeni on l\u00f6yt\u00e4\u00e4 ja tavoittaa nopeasti ne, jotka hy\u00f6tyisiv\u00e4t tarjoamistamme palveluista ja tuotteista v\u00e4litt\u00f6m\u00e4sti.&#8221;<\/p>\n<p>[\/et_pb_text][\/et_pb_column][et_pb_column type=&#8221;1_2&#8243; _builder_version=&#8221;4.16&#8243; _module_preset=&#8221;default&#8221; global_colors_info=&#8221;{}&#8221;][et_pb_image src=&#8221;https:\/\/blogi.eoppimispalvelut.fi\/polargate\/files\/2024\/02\/VERA-245&#215;300.png&#8221; title_text=&#8221;VERA&#8221; align=&#8221;center&#8221; _builder_version=&#8221;4.20.4&#8243; _module_preset=&#8221;default&#8221; global_colors_info=&#8221;{}&#8221;][\/et_pb_image][\/et_pb_column][\/et_pb_row][et_pb_row column_structure=&#8221;1_2,1_2&#8243; _builder_version=&#8221;4.16&#8243; _module_preset=&#8221;default&#8221; background_color=&#8221;#88C4DD&#8221; global_colors_info=&#8221;{}&#8221;][et_pb_column type=&#8221;1_2&#8243; _builder_version=&#8221;4.16&#8243; _module_preset=&#8221;default&#8221; global_colors_info=&#8221;{}&#8221;][et_pb_text _builder_version=&#8221;4.20.4&#8243; _module_preset=&#8221;default&#8221; text_orientation=&#8221;center&#8221; custom_padding=&#8221;||0px|||&#8221; global_colors_info=&#8221;{}&#8221;]<\/p>\n<p><strong>Kseniia Antonova<\/strong><\/p>\n<p>Markkinoinnin asiantuntija 10 vuoden kokemuksella<\/p>\n<p>&#8220;Minun tavoitteeni on parantaa palveluidemme k\u00e4ytett\u00e4vyytt\u00e4 ja kehitt\u00e4\u00e4 markkinointistrategiaamme entisest\u00e4\u00e4n asiakasl\u00e4ht\u00f6isemm\u00e4ksi.&#8221;<\/p>\n<p>[\/et_pb_text][\/et_pb_column][et_pb_column type=&#8221;1_2&#8243; _builder_version=&#8221;4.16&#8243; _module_preset=&#8221;default&#8221; global_colors_info=&#8221;{}&#8221;][et_pb_image src=&#8221;https:\/\/blogi.eoppimispalvelut.fi\/polargate\/files\/2024\/02\/KSEN-245&#215;300.png&#8221; title_text=&#8221;KSEN&#8221; align=&#8221;center&#8221; _builder_version=&#8221;4.20.4&#8243; _module_preset=&#8221;default&#8221; global_colors_info=&#8221;{}&#8221;][\/et_pb_image][\/et_pb_column][\/et_pb_row][et_pb_row column_structure=&#8221;1_2,1_2&#8243; _builder_version=&#8221;4.16&#8243; _module_preset=&#8221;default&#8221; background_color=&#8221;#D6D6D6&#8243; global_colors_info=&#8221;{}&#8221;][et_pb_column type=&#8221;1_2&#8243; _builder_version=&#8221;4.16&#8243; _module_preset=&#8221;default&#8221; global_colors_info=&#8221;{}&#8221;][et_pb_text _builder_version=&#8221;4.20.4&#8243; _module_preset=&#8221;default&#8221; text_orientation=&#8221;center&#8221; global_colors_info=&#8221;{}&#8221;]<\/p>\n<p><strong>Chukwudi Obiekwe<\/strong><\/p>\n<p>Myyntivastaava 20 vuoden kokemuksella<\/p>\n<p>&#8220;P\u00e4\u00e4asiallinen tavoitteeni on oppia l\u00f6yt\u00e4m\u00e4\u00e4n ja suosittelemaan asiakkaillemme juuri niit\u00e4 palveluita ja tuotteita, joista he hy\u00f6tyisiv\u00e4t eniten.&#8221;<\/p>\n<p>[\/et_pb_text][\/et_pb_column][et_pb_column type=&#8221;1_2&#8243; _builder_version=&#8221;4.16&#8243; _module_preset=&#8221;default&#8221; global_colors_info=&#8221;{}&#8221;][et_pb_image src=&#8221;https:\/\/blogi.eoppimispalvelut.fi\/polargate\/files\/2024\/02\/win-245&#215;300.png&#8221; title_text=&#8221;win&#8221; align=&#8221;center&#8221; _builder_version=&#8221;4.20.4&#8243; _module_preset=&#8221;default&#8221; global_colors_info=&#8221;{}&#8221;][\/et_pb_image][\/et_pb_column][\/et_pb_row][et_pb_row column_structure=&#8221;1_2,1_2&#8243; _builder_version=&#8221;4.16&#8243; _module_preset=&#8221;default&#8221; background_color=&#8221;#6B6B6B&#8221; global_colors_info=&#8221;{}&#8221;][et_pb_column type=&#8221;1_2&#8243; _builder_version=&#8221;4.16&#8243; _module_preset=&#8221;default&#8221; global_colors_info=&#8221;{}&#8221;][et_pb_text _builder_version=&#8221;4.20.4&#8243; _module_preset=&#8221;default&#8221; background_color=&#8221;#FFFFFF&#8221; text_orientation=&#8221;center&#8221; global_colors_info=&#8221;{}&#8221;]<\/p>\n<p><strong>Kajari Puusepp<\/strong><\/p>\n<p><em>Kirjanpit\u00e4j\u00e4 11 vuoden kokemuksella<\/em><\/p>\n<p>&#8220;Haluan varmistaa omalla ty\u00f6ll\u00e4ni sen, ett\u00e4 yrityksemme on rahallisesti vakaa ja asiakkaamme voivat nauttia palveluistamme huoletta.&#8221;<\/p>\n<p>[\/et_pb_text][\/et_pb_column][et_pb_column type=&#8221;1_2&#8243; _builder_version=&#8221;4.16&#8243; _module_preset=&#8221;default&#8221; global_colors_info=&#8221;{}&#8221;][et_pb_image src=&#8221;https:\/\/blogi.eoppimispalvelut.fi\/polargate\/files\/2024\/02\/kaj-245&#215;300.png&#8221; title_text=&#8221;kaj&#8221; align=&#8221;center&#8221; _builder_version=&#8221;4.20.4&#8243; _module_preset=&#8221;default&#8221; global_colors_info=&#8221;{}&#8221;][\/et_pb_image][\/et_pb_column][\/et_pb_row][et_pb_row column_structure=&#8221;1_2,1_2&#8243; _builder_version=&#8221;4.16&#8243; _module_preset=&#8221;default&#8221; global_colors_info=&#8221;{}&#8221;][et_pb_column type=&#8221;1_2&#8243; _builder_version=&#8221;4.16&#8243; _module_preset=&#8221;default&#8221; global_colors_info=&#8221;{}&#8221;][et_pb_text _builder_version=&#8221;4.20.4&#8243; _module_preset=&#8221;default&#8221; text_orientation=&#8221;center&#8221; global_colors_info=&#8221;{}&#8221;]<\/p>\n<p><strong>Nazmul Hossan<\/strong><\/p>\n<p>Myyntivastaava seitsem\u00e4n vuoden kokemuksella<\/p>\n<p>&#8220;Haluan auttaa asiakkaitamme l\u00f6yt\u00e4m\u00e4\u00e4n tarvitsemansa palvelut helposti ja tehd\u00e4 heid\u00e4n ostoskokemuksestaan mahdollisimman helppo ja vaivaton&#8221;<\/p>\n<p>[\/et_pb_text][\/et_pb_column][et_pb_column type=&#8221;1_2&#8243; _builder_version=&#8221;4.16&#8243; _module_preset=&#8221;default&#8221; global_colors_info=&#8221;{}&#8221;][et_pb_image src=&#8221;https:\/\/blogi.eoppimispalvelut.fi\/polargate\/files\/2024\/02\/naz-245&#215;300.png&#8221; title_text=&#8221;naz&#8221; align=&#8221;center&#8221; _builder_version=&#8221;4.20.4&#8243; _module_preset=&#8221;default&#8221; global_colors_info=&#8221;{}&#8221;][\/et_pb_image][\/et_pb_column][\/et_pb_row][et_pb_row column_structure=&#8221;1_2,1_2&#8243; _builder_version=&#8221;4.20.4&#8243; _module_preset=&#8221;default&#8221; global_colors_info=&#8221;{}&#8221;][et_pb_column type=&#8221;1_2&#8243; _builder_version=&#8221;4.20.4&#8243; _module_preset=&#8221;default&#8221; global_colors_info=&#8221;{}&#8221;][et_pb_button button_url=&#8221;https:\/\/blogi.eoppimispalvelut.fi\/polargate\/tutustu-meihin\/&#8221; button_text=&#8221;Tutustu meihin&#8221; _builder_version=&#8221;4.20.4&#8243; _module_preset=&#8221;default&#8221; global_colors_info=&#8221;{}&#8221;][\/et_pb_button][\/et_pb_column][et_pb_column type=&#8221;1_2&#8243; _builder_version=&#8221;4.20.4&#8243; _module_preset=&#8221;default&#8221; global_colors_info=&#8221;{}&#8221;][et_pb_button button_url=&#8221;https:\/\/blogi.eoppimispalvelut.fi\/polargate\/mista-kaantaminen-alkaa\/&#8221; button_text=&#8221;Mist\u00e4 k\u00e4\u00e4nt\u00e4minen alkaa&#8221; _builder_version=&#8221;4.20.4&#8243; _module_preset=&#8221;default&#8221; global_colors_info=&#8221;{}&#8221;][\/et_pb_button][\/et_pb_column][\/et_pb_row][\/et_pb_section][et_pb_section fb_built=&#8221;1&#8243; _builder_version=&#8221;4.20.4&#8243; _module_preset=&#8221;default&#8221; width=&#8221;100%&#8221; module_alignment=&#8221;center&#8221; min_height=&#8221;100px&#8221; height=&#8221;189px&#8221; max_height=&#8221;100px&#8221; custom_margin=&#8221;0px||||false|false&#8221; custom_padding=&#8221;0px||||false|false&#8221; locked=&#8221;off&#8221; global_colors_info=&#8221;{}&#8221;][et_pb_row column_structure=&#8221;1_2,1_2&#8243; _builder_version=&#8221;4.20.4&#8243; _module_preset=&#8221;default&#8221; global_colors_info=&#8221;{}&#8221;][et_pb_column type=&#8221;1_2&#8243; _builder_version=&#8221;4.20.4&#8243; _module_preset=&#8221;default&#8221; global_colors_info=&#8221;{}&#8221;][et_pb_menu menu_id=&#8221;37&#8243; submenu_direction=&#8221;upwards&#8221; logo_width=&#8221;100%&#8221; logo_height=&#8221;200px&#8221; _builder_version=&#8221;4.20.4&#8243; _module_preset=&#8221;default&#8221; custom_margin=&#8221;-38px||||false|false&#8221; global_colors_info=&#8221;{}&#8221;][\/et_pb_menu][\/et_pb_column][et_pb_column type=&#8221;1_2&#8243; _builder_version=&#8221;4.20.4&#8243; _module_preset=&#8221;default&#8221; global_colors_info=&#8221;{}&#8221;][et_pb_button button_url=&#8221;https:\/\/blogi.eoppimispalvelut.fi\/polargate\/meet-our-professionals\/&#8221; button_text=&#8221;In English&#8221; button_alignment=&#8221;right&#8221; _builder_version=&#8221;4.20.4&#8243; _module_preset=&#8221;default&#8221; custom_margin=&#8221;-37px||||false|false&#8221; global_colors_info=&#8221;{}&#8221;][\/et_pb_button][\/et_pb_column][\/et_pb_row][\/et_pb_section]<\/p>\n","protected":false},"excerpt":{"rendered":"<p>Toimitusjohtaja Hanna Halonen&#8221;Hyv\u00e4 toimitusjohtaja ei pelk\u00e4st\u00e4\u00e4n johda, vaan visioi ja innostaa muita saavuttamaan urallaan uutta.&#8221; Kokemusta toimitusjohtajuudesta kolmen vuoden ajalta.Vera Ruokokoski Marketoinnin asiantuntija 12 vuoden kokemuksella &#8220;Toiveeni on l\u00f6yt\u00e4\u00e4 ja tavoittaa nopeasti ne, jotka hy\u00f6tyisiv\u00e4t tarjoamistamme palveluista ja tuotteista v\u00e4litt\u00f6m\u00e4sti.&#8221;Kseniia Antonova Markkinoinnin asiantuntija 10 vuoden kokemuksella &#8220;Minun tavoitteeni on parantaa palveluidemme k\u00e4ytett\u00e4vyytt\u00e4 ja kehitt\u00e4\u00e4 markkinointistrategiaamme [&hellip;]<\/p>\n","protected":false},"author":43223,"featured_media":0,"parent":0,"menu_order":0,"comment_status":"closed","ping_status":"closed","template":"","meta":{"_acf_changed":false,"_et_pb_use_builder":"on","_et_pb_old_content":"","_et_gb_content_width":"","footnotes":""},"class_list":["post-53248","page","type-page","status-publish","hentry"],"acf":[],"_links":{"self":[{"href":"https:\/\/blogi.eoppimispalvelut.fi\/polargate\/wp-json\/wp\/v2\/pages\/53248","targetHints":{"allow":["GET"]}}],"collection":[{"href":"https:\/\/blogi.eoppimispalvelut.fi\/polargate\/wp-json\/wp\/v2\/pages"}],"about":[{"href":"https:\/\/blogi.eoppimispalvelut.fi\/polargate\/wp-json\/wp\/v2\/types\/page"}],"author":[{"embeddable":true,"href":"https:\/\/blogi.eoppimispalvelut.fi\/polargate\/wp-json\/wp\/v2\/users\/43223"}],"replies":[{"embeddable":true,"href":"https:\/\/blogi.eoppimispalvelut.fi\/polargate\/wp-json\/wp\/v2\/comments?post=53248"}],"version-history":[{"count":11,"href":"https:\/\/blogi.eoppimispalvelut.fi\/polargate\/wp-json\/wp\/v2\/pages\/53248\/revisions"}],"predecessor-version":[{"id":53376,"href":"https:\/\/blogi.eoppimispalvelut.fi\/polargate\/wp-json\/wp\/v2\/pages\/53248\/revisions\/53376"}],"wp:attachment":[{"href":"https:\/\/blogi.eoppimispalvelut.fi\/polargate\/wp-json\/wp\/v2\/media?parent=53248"}],"curies":[{"name":"wp","href":"https:\/\/api.w.org\/{rel}","templated":true}]}}