{"id":58,"date":"2018-03-11T16:31:39","date_gmt":"2018-03-11T14:31:39","guid":{"rendered":"https:\/\/blogi.eoppimispalvelut.fi\/prosessiprojekti\/?page_id=58"},"modified":"2018-03-21T20:10:50","modified_gmt":"2018-03-21T18:10:50","slug":"tietoa-minusta","status":"publish","type":"page","link":"https:\/\/blogi.eoppimispalvelut.fi\/prosessiprojekti\/tietoa-minusta\/","title":{"rendered":"Tietoa minusta"},"content":{"rendered":"<figure id=\"attachment_70\" aria-describedby=\"caption-attachment-70\" style=\"width: 253px\" class=\"wp-caption alignnone\"><img loading=\"lazy\" decoding=\"async\" class=\" wp-image-70\" src=\"https:\/\/blogi.eoppimispalvelut.fi\/prosessiprojekti\/files\/2018\/03\/Honor-kuvat-159-580x773.jpg\" alt=\"\" width=\"253\" height=\"337\" srcset=\"https:\/\/blogi.eoppimispalvelut.fi\/prosessiprojekti\/files\/2018\/03\/Honor-kuvat-159-580x773.jpg 580w, https:\/\/blogi.eoppimispalvelut.fi\/prosessiprojekti\/files\/2018\/03\/Honor-kuvat-159-768x1024.jpg 768w, https:\/\/blogi.eoppimispalvelut.fi\/prosessiprojekti\/files\/2018\/03\/Honor-kuvat-159-940x1253.jpg 940w\" sizes=\"auto, (max-width: 253px) 100vw, 253px\" \/><figcaption id=\"caption-attachment-70\" class=\"wp-caption-text\">dav<\/figcaption><\/figure>\n<p>Olen toisen vuoden liiketalouden tradenomiopiskelija Ivalosta, jossa olen asunut l\u00e4hes puolet el\u00e4m\u00e4st\u00e4ni. Syntynyt olen Kemij\u00e4rvell\u00e4 ja kierrellyt v\u00e4h\u00e4n pitkin poikin Suomea el\u00e4m\u00e4ni aikana ja Ivalo on nyt kotini. Olen ammatiltani kirjanpit\u00e4j\u00e4 ja tradenomiopinnot ovat jatkoa taloushallinnnon erikoisammattitutkinnolleni.<\/p>\n","protected":false},"excerpt":{"rendered":"<p>Olen toisen vuoden liiketalouden tradenomiopiskelija Ivalosta, jossa olen asunut l\u00e4hes puolet el\u00e4m\u00e4st\u00e4ni. Syntynyt olen Kemij\u00e4rvell\u00e4 ja kierrellyt v\u00e4h\u00e4n pitkin poikin Suomea el\u00e4m\u00e4ni aikana ja Ivalo on nyt kotini. Olen ammatiltani kirjanpit\u00e4j\u00e4 ja tradenomiopinnot ovat jatkoa taloushallinnnon erikoisammattitutkinnolleni.<\/p>\n","protected":false},"author":3001,"featured_media":0,"parent":0,"menu_order":0,"comment_status":"closed","ping_status":"closed","template":"","meta":{"footnotes":""},"class_list":["post-58","page","type-page","status-publish","hentry"],"_links":{"self":[{"href":"https:\/\/blogi.eoppimispalvelut.fi\/prosessiprojekti\/wp-json\/wp\/v2\/pages\/58","targetHints":{"allow":["GET"]}}],"collection":[{"href":"https:\/\/blogi.eoppimispalvelut.fi\/prosessiprojekti\/wp-json\/wp\/v2\/pages"}],"about":[{"href":"https:\/\/blogi.eoppimispalvelut.fi\/prosessiprojekti\/wp-json\/wp\/v2\/types\/page"}],"author":[{"embeddable":true,"href":"https:\/\/blogi.eoppimispalvelut.fi\/prosessiprojekti\/wp-json\/wp\/v2\/users\/3001"}],"replies":[{"embeddable":true,"href":"https:\/\/blogi.eoppimispalvelut.fi\/prosessiprojekti\/wp-json\/wp\/v2\/comments?post=58"}],"version-history":[{"count":3,"href":"https:\/\/blogi.eoppimispalvelut.fi\/prosessiprojekti\/wp-json\/wp\/v2\/pages\/58\/revisions"}],"predecessor-version":[{"id":71,"href":"https:\/\/blogi.eoppimispalvelut.fi\/prosessiprojekti\/wp-json\/wp\/v2\/pages\/58\/revisions\/71"}],"wp:attachment":[{"href":"https:\/\/blogi.eoppimispalvelut.fi\/prosessiprojekti\/wp-json\/wp\/v2\/media?parent=58"}],"curies":[{"name":"wp","href":"https:\/\/api.w.org\/{rel}","templated":true}]}}