{"id":17,"date":"2016-03-08T10:10:59","date_gmt":"2016-03-08T08:10:59","guid":{"rendered":"https:\/\/blogi.eoppimispalvelut.fi\/raito\/?page_id=17"},"modified":"2016-09-09T09:54:24","modified_gmt":"2016-09-09T06:54:24","slug":"tyonhaku","status":"publish","type":"page","link":"https:\/\/blogi.eoppimispalvelut.fi\/raito\/tyonhaku\/","title":{"rendered":"Linkkej\u00e4 ty\u00f6nhaun tueksi"},"content":{"rendered":"<h2>Ty\u00f6hakukanavia verkossa<\/h2>\n<div><\/div>\n<div>\n<h4><\/h4>\n<p><strong>Ty\u00f6paikkoja l\u00f6ytyy kootusti esimerkiksi seuraavilta sivuilta<\/strong><\/p>\n<p style=\"padding-left: 30px\"><a href=\"http:\/\/www.mol.fi\/tyopaikat\/tyopaikkatiedotus\/haku\/\" target=\"_blank\">MOL.fi<\/a>\u00a0 &#8211; TE-palveluiden ty\u00f6paikkasivusto<\/p>\n<p style=\"padding-left: 30px\"><a href=\"http:\/\/tyopaikat.oikotie.fi\/\" target=\"_blank\">Oikotie<\/a><a href=\"http:\/\/www.uratie.fi\/\">\u00a0<\/a> &#8211; Oikotien ty\u00f6paikkailmoitukset<\/p>\n<p style=\"padding-left: 30px\"><a href=\"http:\/\/www.monster.fi\/\" target=\"_blank\">Monster<\/a><a href=\"http:\/\/www.uratie.fi\/\">\u00a0<\/a> &#8211; Monsterin ty\u00f6paikkoja Suomessa ja ulkomailla\u00a0sek\u00e4 linkkej\u00e4 &amp; vinkkej\u00e4 ty\u00f6nhakuun<\/p>\n<p style=\"padding-left: 30px\"><a href=\"http:\/\/www.uratie.fi\/\" target=\"_blank\">Uratie<\/a>\u00a0 &#8211; Avoimia ty\u00f6paikkoja korkeakoulutetuille ja ajankohtaisia ty\u00f6el\u00e4m\u00e4\u00e4n liittyvi\u00e4 artikkeleja<\/p>\n<p style=\"padding-left: 30px\"><a href=\"http:\/\/www.uranus.fi\/\" target=\"_blank\">Uranus<\/a> &#8211; Uraniuksen ty\u00f6paikat, my\u00f6s koulutus mahdollisuuksia<\/p>\n<p style=\"padding-left: 30px\"><a href=\"http:\/\/www.careerjet.fi\/\" target=\"_blank\">Careerjet<\/a> &#8211; Hakukone ty\u00f6paikan etsint\u00e4\u00e4n<\/p>\n<p style=\"padding-left: 30px\"><a href=\"https:\/\/duunitori.fi\/tyopaikat\/lappi\/\" target=\"_blank\">Duunitori.fi<\/a> &#8211; Avoimet ty\u00f6paikat sek\u00e4 linkkej\u00e4 &amp; vinkkej\u00e4 ty\u00f6nhakuun<\/p>\n<p style=\"padding-left: 30px\"><a href=\"http:\/\/www.kuntarekry.fi\" target=\"_blank\">Kuntarekry.fi\u00a0<\/a>&#8211; Julkisen sektorin rekrytointisivusto<\/p>\n<p>&nbsp;<\/p>\n<p><strong>Rekrytointiyritysten tarjoamat ty\u00f6paikat<\/strong><\/p>\n<p style=\"padding-left: 30px\"><a href=\"http:\/\/www.opteam.fi\/matkailulappi\/\" target=\"_blank\">Opteam.fi\/matkailulappi<\/a>\u00a0&#8211;\u00a0Opteam Matkailu-Lappi palvelee mm. kaikissa Lapin tunturikohteissa ja Ruka-Kuusamo alueella.<\/p>\n<p style=\"padding-left: 30px\"><a href=\"http:\/\/www.opteam.fi\/rovaniemi\/\" target=\"_blank\">Opteam.fi\/rovaniemi<\/a> &#8211;\u00a0Avoimet ty\u00f6paikat Lapista, tuntureilta ja laskettelukeskuksista, mm. Levi, Yll\u00e4s, Ruka, Kuusamo, Rovaniemi, Kemi, Kittil\u00e4 ja Kolari. Tuntureilla on tarjolla p\u00e4\u00e4asiassa hotelli- ja ravintola-alan t\u00f6it\u00e4 laskettelukeskuksissa, mutta my\u00f6s kaupan ja rakennusalan t\u00f6it\u00e4. Lis\u00e4ksi rekrytoidaan ty\u00f6ntekij\u00f6it\u00e4 esimies- ja asiantuntijateht\u00e4viin.<\/p>\n<p style=\"padding-left: 30px\"><a href=\"https:\/\/www.vmp.fi\/toimipisteet\/rovaniemi\/#\/\" target=\"_blank\">VMP Rovaniemi\u00a0<\/a>&#8211;\u00a0On kokoaikaista, osa-aikaista, keikkaa, hommaa ja duunia!<\/p>\n<p style=\"padding-left: 30px\"><a href=\"https:\/\/www.vmp.fi\/toimipisteet\/kemi-tornio\/\" target=\"_blank\">VMP Kemi-Tornio<\/a> &#8211;\u00a0On kokoaikaista, osa-aikaista, keikkaa, hommaa ja duunia!<\/p>\n<p style=\"padding-left: 30px\"><a href=\"https:\/\/www.staffpoint.fi\/ota-yhteytta\/toimipisteet\/rovaniemi\/\" target=\"_blank\">StaffPoint <\/a>&#8211; Lapissa toimipisteet Rovaniemell\u00e4, Kuusamo-Rukalla ja TunturiLapissa Levill\u00e4.<\/p>\n<p style=\"padding-left: 30px\"><a href=\"http:\/\/www.laplandstaff.fi\/tyontekijalle\/\" target=\"_blank\">Lapland Staff<\/a> &#8211; Ty\u00f6t\u00e4 Lapin vilkkaimmissa hiihtokeskuksissa, tai halutessasi v\u00e4h\u00e4n syrj\u00e4ss\u00e4 keskusten hulinasta.<\/p>\n<p>&nbsp;<\/p>\n<p><strong>Ty\u00f6paikkoja LinkedIn:ss\u00e4<\/strong><\/p>\n<p style=\"padding-left: 30px\">Liitty ryhmiin, kuten:<\/p>\n<p style=\"padding-left: 60px\">&#8220;Talent Pool Finland&#8221;<\/p>\n<p style=\"padding-left: 60px\">&#8220;Urat\u00e4rpit&#8221;<\/p>\n<p style=\"padding-left: 60px\">&#8220;ejobs&#8221;<\/p>\n<p style=\"padding-left: 30px\">Kannattaa\u00a0seurata my\u00f6s sinua kiinnostavia yrityksi\u00e4, sill\u00e4 yritykset ilmoittavat usein suoraan omalla LinkedIn -sivullaan avoimista ty\u00f6paikoista.<\/p>\n<p>&nbsp;<\/p>\n<h4>Onko yritt\u00e4jyys vaihtoehto?<\/h4>\n<p style=\"padding-left: 30px\"><a href=\"http:\/\/www.lappi.fi\/yrittaminen\" target=\"_blank\">Lappi, yritt\u00e4minen<\/a> &#8211; perustietoa yritt\u00e4misest\u00e4<\/p>\n<p style=\"padding-left: 30px\"><a href=\"http:\/\/toimistot.te-palvelut.fi\/yrittajyysvalmennukset\" target=\"_blank\">TE-toimiston yritt\u00e4jyysvalmennukset<\/a> &#8211; Lapin TE-toimisto tarjoaa runsaasti eripituisia, maksuttomia yritt\u00e4jyysvalmennuksia!<\/p>\n<p>&nbsp;<\/p>\n<\/div>\n","protected":false},"excerpt":{"rendered":"<p>Ty\u00f6nhakukanavat, -menetelm\u00e4t, CV:t ja ty\u00f6hakemukset<\/p>\n","protected":false},"author":628,"featured_media":0,"parent":0,"menu_order":0,"comment_status":"closed","ping_status":"closed","template":"","meta":{"_et_pb_use_builder":"","_et_pb_old_content":"","_et_gb_content_width":"","footnotes":""},"class_list":["post-17","page","type-page","status-publish","hentry"],"_links":{"self":[{"href":"https:\/\/blogi.eoppimispalvelut.fi\/raito\/wp-json\/wp\/v2\/pages\/17","targetHints":{"allow":["GET"]}}],"collection":[{"href":"https:\/\/blogi.eoppimispalvelut.fi\/raito\/wp-json\/wp\/v2\/pages"}],"about":[{"href":"https:\/\/blogi.eoppimispalvelut.fi\/raito\/wp-json\/wp\/v2\/types\/page"}],"author":[{"embeddable":true,"href":"https:\/\/blogi.eoppimispalvelut.fi\/raito\/wp-json\/wp\/v2\/users\/628"}],"replies":[{"embeddable":true,"href":"https:\/\/blogi.eoppimispalvelut.fi\/raito\/wp-json\/wp\/v2\/comments?post=17"}],"version-history":[{"count":12,"href":"https:\/\/blogi.eoppimispalvelut.fi\/raito\/wp-json\/wp\/v2\/pages\/17\/revisions"}],"predecessor-version":[{"id":301,"href":"https:\/\/blogi.eoppimispalvelut.fi\/raito\/wp-json\/wp\/v2\/pages\/17\/revisions\/301"}],"wp:attachment":[{"href":"https:\/\/blogi.eoppimispalvelut.fi\/raito\/wp-json\/wp\/v2\/media?parent=17"}],"curies":[{"name":"wp","href":"https:\/\/api.w.org\/{rel}","templated":true}]}}