{"id":553,"date":"2018-04-19T16:10:00","date_gmt":"2018-04-19T13:10:00","guid":{"rendered":"https:\/\/blogi.eoppimispalvelut.fi\/raito\/?page_id=553"},"modified":"2021-06-17T15:44:15","modified_gmt":"2021-06-17T12:44:15","slug":"euraohjaus","status":"publish","type":"page","link":"https:\/\/blogi.eoppimispalvelut.fi\/raito\/euraohjaus\/","title":{"rendered":"eUraohjaus"},"content":{"rendered":"<p>[et_pb_section bb_built=&#8221;1&#8243; fullwidth=&#8221;on&#8221; specialty=&#8221;off&#8221; next_background_color=&#8221;#000000&#8243; inner_width=&#8221;auto&#8221; inner_max_width=&#8221;1080px&#8221;][et_pb_fullwidth_image _builder_version=&#8221;4.8.2&#8243; src=&#8221;https:\/\/blogi.eoppimispalvelut.fi\/raito\/files\/2018\/10\/Yksil\u00f6ohjaus-RAITO-ekasivu-e1539668523590.jpg&#8221; show_in_lightbox=&#8221;off&#8221; url_new_window=&#8221;off&#8221; use_overlay=&#8221;off&#8221; max_width=&#8221;58%&#8221; module_alignment=&#8221;center&#8221; \/][\/et_pb_section][et_pb_section bb_built=&#8221;1&#8243; _builder_version=&#8221;3.0.101&#8243; prev_background_color=&#8221;#000000&#8243; background_color_gradient_start=&#8221;#f9f9f9&#8243; background_color_gradient_end=&#8221;#b7b7b7&#8243; background_color_gradient_type=&#8221;radial&#8221; inner_width=&#8221;auto&#8221; inner_max_width=&#8221;1080px&#8221;][et_pb_row _builder_version=&#8221;3.0.101&#8243; background_color_gradient_start=&#8221;#ffffff&#8221; background_color_gradient_end=&#8221;#f4f4f4&#8243; background_color_gradient_direction=&#8221;120deg&#8221; width=&#8221;80%&#8221; max_width=&#8221;1080px&#8221;][et_pb_column type=&#8221;4_4&#8243; custom_padding__hover=&#8221;|||&#8221; custom_padding=&#8221;|||&#8221;][et_pb_blurb title=&#8221;eUraohjaus&#8221; content_max_width=&#8221;1100px&#8221; _builder_version=&#8221;4.8.2&#8243; header_level=&#8221;h2&#8243; header_font=&#8221;Arial|600|||||||&#8221; header_text_align=&#8221;left&#8221; header_font_size=&#8221;17px&#8221; body_font=&#8221;Arial||||||||&#8221; body_text_align=&#8221;left&#8221; body_font_size=&#8221;15px&#8221; box_shadow_color=&#8221;rgba(14,212,234,0.3)&#8221; box_shadow_horizontal_image_tablet=&#8221;0px&#8221; box_shadow_vertical_image_tablet=&#8221;0px&#8221; box_shadow_blur_image_tablet=&#8221;40px&#8221; box_shadow_spread_image_tablet=&#8221;0px&#8221; text_shadow_horizontal_length=&#8221;text_shadow_style,%91object Object%93&#8243; text_shadow_horizontal_length_tablet=&#8221;0px&#8221; text_shadow_vertical_length=&#8221;text_shadow_style,%91object Object%93&#8243; text_shadow_vertical_length_tablet=&#8221;0px&#8221; text_shadow_blur_strength=&#8221;text_shadow_style,%91object Object%93&#8243; text_shadow_blur_strength_tablet=&#8221;1px&#8221; header_text_shadow_horizontal_length=&#8221;header_text_shadow_style,%91object Object%93&#8243; header_text_shadow_horizontal_length_tablet=&#8221;0px&#8221; header_text_shadow_vertical_length=&#8221;header_text_shadow_style,%91object Object%93&#8243; header_text_shadow_vertical_length_tablet=&#8221;0px&#8221; header_text_shadow_blur_strength=&#8221;header_text_shadow_style,%91object Object%93&#8243; header_text_shadow_blur_strength_tablet=&#8221;1px&#8221; body_text_shadow_horizontal_length=&#8221;body_text_shadow_style,%91object Object%93&#8243; body_text_shadow_horizontal_length_tablet=&#8221;0px&#8221; body_text_shadow_vertical_length=&#8221;body_text_shadow_style,%91object Object%93&#8243; body_text_shadow_vertical_length_tablet=&#8221;0px&#8221; body_text_shadow_blur_strength=&#8221;body_text_shadow_style,%91object Object%93&#8243; body_text_shadow_blur_strength_tablet=&#8221;1px&#8221; body_link_text_shadow_horizontal_length=&#8221;body_link_text_shadow_style,%91object Object%93&#8243; body_link_text_shadow_horizontal_length_tablet=&#8221;0px&#8221; body_link_text_shadow_vertical_length=&#8221;body_link_text_shadow_style,%91object Object%93&#8243; body_link_text_shadow_vertical_length_tablet=&#8221;0px&#8221; body_link_text_shadow_blur_strength=&#8221;body_link_text_shadow_style,%91object Object%93&#8243; body_link_text_shadow_blur_strength_tablet=&#8221;1px&#8221; body_ul_text_shadow_horizontal_length=&#8221;body_ul_text_shadow_style,%91object Object%93&#8243; body_ul_text_shadow_horizontal_length_tablet=&#8221;0px&#8221; body_ul_text_shadow_vertical_length=&#8221;body_ul_text_shadow_style,%91object Object%93&#8243; body_ul_text_shadow_vertical_length_tablet=&#8221;0px&#8221; body_ul_text_shadow_blur_strength=&#8221;body_ul_text_shadow_style,%91object Object%93&#8243; body_ul_text_shadow_blur_strength_tablet=&#8221;1px&#8221; body_ol_text_shadow_horizontal_length=&#8221;body_ol_text_shadow_style,%91object Object%93&#8243; body_ol_text_shadow_horizontal_length_tablet=&#8221;0px&#8221; body_ol_text_shadow_vertical_length=&#8221;body_ol_text_shadow_style,%91object Object%93&#8243; body_ol_text_shadow_vertical_length_tablet=&#8221;0px&#8221; body_ol_text_shadow_blur_strength=&#8221;body_ol_text_shadow_style,%91object Object%93&#8243; body_ol_text_shadow_blur_strength_tablet=&#8221;1px&#8221; body_quote_text_shadow_horizontal_length=&#8221;body_quote_text_shadow_style,%91object Object%93&#8243; body_quote_text_shadow_horizontal_length_tablet=&#8221;0px&#8221; body_quote_text_shadow_vertical_length=&#8221;body_quote_text_shadow_style,%91object Object%93&#8243; body_quote_text_shadow_vertical_length_tablet=&#8221;0px&#8221; body_quote_text_shadow_blur_strength=&#8221;body_quote_text_shadow_style,%91object Object%93&#8243; body_quote_text_shadow_blur_strength_tablet=&#8221;1px&#8221; box_shadow_horizontal_tablet=&#8221;0px&#8221; box_shadow_vertical_tablet=&#8221;0px&#8221; box_shadow_blur_tablet=&#8221;40px&#8221; box_shadow_spread_tablet=&#8221;0px&#8221; vertical_offset_tablet=&#8221;0&#8243; horizontal_offset_tablet=&#8221;0&#8243; z_index_tablet=&#8221;0&#8243;]<\/p>\n<p><span style=\"color: #000000;font-family: 'Arial',sans-serif\"><span style=\"font-size: medium\">Urasuunnittelussa voit hy\u00f6dynt\u00e4\u00e4 eUraopasta: <a href=\"https:\/\/www.lapinamk.fi\/loader.aspx?id=63d32348-39d4-405d-a26e-861bb54c7c68\" target=\"_blank\" rel=\"noopener\">eUraopas Lapin korkeakouluille ja korkeakoulutetuille<\/a>. <\/span><\/span><\/p>\n<p><strong><span style=\"color: #000000;font-family: 'Arial',sans-serif\"><span style=\"font-size: medium\">Kev\u00e4\u00e4n 2019 uraohjausta alueellasi:<\/span><\/span><\/strong><\/p>\n<ul>\n<li><span style=\"color: #000000;font-family: 'Arial',sans-serif\"><span style=\"font-size: medium\"><span style=\"color: #000000;font-family: 'Arial',sans-serif\"><span style=\"font-size: medium\"><span style=\"color: #000000;font-family: 'Arial',sans-serif\"><span style=\"font-size: medium\"><span style=\"color: #000000;font-family: 'Arial',sans-serif\"><span style=\"font-size: medium\">Lapin yliopiston Koulutus- ja kehitt\u00e4mispalvelut, koulutuskalenteri: maaliskuusssa alkaa korkeakoulutetuille suunnattu ty\u00f6voimakoulutus. Loppukev\u00e4\u00e4st\u00e4 ja syksyll\u00e4 2019 luvassa my\u00f6s muista ELYn ja TE-palveluiden kanssa yhteisty\u00f6ss\u00e4 tuotettavia ohjauskokonaisuuksia. Pysy tarkkana!<\/span><\/span><\/span><\/span><\/span><\/span><\/span><\/span><\/li>\n<li><span style=\"color: #000000;font-family: 'Arial',sans-serif\"><span style=\"font-size: medium\"><span style=\"color: #000000;font-family: 'Arial',sans-serif\"><span style=\"font-size: medium\"><span style=\"color: #000000;font-family: 'Arial',sans-serif\"><span style=\"font-size: medium\"><span style=\"color: #000000;font-family: 'Arial',sans-serif\"><span style=\"font-size: medium\">Uraohjausta <a href=\"https:\/\/www.rovaniemi.fi\/fi\/Palvelut\/Tyo-ja-elinkeinot\/Tyollisyyspalvelut\/Monimuotoiset-tyomarkkinat--hanke-\">Monimuotoiset\u00a0ty\u00f6markkinat<\/a> -hankkeessa, voit ilmoittautua mukaan vaikka heti.<\/span><\/span><\/span><\/span><\/span><\/span><\/span><\/span><\/li>\n<li><span style=\"color: #000000;font-family: 'Arial',sans-serif\"><span style=\"font-size: medium\"><span style=\"color: #000000;font-family: 'Arial',sans-serif\"><span style=\"font-size: medium\"><span style=\"color: #000000;font-family: 'Arial',sans-serif\"><span style=\"font-size: medium\"><span style=\"color: #000000;font-family: 'Arial',sans-serif\"><span style=\"font-size: medium\">TE-palveluiden sivuilta l\u00f6yd\u00e4t kaikki ajankohtaiset ty\u00f6voimakoulutukset. <\/span><\/span><\/span><\/span><\/span><\/span><\/span><\/span><\/li>\n<\/ul>\n<p>[\/et_pb_blurb][\/et_pb_column][\/et_pb_row][et_pb_row _builder_version=&#8221;3.0.101&#8243; background_size=&#8221;initial&#8221; background_position=&#8221;top_left&#8221; background_repeat=&#8221;repeat&#8221; background_color_gradient_start=&#8221;#ffffff&#8221; background_color_gradient_end=&#8221;#f4f4f4&#8243; background_color_gradient_direction=&#8221;120deg&#8221; width=&#8221;80%&#8221; max_width=&#8221;1080px&#8221;][et_pb_column type=&#8221;4_4&#8243; custom_padding__hover=&#8221;|||&#8221; custom_padding=&#8221;|||&#8221;][et_pb_text _builder_version=&#8221;3.0.101&#8243; text_font=&#8221;Arial|600|||||||&#8221; text_font_size=&#8221;17px&#8221; background_layout=&#8221;light&#8221; text_orientation=&#8221;left&#8221;]<\/p>\n<p style=\"text-align: center\">RAITO eUraohjauksen verkko-ohjaus<\/p>\n<p>[\/et_pb_text][\/et_pb_column][\/et_pb_row][et_pb_row _builder_version=&#8221;3.0.101&#8243; background_size=&#8221;initial&#8221; background_position=&#8221;top_left&#8221; background_repeat=&#8221;repeat&#8221; background_color_gradient_start=&#8221;#ffffff&#8221; background_color_gradient_end=&#8221;#f4f4f4&#8243; background_color_gradient_direction=&#8221;120deg&#8221; width=&#8221;80%&#8221; max_width=&#8221;1080px&#8221;][et_pb_column type=&#8221;1_3&#8243; custom_padding__hover=&#8221;|||&#8221; custom_padding=&#8221;|||&#8221;][et_pb_blurb admin_label=&#8221;osa 1&#8243; title=&#8221;Tehoa urasuunnitelmiisi -ohjaus&#8221; _builder_version=&#8221;3.0.101&#8243; header_level=&#8221;h2&#8243; header_font=&#8221;Arial|600|||||||&#8221; header_text_align=&#8221;center&#8221; header_font_size=&#8221;17&#8243; body_font=&#8221;Arial||||||||&#8221; body_text_align=&#8221;left&#8221; body_font_size=&#8221;15&#8243; url_new_window=&#8221;off&#8221; use_icon=&#8221;off&#8221; use_circle=&#8221;off&#8221; use_circle_border=&#8221;off&#8221; icon_placement=&#8221;top&#8221; use_icon_font_size=&#8221;off&#8221; background_layout=&#8221;light&#8221; filter_brightness=&#8221;119%&#8221; image_max_width=&#8221;76%&#8221;]<\/p>\n<p>\n<img loading=\"lazy\" decoding=\"async\" class=\"aligncenter wp-image-704 size-medium\" src=\"https:\/\/blogi.eoppimispalvelut.fi\/raito\/files\/2018\/05\/eUraohjaus-pikkukuva-tehoa-ty\u00f6nhakuun-900x600.jpg\" alt=\"\" width=\"900\" height=\"600\" srcset=\"https:\/\/blogi.eoppimispalvelut.fi\/raito\/files\/2018\/05\/eUraohjaus-pikkukuva-tehoa-ty\u00f6nhakuun-900x600.jpg 900w, https:\/\/blogi.eoppimispalvelut.fi\/raito\/files\/2018\/05\/eUraohjaus-pikkukuva-tehoa-ty\u00f6nhakuun-768x512.jpg 768w, https:\/\/blogi.eoppimispalvelut.fi\/raito\/files\/2018\/05\/eUraohjaus-pikkukuva-tehoa-ty\u00f6nhakuun-1280x853.jpg 1280w, https:\/\/blogi.eoppimispalvelut.fi\/raito\/files\/2018\/05\/eUraohjaus-pikkukuva-tehoa-ty\u00f6nhakuun-1080x720.jpg 1080w\" sizes=\"(max-width: 900px) 100vw, 900px\" \/><\/p>\n<p style=\"text-align: left\"><em><strong>Tehoa\u00a0urasuunnitelmiisi<\/strong> -ohjauksessa<\/em>\u00a0\u00a0\u00a0 keskustellaan yhdess\u00e4 urasuunnittelusta teemoittain, kuten ty\u00f6nhaun asiakirjat, some ty\u00f6nhaussa, ty\u00f6haastattelut sek\u00e4 itsens\u00e4 yritt\u00e4j\u00e4m\u00e4inen ty\u00f6llist\u00e4minen.<\/p>\n<p>&nbsp;<\/p>\n<p>[\/et_pb_blurb][\/et_pb_column][et_pb_column type=&#8221;1_3&#8243; custom_padding__hover=&#8221;|||&#8221; custom_padding=&#8221;|||&#8221;][et_pb_blurb admin_label=&#8221;osa 2&#8243; title=&#8221;Esiinny eduksesi -ohjaus&#8221; icon_placement=&#8221;top&#8221; content_max_width=&#8221;1100px&#8221; _builder_version=&#8221;3.0.101&#8243; header_level=&#8221;h2&#8243; header_font=&#8221;Arial|600|||||||&#8221; header_text_align=&#8221;center&#8221; header_font_size=&#8221;17&#8243; body_font=&#8221;Arial||||||||&#8221; body_text_align=&#8221;left&#8221; body_font_size=&#8221;15&#8243; url_new_window=&#8221;off&#8221; use_icon=&#8221;off&#8221; use_circle=&#8221;off&#8221; use_circle_border=&#8221;off&#8221; use_icon_font_size=&#8221;off&#8221; background_layout=&#8221;light&#8221; image_max_width=&#8221;76%&#8221;]<\/p>\n<p>\n<img loading=\"lazy\" decoding=\"async\" class=\"aligncenter size-medium wp-image-707\" src=\"https:\/\/blogi.eoppimispalvelut.fi\/raito\/files\/2018\/05\/eUraohjaus-pikkukuva-esiinny-eduksesi-900x601.jpg\" alt=\"\" width=\"900\" height=\"601\" \/><\/p>\n<p><em><strong>Esiinny edukseksi<\/strong>\u00a0 -ohjauksessa<\/em> keskustellaan ja harjoitellaan mm. esiintymist\u00e4 ty\u00f6haastattelutilanteissa sek\u00e4 oman osaamisen markkinoinnissa.<\/p>\n<p>[\/et_pb_blurb][\/et_pb_column][et_pb_column type=&#8221;1_3&#8243; custom_padding__hover=&#8221;|||&#8221; custom_padding=&#8221;|||&#8221;][et_pb_blurb admin_label=&#8221;osa 3&#8243; title=&#8221;Tule esiin verkossa -ohjaus&#8221; icon_placement=&#8221;left&#8221; content_max_width=&#8221;1100px&#8221; _builder_version=&#8221;3.0.101&#8243; header_level=&#8221;h2&#8243; header_font=&#8221;Arial|600|||||||&#8221; header_text_align=&#8221;center&#8221; header_font_size=&#8221;17&#8243; body_font=&#8221;Arial||||||||&#8221; body_text_align=&#8221;left&#8221; body_font_size=&#8221;15&#8243; url_new_window=&#8221;off&#8221; use_icon=&#8221;off&#8221; use_circle=&#8221;off&#8221; use_circle_border=&#8221;off&#8221; use_icon_font_size=&#8221;off&#8221; background_layout=&#8221;light&#8221;]<\/p>\n<p>\n<img loading=\"lazy\" decoding=\"async\" class=\"aligncenter wp-image-610\" src=\"https:\/\/blogi.eoppimispalvelut.fi\/raito\/files\/2018\/04\/laurakamera-900x675.jpg\" alt=\"\" width=\"288\" height=\"216\" \/><\/p>\n<p><em><strong>Tule esiin verkossa<\/strong> -ohjauksessa<\/em> tutustutaan erilaisiin ty\u00f6kaluihin, joiden avulla voidaan rakentaa, tallentaa ja julkaista esim. oma video-CV. Lis\u00e4ksi ohjauksen aikana tutustutaan erilaisiin verkostoitumisen kanaviin.<\/p>\n<p>[\/et_pb_blurb][\/et_pb_column][\/et_pb_row][et_pb_row][et_pb_column type=&#8221;4_4&#8243; custom_padding__hover=&#8221;|||&#8221; custom_padding=&#8221;|||&#8221;][et_pb_text _builder_version=&#8221;3.0.101&#8243; background_layout=&#8221;light&#8221; text_font=&#8221;Arial||||||||&#8221; text_font_size=&#8221;15px&#8221; text_orientation=&#8221;left&#8221;]<\/p>\n<p>\nKati Koivusen esitys henkil\u00f6br\u00e4nd\u00e4yksest\u00e4 (2017). Kannattaa katsoa!<\/p>\n<p>[\/et_pb_text][et_pb_video _builder_version=&#8221;3.0.101&#8243; src=&#8221;https:\/\/www.youtube.com\/watch?v=lk2RGBxLEhk&#8221; max_width=&#8221;70%&#8221; \/][\/et_pb_column][\/et_pb_row][\/et_pb_section]<\/p>\n","protected":false},"excerpt":{"rendered":"<p>Urasuunnittelussa voit hy\u00f6dynt\u00e4\u00e4 eUraopasta: eUraopas Lapin korkeakouluille ja korkeakoulutetuille. Kev\u00e4\u00e4n 2019 uraohjausta alueellasi:Lapin yliopiston Koulutus- ja kehitt\u00e4mispalvelut, koulutuskalenteri: maaliskuusssa alkaa korkeakoulutetuille suunnattu ty\u00f6voimakoulutus. Loppukev\u00e4\u00e4st\u00e4 ja syksyll\u00e4 2019 luvassa my\u00f6s muista [&hellip;]<\/p>\n","protected":false},"author":2866,"featured_media":0,"parent":0,"menu_order":0,"comment_status":"closed","ping_status":"closed","template":"","meta":{"_et_pb_use_builder":"on","_et_pb_old_content":"","_et_gb_content_width":"","footnotes":""},"class_list":["post-553","page","type-page","status-publish","hentry"],"_links":{"self":[{"href":"https:\/\/blogi.eoppimispalvelut.fi\/raito\/wp-json\/wp\/v2\/pages\/553","targetHints":{"allow":["GET"]}}],"collection":[{"href":"https:\/\/blogi.eoppimispalvelut.fi\/raito\/wp-json\/wp\/v2\/pages"}],"about":[{"href":"https:\/\/blogi.eoppimispalvelut.fi\/raito\/wp-json\/wp\/v2\/types\/page"}],"author":[{"embeddable":true,"href":"https:\/\/blogi.eoppimispalvelut.fi\/raito\/wp-json\/wp\/v2\/users\/2866"}],"replies":[{"embeddable":true,"href":"https:\/\/blogi.eoppimispalvelut.fi\/raito\/wp-json\/wp\/v2\/comments?post=553"}],"version-history":[{"count":39,"href":"https:\/\/blogi.eoppimispalvelut.fi\/raito\/wp-json\/wp\/v2\/pages\/553\/revisions"}],"predecessor-version":[{"id":809,"href":"https:\/\/blogi.eoppimispalvelut.fi\/raito\/wp-json\/wp\/v2\/pages\/553\/revisions\/809"}],"wp:attachment":[{"href":"https:\/\/blogi.eoppimispalvelut.fi\/raito\/wp-json\/wp\/v2\/media?parent=553"}],"curies":[{"name":"wp","href":"https:\/\/api.w.org\/{rel}","templated":true}]}}