{"id":555,"date":"2018-04-19T16:11:24","date_gmt":"2018-04-19T13:11:24","guid":{"rendered":"https:\/\/blogi.eoppimispalvelut.fi\/raito\/?page_id=555"},"modified":"2019-01-31T10:20:34","modified_gmt":"2019-01-31T08:20:34","slug":"luc-diplomiopinnot","status":"publish","type":"page","link":"https:\/\/blogi.eoppimispalvelut.fi\/raito\/luc-diplomiopinnot\/","title":{"rendered":"Uraa tukevat opinnot"},"content":{"rendered":"<p>[et_pb_section bb_built=&#8221;1&#8243; fullwidth=&#8221;on&#8221; specialty=&#8221;off&#8221; next_background_color=&#8221;#000000&#8243;][et_pb_fullwidth_image _builder_version=&#8221;3.0.101&#8243; src=&#8221;https:\/\/blogi.eoppimispalvelut.fi\/raito\/files\/2018\/05\/LUC-opinnot-logoilla-banneri.jpg&#8221; show_in_lightbox=&#8221;off&#8221; url_new_window=&#8221;off&#8221; use_overlay=&#8221;off&#8221; max_width=&#8221;56%&#8221; module_alignment=&#8221;center&#8221; \/][\/et_pb_section][et_pb_section bb_built=&#8221;1&#8243; prev_background_color=&#8221;#000000&#8243;][et_pb_row _builder_version=&#8221;3.0.101&#8243; background_color_gradient_start=&#8221;#ffffff&#8221; background_color_gradient_end=&#8221;#f4f4f4&#8243; background_color_gradient_direction=&#8221;120deg&#8221;][et_pb_column type=&#8221;4_4&#8243;][et_pb_blurb _builder_version=&#8221;3.0.101&#8243; title=&#8221;Uraa tukevat opinnot&#8221; url_new_window=&#8221;off&#8221; use_icon=&#8221;off&#8221; use_circle=&#8221;off&#8221; use_circle_border=&#8221;off&#8221; icon_placement=&#8221;top&#8221; use_icon_font_size=&#8221;off&#8221; background_layout=&#8221;light&#8221; header_font=&#8221;Arial|600|||||||&#8221; body_font=&#8221;Arial||||||||&#8221; body_text_align=&#8221;left&#8221; body_font_size=&#8221;15&#8243; header_level=&#8221;h2&#8243; header_text_align=&#8221;left&#8221; header_font_size=&#8221;17&#8243; content_max_width=&#8221;1100px&#8221;]<\/p>\n<p>RAITO-uraohjauksen aikana sinulla on mahdollista kehitt\u00e4\u00e4 osaamistasi Lapin yliopiston ja Lapin ammattikorkeakoulun avoimilla opinnoilla. Korkeakoulujen opintotarjonnasta on koottu ajankohtaisia ty\u00f6el\u00e4m\u00e4taitoja vahvistavia osaamispolkuja, joiden avulla voit t\u00e4ydent\u00e4\u00e4 osaamista henkil\u00f6kohtaisen tarpeen mukaan.<\/p>\n<p>[\/et_pb_blurb][\/et_pb_column][\/et_pb_row][et_pb_row _builder_version=&#8221;3.0.101&#8243; background_color_gradient_start=&#8221;#ffffff&#8221; background_color_gradient_end=&#8221;#f4f4f4&#8243; background_color_gradient_direction=&#8221;120deg&#8221;][et_pb_column type=&#8221;2_3&#8243;][et_pb_text _builder_version=&#8221;3.0.101&#8243; background_layout=&#8221;light&#8221; text_font=&#8221;Arial||||||||&#8221; text_font_size=&#8221;15px&#8221;]<\/p>\n<p><strong>Ty\u00f6el\u00e4m\u00e4taitoja tukevat osaamispolut:<\/strong><\/p>\n<ul>\n<li>Johtaminen ja esimiesty\u00f6<\/li>\n<li>Liiketoiminta ja yritt\u00e4jyys<\/li>\n<li>Ty\u00f6el\u00e4m\u00e4-, IT- ja viestint\u00e4taidot<\/li>\n<li>Itsens\u00e4 johtaminen ja hyvinvointi<\/li>\n<\/ul>\n<p>Voit keskustella opintomahdollisuuksista ohjaajasi kanssa. Opintojen m\u00e4\u00e4r\u00e4 ja laajuus suunnitellaan sinun urasuunnittelu- ja ty\u00f6nhakutilanteesi mukaan. Opinnot ovat uraohjaukseen osallistuville maksuttomia.<\/p>\n<p>[\/et_pb_text][\/et_pb_column][et_pb_column type=&#8221;1_3&#8243;][et_pb_image _builder_version=&#8221;3.0.101&#8243; src=&#8221;https:\/\/blogi.eoppimispalvelut.fi\/ohjaustestaus\/files\/2018\/04\/k\u00e4si-kyn\u00e4.jpg&#8221; show_in_lightbox=&#8221;off&#8221; url_new_window=&#8221;off&#8221; use_overlay=&#8221;off&#8221; always_center_on_mobile=&#8221;on&#8221; force_fullwidth=&#8221;off&#8221; show_bottom_space=&#8221;on&#8221; \/][\/et_pb_column][\/et_pb_row][\/et_pb_section]<\/p>\n","protected":false},"excerpt":{"rendered":"<p>RAITO-uraohjauksen aikana sinulla on mahdollista kehitt\u00e4\u00e4 osaamistasi Lapin yliopiston ja Lapin ammattikorkeakoulun avoimilla opinnoilla. Korkeakoulujen opintotarjonnasta on koottu ajankohtaisia ty\u00f6el\u00e4m\u00e4taitoja vahvistavia osaamispolkuja, joiden avulla voit t\u00e4ydent\u00e4\u00e4 osaamista henkil\u00f6kohtaisen tarpeen mukaan. [&hellip;]<\/p>\n","protected":false},"author":2866,"featured_media":0,"parent":0,"menu_order":0,"comment_status":"closed","ping_status":"closed","template":"","meta":{"_et_pb_use_builder":"on","_et_pb_old_content":"","_et_gb_content_width":"","footnotes":""},"class_list":["post-555","page","type-page","status-publish","hentry"],"_links":{"self":[{"href":"https:\/\/blogi.eoppimispalvelut.fi\/raito\/wp-json\/wp\/v2\/pages\/555","targetHints":{"allow":["GET"]}}],"collection":[{"href":"https:\/\/blogi.eoppimispalvelut.fi\/raito\/wp-json\/wp\/v2\/pages"}],"about":[{"href":"https:\/\/blogi.eoppimispalvelut.fi\/raito\/wp-json\/wp\/v2\/types\/page"}],"author":[{"embeddable":true,"href":"https:\/\/blogi.eoppimispalvelut.fi\/raito\/wp-json\/wp\/v2\/users\/2866"}],"replies":[{"embeddable":true,"href":"https:\/\/blogi.eoppimispalvelut.fi\/raito\/wp-json\/wp\/v2\/comments?post=555"}],"version-history":[{"count":12,"href":"https:\/\/blogi.eoppimispalvelut.fi\/raito\/wp-json\/wp\/v2\/pages\/555\/revisions"}],"predecessor-version":[{"id":791,"href":"https:\/\/blogi.eoppimispalvelut.fi\/raito\/wp-json\/wp\/v2\/pages\/555\/revisions\/791"}],"wp:attachment":[{"href":"https:\/\/blogi.eoppimispalvelut.fi\/raito\/wp-json\/wp\/v2\/media?parent=555"}],"curies":[{"name":"wp","href":"https:\/\/api.w.org\/{rel}","templated":true}]}}