{"id":579,"date":"2018-04-19T16:15:17","date_gmt":"2018-04-19T13:15:17","guid":{"rendered":"https:\/\/blogi.eoppimispalvelut.fi\/raito\/?page_id=579"},"modified":"2021-06-17T15:45:49","modified_gmt":"2021-06-17T12:45:49","slug":"etusivu","status":"publish","type":"page","link":"https:\/\/blogi.eoppimispalvelut.fi\/raito\/","title":{"rendered":"Etusivu"},"content":{"rendered":"<p>[et_pb_section bb_built=&#8221;1&#8243; fullwidth=&#8221;on&#8221; specialty=&#8221;off&#8221; next_background_color=&#8221;#000000&#8243; inner_width=&#8221;auto&#8221; inner_max_width=&#8221;1080px&#8221;][et_pb_fullwidth_image _builder_version=&#8221;3.0.101&#8243; src=&#8221;https:\/\/blogi.eoppimispalvelut.fi\/raito\/files\/2018\/05\/Etusivu-logoilla-banneri.jpg&#8221; show_in_lightbox=&#8221;off&#8221; url_new_window=&#8221;off&#8221; use_overlay=&#8221;off&#8221; max_width=&#8221;56%&#8221; module_alignment=&#8221;center&#8221; \/][\/et_pb_section][et_pb_section bb_built=&#8221;1&#8243; _builder_version=&#8221;3.0.101&#8243; custom_padding=&#8221;63px|0px|78px|0px&#8221; animation_style=&#8221;fade&#8221; prev_background_color=&#8221;#000000&#8243; inner_width=&#8221;auto&#8221; inner_max_width=&#8221;1080px&#8221;][et_pb_row][et_pb_column type=&#8221;4_4&#8243; custom_padding__hover=&#8221;|||&#8221; custom_padding=&#8221;|||&#8221;][et_pb_text _builder_version=&#8221;4.8.2&#8243; text_font=&#8221;Arial||||||||&#8221; text_font_size=&#8221;15px&#8221; text_text_shadow_horizontal_length=&#8221;text_text_shadow_style,%91object Object%93&#8243; text_text_shadow_horizontal_length_tablet=&#8221;0px&#8221; text_text_shadow_vertical_length=&#8221;text_text_shadow_style,%91object Object%93&#8243; text_text_shadow_vertical_length_tablet=&#8221;0px&#8221; text_text_shadow_blur_strength=&#8221;text_text_shadow_style,%91object Object%93&#8243; text_text_shadow_blur_strength_tablet=&#8221;1px&#8221; link_text_shadow_horizontal_length=&#8221;link_text_shadow_style,%91object Object%93&#8243; link_text_shadow_horizontal_length_tablet=&#8221;0px&#8221; link_text_shadow_vertical_length=&#8221;link_text_shadow_style,%91object Object%93&#8243; link_text_shadow_vertical_length_tablet=&#8221;0px&#8221; link_text_shadow_blur_strength=&#8221;link_text_shadow_style,%91object Object%93&#8243; link_text_shadow_blur_strength_tablet=&#8221;1px&#8221; ul_text_shadow_horizontal_length=&#8221;ul_text_shadow_style,%91object Object%93&#8243; ul_text_shadow_horizontal_length_tablet=&#8221;0px&#8221; ul_text_shadow_vertical_length=&#8221;ul_text_shadow_style,%91object Object%93&#8243; ul_text_shadow_vertical_length_tablet=&#8221;0px&#8221; ul_text_shadow_blur_strength=&#8221;ul_text_shadow_style,%91object Object%93&#8243; ul_text_shadow_blur_strength_tablet=&#8221;1px&#8221; ol_text_shadow_horizontal_length=&#8221;ol_text_shadow_style,%91object Object%93&#8243; ol_text_shadow_horizontal_length_tablet=&#8221;0px&#8221; ol_text_shadow_vertical_length=&#8221;ol_text_shadow_style,%91object Object%93&#8243; ol_text_shadow_vertical_length_tablet=&#8221;0px&#8221; ol_text_shadow_blur_strength=&#8221;ol_text_shadow_style,%91object Object%93&#8243; ol_text_shadow_blur_strength_tablet=&#8221;1px&#8221; quote_text_shadow_horizontal_length=&#8221;quote_text_shadow_style,%91object Object%93&#8243; quote_text_shadow_horizontal_length_tablet=&#8221;0px&#8221; quote_text_shadow_vertical_length=&#8221;quote_text_shadow_style,%91object Object%93&#8243; quote_text_shadow_vertical_length_tablet=&#8221;0px&#8221; quote_text_shadow_blur_strength=&#8221;quote_text_shadow_style,%91object Object%93&#8243; quote_text_shadow_blur_strength_tablet=&#8221;1px&#8221; header_text_shadow_horizontal_length=&#8221;header_text_shadow_style,%91object Object%93&#8243; header_text_shadow_horizontal_length_tablet=&#8221;0px&#8221; header_text_shadow_vertical_length=&#8221;header_text_shadow_style,%91object Object%93&#8243; header_text_shadow_vertical_length_tablet=&#8221;0px&#8221; header_text_shadow_blur_strength=&#8221;header_text_shadow_style,%91object Object%93&#8243; header_text_shadow_blur_strength_tablet=&#8221;1px&#8221; header_2_text_shadow_horizontal_length=&#8221;header_2_text_shadow_style,%91object Object%93&#8243; header_2_text_shadow_horizontal_length_tablet=&#8221;0px&#8221; header_2_text_shadow_vertical_length=&#8221;header_2_text_shadow_style,%91object Object%93&#8243; header_2_text_shadow_vertical_length_tablet=&#8221;0px&#8221; header_2_text_shadow_blur_strength=&#8221;header_2_text_shadow_style,%91object Object%93&#8243; header_2_text_shadow_blur_strength_tablet=&#8221;1px&#8221; header_3_text_shadow_horizontal_length=&#8221;header_3_text_shadow_style,%91object Object%93&#8243; header_3_text_shadow_horizontal_length_tablet=&#8221;0px&#8221; header_3_text_shadow_vertical_length=&#8221;header_3_text_shadow_style,%91object Object%93&#8243; header_3_text_shadow_vertical_length_tablet=&#8221;0px&#8221; header_3_text_shadow_blur_strength=&#8221;header_3_text_shadow_style,%91object Object%93&#8243; header_3_text_shadow_blur_strength_tablet=&#8221;1px&#8221; header_4_text_shadow_horizontal_length=&#8221;header_4_text_shadow_style,%91object Object%93&#8243; header_4_text_shadow_horizontal_length_tablet=&#8221;0px&#8221; header_4_text_shadow_vertical_length=&#8221;header_4_text_shadow_style,%91object Object%93&#8243; header_4_text_shadow_vertical_length_tablet=&#8221;0px&#8221; header_4_text_shadow_blur_strength=&#8221;header_4_text_shadow_style,%91object Object%93&#8243; header_4_text_shadow_blur_strength_tablet=&#8221;1px&#8221; header_5_text_shadow_horizontal_length=&#8221;header_5_text_shadow_style,%91object Object%93&#8243; header_5_text_shadow_horizontal_length_tablet=&#8221;0px&#8221; header_5_text_shadow_vertical_length=&#8221;header_5_text_shadow_style,%91object Object%93&#8243; header_5_text_shadow_vertical_length_tablet=&#8221;0px&#8221; header_5_text_shadow_blur_strength=&#8221;header_5_text_shadow_style,%91object Object%93&#8243; header_5_text_shadow_blur_strength_tablet=&#8221;1px&#8221; header_6_text_shadow_horizontal_length=&#8221;header_6_text_shadow_style,%91object Object%93&#8243; header_6_text_shadow_horizontal_length_tablet=&#8221;0px&#8221; header_6_text_shadow_vertical_length=&#8221;header_6_text_shadow_style,%91object Object%93&#8243; header_6_text_shadow_vertical_length_tablet=&#8221;0px&#8221; header_6_text_shadow_blur_strength=&#8221;header_6_text_shadow_style,%91object Object%93&#8243; header_6_text_shadow_blur_strength_tablet=&#8221;1px&#8221; box_shadow_horizontal_tablet=&#8221;0px&#8221; box_shadow_vertical_tablet=&#8221;0px&#8221; box_shadow_blur_tablet=&#8221;40px&#8221; box_shadow_spread_tablet=&#8221;0px&#8221; vertical_offset_tablet=&#8221;0&#8243; horizontal_offset_tablet=&#8221;0&#8243; z_index_tablet=&#8221;0&#8243;]<\/p>\n<p><span style=\"color: #000000;font-family: Calibri;font-size: medium\">RAITO-hankkeessa on ohjattu 90 korkeakoulutettua ty\u00f6nhakijaa ja m\u00e4\u00e4r\u00e4llinen tavoite on t\u00e4ytetty.\u00a0<\/span><\/p>\n<p>[\/et_pb_text][\/et_pb_column][\/et_pb_row][et_pb_row _builder_version=&#8221;3.0.101&#8243; background_size=&#8221;initial&#8221; background_position=&#8221;top_left&#8221; background_repeat=&#8221;repeat&#8221; custom_padding=&#8221;27px|0px|67px|0px&#8221; width=&#8221;80%&#8221; max_width=&#8221;1080px&#8221;][et_pb_column type=&#8221;1_2&#8243; custom_padding__hover=&#8221;|||&#8221; custom_padding=&#8221;|||&#8221;][et_pb_blurb admin_label=&#8221;eUraohjaus&#8221; title=&#8221;eUraohjaus&#8221; url=&#8221;https:\/\/blogi.eoppimispalvelut.fi\/ohjaustestaus\/euraohjaus\/&#8221; icon_color=&#8221;#a8a8a8&#8243; use_circle=&#8221;on&#8221; circle_color=&#8221;#ffffff&#8221; use_circle_border=&#8221;on&#8221; circle_border_color=&#8221;#e0e0e0&#8243; image=&#8221;https:\/\/blogi.eoppimispalvelut.fi\/raito\/files\/2018\/05\/eUraohjaus-pikkukuvaan-etusivulle.jpg&#8221; _builder_version=&#8221;3.20.2&#8243; header_level=&#8221;h2&#8243; header_font=&#8221;Arial|600|||||||&#8221; header_text_align=&#8221;center&#8221; header_font_size=&#8221;17&#8243; body_font=&#8221;Arial||||||||&#8221; body_text_align=&#8221;left&#8221; body_font_size=&#8221;15&#8243;]<\/p>\n<p>Korkeakoulutettu ty\u00f6nhakija, mietitk\u00f6 mihin hakeutua t\u00f6ihin?<\/p>\n<p>Onko ty\u00f6hakemuksen teko hankalaa ja tuntuuko oman osaamisen esilletuominen vaikealta?<\/p>\n<p>Mietitk\u00f6 alan vaihtoa?<\/p>\n<p>Lue lis\u00e4\u00e4 <a href=\"https:\/\/blogi.eoppimispalvelut.fi\/raito\/euraohjaus\/\">eUraohjauksesta.<\/a><\/p>\n<p>[\/et_pb_blurb][\/et_pb_column][et_pb_column type=&#8221;1_2&#8243; custom_padding__hover=&#8221;|||&#8221; custom_padding=&#8221;|||&#8221;][et_pb_blurb admin_label=&#8221;Uraa tukevat opinnot&#8221; title=&#8221;Uraa tukevat opinnot&#8221; url=&#8221;https:\/\/blogi.eoppimispalvelut.fi\/ohjaustestaus\/luc-diplomiopinnot\/&#8221; icon_color=&#8221;#a8a8a8&#8243; use_circle=&#8221;on&#8221; circle_color=&#8221;#ffffff&#8221; use_circle_border=&#8221;on&#8221; circle_border_color=&#8221;#e0e0e0&#8243; image=&#8221;https:\/\/blogi.eoppimispalvelut.fi\/raito\/files\/2018\/05\/LUC-opinnot-pikkukuvaan-etusivulle.jpg&#8221; _builder_version=&#8221;3.20.2&#8243; header_level=&#8221;h2&#8243; header_font=&#8221;Arial|600|||||||&#8221; header_text_align=&#8221;center&#8221; header_font_size=&#8221;17&#8243; body_font=&#8221;Arial||||||||&#8221; body_text_align=&#8221;left&#8221; body_font_size=&#8221;15&#8243; background_size=&#8221;initial&#8221; background_position=&#8221;top_left&#8221; background_repeat=&#8221;repeat&#8221; max_width_tablet=&#8221;50px&#8221;]<\/p>\n<p>Hei ty\u00f6nhakija!<\/p>\n<p>RAITO-uraohjauksen aikana sinulla on mahdollista kehitt\u00e4\u00e4 osaamistasi Lapin yliopiston ja Lapin ammattikorkeakoulun avoimilla opinnoilla 15 opintopisteen\u00a0verran ilmaiseksi.<\/p>\n<p>Lue lis\u00e4\u00e4 <a href=\"https:\/\/blogi.eoppimispalvelut.fi\/raito\/luc-diplomiopinnot\/\">Uraa tukevista opinnoista.<\/a><\/p>\n<p>[\/et_pb_blurb][\/et_pb_column][\/et_pb_row][et_pb_row custom_padding=&#8221;27px|0px|0px|0px&#8221; _builder_version=&#8221;3.0.101&#8243; background_size=&#8221;initial&#8221; background_position=&#8221;top_left&#8221; background_repeat=&#8221;repeat&#8221; background_video_width=&#8221;720&#8243; background_video_height=&#8221;720&#8243; width=&#8221;80%&#8221; max_width=&#8221;1080px&#8221;][et_pb_column type=&#8221;4_4&#8243; custom_padding__hover=&#8221;|||&#8221; custom_padding=&#8221;|||&#8221; background_color=&#8221;#ffffff&#8221;][et_pb_text _builder_version=&#8221;3.0.101&#8243; background_layout=&#8221;light&#8221; text_font=&#8221;Arial|500|||||||&#8221; text_font_size=&#8221;15px&#8221; text_orientation=&#8221;center&#8221;]<\/p>\n<p>\n<strong>Voit tutustua palveluumme:<\/strong><\/p>\n<p>[\/et_pb_text][et_pb_video src=&#8221;https:\/\/www.youtube.com\/watch?v=eCoyoZPp7V8&#8243; _builder_version=&#8221;3.0.101&#8243; max_width=&#8221;64%&#8221; module_alignment=&#8221;center&#8221; image_src=&#8221;https:\/\/blogi.eoppimispalvelut.fi\/raito\/files\/2018\/04\/laurakamera-e1524170256745.jpg&#8221;]<\/p>\n<p>\n&nbsp;<\/p>\n<p>[\/et_pb_video][\/et_pb_column][\/et_pb_row][\/et_pb_section]<\/p>\n","protected":false},"excerpt":{"rendered":"<p><div class=\"et_pb_row et_pb_row_0 et_pb_row_empty\">\n\t\t\t\t\n\t\t\t\t\n\t\t\t\t\n\t\t\t\t\n\t\t\t\t\n\t\t\t<\/div> RAITO-hankkeessa on ohjattu 90 korkeakoulutettua ty\u00f6nhakijaa ja m\u00e4\u00e4r\u00e4llinen tavoite on t\u00e4ytetty.\u00a0 Korkeakoulutettu ty\u00f6nhakija, mietitk\u00f6 mihin hakeutua t\u00f6ihin? Onko ty\u00f6hakemuksen teko hankalaa ja tuntuuko oman osaamisen esilletuominen vaikealta? Mietitk\u00f6 alan [&hellip;]<\/p>\n","protected":false},"author":2866,"featured_media":0,"parent":0,"menu_order":0,"comment_status":"closed","ping_status":"closed","template":"","meta":{"_et_pb_use_builder":"on","_et_pb_old_content":"","_et_gb_content_width":"","footnotes":""},"class_list":["post-579","page","type-page","status-publish","hentry"],"_links":{"self":[{"href":"https:\/\/blogi.eoppimispalvelut.fi\/raito\/wp-json\/wp\/v2\/pages\/579","targetHints":{"allow":["GET"]}}],"collection":[{"href":"https:\/\/blogi.eoppimispalvelut.fi\/raito\/wp-json\/wp\/v2\/pages"}],"about":[{"href":"https:\/\/blogi.eoppimispalvelut.fi\/raito\/wp-json\/wp\/v2\/types\/page"}],"author":[{"embeddable":true,"href":"https:\/\/blogi.eoppimispalvelut.fi\/raito\/wp-json\/wp\/v2\/users\/2866"}],"replies":[{"embeddable":true,"href":"https:\/\/blogi.eoppimispalvelut.fi\/raito\/wp-json\/wp\/v2\/comments?post=579"}],"version-history":[{"count":35,"href":"https:\/\/blogi.eoppimispalvelut.fi\/raito\/wp-json\/wp\/v2\/pages\/579\/revisions"}],"predecessor-version":[{"id":810,"href":"https:\/\/blogi.eoppimispalvelut.fi\/raito\/wp-json\/wp\/v2\/pages\/579\/revisions\/810"}],"wp:attachment":[{"href":"https:\/\/blogi.eoppimispalvelut.fi\/raito\/wp-json\/wp\/v2\/media?parent=579"}],"curies":[{"name":"wp","href":"https:\/\/api.w.org\/{rel}","templated":true}]}}