{"id":729,"date":"2018-06-18T21:09:46","date_gmt":"2018-06-18T18:09:46","guid":{"rendered":"https:\/\/blogi.eoppimispalvelut.fi\/raito\/?page_id=729"},"modified":"2019-01-31T10:17:56","modified_gmt":"2019-01-31T08:17:56","slug":"raito-projekti","status":"publish","type":"page","link":"https:\/\/blogi.eoppimispalvelut.fi\/raito\/raito-projekti\/","title":{"rendered":"Raito-projekti"},"content":{"rendered":"<p>[et_pb_section bb_built=&#8221;1&#8243;][et_pb_row][et_pb_column type=&#8221;1_2&#8243;][et_pb_text admin_label=&#8221;Projekti&#8221; _builder_version=&#8221;3.0.101&#8243; background_layout=&#8221;light&#8221; text_font=&#8221;Arial||||||||&#8221; text_font_size=&#8221;15px&#8221;]<\/p>\n<p><strong>RAITO \u2013 Osuvaa urasuunnittelua korkeakoulutetuille<\/strong><\/p>\n<p>RAITO on Euroopan sosiaalirahaston (ESR) rahoittama projekti, joka toteutetaan Lapin yliopiston ja Lapin ammattikorkeakoulun yhteisty\u00f6n\u00e4 1.1.2016\u201330.6.2019.<\/p>\n<p>Projektissa toteutetaan uraohjaus- ja neuvontapalveluita korkeakoulutetuille pitk\u00e4aikais- ja toistuvaisty\u00f6tt\u00f6mille. Ohjaus on osallistujille t\u00e4ysin maksutonta ja ohjauksen kesto sis\u00e4lt\u00f6ineen r\u00e4\u00e4t\u00e4l\u00f6id\u00e4\u00e4n henkil\u00f6kohtaisesti ohjattavan tarpeita vastaavaksi kokonaisuudeksi.<\/p>\n<p>Ohjausty\u00f6n lis\u00e4ksi projektissa verkostoidaan TE-viranomaisia ja oppilaitoksia korkeakoulutettujen ohjaamisessa sek\u00e4 kehitet\u00e4\u00e4n korkeakoulujen ja elinkeinoel\u00e4m\u00e4n yhteisty\u00f6t\u00e4 korkeakoulutettujen ty\u00f6llistymisess\u00e4 Lapin alueelle. Yksi projektin laajemmista tavoitteista on my\u00f6s edist\u00e4\u00e4 alueellista tasa-arvoa korkeakoulutettujen ty\u00f6tt\u00f6mien ohjaus- ja neuvontapalveluiden saatavuudessa sek\u00e4 edist\u00e4\u00e4 korkeakoulutettujen pitk\u00e4aikais- ja toistuvaisty\u00f6tt\u00f6mien ty\u00f6llistymist\u00e4.<\/p>\n<p>N\u00e4ilt\u00e4 sivuilta l\u00f6yd\u00e4tkin ohjeita ja neuvontaa ty\u00f6nhakuun sek\u00e4 osaamisen t\u00e4ydent\u00e4miseen liittyviin kysymyksiin ja toimenpiteisiin.<\/p>\n<p>[\/et_pb_text][\/et_pb_column][et_pb_column type=&#8221;1_2&#8243;][et_pb_image _builder_version=&#8221;3.0.101&#8243; src=&#8221;https:\/\/blogi.eoppimispalvelut.fi\/raito\/files\/2018\/04\/RAITO-alkukuva-uusimiss\u00e4-logot-paremmin-e1523517243978.jpg&#8221; show_in_lightbox=&#8221;off&#8221; url_new_window=&#8221;off&#8221; use_overlay=&#8221;off&#8221; always_center_on_mobile=&#8221;on&#8221; force_fullwidth=&#8221;off&#8221; show_bottom_space=&#8221;on&#8221; \/][\/et_pb_column][\/et_pb_row][\/et_pb_section]<\/p>\n","protected":false},"excerpt":{"rendered":"<p><div class=\"et_pb_row et_pb_row_0 et_pb_row_empty\">\n\t\t\t\t\n\t\t\t\t\n\t\t\t\t\n\t\t\t\t\n\t\t\t\t\n\t\t\t<\/div> RAITO \u2013 Osuvaa urasuunnittelua korkeakoulutetuille RAITO on Euroopan sosiaalirahaston (ESR) rahoittama projekti, joka toteutetaan Lapin yliopiston ja Lapin ammattikorkeakoulun yhteisty\u00f6n\u00e4 1.1.2016\u201330.6.2019. Projektissa toteutetaan uraohjaus- ja neuvontapalveluita korkeakoulutetuille pitk\u00e4aikais- ja [&hellip;]<\/p>\n","protected":false},"author":2866,"featured_media":0,"parent":0,"menu_order":0,"comment_status":"closed","ping_status":"closed","template":"","meta":{"_et_pb_use_builder":"on","_et_pb_old_content":"","_et_gb_content_width":"","footnotes":""},"class_list":["post-729","page","type-page","status-publish","hentry"],"_links":{"self":[{"href":"https:\/\/blogi.eoppimispalvelut.fi\/raito\/wp-json\/wp\/v2\/pages\/729","targetHints":{"allow":["GET"]}}],"collection":[{"href":"https:\/\/blogi.eoppimispalvelut.fi\/raito\/wp-json\/wp\/v2\/pages"}],"about":[{"href":"https:\/\/blogi.eoppimispalvelut.fi\/raito\/wp-json\/wp\/v2\/types\/page"}],"author":[{"embeddable":true,"href":"https:\/\/blogi.eoppimispalvelut.fi\/raito\/wp-json\/wp\/v2\/users\/2866"}],"replies":[{"embeddable":true,"href":"https:\/\/blogi.eoppimispalvelut.fi\/raito\/wp-json\/wp\/v2\/comments?post=729"}],"version-history":[{"count":5,"href":"https:\/\/blogi.eoppimispalvelut.fi\/raito\/wp-json\/wp\/v2\/pages\/729\/revisions"}],"predecessor-version":[{"id":789,"href":"https:\/\/blogi.eoppimispalvelut.fi\/raito\/wp-json\/wp\/v2\/pages\/729\/revisions\/789"}],"wp:attachment":[{"href":"https:\/\/blogi.eoppimispalvelut.fi\/raito\/wp-json\/wp\/v2\/media?parent=729"}],"curies":[{"name":"wp","href":"https:\/\/api.w.org\/{rel}","templated":true}]}}