{"id":250,"date":"2022-06-03T11:58:46","date_gmt":"2022-06-03T08:58:46","guid":{"rendered":"https:\/\/blogi.eoppimispalvelut.fi\/ravintolapalvelut\/?page_id=250"},"modified":"2022-06-06T11:13:42","modified_gmt":"2022-06-06T08:13:42","slug":"250-2","status":"publish","type":"page","link":"https:\/\/blogi.eoppimispalvelut.fi\/ravintolapalvelut\/","title":{"rendered":""},"content":{"rendered":"[et_pb_section fb_built=&#8221;1&#8243; fullwidth=&#8221;on&#8221; _builder_version=&#8221;4.8.2&#8243; _module_preset=&#8221;default&#8221;][et_pb_fullwidth_image src=&#8221;https:\/\/blogi.eoppimispalvelut.fi\/ravintolapalvelut\/files\/2022\/06\/Na\u0308ytto\u0308kuva-2022-6-3-kello-11.57.54-1280&#215;622.png&#8221; title_text=&#8221;Na\u0308ytto\u0308kuva 2022-6-3 kello 11.57.54&#8243; _builder_version=&#8221;4.8.2&#8243; _module_preset=&#8221;default&#8221; hover_enabled=&#8221;0&#8243; url=&#8221;https:\/\/blogi.eoppimispalvelut.fi\/ravintolapalvelut\/yrittaja-kertoo-video\/&#8221; sticky_enabled=&#8221;0&#8243;][\/et_pb_fullwidth_image][\/et_pb_section][et_pb_section fb_built=&#8221;1&#8243; admin_label=&#8221;section&#8221; _builder_version=&#8221;3.22&#8243;][et_pb_row admin_label=&#8221;row&#8221; _builder_version=&#8221;3.25&#8243; background_size=&#8221;initial&#8221; background_position=&#8221;top_left&#8221; background_repeat=&#8221;repeat&#8221;][et_pb_column type=&#8221;4_4&#8243; _builder_version=&#8221;3.25&#8243; custom_padding=&#8221;|||&#8221; custom_padding__hover=&#8221;|||&#8221;][et_pb_text admin_label=&#8221;Text&#8221; _builder_version=&#8221;4.8.2&#8243; background_size=&#8221;initial&#8221; background_position=&#8221;top_left&#8221; background_repeat=&#8221;repeat&#8221;]<p>\u00a0<\/p>\n<h1 class=\"section-title\" style=\"text-align: center;\"><span class=\"section-title-name\"><a href=\"https:\/\/blogi.eoppimispalvelut.fi\/ravintolapalvelut\/category\/ravintolapalveluiden-turvallisuus\/\">RAVINTOLAPALVELUIDEN TURVALLISUUS<\/a><\/span><\/h1>\n<div class=\"wrapper grid-3\">\n<article id=\"post-27\" class=\"post-27 post type-post status-publish format-standard has-post-thumbnail hentry category-ravintolapalveluiden-turvallisuus in-view\">\n<div class=\"entry-image\"><\/div>\n<\/article>\n<\/div>\n<p><\/p>[\/et_pb_text][\/et_pb_column][\/et_pb_row][et_pb_row column_structure=&#8221;1_3,1_3,1_3&#8243; _builder_version=&#8221;4.8.2&#8243; _module_preset=&#8221;default&#8221;][et_pb_column type=&#8221;1_3&#8243; _builder_version=&#8221;4.8.2&#8243; _module_preset=&#8221;default&#8221;][et_pb_image src=&#8221;https:\/\/blogi.eoppimispalvelut.fi\/ravintolapalvelut\/files\/2014\/10\/Ravintolapalveluissa-sovelletut-lait.jpg&#8221; title_text=&#8221;Ravintolapalveluissa sovelletut lait&#8221; url=&#8221;@ET-DC@eyJkeW5hbWljIjp0cnVlLCJjb250ZW50IjoicG9zdF9saW5rX3VybF9wb3N0Iiwic2V0dGluZ3MiOnsicG9zdF9pZCI6IjI3In19@&#8221; _builder_version=&#8221;4.8.2&#8243; _dynamic_attributes=&#8221;url&#8221; _module_preset=&#8221;default&#8221;][\/et_pb_image][et_pb_text _builder_version=&#8221;4.8.2&#8243; _dynamic_attributes=&#8221;link_option_url&#8221; _module_preset=&#8221;default&#8221; link_option_url=&#8221;@ET-DC@eyJkeW5hbWljIjp0cnVlLCJjb250ZW50IjoicG9zdF9saW5rX3VybF9wb3N0Iiwic2V0dGluZ3MiOnsicG9zdF9pZCI6IjI3In19@&#8221;]<h3 class=\"entry-title\"><a href=\"https:\/\/blogi.eoppimispalvelut.fi\/ravintolapalvelut\/luvat-ja-ilmoitukset\/\" title=\"Permalink to Ravintolapalveluissa sovelletut lait, luvat ja ilmoitukset\" rel=\"bookmark\">Ravintolapalveluissa sovelletut lait, luvat ja ilmoitukset<\/a><\/h3>\n<p>T\u00e4st\u00e4 p\u00e4\u00e4set tutustumaan lakeihin ja niiden asettamiin vaatimuksiin, jotka s\u00e4\u00e4telev\u00e4t ravintolapalvelutoimintaa.<\/p>[\/et_pb_text][\/et_pb_column][et_pb_column type=&#8221;1_3&#8243; _builder_version=&#8221;4.8.2&#8243; _module_preset=&#8221;default&#8221;][et_pb_image src=&#8221;https:\/\/blogi.eoppimispalvelut.fi\/ravintolapalvelut\/files\/2014\/10\/Ravintolapalveluiden-turvallisuusk\u00e4vely-2.jpg&#8221; title_text=&#8221;Ravintolapalveluiden turvallisuusk\u00e4vely&#8221; url=&#8221;@ET-DC@eyJkeW5hbWljIjp0cnVlLCJjb250ZW50IjoicG9zdF9saW5rX3VybF9wb3N0Iiwic2V0dGluZ3MiOnsicG9zdF9pZCI6IjE4In19@&#8221; _builder_version=&#8221;4.8.2&#8243; _dynamic_attributes=&#8221;url&#8221; _module_preset=&#8221;default&#8221;][\/et_pb_image][et_pb_text _builder_version=&#8221;4.8.2&#8243; _dynamic_attributes=&#8221;link_option_url&#8221; _module_preset=&#8221;default&#8221; link_option_url=&#8221;@ET-DC@eyJkeW5hbWljIjp0cnVlLCJjb250ZW50IjoicG9zdF9saW5rX3VybF9wb3N0Iiwic2V0dGluZ3MiOnsicG9zdF9pZCI6IjE4In19@&#8221;]<h3 class=\"entry-title\"><a href=\"https:\/\/blogi.eoppimispalvelut.fi\/ravintolapalvelut\/turvallisuuspanoraama\/\" title=\"Permalink to Turvallisuuspanoraama\" rel=\"bookmark\">Turvallisuuspanoraama<\/a><\/h3>\n<p>Ravintolapalveluiden turvallisuuspanoraamaan on ker\u00e4tty olennaisimpia turvallisuusseikkoja, joihin toiminnassa tulee kiinnitt\u00e4\u00e4 huomiota.<\/p>[\/et_pb_text][\/et_pb_column][et_pb_column type=&#8221;1_3&#8243; _builder_version=&#8221;4.8.2&#8243; _module_preset=&#8221;default&#8221;][et_pb_image src=&#8221;https:\/\/blogi.eoppimispalvelut.fi\/ravintolapalvelut\/files\/2014\/10\/Ravintolapalveluiden-turvallisuusk\u00e4vely.jpg&#8221; title_text=&#8221;Ravintolapalveluiden turvallisuus&#8221; url=&#8221;@ET-DC@eyJkeW5hbWljIjp0cnVlLCJjb250ZW50IjoicG9zdF9saW5rX3VybF9wb3N0Iiwic2V0dGluZ3MiOnsicG9zdF9pZCI6IjE2In19@&#8221; _builder_version=&#8221;4.8.2&#8243; _dynamic_attributes=&#8221;url&#8221; _module_preset=&#8221;default&#8221;][\/et_pb_image][et_pb_text _builder_version=&#8221;4.8.2&#8243; _dynamic_attributes=&#8221;link_option_url&#8221; _module_preset=&#8221;default&#8221; link_option_url=&#8221;@ET-DC@eyJkeW5hbWljIjp0cnVlLCJjb250ZW50IjoicG9zdF9saW5rX3VybF9wb3N0Iiwic2V0dGluZ3MiOnsicG9zdF9pZCI6IjE2In19@&#8221;]<h3 class=\"entry-title\"><a href=\"https:\/\/blogi.eoppimispalvelut.fi\/ravintolapalvelut\/tyokalut\/\" title=\"Permalink to Ty\u00f6kalut\" rel=\"bookmark\">Ty\u00f6kalut<\/a><\/h3>\n<p>Riskienhallinta- ja omavalvontaty\u00f6kalun avulla voidaan kehitt\u00e4\u00e4 ja seurata palvelujen laatua. Tavoitteena on varmistaa henkil\u00f6kunnan ja asiakkaiden turvallisuus.<\/p>[\/et_pb_text][\/et_pb_column][\/et_pb_row][et_pb_row _builder_version=&#8221;4.8.2&#8243; _module_preset=&#8221;default&#8221; border_width_top=&#8221;1px&#8221;][et_pb_column type=&#8221;4_4&#8243; _builder_version=&#8221;4.8.2&#8243; _module_preset=&#8221;default&#8221;][et_pb_image src=&#8221;https:\/\/blogi.eoppimispalvelut.fi\/ravintolapalvelut\/files\/2022\/06\/footer-asettelu.jpeg&#8221; title_text=&#8221;footer-asettelu&#8221; align=&#8221;center&#8221; _builder_version=&#8221;4.8.2&#8243; _module_preset=&#8221;default&#8221;][\/et_pb_image][\/et_pb_column][\/et_pb_row][\/et_pb_section]","protected":false},"excerpt":{"rendered":"<p>\u00a0 RAVINTOLAPALVELUIDEN TURVALLISUUS Ravintolapalveluissa sovelletut lait, luvat ja ilmoitukset T\u00e4st\u00e4 p\u00e4\u00e4set tutustumaan lakeihin ja niiden asettamiin vaatimuksiin, jotka s\u00e4\u00e4telev\u00e4t ravintolapalvelutoimintaa.Turvallisuuspanoraama Ravintolapalveluiden turvallisuuspanoraamaan on ker\u00e4tty olennaisimpia turvallisuusseikkoja, joihin toiminnassa tulee kiinnitt\u00e4\u00e4 huomiota.Ty\u00f6kalut Riskienhallinta- ja omavalvontaty\u00f6kalun avulla voidaan kehitt\u00e4\u00e4 ja seurata palvelujen laatua. Tavoitteena on varmistaa henkil\u00f6kunnan ja asiakkaiden turvallisuus.<\/p>\n","protected":false},"author":31,"featured_media":0,"parent":0,"menu_order":0,"comment_status":"closed","ping_status":"closed","template":"","meta":{"_et_pb_use_builder":"on","_et_pb_old_content":"<!-- wp:paragraph -->\n<p> <\/p>\n<!-- \/wp:paragraph -->","_et_gb_content_width":"","jetpack_post_was_ever_published":false,"footnotes":""},"class_list":["post-250","page","type-page","status-publish","hentry"],"jetpack_sharing_enabled":true,"jetpack_shortlink":"https:\/\/wp.me\/P5SEfy-42","_links":{"self":[{"href":"https:\/\/blogi.eoppimispalvelut.fi\/ravintolapalvelut\/wp-json\/wp\/v2\/pages\/250","targetHints":{"allow":["GET"]}}],"collection":[{"href":"https:\/\/blogi.eoppimispalvelut.fi\/ravintolapalvelut\/wp-json\/wp\/v2\/pages"}],"about":[{"href":"https:\/\/blogi.eoppimispalvelut.fi\/ravintolapalvelut\/wp-json\/wp\/v2\/types\/page"}],"author":[{"embeddable":true,"href":"https:\/\/blogi.eoppimispalvelut.fi\/ravintolapalvelut\/wp-json\/wp\/v2\/users\/31"}],"replies":[{"embeddable":true,"href":"https:\/\/blogi.eoppimispalvelut.fi\/ravintolapalvelut\/wp-json\/wp\/v2\/comments?post=250"}],"version-history":[{"count":11,"href":"https:\/\/blogi.eoppimispalvelut.fi\/ravintolapalvelut\/wp-json\/wp\/v2\/pages\/250\/revisions"}],"predecessor-version":[{"id":280,"href":"https:\/\/blogi.eoppimispalvelut.fi\/ravintolapalvelut\/wp-json\/wp\/v2\/pages\/250\/revisions\/280"}],"wp:attachment":[{"href":"https:\/\/blogi.eoppimispalvelut.fi\/ravintolapalvelut\/wp-json\/wp\/v2\/media?parent=250"}],"curies":[{"name":"wp","href":"https:\/\/api.w.org\/{rel}","templated":true}]}}