{"id":2,"date":"2018-01-25T14:47:57","date_gmt":"2018-01-25T12:47:57","guid":{"rendered":"https:\/\/blogi.eoppimispalvelut.fi\/reittimerkit\/?page_id=2"},"modified":"2018-08-29T08:24:12","modified_gmt":"2018-08-29T05:24:12","slug":"esimerkkisivu","status":"publish","type":"page","link":"https:\/\/blogi.eoppimispalvelut.fi\/reittimerkit\/","title":{"rendered":""},"content":{"rendered":"<h1>Reittimerkinn\u00e4t laadun merkkin\u00e4<\/h1>\n<p>Hyv\u00e4t maastoreittimerkinn\u00e4t ovat reitin k\u00e4ytt\u00e4jille selke\u00e4t, yhtenev\u00e4iset eri alueilla, ja reitin yll\u00e4pit\u00e4jille kustannustehokkaat. Merkinn\u00e4t palvelevat niin kotimaisia kuin kansainv\u00e4lisi\u00e4kin matkailijoita kaikkina vuodenaikoina eri reittityypeill\u00e4, monik\u00e4ytt\u00f6reitell\u00e4 ja reittien risteyskohdissa. Ennen kaikkea ne ovat turvallisuustekij\u00e4. Kuinka toteuttaa hyv\u00e4t maastoreittimerkinn\u00e4t omalle alueelle?<\/p>\n<p>Sivustoltamme l\u00f6yd\u00e4t tietoa maastoreittien suunnittelun ja yll\u00e4pit\u00e4misen tueksi. Reittimerkint\u00e4ohjeistuksen toimivuutta on <a href=\"https:\/\/blogi.eoppimispalvelut.fi\/reittimerkit\/2018\/05\/07\/yllas-pilotti\/\">kokeiltu Yll\u00e4ksen alueen haastavissa olosuhteissa<\/a> ymp\u00e4rivuotisilla reiteill\u00e4. Alueella on kokeiltu my\u00f6s <a href=\"https:\/\/blogi.eoppimispalvelut.fi\/reittimerkit\/2018\/02\/26\/pelastus-ja-paikannusmerkki\/\">uutta pelastus- ja paikannusmerkki\u00e4<\/a>. Sivustolta l\u00f6ytyy tietoa lis\u00e4ksi reittien perustamisesta.<\/p>\n<h2>Reittimerkint\u00f6jen taustalla on laaja verkosto<\/h2>\n<p>Oheisessa kuviossa esitell\u00e4\u00e4n reittimerkint\u00f6ihin liittyvi\u00e4 lukuisia yhteisty\u00f6tahoja rooleineen ja vastuineen. Kuvion oikealla puolella ovat ne tahot, joiden toiminnan vaikutusalue kattaa koko maan, ja vasemmalla puolella ne, jotka toimivat paikallisesti.<\/p>\n<p><img loading=\"lazy\" decoding=\"async\" class=\"alignnone wp-image-621 size-full\" src=\"https:\/\/blogi.eoppimispalvelut.fi\/reittimerkit\/files\/2018\/08\/verkosto2.png\" alt=\"\" width=\"1033\" height=\"745\" srcset=\"https:\/\/blogi.eoppimispalvelut.fi\/reittimerkit\/files\/2018\/08\/verkosto2.png 1033w, https:\/\/blogi.eoppimispalvelut.fi\/reittimerkit\/files\/2018\/08\/verkosto2-600x433.png 600w, https:\/\/blogi.eoppimispalvelut.fi\/reittimerkit\/files\/2018\/08\/verkosto2-768x554.png 768w\" sizes=\"auto, (max-width: 1033px) 100vw, 1033px\" \/><\/p>\n","protected":false},"excerpt":{"rendered":"<p>Reittimerkinn\u00e4t laadun merkkin\u00e4 Hyv\u00e4t maastoreittimerkinn\u00e4t ovat reitin k\u00e4ytt\u00e4jille selke\u00e4t, yhtenev\u00e4iset eri alueilla, ja reitin yll\u00e4pit\u00e4jille kustannustehokkaat. Merkinn\u00e4t palvelevat niin kotimaisia kuin kansainv\u00e4lisi\u00e4kin matkailijoita kaikkina vuodenaikoina eri reittityypeill\u00e4, monik\u00e4ytt\u00f6reitell\u00e4 ja reittien risteyskohdissa. Ennen kaikkea ne ovat turvallisuustekij\u00e4. Kuinka toteuttaa hyv\u00e4t maastoreittimerkinn\u00e4t &hellip; <a href=\"https:\/\/blogi.eoppimispalvelut.fi\/reittimerkit\/\">Continue reading <span class=\"meta-nav\">&rarr;<\/span><\/a><\/p>\n","protected":false},"author":31,"featured_media":0,"parent":0,"menu_order":0,"comment_status":"closed","ping_status":"closed","template":"","meta":{"footnotes":""},"class_list":["post-2","page","type-page","status-publish","hentry"],"_links":{"self":[{"href":"https:\/\/blogi.eoppimispalvelut.fi\/reittimerkit\/wp-json\/wp\/v2\/pages\/2","targetHints":{"allow":["GET"]}}],"collection":[{"href":"https:\/\/blogi.eoppimispalvelut.fi\/reittimerkit\/wp-json\/wp\/v2\/pages"}],"about":[{"href":"https:\/\/blogi.eoppimispalvelut.fi\/reittimerkit\/wp-json\/wp\/v2\/types\/page"}],"author":[{"embeddable":true,"href":"https:\/\/blogi.eoppimispalvelut.fi\/reittimerkit\/wp-json\/wp\/v2\/users\/31"}],"replies":[{"embeddable":true,"href":"https:\/\/blogi.eoppimispalvelut.fi\/reittimerkit\/wp-json\/wp\/v2\/comments?post=2"}],"version-history":[{"count":42,"href":"https:\/\/blogi.eoppimispalvelut.fi\/reittimerkit\/wp-json\/wp\/v2\/pages\/2\/revisions"}],"predecessor-version":[{"id":685,"href":"https:\/\/blogi.eoppimispalvelut.fi\/reittimerkit\/wp-json\/wp\/v2\/pages\/2\/revisions\/685"}],"wp:attachment":[{"href":"https:\/\/blogi.eoppimispalvelut.fi\/reittimerkit\/wp-json\/wp\/v2\/media?parent=2"}],"curies":[{"name":"wp","href":"https:\/\/api.w.org\/{rel}","templated":true}]}}