{"id":2,"date":"2019-02-13T13:39:35","date_gmt":"2019-02-13T11:39:35","guid":{"rendered":"https:\/\/blogi.eoppimispalvelut.fi\/restartup\/?page_id=2"},"modified":"2020-12-15T11:56:19","modified_gmt":"2020-12-15T09:56:19","slug":"esimerkkisivu","status":"publish","type":"page","link":"https:\/\/blogi.eoppimispalvelut.fi\/restartup\/","title":{"rendered":"Etusivu"},"content":{"rendered":"<p>Tervetuloa lappilaiselle omistajanvaihdospolulle!<\/p>\n<p>Toimivan yrityksen ostaja p\u00e4\u00e4see usein nopeammin tulovirtaan kiinni kuin uuden yrityksen perustaja. Tilastojen mukaan ostaminen kannattaa. Ent\u00e4 myynti?<\/p>\n<p>On hyv\u00e4 alkaa valmistelemaan yrityst\u00e4 myyntikuntoon ajoissa, jotta siit\u00e4 saa parhaan tulon. Kotisivuiltamme l\u00f6yd\u00e4t yleist\u00e4 tietoa omistajanvaihdoksesta sek\u00e4 keskeisimpien lappilaisten toimijoiden linkit ja vinkit.<\/p>\n<p>[embedyt]https:\/\/www.youtube.com\/watch?v=c_tZ5r650VQ&amp;feature=youtu.be&amp;fbclid=IwAR3EcWTTn6ayHbYdYM7NL9bH7kQvOG1LcnYXvdYEfYhyDqywbow-A-Eygjw[\/embedyt]<\/p>\n","protected":false},"excerpt":{"rendered":"<p>Tervetuloa lappilaiselle omistajanvaihdospolulle! Toimivan yrityksen ostaja p\u00e4\u00e4see usein nopeammin tulovirtaan kiinni kuin uuden yrityksen perustaja. Tilastojen mukaan ostaminen kannattaa. Ent\u00e4 myynti? On hyv\u00e4 alkaa valmistelemaan yrityst\u00e4 myyntikuntoon ajoissa, jotta siit\u00e4 saa parhaan tulon. Kotisivuiltamme l\u00f6yd\u00e4t yleist\u00e4 tietoa omistajanvaihdoksesta sek\u00e4 keskeisimpien lappilaisten toimijoiden linkit ja vinkit. [embedyt]https:\/\/www.youtube.com\/watch?v=c_tZ5r650VQ&amp;feature=youtu.be&amp;fbclid=IwAR3EcWTTn6ayHbYdYM7NL9bH7kQvOG1LcnYXvdYEfYhyDqywbow-A-Eygjw[\/embedyt]<\/p>\n","protected":false},"author":31,"featured_media":0,"parent":0,"menu_order":0,"comment_status":"closed","ping_status":"open","template":"","meta":{"footnotes":""},"class_list":["post-2","page","type-page","status-publish","hentry","nodate","item-wrap"],"_links":{"self":[{"href":"https:\/\/blogi.eoppimispalvelut.fi\/restartup\/wp-json\/wp\/v2\/pages\/2","targetHints":{"allow":["GET"]}}],"collection":[{"href":"https:\/\/blogi.eoppimispalvelut.fi\/restartup\/wp-json\/wp\/v2\/pages"}],"about":[{"href":"https:\/\/blogi.eoppimispalvelut.fi\/restartup\/wp-json\/wp\/v2\/types\/page"}],"author":[{"embeddable":true,"href":"https:\/\/blogi.eoppimispalvelut.fi\/restartup\/wp-json\/wp\/v2\/users\/31"}],"replies":[{"embeddable":true,"href":"https:\/\/blogi.eoppimispalvelut.fi\/restartup\/wp-json\/wp\/v2\/comments?post=2"}],"version-history":[{"count":19,"href":"https:\/\/blogi.eoppimispalvelut.fi\/restartup\/wp-json\/wp\/v2\/pages\/2\/revisions"}],"predecessor-version":[{"id":646,"href":"https:\/\/blogi.eoppimispalvelut.fi\/restartup\/wp-json\/wp\/v2\/pages\/2\/revisions\/646"}],"wp:attachment":[{"href":"https:\/\/blogi.eoppimispalvelut.fi\/restartup\/wp-json\/wp\/v2\/media?parent=2"}],"curies":[{"name":"wp","href":"https:\/\/api.w.org\/{rel}","templated":true}]}}