{"id":240,"date":"2019-10-04T12:18:34","date_gmt":"2019-10-04T09:18:34","guid":{"rendered":"https:\/\/blogi.eoppimispalvelut.fi\/restartup\/?page_id=240"},"modified":"2019-11-18T09:38:18","modified_gmt":"2019-11-18T07:38:18","slug":"240-2","status":"publish","type":"page","link":"https:\/\/blogi.eoppimispalvelut.fi\/restartup\/alueidentoimijat\/240-2\/","title":{"rendered":"Rovaniemi"},"content":{"rendered":"<p>15.11.2019 Rovaniemi organisoi yrityspalvelut uudelleen<\/p>\n<p>Rovaniemen kaupunki ottaa hoitaakseen Rovaniemen Kehitys Oy:lt\u00e4 t\u00e4h\u00e4n asti ostetut yrityspalvelut 1.1.2020 alkaen.\u00a0 Jatkossa kaupunki hoitaa neuvonnasta, toimintaymp\u00e4rist\u00f6n kehitt\u00e4misest\u00e4 ja elinvoiman markkinointiviestinn\u00e4st\u00e4. Yritystoiminnan tueksi valmistellaan my\u00f6s yrityspalvelusetelin k\u00e4ytt\u00f6\u00f6nottoa.<\/p>\n<p>Lis\u00e4tietoja: <a href=\"https:\/\/www.epressi.com\/tiedotteet\/kaupungit-ja-kunnat\/rovaniemella-valmistellaan-kehitysyhtion-toiminnan-siirtamista-ja-yrityspalvelusetelin-kayttoonottoa.html\">ePressi\/Rovaniemen kaupunki<\/a><\/p>\n<h4><img loading=\"lazy\" decoding=\"async\" class=\"alignleft size-medium wp-image-242\" src=\"https:\/\/blogi.eoppimispalvelut.fi\/restartup\/files\/2019\/10\/matti-300x180.jpg\" alt=\"\" width=\"300\" height=\"180\" srcset=\"https:\/\/blogi.eoppimispalvelut.fi\/restartup\/files\/2019\/10\/matti-300x180.jpg 300w, https:\/\/blogi.eoppimispalvelut.fi\/restartup\/files\/2019\/10\/matti-768x461.jpg 768w, https:\/\/blogi.eoppimispalvelut.fi\/restartup\/files\/2019\/10\/matti-1024x614.jpg 1024w, https:\/\/blogi.eoppimispalvelut.fi\/restartup\/files\/2019\/10\/matti.jpg 1600w\" sizes=\"auto, (max-width: 300px) 100vw, 300px\" \/><\/h4>\n<h4><\/h4>\n<h4><strong>Rovaniemen Kehitys Oy<\/strong><\/h4>\n<p>4.10.2019 Rovaniemell\u00e4 yrityspalvelut toteuttaa kaupungin kehitysyhti\u00f6 Rovaniemen kehitys Oy ja siell\u00e4 tarkemmin yritysneuvoja Matti Impi\u00f6. Vuoden vaihteessa 2019-2020 palveluja organisoidaan uudestaan.<\/p>\n<p>Matti Impi\u00f6n mukaan palvelut painottuvat ostajan puolelle luontevasti. Helppoja tapauksia yrityskaupoissa ovat ne, joissa ostaja on l\u00e4helt\u00e4 eli esimerkiksi ty\u00f6ntekij\u00e4. N\u00e4iss\u00e4 tapauksissa perustiedot on jo hallussa ja monesti kehitysajatuksiakin syntynyt.<\/p>\n<p>&#8220;Autamme tilinp\u00e4\u00e4t\u00f6sten tarkastelussa, oikaisussa ja yrityksen perustemiseen liittyviss\u00e4 asioissa. Teemme my\u00f6s kannattavuuslaskelmia, joilla testataan hintapyynt\u00f6\u00e4, riskitasot ja tied\u00e4mme melko tarkkaan rahoittajan riskinottohalukkuuden&#8221;, kertaa Matti Impi\u00f6 ostajalle hyvi\u00e4 palveluita.<\/p>\n<p>Rovaniemen kehitys Oy:n kautta kukee noin 50 omistajanvaihdosehdokasta vuositasolla ja n\u00e4ist\u00e4 karkeasti 10% p\u00e4\u00e4tyy kauppaan.<\/p>\n<p>Ostettavan yrityksen ostaja l\u00f6yt\u00e4\u00e4 yleens\u00e4 tuurilla.\u00a0 Ostajaehdokkaalle t\u00e4ysin oudot yritykset ovat kaikista haastavimpia tapauksia.<\/p>\n<p>&#8220;Me annamme neuvontaa ja apua myyj\u00e4lle, mutta toivoisin, ett\u00e4 kaupallisilla toimijoilla olisi yrityksen myyntiin ja myyntikuntoon laittamiseen maksullisia palveluita. Niit\u00e4 ei Rovaniemell\u00e4 ole ainakaan paketoitu&#8221;, harmittelee Matti Impi\u00f6.<\/p>\n<p>Yleinen ilmi\u00f6 ostajaehdokkaiden kohdalla taas on se, ettei ostajalla ole realistista k\u00e4sityst\u00e4 pyyntihinnasta ja toisaalta omarahoitusosuuden suuruudesta ei ole kummoistakaan k\u00e4sityst\u00e4.<\/p>\n<p>&nbsp;<\/p>\n","protected":false},"excerpt":{"rendered":"<p>15.11.2019 Rovaniemi organisoi yrityspalvelut uudelleen Rovaniemen kaupunki ottaa hoitaakseen Rovaniemen Kehitys Oy:lt\u00e4 t\u00e4h\u00e4n asti ostetut yrityspalvelut 1.1.2020 alkaen.\u00a0 Jatkossa kaupunki hoitaa neuvonnasta, toimintaymp\u00e4rist\u00f6n kehitt\u00e4misest\u00e4 ja elinvoiman markkinointiviestinn\u00e4st\u00e4. Yritystoiminnan tueksi valmistellaan my\u00f6s yrityspalvelusetelin k\u00e4ytt\u00f6\u00f6nottoa. Lis\u00e4tietoja: ePressi\/Rovaniemen kaupunki Rovaniemen Kehitys Oy 4.10.2019 Rovaniemell\u00e4 yrityspalvelut toteuttaa kaupungin kehitysyhti\u00f6 Rovaniemen kehitys Oy ja siell\u00e4 tarkemmin yritysneuvoja Matti Impi\u00f6. Vuoden &hellip; <\/p>\n<p><a class=\"more-link btn\" href=\"https:\/\/blogi.eoppimispalvelut.fi\/restartup\/alueidentoimijat\/240-2\/\">Jatka lukemista<\/a><\/p>\n","protected":false},"author":3775,"featured_media":0,"parent":40,"menu_order":0,"comment_status":"closed","ping_status":"closed","template":"","meta":{"footnotes":""},"class_list":["post-240","page","type-page","status-publish","hentry","nodate","item-wrap"],"_links":{"self":[{"href":"https:\/\/blogi.eoppimispalvelut.fi\/restartup\/wp-json\/wp\/v2\/pages\/240","targetHints":{"allow":["GET"]}}],"collection":[{"href":"https:\/\/blogi.eoppimispalvelut.fi\/restartup\/wp-json\/wp\/v2\/pages"}],"about":[{"href":"https:\/\/blogi.eoppimispalvelut.fi\/restartup\/wp-json\/wp\/v2\/types\/page"}],"author":[{"embeddable":true,"href":"https:\/\/blogi.eoppimispalvelut.fi\/restartup\/wp-json\/wp\/v2\/users\/3775"}],"replies":[{"embeddable":true,"href":"https:\/\/blogi.eoppimispalvelut.fi\/restartup\/wp-json\/wp\/v2\/comments?post=240"}],"version-history":[{"count":9,"href":"https:\/\/blogi.eoppimispalvelut.fi\/restartup\/wp-json\/wp\/v2\/pages\/240\/revisions"}],"predecessor-version":[{"id":412,"href":"https:\/\/blogi.eoppimispalvelut.fi\/restartup\/wp-json\/wp\/v2\/pages\/240\/revisions\/412"}],"up":[{"embeddable":true,"href":"https:\/\/blogi.eoppimispalvelut.fi\/restartup\/wp-json\/wp\/v2\/pages\/40"}],"wp:attachment":[{"href":"https:\/\/blogi.eoppimispalvelut.fi\/restartup\/wp-json\/wp\/v2\/media?parent=240"}],"curies":[{"name":"wp","href":"https:\/\/api.w.org\/{rel}","templated":true}]}}