{"id":295,"date":"2019-10-09T09:22:51","date_gmt":"2019-10-09T06:22:51","guid":{"rendered":"https:\/\/blogi.eoppimispalvelut.fi\/restartup\/?page_id=295"},"modified":"2020-08-11T10:29:14","modified_gmt":"2020-08-11T07:29:14","slug":"restartup-webinaarit","status":"publish","type":"page","link":"https:\/\/blogi.eoppimispalvelut.fi\/restartup\/yrityksen-myynti\/restartup-webinaarit\/","title":{"rendered":"ReStartup-webinaarit"},"content":{"rendered":"<p><img loading=\"lazy\" decoding=\"async\" class=\"alignleft wp-image-301 size-medium\" src=\"https:\/\/blogi.eoppimispalvelut.fi\/restartup\/files\/2019\/10\/webinaarit-300x291.png\" alt=\"\" width=\"300\" height=\"291\" \/>ReStartUp hanke j\u00e4rjest\u00e4\u00e4 yrityksen ostoon ja myyntiin liittyvi\u00e4 koulutuksia. Koulutukset ovat osallistujille ilmaisia. Koulutuksiin voi osallistua paikan p\u00e4\u00e4ll\u00e4 tai internetin v\u00e4lityksell\u00e4.<\/p>\n<p>Koulutuksissa k\u00e4yd\u00e4\u00e4n l\u00e4pi mm rahoitusta, eri rahoitusl\u00e4hteit\u00e4 ja yrityskaupan prosesseja useasta eri n\u00e4k\u00f6kulmasta.<\/p>\n<p>Tallenteet koulutuksista l\u00f6ytyv\u00e4t t\u00e4\u00e4lt\u00e4.<\/p>\n<p>&nbsp;<\/p>\n<p>&nbsp;<\/p>\n<p>&nbsp;<\/p>\n<p>&nbsp;<\/p>\n<p><a style=\"color: #9538c5\" href=\"https:\/\/www.youtube.com\/watch?v=YjFAjaN_aFw\" target=\"_blank\" rel=\"noopener noreferrer\"><img loading=\"lazy\" decoding=\"async\" class=\"wp-image-213 alignleft\" style=\"border: 1px solid #000000\" src=\"https:\/\/blogi.eoppimispalvelut.fi\/restartup\/files\/2019\/10\/omistajanvaihdos-300x168.jpg\" alt=\"\" width=\"191\" height=\"107\" srcset=\"https:\/\/blogi.eoppimispalvelut.fi\/restartup\/files\/2019\/10\/omistajanvaihdos-300x168.jpg 300w, https:\/\/blogi.eoppimispalvelut.fi\/restartup\/files\/2019\/10\/omistajanvaihdos.jpg 336w\" sizes=\"auto, (max-width: 191px) 100vw, 191px\" \/><\/a><\/p>\n<p>Mit\u00e4 huomioitava yrityksen myynniss\u00e4? Esitys keskittyy yrityskaupan ns koviin ominaispiirteisiin eli se keskittyy myynnin juridisiin puoliin. Asiaa valottaa Lapin yliopiston <strong>Jyrki Paukku<\/strong>.<\/p>\n<p>&nbsp;<\/p>\n<p>&nbsp;<\/p>\n<p><a href=\"https:\/\/www.youtube.com\/watch?v=PokWOrh7-dM\" target=\"_blank\" rel=\"noopener noreferrer\"><img loading=\"lazy\" decoding=\"async\" class=\"alignleft wp-image-215\" style=\"border: 1px solid #000000\" src=\"https:\/\/blogi.eoppimispalvelut.fi\/restartup\/files\/2019\/10\/digitaalinenkehitt\u00e4minen-300x168.jpg\" alt=\"\" width=\"191\" height=\"107\" srcset=\"https:\/\/blogi.eoppimispalvelut.fi\/restartup\/files\/2019\/10\/digitaalinenkehitt\u00e4minen-300x168.jpg 300w, https:\/\/blogi.eoppimispalvelut.fi\/restartup\/files\/2019\/10\/digitaalinenkehitt\u00e4minen.jpg 336w\" sizes=\"auto, (max-width: 191px) 100vw, 191px\" \/><\/a><\/p>\n<p><strong>Tuomo Lindholm<\/strong> Lapin ammattikorkeakoulusta\u00a0 kertoo, miten yrityksen digitaalisuutta voidaan l\u00e4hte\u00e4 kehitt\u00e4m\u00e4\u00e4n. Pohjana on Business Model Canvas, jonka avulla voi tehd\u00e4 n\u00e4kyv\u00e4ksi liiketoimintamallin, ja mietti\u00e4, mit\u00e4 osia voidaan l\u00e4hte\u00e4 kehitt\u00e4m\u00e4\u00e4n.<\/p>\n<p>&nbsp;<\/p>\n<p><a href=\"https:\/\/www.youtube.com\/watch?v=HESjrmpqc80\" target=\"_blank\" rel=\"noopener noreferrer\"><img loading=\"lazy\" decoding=\"async\" class=\"alignleft wp-image-317\" src=\"https:\/\/blogi.eoppimispalvelut.fi\/restartup\/files\/2019\/10\/finvera-300x167.jpg\" alt=\"\" width=\"192\" height=\"107\" srcset=\"https:\/\/blogi.eoppimispalvelut.fi\/restartup\/files\/2019\/10\/finvera-300x167.jpg 300w, https:\/\/blogi.eoppimispalvelut.fi\/restartup\/files\/2019\/10\/finvera.jpg 336w\" sizes=\"auto, (max-width: 192px) 100vw, 192px\" \/><\/a><\/p>\n<p><strong>Risto Koskiniemi<\/strong> Finverasta kertoo yrityksen elinkaareen liittyvist\u00e4 rahoitustarpeista ja ratkaisuista, joita Finvera voi tarjota.<\/p>\n<p>&nbsp;<\/p>\n<p>&nbsp;<\/p>\n<p><a href=\"https:\/\/www.youtube.com\/watch?v=Z3OKtvoL2NA\" target=\"_blank\" rel=\"noopener noreferrer\"><img loading=\"lazy\" decoding=\"async\" class=\"alignleft wp-image-217\" style=\"border: 1px solid #000000\" src=\"https:\/\/blogi.eoppimispalvelut.fi\/restartup\/files\/2019\/10\/prosessi1-300x168.jpg\" alt=\"\" width=\"191\" height=\"107\" srcset=\"https:\/\/blogi.eoppimispalvelut.fi\/restartup\/files\/2019\/10\/prosessi1-300x168.jpg 300w, https:\/\/blogi.eoppimispalvelut.fi\/restartup\/files\/2019\/10\/prosessi1.jpg 336w\" sizes=\"auto, (max-width: 191px) 100vw, 191px\" \/><\/a> Yrityskauppaprosessit, osa 1:  Suomen Yrityskaupat Oy ja yritysv\u00e4litt\u00e4j\u00e4 <strong>Juha Hotti<\/strong> kertoo useita syit\u00e4, miksi yrityksen ostaminenen on turvallisempaa kuin uuden yrityksen perustaminen.<\/p>\n<p>&nbsp;<br \/>\n&nbsp;<\/p>\n<p><a href=\"https:\/\/www.youtube.com\/watch?v=Z3OKtvoL2NA\" target=\"_blank\" rel=\"noopener noreferrer\"><img loading=\"lazy\" decoding=\"async\" class=\"alignleft wp-image-218\" style=\"border: 1px solid #000000\" src=\"https:\/\/blogi.eoppimispalvelut.fi\/restartup\/files\/2019\/10\/prosessi2-300x168.jpg\" alt=\"\" width=\"191\" height=\"107\" srcset=\"https:\/\/blogi.eoppimispalvelut.fi\/restartup\/files\/2019\/10\/prosessi2-300x168.jpg 300w, https:\/\/blogi.eoppimispalvelut.fi\/restartup\/files\/2019\/10\/prosessi2.jpg 336w\" sizes=\"auto, (max-width: 191px) 100vw, 191px\" \/><\/a>Yrityskauppaprosessit, osa 2<strong>: Juha Hotti<\/strong> Suomen Yrityskaupat Oy:st\u00e4 hahmottaa yrityskauppaan liittyv\u00e4\u00e4 prosessia. Sek\u00e4 ostajan ja myyj\u00e4n polku vaihteleva ja monivaiheinen.<\/p>\n<p>&nbsp;<\/p>\n<p><code><\/code><\/p>\n","protected":false},"excerpt":{"rendered":"<p>ReStartUp hanke j\u00e4rjest\u00e4\u00e4 yrityksen ostoon ja myyntiin liittyvi\u00e4 koulutuksia. Koulutukset ovat osallistujille ilmaisia. Koulutuksiin voi osallistua paikan p\u00e4\u00e4ll\u00e4 tai internetin v\u00e4lityksell\u00e4. Koulutuksissa k\u00e4yd\u00e4\u00e4n l\u00e4pi mm rahoitusta, eri rahoitusl\u00e4hteit\u00e4 ja yrityskaupan prosesseja useasta eri n\u00e4k\u00f6kulmasta. Tallenteet koulutuksista l\u00f6ytyv\u00e4t t\u00e4\u00e4lt\u00e4. &nbsp; &nbsp; &nbsp; &nbsp; Mit\u00e4 huomioitava yrityksen myynniss\u00e4? Esitys keskittyy yrityskaupan ns koviin ominaispiirteisiin eli se keskittyy &hellip; <\/p>\n<p><a class=\"more-link btn\" href=\"https:\/\/blogi.eoppimispalvelut.fi\/restartup\/yrityksen-myynti\/restartup-webinaarit\/\">Jatka lukemista<\/a><\/p>\n","protected":false},"author":3775,"featured_media":0,"parent":38,"menu_order":0,"comment_status":"closed","ping_status":"closed","template":"","meta":{"footnotes":""},"class_list":["post-295","page","type-page","status-publish","hentry","nodate","item-wrap"],"_links":{"self":[{"href":"https:\/\/blogi.eoppimispalvelut.fi\/restartup\/wp-json\/wp\/v2\/pages\/295","targetHints":{"allow":["GET"]}}],"collection":[{"href":"https:\/\/blogi.eoppimispalvelut.fi\/restartup\/wp-json\/wp\/v2\/pages"}],"about":[{"href":"https:\/\/blogi.eoppimispalvelut.fi\/restartup\/wp-json\/wp\/v2\/types\/page"}],"author":[{"embeddable":true,"href":"https:\/\/blogi.eoppimispalvelut.fi\/restartup\/wp-json\/wp\/v2\/users\/3775"}],"replies":[{"embeddable":true,"href":"https:\/\/blogi.eoppimispalvelut.fi\/restartup\/wp-json\/wp\/v2\/comments?post=295"}],"version-history":[{"count":20,"href":"https:\/\/blogi.eoppimispalvelut.fi\/restartup\/wp-json\/wp\/v2\/pages\/295\/revisions"}],"predecessor-version":[{"id":511,"href":"https:\/\/blogi.eoppimispalvelut.fi\/restartup\/wp-json\/wp\/v2\/pages\/295\/revisions\/511"}],"up":[{"embeddable":true,"href":"https:\/\/blogi.eoppimispalvelut.fi\/restartup\/wp-json\/wp\/v2\/pages\/38"}],"wp:attachment":[{"href":"https:\/\/blogi.eoppimispalvelut.fi\/restartup\/wp-json\/wp\/v2\/media?parent=295"}],"curies":[{"name":"wp","href":"https:\/\/api.w.org\/{rel}","templated":true}]}}