{"id":326,"date":"2019-10-09T13:43:02","date_gmt":"2019-10-09T10:43:02","guid":{"rendered":"https:\/\/blogi.eoppimispalvelut.fi\/restartup\/?page_id=326"},"modified":"2019-10-09T14:17:27","modified_gmt":"2019-10-09T11:17:27","slug":"restartup-webinaarit","status":"publish","type":"page","link":"https:\/\/blogi.eoppimispalvelut.fi\/restartup\/yrityksen-osto\/restartup-webinaarit\/","title":{"rendered":"Restartup webinaarit ostajalle"},"content":{"rendered":"<p><img loading=\"lazy\" decoding=\"async\" class=\"alignleft size-medium wp-image-335\" src=\"https:\/\/blogi.eoppimispalvelut.fi\/restartup\/files\/2019\/10\/ostowebinaari-300x292.png\" alt=\"\" width=\"300\" height=\"292\" srcset=\"https:\/\/blogi.eoppimispalvelut.fi\/restartup\/files\/2019\/10\/ostowebinaari-300x292.png 300w, https:\/\/blogi.eoppimispalvelut.fi\/restartup\/files\/2019\/10\/ostowebinaari.png 380w\" sizes=\"auto, (max-width: 300px) 100vw, 300px\" \/><\/p>\n<p>&nbsp;<\/p>\n<p>&#8220;Yrityksen ostaminen on yksi fiksu tapa ryhty\u00e4 yritt\u00e4j\u00e4ksi. Saat monta asiaa valmiina, ja sinun on helpompi tehd\u00e4 kehityssuunnitelmia olemassa olevan pohjalle. Me tarjoamme yritysj\u00e4rjestelyiss\u00e4 lainoja ja takauksia kauppahinnan maksamiseen, investointeihin tai k\u00e4ytt\u00f6p\u00e4\u00e4omaan.&#8221;<\/p>\n<h6>https:\/\/www.finnvera.fi\/alku\/yrityksen-tai-liiketoiminnan-ostaminen<\/h6>\n<p>&nbsp;<\/p>\n<p>&nbsp;<\/p>\n<p>&nbsp;<\/p>\n<p><strong>R<a href=\"https:\/\/www.youtube.com\/watch?v=HESjrmpqc80\" target=\"_blank\" rel=\"noopener noreferrer\"><img loading=\"lazy\" decoding=\"async\" class=\"size-full wp-image-320 alignleft\" src=\"https:\/\/blogi.eoppimispalvelut.fi\/restartup\/files\/2019\/10\/ostaja1.jpg\" alt=\"\" width=\"250\" height=\"140\" \/><\/a>isto Koskiniemi<\/strong> Finverasta k\u00e4y l\u00e4pi yrityskauppojan rahoitusta molemmista n\u00e4k\u00f6kulmista. Ostamalla toimivan yrityksen saat valmiina jo paljon hyv\u00e4\u00e4. Jos yritt\u00e4j\u00e4 on huolehtinut yrityksen arvon ja elinvoiman s\u00e4ilymisest\u00e4, on osto hyv\u00e4 sijoitus.<\/p>\n","protected":false},"excerpt":{"rendered":"<p>&nbsp; &#8220;Yrityksen ostaminen on yksi fiksu tapa ryhty\u00e4 yritt\u00e4j\u00e4ksi. Saat monta asiaa valmiina, ja sinun on helpompi tehd\u00e4 kehityssuunnitelmia olemassa olevan pohjalle. Me tarjoamme yritysj\u00e4rjestelyiss\u00e4 lainoja ja takauksia kauppahinnan maksamiseen, investointeihin tai k\u00e4ytt\u00f6p\u00e4\u00e4omaan.&#8221; https:\/\/www.finnvera.fi\/alku\/yrityksen-tai-liiketoiminnan-ostaminen &nbsp; &nbsp; &nbsp; Risto Koskiniemi Finverasta k\u00e4y l\u00e4pi yrityskauppojan rahoitusta molemmista n\u00e4k\u00f6kulmista. Ostamalla toimivan yrityksen saat valmiina jo paljon hyv\u00e4\u00e4. Jos &hellip; <\/p>\n<p><a class=\"more-link btn\" href=\"https:\/\/blogi.eoppimispalvelut.fi\/restartup\/yrityksen-osto\/restartup-webinaarit\/\">Jatka lukemista<\/a><\/p>\n","protected":false},"author":3775,"featured_media":0,"parent":39,"menu_order":0,"comment_status":"closed","ping_status":"closed","template":"","meta":{"footnotes":""},"class_list":["post-326","page","type-page","status-publish","hentry","nodate","item-wrap"],"_links":{"self":[{"href":"https:\/\/blogi.eoppimispalvelut.fi\/restartup\/wp-json\/wp\/v2\/pages\/326","targetHints":{"allow":["GET"]}}],"collection":[{"href":"https:\/\/blogi.eoppimispalvelut.fi\/restartup\/wp-json\/wp\/v2\/pages"}],"about":[{"href":"https:\/\/blogi.eoppimispalvelut.fi\/restartup\/wp-json\/wp\/v2\/types\/page"}],"author":[{"embeddable":true,"href":"https:\/\/blogi.eoppimispalvelut.fi\/restartup\/wp-json\/wp\/v2\/users\/3775"}],"replies":[{"embeddable":true,"href":"https:\/\/blogi.eoppimispalvelut.fi\/restartup\/wp-json\/wp\/v2\/comments?post=326"}],"version-history":[{"count":5,"href":"https:\/\/blogi.eoppimispalvelut.fi\/restartup\/wp-json\/wp\/v2\/pages\/326\/revisions"}],"predecessor-version":[{"id":337,"href":"https:\/\/blogi.eoppimispalvelut.fi\/restartup\/wp-json\/wp\/v2\/pages\/326\/revisions\/337"}],"up":[{"embeddable":true,"href":"https:\/\/blogi.eoppimispalvelut.fi\/restartup\/wp-json\/wp\/v2\/pages\/39"}],"wp:attachment":[{"href":"https:\/\/blogi.eoppimispalvelut.fi\/restartup\/wp-json\/wp\/v2\/media?parent=326"}],"curies":[{"name":"wp","href":"https:\/\/api.w.org\/{rel}","templated":true}]}}