{"id":40,"date":"2019-05-13T13:20:03","date_gmt":"2019-05-13T10:20:03","guid":{"rendered":"https:\/\/blogi.eoppimispalvelut.fi\/restartup\/?page_id=40"},"modified":"2020-12-15T11:24:46","modified_gmt":"2020-12-15T09:24:46","slug":"alueidentoimijat","status":"publish","type":"page","link":"https:\/\/blogi.eoppimispalvelut.fi\/restartup\/alueidentoimijat\/","title":{"rendered":"Alueiden toimijat"},"content":{"rendered":"<h3>Omalta paikkakunnaltasi l\u00f6ytyy palveluita omistajanvaihdokseen<\/h3>\n<p><img loading=\"lazy\" decoding=\"async\" class=\"size-medium wp-image-233 alignright\" src=\"https:\/\/blogi.eoppimispalvelut.fi\/restartup\/files\/2019\/10\/kartta-233x300.png\" alt=\"\" width=\"233\" height=\"300\" srcset=\"https:\/\/blogi.eoppimispalvelut.fi\/restartup\/files\/2019\/10\/kartta-233x300.png 233w, https:\/\/blogi.eoppimispalvelut.fi\/restartup\/files\/2019\/10\/kartta-768x990.png 768w, https:\/\/blogi.eoppimispalvelut.fi\/restartup\/files\/2019\/10\/kartta-795x1024.png 795w, https:\/\/blogi.eoppimispalvelut.fi\/restartup\/files\/2019\/10\/kartta.png 818w\" sizes=\"auto, (max-width: 233px) 100vw, 233px\" \/><\/p>\n<p><a href=\"https:\/\/www.kuntaliitto.fi\/elinvoima-ja-tyollisyys\/kuntien-elinkeinopolitiikka\/kuntien-yrityspalvelut\">Kunnat tuottavat yrityspalveluja<\/a> joko suoraan itse tai omistamiensa organisaatioiden v\u00e4lityksell\u00e4. Ne ovat omistajia ja t\u00e4rkeit\u00e4 rahoittajia seudullisissa kehitysyhti\u00f6iss\u00e4, teknologiakeskuksissa ja yrityshautomoissa. Kunnissa ja kuntaomisteisissa kehitt\u00e4misyhti\u00f6iss\u00e4 ty\u00f6skentelee noin 1000 yritysneuvojaa ja elinkeinoasiamiest\u00e4. Kunnat ovat my\u00f6s uusyrityskeskusten toiminnan suurin rahoittaja.<\/p>\n<p>Alta l\u00f6yd\u00e4t linkit muutamien Lapin kuntatoimijoiden tarjoamiin palveluihin yritysten omistajavaihdosta suunnitteleville. Listaus kasvaa hankkeen aikana. Klikkaa kunnan nime\u00e4 (otsikko), niin p\u00e4\u00e4set tutustumaan pidemp\u00e4\u00e4n tekstiin.<\/p>\n","protected":false},"excerpt":{"rendered":"<p>Omalta paikkakunnaltasi l\u00f6ytyy palveluita omistajanvaihdokseen Kunnat tuottavat yrityspalveluja joko suoraan itse tai omistamiensa organisaatioiden v\u00e4lityksell\u00e4. Ne ovat omistajia ja t\u00e4rkeit\u00e4 rahoittajia seudullisissa kehitysyhti\u00f6iss\u00e4, teknologiakeskuksissa ja yrityshautomoissa. Kunnissa ja kuntaomisteisissa kehitt\u00e4misyhti\u00f6iss\u00e4 ty\u00f6skentelee noin 1000 yritysneuvojaa ja elinkeinoasiamiest\u00e4. Kunnat ovat my\u00f6s uusyrityskeskusten toiminnan suurin rahoittaja. Alta l\u00f6yd\u00e4t linkit muutamien Lapin kuntatoimijoiden tarjoamiin palveluihin yritysten omistajavaihdosta suunnitteleville. Listaus &hellip; <\/p>\n<p><a class=\"more-link btn\" href=\"https:\/\/blogi.eoppimispalvelut.fi\/restartup\/alueidentoimijat\/\">Jatka lukemista<\/a><\/p>\n","protected":false},"author":542,"featured_media":0,"parent":0,"menu_order":6,"comment_status":"closed","ping_status":"closed","template":"","meta":{"footnotes":""},"class_list":["post-40","page","type-page","status-publish","hentry","nodate","item-wrap"],"_links":{"self":[{"href":"https:\/\/blogi.eoppimispalvelut.fi\/restartup\/wp-json\/wp\/v2\/pages\/40","targetHints":{"allow":["GET"]}}],"collection":[{"href":"https:\/\/blogi.eoppimispalvelut.fi\/restartup\/wp-json\/wp\/v2\/pages"}],"about":[{"href":"https:\/\/blogi.eoppimispalvelut.fi\/restartup\/wp-json\/wp\/v2\/types\/page"}],"author":[{"embeddable":true,"href":"https:\/\/blogi.eoppimispalvelut.fi\/restartup\/wp-json\/wp\/v2\/users\/542"}],"replies":[{"embeddable":true,"href":"https:\/\/blogi.eoppimispalvelut.fi\/restartup\/wp-json\/wp\/v2\/comments?post=40"}],"version-history":[{"count":14,"href":"https:\/\/blogi.eoppimispalvelut.fi\/restartup\/wp-json\/wp\/v2\/pages\/40\/revisions"}],"predecessor-version":[{"id":401,"href":"https:\/\/blogi.eoppimispalvelut.fi\/restartup\/wp-json\/wp\/v2\/pages\/40\/revisions\/401"}],"wp:attachment":[{"href":"https:\/\/blogi.eoppimispalvelut.fi\/restartup\/wp-json\/wp\/v2\/media?parent=40"}],"curies":[{"name":"wp","href":"https:\/\/api.w.org\/{rel}","templated":true}]}}