{"id":419,"date":"2019-11-29T08:05:45","date_gmt":"2019-11-29T06:05:45","guid":{"rendered":"https:\/\/blogi.eoppimispalvelut.fi\/restartup\/?page_id=419"},"modified":"2019-11-29T08:05:45","modified_gmt":"2019-11-29T06:05:45","slug":"ranua","status":"publish","type":"page","link":"https:\/\/blogi.eoppimispalvelut.fi\/restartup\/alueidentoimijat\/ranua\/","title":{"rendered":"Ranua"},"content":{"rendered":"<p>Haastattelun tekemisen aikoihin eli marraskuussa Ranualla elet\u00e4\u00e4n j\u00e4nnitt\u00e4vi\u00e4 aikoja. Ranuan el\u00e4inpuiston uuden toimitusjohtajan valintaprosessi on loppuvaiheissa ja uuden toimitusjohtajan toivotaan aloittavan vuoden vaihteessa.<\/p>\n<p>&#8211; El\u00e4inpuistossa on talvisesonki alkanut marraskuun alussa ja toimitusjohtaja tulisi keskell\u00e4 sesonkia. Lis\u00e4ksi kansainv\u00e4listyminen on p\u00e4\u00e4ssyt vauhtiin, joten El\u00e4inpuisto on mielenkiintoisessa vaiheessa, samoin koko Ranuan matkailuelinkeino, kertoo Ranuan kunnan kehitt\u00e4misp\u00e4\u00e4llikk\u00f6 Riikka Tuomivaara.<\/p>\n<p>Ranualla yritysten omistajanvaihdoksien tukemiseksi ei ole j\u00e4rjestetty mit\u00e4\u00e4n erillisi\u00e4 tapahtumia. Jos elinkeinotoiminnan tiedossa on omistajanvaihdostarpeita, yritet\u00e4\u00e4n l\u00f6yt\u00e4\u00e4 m\u00e4ts\u00e4\u00e4j\u00e4t.<\/p>\n<p>-Meill\u00e4 on hyvi\u00e4 kokemuksia oppisopimuksesta omistajanvaihdoksessa. Jatkaja tulee yritykseen oppimaan liiketoimintaa ja saa samalla ammattitukinnon, kertaa kokemuksia Riikka Tuomivaara.<\/p>\n<p>Oppisopimuksen j\u00e4rjest\u00e4\u00e4 Lapin oppisopimuskeskus. Mit\u00e4\u00e4n ennakkosopimuksia omistajanvaihdoksesta ei tehd\u00e4. Kun aletaan l\u00e4hesty\u00e4 omistajanvaihdosta, auttaa elinkeinopalvelut laskelmien teossa, starttirahan kanssa ja muissa mahdollisissa asioissa.<\/p>\n<p>-Oppisopimuksen aikana selvi\u00e4\u00e4 melko hyvin, miten yritt\u00e4jyys l\u00e4htee kantamaan, toteaa Tuomivaara.<\/p>\n<p>Ranualla tehd\u00e4\u00e4n todella v\u00e4h\u00e4n omistajavaihdoksia. Yleens\u00e4 yritt\u00e4j\u00e4 hakee oman verkostonsa kautta jatkajaa. Myyt\u00e4v\u00e4n yrityksen julkisella ilmoittelulla ei ole saatu tuloksia. Myynti-ilmoittelua Riikka Tuomivaara pit\u00e4\u00e4 tehottomana.<\/p>\n<p>-Aiemmin uutta yritt\u00e4j\u00e4\u00e4 haettiin jopa koko Lapin alueelta, mutta tulokset eiv\u00e4t ole olleet kovin hyvin.<\/p>\n<p>Riikka Tuomivaara toteaa, ett\u00e4 liikkeell\u00e4 pit\u00e4isi olla mahdollisimman aikaisin.<\/p>\n<p>-Liikkeell\u00e4 pit\u00e4isi olla mahdollisimman aikaisin, ett\u00e4 toimenpiteist\u00e4 olisi vastaavaa hy\u00f6ty\u00e4. Jos esimerkiksi palvelutoiminnassa menetet\u00e4\u00e4n jo asiakkaita, ei myyt\u00e4v\u00e4n\u00e4 en\u00e4\u00e4 ole kuin nimi. Seh\u00e4n on katastrofi yritt\u00e4j\u00e4lle.<\/p>\n","protected":false},"excerpt":{"rendered":"<p>Haastattelun tekemisen aikoihin eli marraskuussa Ranualla elet\u00e4\u00e4n j\u00e4nnitt\u00e4vi\u00e4 aikoja. Ranuan el\u00e4inpuiston uuden toimitusjohtajan valintaprosessi on loppuvaiheissa ja uuden toimitusjohtajan toivotaan aloittavan vuoden vaihteessa. &#8211; El\u00e4inpuistossa on talvisesonki alkanut marraskuun alussa ja toimitusjohtaja tulisi keskell\u00e4 sesonkia. Lis\u00e4ksi kansainv\u00e4listyminen on p\u00e4\u00e4ssyt vauhtiin, joten El\u00e4inpuisto on mielenkiintoisessa vaiheessa, samoin koko Ranuan matkailuelinkeino, kertoo Ranuan kunnan kehitt\u00e4misp\u00e4\u00e4llikk\u00f6 Riikka Tuomivaara. &hellip; <\/p>\n<p><a class=\"more-link btn\" href=\"https:\/\/blogi.eoppimispalvelut.fi\/restartup\/alueidentoimijat\/ranua\/\">Jatka lukemista<\/a><\/p>\n","protected":false},"author":3775,"featured_media":0,"parent":40,"menu_order":0,"comment_status":"closed","ping_status":"closed","template":"","meta":{"footnotes":""},"class_list":["post-419","page","type-page","status-publish","hentry","nodate","item-wrap"],"_links":{"self":[{"href":"https:\/\/blogi.eoppimispalvelut.fi\/restartup\/wp-json\/wp\/v2\/pages\/419","targetHints":{"allow":["GET"]}}],"collection":[{"href":"https:\/\/blogi.eoppimispalvelut.fi\/restartup\/wp-json\/wp\/v2\/pages"}],"about":[{"href":"https:\/\/blogi.eoppimispalvelut.fi\/restartup\/wp-json\/wp\/v2\/types\/page"}],"author":[{"embeddable":true,"href":"https:\/\/blogi.eoppimispalvelut.fi\/restartup\/wp-json\/wp\/v2\/users\/3775"}],"replies":[{"embeddable":true,"href":"https:\/\/blogi.eoppimispalvelut.fi\/restartup\/wp-json\/wp\/v2\/comments?post=419"}],"version-history":[{"count":1,"href":"https:\/\/blogi.eoppimispalvelut.fi\/restartup\/wp-json\/wp\/v2\/pages\/419\/revisions"}],"predecessor-version":[{"id":420,"href":"https:\/\/blogi.eoppimispalvelut.fi\/restartup\/wp-json\/wp\/v2\/pages\/419\/revisions\/420"}],"up":[{"embeddable":true,"href":"https:\/\/blogi.eoppimispalvelut.fi\/restartup\/wp-json\/wp\/v2\/pages\/40"}],"wp:attachment":[{"href":"https:\/\/blogi.eoppimispalvelut.fi\/restartup\/wp-json\/wp\/v2\/media?parent=419"}],"curies":[{"name":"wp","href":"https:\/\/api.w.org\/{rel}","templated":true}]}}