{"id":421,"date":"2019-11-29T08:11:59","date_gmt":"2019-11-29T06:11:59","guid":{"rendered":"https:\/\/blogi.eoppimispalvelut.fi\/restartup\/?page_id=421"},"modified":"2019-11-29T08:11:59","modified_gmt":"2019-11-29T06:11:59","slug":"kolari","status":"publish","type":"page","link":"https:\/\/blogi.eoppimispalvelut.fi\/restartup\/alueidentoimijat\/kolari\/","title":{"rendered":"Kolari"},"content":{"rendered":"<p>Kolarissa elinvoimapalveluita vet\u00e4\u00e4 vasta toukokuussa aloittanut kehitysjohtaja Nina-Maria M\u00f6ykkynen. Ura Kolarin kunnassa on alkumetreill\u00e4, mutta tavoitteet ensi vuodelle on jo selke\u00e4t. N\u00e4in Nina-Maria M\u00f6ykkynen kuvaa toimenpiteit\u00e4:<\/p>\n<p>-Olemme aloittaneet yritt\u00e4jien aamukahvit ja n\u00e4it\u00e4 on tarkoitus jatkaa ja saada aikaan s\u00e4\u00e4nn\u00f6lliset tilaisuudet, joissa yritt\u00e4j\u00e4t p\u00e4\u00e4sev\u00e4t verkostoitumaan. Lis\u00e4ksi haluan, ett\u00e4 tieto kunnan tarjoamista ilmaisista palveluista levi\u00e4\u00e4, sill\u00e4 on hullua olla k\u00e4ytt\u00e4m\u00e4tt\u00e4 ilmaisia palveluita ja tarjolla olevaa apua. Tietenkin haluan tuoda esiin senkin, ett\u00e4 olen helposti l\u00e4hestytt\u00e4v\u00e4 ihminen enk\u00e4 m\u00f6rk\u00f6, toteaa nauraen Nina-Maria.<\/p>\n<p>Kolarissa elinvoimapalvelut hoitavat yritt\u00e4miseen liittyv\u00e4t palvelut. Aluksi tehd\u00e4\u00e4n l\u00e4ht\u00f6kartoitus, jonka avulla on sitten helppo m\u00e4\u00e4ritell\u00e4 tarvittavat lis\u00e4palvelut. Jos yritt\u00e4j\u00e4 ottaa myyntiaikeissa yhteytt\u00e4, otetaan nimi talteen ja yritet\u00e4\u00e4n t\u00f6rm\u00e4ytt\u00e4\u00e4 ostajan kanssa. Perustettavia yrityksi\u00e4 Kolarissa on l\u00e4hemm\u00e4s 50 vuodessa, mutta yrityskauppojen m\u00e4\u00e4r\u00e4st\u00e4 ei ole tietoa.<\/p>\n<p>-Olisi hyv\u00e4 saada tietoa eri toimijoiden suunnitelmista, jotta saataisiin kohdantoa. T\u00f6rm\u00e4ytt\u00e4minen on melko haasteellista ilman tietoa.<\/p>\n<p>Kolarissa on aktiivinen yritt\u00e4j\u00e4yhdistys ja Tunturi-Lapissa todella aktiivinen ja hyvin toimiva SYP-verkosto, joka pyrkii vastaamaan yritt\u00e4j\u00e4kunnalta tulevaan avuntarpeeseen. Hanke lis\u00e4\u00e4 alueen elinvoimaa nimenomaan yritt\u00e4jyyden sek\u00e4 verkostoitumisen lis\u00e4\u00e4misen kautta.<\/p>\n<p>Alkuun liiketoiminnan aloittamiseen tai omistajanvaihdokseen liittyviss\u00e4 kysymyksiss\u00e4 p\u00e4\u00e4see aina ottamalla yhteytt\u00e4 elinvoimapalveluihin.<\/p>\n<p>https:\/\/www.kolari.fi\/fi\/palvelut\/tyo-ja-elinkeinot\/yrittaminen-ja-liiketilat.html<br \/>\nnina-maria.moykkynen@kolari.fi<\/p>\n","protected":false},"excerpt":{"rendered":"<p>Kolarissa elinvoimapalveluita vet\u00e4\u00e4 vasta toukokuussa aloittanut kehitysjohtaja Nina-Maria M\u00f6ykkynen. Ura Kolarin kunnassa on alkumetreill\u00e4, mutta tavoitteet ensi vuodelle on jo selke\u00e4t. N\u00e4in Nina-Maria M\u00f6ykkynen kuvaa toimenpiteit\u00e4: -Olemme aloittaneet yritt\u00e4jien aamukahvit ja n\u00e4it\u00e4 on tarkoitus jatkaa ja saada aikaan s\u00e4\u00e4nn\u00f6lliset tilaisuudet, joissa yritt\u00e4j\u00e4t p\u00e4\u00e4sev\u00e4t verkostoitumaan. Lis\u00e4ksi haluan, ett\u00e4 tieto kunnan tarjoamista ilmaisista palveluista levi\u00e4\u00e4, sill\u00e4 on &hellip; <\/p>\n<p><a class=\"more-link btn\" href=\"https:\/\/blogi.eoppimispalvelut.fi\/restartup\/alueidentoimijat\/kolari\/\">Jatka lukemista<\/a><\/p>\n","protected":false},"author":3775,"featured_media":0,"parent":40,"menu_order":0,"comment_status":"closed","ping_status":"closed","template":"","meta":{"footnotes":""},"class_list":["post-421","page","type-page","status-publish","hentry","nodate","item-wrap"],"_links":{"self":[{"href":"https:\/\/blogi.eoppimispalvelut.fi\/restartup\/wp-json\/wp\/v2\/pages\/421","targetHints":{"allow":["GET"]}}],"collection":[{"href":"https:\/\/blogi.eoppimispalvelut.fi\/restartup\/wp-json\/wp\/v2\/pages"}],"about":[{"href":"https:\/\/blogi.eoppimispalvelut.fi\/restartup\/wp-json\/wp\/v2\/types\/page"}],"author":[{"embeddable":true,"href":"https:\/\/blogi.eoppimispalvelut.fi\/restartup\/wp-json\/wp\/v2\/users\/3775"}],"replies":[{"embeddable":true,"href":"https:\/\/blogi.eoppimispalvelut.fi\/restartup\/wp-json\/wp\/v2\/comments?post=421"}],"version-history":[{"count":1,"href":"https:\/\/blogi.eoppimispalvelut.fi\/restartup\/wp-json\/wp\/v2\/pages\/421\/revisions"}],"predecessor-version":[{"id":422,"href":"https:\/\/blogi.eoppimispalvelut.fi\/restartup\/wp-json\/wp\/v2\/pages\/421\/revisions\/422"}],"up":[{"embeddable":true,"href":"https:\/\/blogi.eoppimispalvelut.fi\/restartup\/wp-json\/wp\/v2\/pages\/40"}],"wp:attachment":[{"href":"https:\/\/blogi.eoppimispalvelut.fi\/restartup\/wp-json\/wp\/v2\/media?parent=421"}],"curies":[{"name":"wp","href":"https:\/\/api.w.org\/{rel}","templated":true}]}}