{"id":48,"date":"2019-05-13T13:20:03","date_gmt":"2019-05-13T10:20:03","guid":{"rendered":"https:\/\/blogi.eoppimispalvelut.fi\/restartup\/?page_id=48"},"modified":"2019-11-14T12:38:21","modified_gmt":"2019-11-14T10:38:21","slug":"alasivu2","status":"publish","type":"page","link":"https:\/\/blogi.eoppimispalvelut.fi\/restartup\/alueidentoimijat\/alasivu2\/","title":{"rendered":"Ylitornio"},"content":{"rendered":"<h3>Ylitorniolla omistajanvaihdoksiin on selke\u00e4 malli<\/h3>\n<p>Ylitornion yrityspalveluilla on selke\u00e4 ja yksinkertainen malli, jolla omistajavaihdoksia vied\u00e4\u00e4n eteenp\u00e4in. Palvelurakenteen selkeytt\u00e4 lis\u00e4\u00e4 varmasti se, ett\u00e4 kaiken takana on yksi ihminen eli yrityskehitt\u00e4j\u00e4 Toni Kraatari.<\/p>\n<div id=\"attachment_237\" style=\"width: 329px\" class=\"wp-caption alignleft\"><img loading=\"lazy\" decoding=\"async\" aria-describedby=\"caption-attachment-237\" class=\"wp-image-237\" src=\"https:\/\/blogi.eoppimispalvelut.fi\/restartup\/files\/2019\/10\/tonikraatari-300x225.jpg\" alt=\"\" width=\"329\" height=\"247\" srcset=\"https:\/\/blogi.eoppimispalvelut.fi\/restartup\/files\/2019\/10\/tonikraatari-300x225.jpg 300w, https:\/\/blogi.eoppimispalvelut.fi\/restartup\/files\/2019\/10\/tonikraatari-768x576.jpg 768w, https:\/\/blogi.eoppimispalvelut.fi\/restartup\/files\/2019\/10\/tonikraatari.jpg 960w\" sizes=\"auto, (max-width: 329px) 100vw, 329px\" \/><p id=\"caption-attachment-237\" class=\"wp-caption-text\">Toni Kraatari<\/p><\/div>\n<p>\u201dSysteemi on niin simppeli kuin voi olla, koska min\u00e4 olen simppeli mies.\u201d, toteaa Toni Kraatari.<\/p>\n<p>Omistajanvaihdostilanteissa sek\u00e4 ostaja ett\u00e4 myyj\u00e4 ovat yrityspalveluiden asiakkaita, joten Toni Kraatari vet\u00e4ytyy kauppatilanteessa taustalle, jotta tasapaino s\u00e4ilyy. Myyj\u00e4lle tarjotaan 2 tuntia kustannettua asiantuntijapalvelua, jonka aikana syntyy kontakti asiantuntijaan sek\u00e4 jonkinlainen k\u00e4sitys sopimuksista ja hinnanm\u00e4\u00e4rityksest\u00e4. Jos yhteisty\u00f6 sujuu, voi myyj\u00e4 jatkaa yhteisty\u00f6t\u00e4 asiantuntijan kanssa.<\/p>\n<p>Ostajan kanssa k\u00e4yd\u00e4\u00e4n l\u00e4pi esimerkiksi starttirahaan vaadittavat prosessit ja pohditaan erilaisia rahoituskanavia sek\u00e4 tietenkin autetaan liiketoimintasuunnitelmien muotoilussa.<\/p>\n<p>Omistajanvaihdosprosessin tukena on monipuolinen viestint\u00e4. Kunnan sivulta l\u00f6ytyv\u00e4t niin avoimet ty\u00f6paikat kuin myyt\u00e4v\u00e4t yrityksetkin, jotka menev\u00e4t siit\u00e4 edelleen TE-keskuksen sivuille. Facebookissa Ylitornion kehityspalvelut toimii aktiivisena tiedon jakajana ja seuraajia on jo noin 400. Tuon luvun voi suhteuttaa siihen, ett\u00e4 kunnan alueella on yrityksi\u00e4 seuraajia v\u00e4hemm\u00e4n.<\/p>\n<p>K\u00e4yt\u00e4nn\u00f6ss\u00e4 t\u00e4m\u00e4 omistajanvaihdosmalli tuottaa noin 10 starttirahahakemusta vuodessa. 90% Ylitornion uusista yrityksist\u00e4 on k\u00e4ytt\u00e4nyt yrityspalveluiden tarjoamaa tukea.<\/p>\n","protected":false},"excerpt":{"rendered":"<p>Ylitorniolla omistajanvaihdoksiin on selke\u00e4 malli Ylitornion yrityspalveluilla on selke\u00e4 ja yksinkertainen malli, jolla omistajavaihdoksia vied\u00e4\u00e4n eteenp\u00e4in. Palvelurakenteen selkeytt\u00e4 lis\u00e4\u00e4 varmasti se, ett\u00e4 kaiken takana on yksi ihminen eli yrityskehitt\u00e4j\u00e4 Toni Kraatari. \u201dSysteemi on niin simppeli kuin voi olla, koska min\u00e4 olen simppeli mies.\u201d, toteaa Toni Kraatari. Omistajanvaihdostilanteissa sek\u00e4 ostaja ett\u00e4 myyj\u00e4 ovat yrityspalveluiden asiakkaita, joten &hellip; <\/p>\n<p><a class=\"more-link btn\" href=\"https:\/\/blogi.eoppimispalvelut.fi\/restartup\/alueidentoimijat\/alasivu2\/\">Jatka lukemista<\/a><\/p>\n","protected":false},"author":542,"featured_media":0,"parent":40,"menu_order":0,"comment_status":"closed","ping_status":"closed","template":"","meta":{"footnotes":""},"class_list":["post-48","page","type-page","status-publish","hentry","nodate","item-wrap"],"_links":{"self":[{"href":"https:\/\/blogi.eoppimispalvelut.fi\/restartup\/wp-json\/wp\/v2\/pages\/48","targetHints":{"allow":["GET"]}}],"collection":[{"href":"https:\/\/blogi.eoppimispalvelut.fi\/restartup\/wp-json\/wp\/v2\/pages"}],"about":[{"href":"https:\/\/blogi.eoppimispalvelut.fi\/restartup\/wp-json\/wp\/v2\/types\/page"}],"author":[{"embeddable":true,"href":"https:\/\/blogi.eoppimispalvelut.fi\/restartup\/wp-json\/wp\/v2\/users\/542"}],"replies":[{"embeddable":true,"href":"https:\/\/blogi.eoppimispalvelut.fi\/restartup\/wp-json\/wp\/v2\/comments?post=48"}],"version-history":[{"count":6,"href":"https:\/\/blogi.eoppimispalvelut.fi\/restartup\/wp-json\/wp\/v2\/pages\/48\/revisions"}],"predecessor-version":[{"id":370,"href":"https:\/\/blogi.eoppimispalvelut.fi\/restartup\/wp-json\/wp\/v2\/pages\/48\/revisions\/370"}],"up":[{"embeddable":true,"href":"https:\/\/blogi.eoppimispalvelut.fi\/restartup\/wp-json\/wp\/v2\/pages\/40"}],"wp:attachment":[{"href":"https:\/\/blogi.eoppimispalvelut.fi\/restartup\/wp-json\/wp\/v2\/media?parent=48"}],"curies":[{"name":"wp","href":"https:\/\/api.w.org\/{rel}","templated":true}]}}