{"id":649,"date":"2020-12-21T09:16:07","date_gmt":"2020-12-21T07:16:07","guid":{"rendered":"https:\/\/blogi.eoppimispalvelut.fi\/restartup\/?page_id=649"},"modified":"2020-12-21T10:29:23","modified_gmt":"2020-12-21T08:29:23","slug":"infoalusta","status":"publish","type":"page","link":"https:\/\/blogi.eoppimispalvelut.fi\/restartup\/omistajanvaihdos\/infoalusta\/","title":{"rendered":"Infoalusta: vinkkipankki ja myyjien kokemuksia"},"content":{"rendered":"<p>ReStartUp-hankkeessa toteutettu infoalusta, jonka avulla p\u00e4\u00e4set tutustumaan yrityksens\u00e4 myyneiden henkil\u00f6iden kokemuksiin ja vinkkeihin:<\/p>\n<div class=\"h5p-iframe-wrapper\"><iframe id=\"h5p-iframe-1\" class=\"h5p-iframe\" data-content-id=\"1\" style=\"height:1px\" src=\"about:blank\" frameBorder=\"0\" scrolling=\"no\" title=\"Restartup Lappi - uusi alku yritykselle\"><\/iframe><\/div>\n","protected":false},"excerpt":{"rendered":"<p>ReStartUp-hankkeessa toteutettu infoalusta, jonka avulla p\u00e4\u00e4set tutustumaan yrityksens\u00e4 myyneiden henkil\u00f6iden kokemuksiin ja vinkkeihin:<\/p>\n","protected":false},"author":594,"featured_media":0,"parent":577,"menu_order":3,"comment_status":"closed","ping_status":"closed","template":"","meta":{"footnotes":""},"class_list":["post-649","page","type-page","status-publish","hentry","nodate","item-wrap"],"_links":{"self":[{"href":"https:\/\/blogi.eoppimispalvelut.fi\/restartup\/wp-json\/wp\/v2\/pages\/649","targetHints":{"allow":["GET"]}}],"collection":[{"href":"https:\/\/blogi.eoppimispalvelut.fi\/restartup\/wp-json\/wp\/v2\/pages"}],"about":[{"href":"https:\/\/blogi.eoppimispalvelut.fi\/restartup\/wp-json\/wp\/v2\/types\/page"}],"author":[{"embeddable":true,"href":"https:\/\/blogi.eoppimispalvelut.fi\/restartup\/wp-json\/wp\/v2\/users\/594"}],"replies":[{"embeddable":true,"href":"https:\/\/blogi.eoppimispalvelut.fi\/restartup\/wp-json\/wp\/v2\/comments?post=649"}],"version-history":[{"count":3,"href":"https:\/\/blogi.eoppimispalvelut.fi\/restartup\/wp-json\/wp\/v2\/pages\/649\/revisions"}],"predecessor-version":[{"id":673,"href":"https:\/\/blogi.eoppimispalvelut.fi\/restartup\/wp-json\/wp\/v2\/pages\/649\/revisions\/673"}],"up":[{"embeddable":true,"href":"https:\/\/blogi.eoppimispalvelut.fi\/restartup\/wp-json\/wp\/v2\/pages\/577"}],"wp:attachment":[{"href":"https:\/\/blogi.eoppimispalvelut.fi\/restartup\/wp-json\/wp\/v2\/media?parent=649"}],"curies":[{"name":"wp","href":"https:\/\/api.w.org\/{rel}","templated":true}]}}