{"id":2,"date":"2020-02-11T12:19:23","date_gmt":"2020-02-11T10:19:23","guid":{"rendered":"https:\/\/blogi.eoppimispalvelut.fi\/riskienhallitsijaksi\/?page_id=2"},"modified":"2020-03-15T20:59:10","modified_gmt":"2020-03-15T18:59:10","slug":"esimerkkisivu","status":"publish","type":"page","link":"https:\/\/blogi.eoppimispalvelut.fi\/riskienhallitsijaksi\/esimerkkisivu\/","title":{"rendered":"Esittely"},"content":{"rendered":"<p><span style=\"font-family: 'Arial',sans-serif\">Riskien hallitsijaksi blogin taustalla h\u00e4\u00e4rii kolmekymppinen liiketalouden opiskelija Lapin ammattikorkeakoulusta. Aikaisemmalta koulutukseltani olen taloushallintoon suuntautunut merkonomi, johon haen nyt p\u00e4ivityst\u00e4 ja syvennyst\u00e4 tradenomin opinnoillani.<\/span><\/p>\n<p><span style=\"font-family: 'Arial',sans-serif\">Ty\u00f6urani olen tehnyt pankkimaailmassa, p\u00e4\u00e4asiassa henkil\u00f6asiakkaiden p\u00e4ivitt\u00e4ispalveluiden sek\u00e4 sijoitusasioiden parissa, mutta yritysasiakkaidenkin pankkipalvelut ovat tulleet matkan varrella tutuksi. <\/span><\/p>\n<p><span style=\"font-family: 'Arial',sans-serif\">El\u00e4m\u00e4ss\u00e4 minua ajaa eteenp\u00e4in jatkuva halu oppia uutta ja haastaa itse\u00e4ni, oli kyseess\u00e4 sitten opiskelu tai arkiel\u00e4m\u00e4ss\u00e4 tapahtuma virkkaus- tai remonttiprojekti. Innostun asioista helposti ja pid\u00e4n siit\u00e4, kun tekemist\u00e4 on paljon. <\/span><\/p>\n<p><span style=\"font-family: 'Arial',sans-serif\">Kotona arkea vilkastuttavat ja v\u00e4ritt\u00e4v\u00e4t kolme ihanaa lasta sek\u00e4 kaksi novascotiannoutajaa. Onneksi menossa on mukana auttamassa ja tukemassa my\u00f6s rakas puolisoni, jota ilman opiskeluni ei olisi mahdollista.<\/span><\/p>\n","protected":false},"excerpt":{"rendered":"<p>Riskien hallitsijaksi blogin taustalla h\u00e4\u00e4rii kolmekymppinen liiketalouden opiskelija Lapin ammattikorkeakoulusta. Aikaisemmalta koulutukseltani olen taloushallintoon suuntautunut merkonomi, johon haen nyt p\u00e4ivityst\u00e4 ja syvennyst\u00e4 tradenomin opinnoillani. Ty\u00f6urani olen tehnyt pankkimaailmassa, p\u00e4\u00e4asiassa henkil\u00f6asiakkaiden p\u00e4ivitt\u00e4ispalveluiden sek\u00e4 sijoitusasioiden parissa, mutta yritysasiakkaidenkin pankkipalvelut ovat tulleet matkan varrella tutuksi. El\u00e4m\u00e4ss\u00e4 minua ajaa eteenp\u00e4in jatkuva halu oppia uutta ja haastaa itse\u00e4ni, oli kyseess\u00e4 &hellip; <a href=\"https:\/\/blogi.eoppimispalvelut.fi\/riskienhallitsijaksi\/esimerkkisivu\/\" class=\"more-link\">Jatka lukemista<span class=\"screen-reader-text\"> &#8220;Esittely&#8221;<\/span><\/a><\/p>\n","protected":false},"author":4235,"featured_media":20,"parent":0,"menu_order":0,"comment_status":"closed","ping_status":"open","template":"","meta":{"footnotes":""},"class_list":["post-2","page","type-page","status-publish","has-post-thumbnail","hentry"],"_links":{"self":[{"href":"https:\/\/blogi.eoppimispalvelut.fi\/riskienhallitsijaksi\/wp-json\/wp\/v2\/pages\/2","targetHints":{"allow":["GET"]}}],"collection":[{"href":"https:\/\/blogi.eoppimispalvelut.fi\/riskienhallitsijaksi\/wp-json\/wp\/v2\/pages"}],"about":[{"href":"https:\/\/blogi.eoppimispalvelut.fi\/riskienhallitsijaksi\/wp-json\/wp\/v2\/types\/page"}],"author":[{"embeddable":true,"href":"https:\/\/blogi.eoppimispalvelut.fi\/riskienhallitsijaksi\/wp-json\/wp\/v2\/users\/4235"}],"replies":[{"embeddable":true,"href":"https:\/\/blogi.eoppimispalvelut.fi\/riskienhallitsijaksi\/wp-json\/wp\/v2\/comments?post=2"}],"version-history":[{"count":5,"href":"https:\/\/blogi.eoppimispalvelut.fi\/riskienhallitsijaksi\/wp-json\/wp\/v2\/pages\/2\/revisions"}],"predecessor-version":[{"id":72,"href":"https:\/\/blogi.eoppimispalvelut.fi\/riskienhallitsijaksi\/wp-json\/wp\/v2\/pages\/2\/revisions\/72"}],"wp:featuredmedia":[{"embeddable":true,"href":"https:\/\/blogi.eoppimispalvelut.fi\/riskienhallitsijaksi\/wp-json\/wp\/v2\/media\/20"}],"wp:attachment":[{"href":"https:\/\/blogi.eoppimispalvelut.fi\/riskienhallitsijaksi\/wp-json\/wp\/v2\/media?parent=2"}],"curies":[{"name":"wp","href":"https:\/\/api.w.org\/{rel}","templated":true}]}}