{"id":43,"date":"2020-02-25T10:18:29","date_gmt":"2020-02-25T08:18:29","guid":{"rendered":"https:\/\/blogi.eoppimispalvelut.fi\/riskienhallitsijaksi\/?page_id=43"},"modified":"2020-03-01T20:46:22","modified_gmt":"2020-03-01T18:46:22","slug":"linkit","status":"publish","type":"page","link":"https:\/\/blogi.eoppimispalvelut.fi\/riskienhallitsijaksi\/linkit\/","title":{"rendered":"Linkit"},"content":{"rendered":"<p>K\u00e4yth\u00e4n tutustumassa my\u00f6s muiden ryhm\u00e4n j\u00e4senten blogeihin:<\/p>\n<p><a href=\"https:\/\/blogi.eoppimispalvelut.fi\/a1900123\/\" target=\"_blank\" rel=\"noopener noreferrer\">Raisan blogissa<\/a> k\u00e4sitell\u00e4\u00e4n oston<span class=\"TextRun SCXW120516849 BCX0\" lang=\"FI-FI\" xml:lang=\"FI-FI\" data-contrast=\"auto\"><span class=\"NormalTextRun SCXW120516849 BCX0\"> hetkell\u00e4 tuntemattomia riskej\u00e4 ja yrityskulttuurieroihin liittyvi\u00e4 riskej\u00e4.<\/span><\/span><\/p>\n<p><span class=\"EOP SCXW120516849 BCX0\" data-ccp-props=\"{&quot;134233279&quot;:true,&quot;201341983&quot;:0,&quot;335559739&quot;:160,&quot;335559740&quot;:259}\"><a href=\"https:\/\/blogi.eoppimispalvelut.fi\/roosaraikkonen\/\" target=\"_blank\" rel=\"noopener noreferrer\">Roosan blogissa\u00a0<\/a> k\u00e4sitell\u00e4\u00e4n <span class=\"TextRun SCXW214927985 BCX0\" lang=\"FI-FI\" xml:lang=\"FI-FI\" data-contrast=\"auto\"><span class=\"NormalTextRun SCXW214927985 BCX0\">asiakkaiden ja sidosryhmien tuomia riskej\u00e4.<\/span><\/span><\/span><\/p>\n<p><a href=\"https:\/\/blogi.eoppimispalvelut.fi\/riskitriemuksi\/\" target=\"_blank\" rel=\"noopener noreferrer\">Tiian blogissa<\/a> k\u00e4sitell\u00e4\u00e4n <span class=\"TextRun SCXW126501469 BCX0\" lang=\"FI-FI\" xml:lang=\"FI-FI\" data-contrast=\"auto\"><span class=\"NormalTextRun SCXW126501469 BCX0\">yrityksen\u202fhenkil\u00f6st\u00f6\u00f6n ja\u202fostokohteeseen\u202fliittyv<\/span><\/span><span class=\"TextRun SCXW126501469 BCX0\" lang=\"FI-FI\" xml:lang=\"FI-FI\" data-contrast=\"auto\"><span class=\"NormalTextRun SCXW126501469 BCX0\">\u00e4t riskej\u00e4.<\/span><\/span><\/p>\n<p><a href=\"https:\/\/blogi.eoppimispalvelut.fi\/a1900352\/\" target=\"_blank\" rel=\"noopener noreferrer\">Janican blogissa<\/a> k\u00e4sitell\u00e4\u00e4n <span class=\"TextRun SCXW54778164 BCX0\" lang=\"FI-FI\" xml:lang=\"FI-FI\" data-contrast=\"auto\"><span class=\"NormalTextRun SCXW54778164 BCX0\">positiivisen yrityskuvan s\u00e4ilytt\u00e4mise<\/span><\/span><span class=\"TextRun SCXW54778164 BCX0\" lang=\"FI-FI\" xml:lang=\"FI-FI\" data-contrast=\"auto\"><span class=\"NormalTextRun SCXW54778164 BCX0\">e<\/span><\/span><span class=\"TextRun SCXW54778164 BCX0\" lang=\"FI-FI\" xml:lang=\"FI-FI\" data-contrast=\"auto\"><span class=\"NormalTextRun SCXW54778164 BCX0\">n ja sitoutumi<\/span><\/span><span class=\"TextRun SCXW54778164 BCX0\" lang=\"FI-FI\" xml:lang=\"FI-FI\" data-contrast=\"auto\"><span class=\"NormalTextRun SCXW54778164 BCX0\">s<\/span><\/span><span class=\"TextRun SCXW54778164 BCX0\" lang=\"FI-FI\" xml:lang=\"FI-FI\" data-contrast=\"auto\"><span class=\"NormalTextRun SCXW54778164 BCX0\">een liittyvi\u00e4 riskej\u00e4 ja viestinn\u00e4npuutteen riskej\u00e4.<\/span><\/span><\/p>\n<p>Muista my\u00f6s\u00a0\u00a0<a href=\"https:\/\/riskiryhma549083347.wordpress.com\" target=\"_blank\" rel=\"noopener noreferrer\">Riskiryhm\u00e4n verkkosivut<\/a>, jonne oppaamme julkaistaan.<\/p>\n","protected":false},"excerpt":{"rendered":"<p>K\u00e4yth\u00e4n tutustumassa my\u00f6s muiden ryhm\u00e4n j\u00e4senten blogeihin: Raisan blogissa k\u00e4sitell\u00e4\u00e4n oston hetkell\u00e4 tuntemattomia riskej\u00e4 ja yrityskulttuurieroihin liittyvi\u00e4 riskej\u00e4. Roosan blogissa\u00a0 k\u00e4sitell\u00e4\u00e4n asiakkaiden ja sidosryhmien tuomia riskej\u00e4. Tiian blogissa k\u00e4sitell\u00e4\u00e4n yrityksen\u202fhenkil\u00f6st\u00f6\u00f6n ja\u202fostokohteeseen\u202fliittyv\u00e4t riskej\u00e4. Janican blogissa k\u00e4sitell\u00e4\u00e4n positiivisen yrityskuvan s\u00e4ilytt\u00e4miseen ja sitoutumiseen liittyvi\u00e4 riskej\u00e4 ja viestinn\u00e4npuutteen riskej\u00e4. Muista my\u00f6s\u00a0\u00a0Riskiryhm\u00e4n verkkosivut, jonne oppaamme julkaistaan.<\/p>\n","protected":false},"author":4235,"featured_media":6,"parent":0,"menu_order":0,"comment_status":"closed","ping_status":"closed","template":"","meta":{"footnotes":""},"class_list":["post-43","page","type-page","status-publish","has-post-thumbnail","hentry"],"_links":{"self":[{"href":"https:\/\/blogi.eoppimispalvelut.fi\/riskienhallitsijaksi\/wp-json\/wp\/v2\/pages\/43","targetHints":{"allow":["GET"]}}],"collection":[{"href":"https:\/\/blogi.eoppimispalvelut.fi\/riskienhallitsijaksi\/wp-json\/wp\/v2\/pages"}],"about":[{"href":"https:\/\/blogi.eoppimispalvelut.fi\/riskienhallitsijaksi\/wp-json\/wp\/v2\/types\/page"}],"author":[{"embeddable":true,"href":"https:\/\/blogi.eoppimispalvelut.fi\/riskienhallitsijaksi\/wp-json\/wp\/v2\/users\/4235"}],"replies":[{"embeddable":true,"href":"https:\/\/blogi.eoppimispalvelut.fi\/riskienhallitsijaksi\/wp-json\/wp\/v2\/comments?post=43"}],"version-history":[{"count":4,"href":"https:\/\/blogi.eoppimispalvelut.fi\/riskienhallitsijaksi\/wp-json\/wp\/v2\/pages\/43\/revisions"}],"predecessor-version":[{"id":65,"href":"https:\/\/blogi.eoppimispalvelut.fi\/riskienhallitsijaksi\/wp-json\/wp\/v2\/pages\/43\/revisions\/65"}],"wp:featuredmedia":[{"embeddable":true,"href":"https:\/\/blogi.eoppimispalvelut.fi\/riskienhallitsijaksi\/wp-json\/wp\/v2\/media\/6"}],"wp:attachment":[{"href":"https:\/\/blogi.eoppimispalvelut.fi\/riskienhallitsijaksi\/wp-json\/wp\/v2\/media?parent=43"}],"curies":[{"name":"wp","href":"https:\/\/api.w.org\/{rel}","templated":true}]}}