{"id":2,"date":"2018-10-09T14:41:24","date_gmt":"2018-10-09T11:41:24","guid":{"rendered":"https:\/\/blogi.eoppimispalvelut.fi\/ryhma4\/?page_id=2"},"modified":"2019-02-06T12:43:54","modified_gmt":"2019-02-06T10:43:54","slug":"esimerkkisivu","status":"publish","type":"page","link":"https:\/\/blogi.eoppimispalvelut.fi\/ryhma4\/","title":{"rendered":"Arctic Polustech"},"content":{"rendered":"<p>&nbsp;<\/p>\n<p><img loading=\"lazy\" decoding=\"async\" class=\"size-full wp-image-197 aligncenter\" src=\"https:\/\/blogi.eoppimispalvelut.fi\/ryhma4\/files\/2019\/02\/kev\u00e4ttarjous.png\" alt=\"\" width=\"790\" height=\"442\" srcset=\"https:\/\/blogi.eoppimispalvelut.fi\/ryhma4\/files\/2019\/02\/kev\u00e4ttarjous.png 790w, https:\/\/blogi.eoppimispalvelut.fi\/ryhma4\/files\/2019\/02\/kev\u00e4ttarjous-768x430.png 768w\" sizes=\"auto, (max-width: 790px) 100vw, 790px\" \/><\/p>\n<p>&nbsp;<\/p>\n<p>[embedyt] https:\/\/www.youtube.com\/watch?v=ur4b_mKUPJ8[\/embedyt]Hei!\u00a0Olemmme Napalaaksossa toimiva IT-alan yritys, joka tarjoaa IT-alan tuotteita ja palveluita yrityksille\u00a024\/7. Toimintaamme kuuluu niin atk-latteiden myynti ja vuokraus kuin niiden huolto ja IT-tuki. Meilt\u00e4 saat my\u00f6s toimivat ja edulliset ohjelmistot ja kassaj\u00e4rjestelm\u00e4t, jostka helpottavat arkeasi.<\/p>\n<p>Ota yhteytt\u00e4, niin\u00a0p\u00e4ivit\u00e4mme yrityksesi\u00a0koneet ja ohjelmistot kuntoon! &#8216;<\/p>\n<p>Hello! We are a new IT-company at Napalaakso.\u00a0 We sell different kind of IT-products, for example computers, mobile phones, software and helpdesk services. Please, contact us if you are interested or if you need help with our products or something else!<\/p>\n","protected":false},"excerpt":{"rendered":"<p>&nbsp; &nbsp; [embedyt] https:\/\/www.youtube.com\/watch?v=ur4b_mKUPJ8[\/embedyt]Hei!\u00a0Olemmme Napalaaksossa toimiva IT-alan yritys, joka tarjoaa IT-alan tuotteita ja palveluita yrityksille\u00a024\/7. Toimintaamme kuuluu niin atk-latteiden myynti ja vuokraus kuin niiden huolto ja IT-tuki. Meilt\u00e4 saat my\u00f6s toimivat ja edulliset ohjelmistot ja kassaj\u00e4rjestelm\u00e4t, jostka helpottavat arkeasi. Ota yhteytt\u00e4, niin\u00a0p\u00e4ivit\u00e4mme yrityksesi\u00a0koneet ja ohjelmistot kuntoon! &#8216; Hello! We are a new IT-company at Napalaakso.\u00a0 [&hellip;]<\/p>\n","protected":false},"author":3304,"featured_media":0,"parent":0,"menu_order":0,"comment_status":"closed","ping_status":"open","template":"","meta":{"footnotes":""},"class_list":["post-2","page","type-page","status-publish","hentry"],"_links":{"self":[{"href":"https:\/\/blogi.eoppimispalvelut.fi\/ryhma4\/wp-json\/wp\/v2\/pages\/2","targetHints":{"allow":["GET"]}}],"collection":[{"href":"https:\/\/blogi.eoppimispalvelut.fi\/ryhma4\/wp-json\/wp\/v2\/pages"}],"about":[{"href":"https:\/\/blogi.eoppimispalvelut.fi\/ryhma4\/wp-json\/wp\/v2\/types\/page"}],"author":[{"embeddable":true,"href":"https:\/\/blogi.eoppimispalvelut.fi\/ryhma4\/wp-json\/wp\/v2\/users\/3304"}],"replies":[{"embeddable":true,"href":"https:\/\/blogi.eoppimispalvelut.fi\/ryhma4\/wp-json\/wp\/v2\/comments?post=2"}],"version-history":[{"count":16,"href":"https:\/\/blogi.eoppimispalvelut.fi\/ryhma4\/wp-json\/wp\/v2\/pages\/2\/revisions"}],"predecessor-version":[{"id":198,"href":"https:\/\/blogi.eoppimispalvelut.fi\/ryhma4\/wp-json\/wp\/v2\/pages\/2\/revisions\/198"}],"wp:attachment":[{"href":"https:\/\/blogi.eoppimispalvelut.fi\/ryhma4\/wp-json\/wp\/v2\/media?parent=2"}],"curies":[{"name":"wp","href":"https:\/\/api.w.org\/{rel}","templated":true}]}}