{"id":2,"date":"2017-11-15T10:05:11","date_gmt":"2017-11-15T08:05:11","guid":{"rendered":"https:\/\/blogi.eoppimispalvelut.fi\/ryhmablogi1234\/?page_id=2"},"modified":"2017-11-15T10:05:11","modified_gmt":"2017-11-15T08:05:11","slug":"esimerkkisivu","status":"publish","type":"page","link":"https:\/\/blogi.eoppimispalvelut.fi\/ryhmablogi1234\/esimerkkisivu\/","title":{"rendered":"Esimerkkisivu"},"content":{"rendered":"<p>T\u00e4m\u00e4 on esimerkkisivu. Se eroaa artikkelista siten, ett\u00e4 se pysyy paikallaan ja n\u00e4kyy sivustosi navigointivalikossa (useimmissa teemoissa). Useimmat aloittavat Tietoja-sivulla, joka esittelee sivuston kirjoittajan mahdollisille lukijoille, esimerkiksi n\u00e4in:<\/p>\n<blockquote><p>Moro! P\u00e4ivisin jaan postia, iltaisin olen menestyv\u00e4 stand-up-koomikko. T\u00e4m\u00e4 on minun blogini! Asun Tampereella kissani kanssa ja tykk\u00e4\u00e4n Sihi-juomasta.<\/p><\/blockquote>\n<p>&#8230;tai jotain t\u00e4llaista:<\/p>\n<blockquote><p>XYZ H\u00e4rp\u00e4keyritys Oy perustettiin vuonna 1971 ja on siit\u00e4 l\u00e4htien ollut maan merkitt\u00e4vin h\u00e4rp\u00e4kkeiden toimittaja. Kotipaikkamme on Ankkalinna ja ty\u00f6llist\u00e4mme yli 3000 ihmist\u00e4.<\/p><\/blockquote>\n<p>Olet uusi WordPress-k\u00e4ytt\u00e4j\u00e4, joten kipaisepa <a href=\"https:\/\/blogi.eoppimispalvelut.fi\/ryhmablogi1234\/wp-admin\/\">hallintan\u00e4kym\u00e4\u00e4si<\/a> poistamaan tai muokkaamaan t\u00e4t\u00e4 sivua, ja luomaan uusia sivuja. Pid\u00e4 hauskaa!<\/p>\n","protected":false},"excerpt":{"rendered":"<p>T\u00e4m\u00e4 on esimerkkisivu. Se eroaa artikkelista siten, ett\u00e4 se pysyy paikallaan ja n\u00e4kyy sivustosi navigointivalikossa (useimmissa teemoissa). Useimmat aloittavat Tietoja-sivulla, joka esittelee sivuston kirjoittajan mahdollisille lukijoille, esimerkiksi n\u00e4in: Moro! P\u00e4ivisin jaan postia, iltaisin olen menestyv\u00e4 stand-up-koomikko. T\u00e4m\u00e4 on minun blogini! &hellip; <a href=\"https:\/\/blogi.eoppimispalvelut.fi\/ryhmablogi1234\/esimerkkisivu\/\">Continue reading <span class=\"meta-nav\">&rarr;<\/span><\/a><\/p>\n","protected":false},"author":2466,"featured_media":0,"parent":0,"menu_order":0,"comment_status":"closed","ping_status":"open","template":"","meta":{"footnotes":""},"class_list":["post-2","page","type-page","status-publish","hentry"],"_links":{"self":[{"href":"https:\/\/blogi.eoppimispalvelut.fi\/ryhmablogi1234\/wp-json\/wp\/v2\/pages\/2","targetHints":{"allow":["GET"]}}],"collection":[{"href":"https:\/\/blogi.eoppimispalvelut.fi\/ryhmablogi1234\/wp-json\/wp\/v2\/pages"}],"about":[{"href":"https:\/\/blogi.eoppimispalvelut.fi\/ryhmablogi1234\/wp-json\/wp\/v2\/types\/page"}],"author":[{"embeddable":true,"href":"https:\/\/blogi.eoppimispalvelut.fi\/ryhmablogi1234\/wp-json\/wp\/v2\/users\/2466"}],"replies":[{"embeddable":true,"href":"https:\/\/blogi.eoppimispalvelut.fi\/ryhmablogi1234\/wp-json\/wp\/v2\/comments?post=2"}],"version-history":[{"count":0,"href":"https:\/\/blogi.eoppimispalvelut.fi\/ryhmablogi1234\/wp-json\/wp\/v2\/pages\/2\/revisions"}],"wp:attachment":[{"href":"https:\/\/blogi.eoppimispalvelut.fi\/ryhmablogi1234\/wp-json\/wp\/v2\/media?parent=2"}],"curies":[{"name":"wp","href":"https:\/\/api.w.org\/{rel}","templated":true}]}}